{"id":9454,"date":"2025-10-03T00:22:46","date_gmt":"2025-10-02T16:22:46","guid":{"rendered":"https:\/\/securehubtec.com\/?page_id=9454"},"modified":"2025-10-03T00:22:46","modified_gmt":"2025-10-02T16:22:46","slug":"4g-volte-sip-intercom-works-with-tuya","status":"publish","type":"page","link":"https:\/\/securehubtec.com\/fr\/4g-volte-sip-intercom-works-with-tuya\/","title":{"rendered":"L'interphone SIP 4G VoLTE fonctionne avec TUYA"},"content":{"rendered":"<p><img fetchpriority=\"high\" decoding=\"async\" class=\"aligncenter size-full wp-image-9456\" src=\"https:\/\/securehubtec.com\/wp-content\/uploads\/2025\/10\/Smart-Video-Intercom-o-3.jpg\" alt=\"\" width=\"1000\" height=\"724\" srcset=\"https:\/\/securehubtec.com\/wp-content\/uploads\/2025\/10\/Smart-Video-Intercom-o-3.jpg 1000w, https:\/\/securehubtec.com\/wp-content\/uploads\/2025\/10\/Smart-Video-Intercom-o-3-300x217.jpg 300w, https:\/\/securehubtec.com\/wp-content\/uploads\/2025\/10\/Smart-Video-Intercom-o-3-768x556.jpg 768w, https:\/\/securehubtec.com\/wp-content\/uploads\/2025\/10\/Smart-Video-Intercom-o-3-18x12.jpg 18w, https:\/\/securehubtec.com\/wp-content\/uploads\/2025\/10\/Smart-Video-Intercom-o-3-600x434.jpg 600w\" sizes=\"(max-width: 1000px) 100vw, 1000px\" \/><\/p>\n<p><span style=\"color: #ffcc00;\"><strong>L'interphone SIP 4G VoLTE fonctionne avec TUYA<br \/>\nSc\u00e9narios d'application typiques<\/strong><\/span><\/p>\n<ul>\n<li>Appartement : Interphone ext\u00e9rieur 4G LTE - Red\u00e9finir la commodit\u00e9 et la s\u00e9curit\u00e9<\/li>\n<li>Dites adieu aux c\u00e2blages compliqu\u00e9s - la construction vient de devenir plus facile ! Con\u00e7u pour les appartements de luxe, cet interphone ext\u00e9rieur 4G LTE \u00e9limine le besoin de c\u00e2bles r\u00e9seau, ce qui simplifie consid\u00e9rablement le processus d'installation. Il minimise la perturbation de l'environnement de l'appartement, ce qui permet un d\u00e9ploiement plus flexible et une installation plus rapide.<\/li>\n<li>Appelez et d\u00e9verrouillez en une seule \u00e9tape - aucune courbe d'apprentissage n'est n\u00e9cessaire. L'appareil prend en charge les appels directs vers les t\u00e9l\u00e9phones fixes et mobiles. Pendant un appel, il suffit d'appuyer sur le clavier num\u00e9rique pour d\u00e9verrouiller la porte - pas de t\u00e9l\u00e9chargement d'application, pas d'instructions complexes. M\u00eame les personnes \u00e2g\u00e9es et les enfants peuvent l'utiliser sans effort, ce qui facilite l'acc\u00e8s quotidien.<\/li>\n<li>R\u00e9pondez \u00e0 divers besoins gr\u00e2ce \u00e0 une interaction vid\u00e9o plus intelligente. Au-del\u00e0 des fonctions de base d'appel et de d\u00e9verrouillage, l'interphone permet \u00e9galement d'appeler l'application d'un r\u00e9sident, ce qui permet des appels vid\u00e9o haute d\u00e9finition afin que les r\u00e9sidents puissent v\u00e9rifier visuellement les visiteurs. Il permet \u00e9galement le d\u00e9verrouillage \u00e0 distance : pour des sc\u00e9narios tels que l'accueil d'invit\u00e9s ou la r\u00e9ception de colis, vous pouvez facilement autoriser l'acc\u00e8s sans \u00eatre sur place - alliant parfaitement s\u00e9curit\u00e9 et commodit\u00e9.<\/li>\n<\/ul>\n<p><strong><span style=\"color: #ffcc00;\">Conditions d'utilisation<\/span><\/strong><\/p>\n<ul>\n<li>L'appareil doit \u00eatre compatible avec le r\u00e9seau 4G LTE et le protocole VoLTE ;<\/li>\n<li>La zone doit \u00eatre couverte par un r\u00e9seau 4G LTE et l'op\u00e9rateur doit avoir activ\u00e9 le service VoLTE ;<\/li>\n<li>Une carte SIM 4G valide (prenant en charge la fonction vocale) doit \u00eatre ins\u00e9r\u00e9e.\n<p>Ces dispositifs combinent le haut d\u00e9bit des r\u00e9seaux 4G avec l'universalit\u00e9 de la communication vocale traditionnelle, ce qui en fait une solution efficace pour connecter diff\u00e9rents terminaux (t\u00e9l\u00e9phones fixes, t\u00e9l\u00e9phones mobiles) dans le cadre des communications modernes.<\/li>\n<\/ul>\n<p>&nbsp;<\/p>","protected":false},"excerpt":{"rendered":"<p>4G VoLTE SIP Intercom works with TUYA Typical Application Scenarios Apartment: 4G LTE Outdoor Intercom \u2013 Redefining Convenience &amp; Security [&hellip;]<\/p>","protected":false},"author":1,"featured_media":9455,"parent":0,"menu_order":0,"comment_status":"closed","ping_status":"closed","template":"","meta":{"site-sidebar-layout":"default","site-content-layout":"","ast-site-content-layout":"default","site-content-style":"default","site-sidebar-style":"default","ast-global-header-display":"","ast-banner-title-visibility":"","ast-main-header-display":"","ast-hfb-above-header-display":"","ast-hfb-below-header-display":"","ast-hfb-mobile-header-display":"","site-post-title":"","ast-breadcrumbs-content":"","ast-featured-img":"","footer-sml-layout":"","theme-transparent-header-meta":"default","adv-header-id-meta":"","stick-header-meta":"default","header-above-stick-meta":"","header-main-stick-meta":"","header-below-stick-meta":"","astra-migrate-meta-layouts":"set","ast-page-background-enabled":"default","ast-page-background-meta":{"desktop":{"background-color":"","background-image":"","background-repeat":"repeat","background-position":"center center","background-size":"auto","background-attachment":"scroll","background-type":"","background-media":"","overlay-type":"","overlay-color":"","overlay-opacity":"","overlay-gradient":""},"tablet":{"background-color":"","background-image":"","background-repeat":"repeat","background-position":"center center","background-size":"auto","background-attachment":"scroll","background-type":"","background-media":"","overlay-type":"","overlay-color":"","overlay-opacity":"","overlay-gradient":""},"mobile":{"background-color":"","background-image":"","background-repeat":"repeat","background-position":"center center","background-size":"auto","background-attachment":"scroll","background-type":"","background-media":"","overlay-type":"","overlay-color":"","overlay-opacity":"","overlay-gradient":""}},"ast-content-background-meta":{"desktop":{"background-color":"var(--ast-global-color-5)","background-image":"","background-repeat":"repeat","background-position":"center center","background-size":"auto","background-attachment":"scroll","background-type":"","background-media":"","overlay-type":"","overlay-color":"","overlay-opacity":"","overlay-gradient":""},"tablet":{"background-color":"var(--ast-global-color-5)","background-image":"","background-repeat":"repeat","background-position":"center center","background-size":"auto","background-attachment":"scroll","background-type":"","background-media":"","overlay-type":"","overlay-color":"","overlay-opacity":"","overlay-gradient":""},"mobile":{"background-color":"var(--ast-global-color-5)","background-image":"","background-repeat":"repeat","background-position":"center center","background-size":"auto","background-attachment":"scroll","background-type":"","background-media":"","overlay-type":"","overlay-color":"","overlay-opacity":"","overlay-gradient":""}},"footnotes":""},"class_list":["post-9454","page","type-page","status-publish","has-post-thumbnail","hentry"],"_links":{"self":[{"href":"https:\/\/securehubtec.com\/fr\/wp-json\/wp\/v2\/pages\/9454","targetHints":{"allow":["GET"]}}],"collection":[{"href":"https:\/\/securehubtec.com\/fr\/wp-json\/wp\/v2\/pages"}],"about":[{"href":"https:\/\/securehubtec.com\/fr\/wp-json\/wp\/v2\/types\/page"}],"author":[{"embeddable":true,"href":"https:\/\/securehubtec.com\/fr\/wp-json\/wp\/v2\/users\/1"}],"replies":[{"embeddable":true,"href":"https:\/\/securehubtec.com\/fr\/wp-json\/wp\/v2\/comments?post=9454"}],"version-history":[{"count":2,"href":"https:\/\/securehubtec.com\/fr\/wp-json\/wp\/v2\/pages\/9454\/revisions"}],"predecessor-version":[{"id":9648,"href":"https:\/\/securehubtec.com\/fr\/wp-json\/wp\/v2\/pages\/9454\/revisions\/9648"}],"wp:featuredmedia":[{"embeddable":true,"href":"https:\/\/securehubtec.com\/fr\/wp-json\/wp\/v2\/media\/9455"}],"wp:attachment":[{"href":"https:\/\/securehubtec.com\/fr\/wp-json\/wp\/v2\/media?parent=9454"}],"curies":[{"name":"wp","href":"https:\/\/api.w.org\/{rel}","templated":true}]}}