{"id":9436,"date":"2025-10-02T00:38:05","date_gmt":"2025-10-01T16:38:05","guid":{"rendered":"https:\/\/securehubtec.com\/?page_id=9436"},"modified":"2025-10-02T00:59:45","modified_gmt":"2025-10-01T16:59:45","slug":"sip-intercom-works-with-tuya-2","status":"publish","type":"page","link":"https:\/\/securehubtec.com\/fr\/sip-intercom-works-with-tuya-2\/","title":{"rendered":"L'interphone SIP fonctionne avec TUYA"},"content":{"rendered":"<p>Voici notre syst\u00e8me d'acc\u00e8s aux portes intelligent \u00e0 la pointe de la technologie ! Il r\u00e9volutionne la fa\u00e7on dont vous entrez dans votre maison ou votre b\u00e2timent. Avec la reconnaissance faciale, votre visage est la cl\u00e9. Cette technologie biom\u00e9trique utilise des algorithmes avanc\u00e9s de vision par ordinateur pour capturer, d\u00e9tecter et faire correspondre les caract\u00e9ristiques du visage pour une v\u00e9rification transparente de l'identit\u00e9. Plus besoin de chercher ses cl\u00e9s, il suffit de regarder l'appareil pour que la porte se d\u00e9verrouille. L'interphone SIP fonctionne avec TUYA.<br \/>\n<img fetchpriority=\"high\" decoding=\"async\" class=\"aligncenter size-full wp-image-9438\" src=\"https:\/\/securehubtec.com\/wp-content\/uploads\/2025\/10\/Smart-Video-Intercom-l-1.jpg\" alt=\"\" width=\"1200\" height=\"723\" srcset=\"https:\/\/securehubtec.com\/wp-content\/uploads\/2025\/10\/Smart-Video-Intercom-l-1.jpg 1200w, https:\/\/securehubtec.com\/wp-content\/uploads\/2025\/10\/Smart-Video-Intercom-l-1-300x181.jpg 300w, https:\/\/securehubtec.com\/wp-content\/uploads\/2025\/10\/Smart-Video-Intercom-l-1-1024x617.jpg 1024w, https:\/\/securehubtec.com\/wp-content\/uploads\/2025\/10\/Smart-Video-Intercom-l-1-768x463.jpg 768w, https:\/\/securehubtec.com\/wp-content\/uploads\/2025\/10\/Smart-Video-Intercom-l-1-18x12.jpg 18w, https:\/\/securehubtec.com\/wp-content\/uploads\/2025\/10\/Smart-Video-Intercom-l-1-600x362.jpg 600w\" sizes=\"(max-width: 1200px) 100vw, 1200px\" \/><\/p>\n<p>La commande vocale ajoute un niveau de confort suppl\u00e9mentaire. Lorsque vous rentrez chez vous, il vous suffit de dire \"Hey Siri, ouvre la porte\". Il n'est pas n\u00e9cessaire de d\u00e9verrouiller votre t\u00e9l\u00e9phone. La porte s'ouvre rapidement \u00e0 votre approche, rendant l'entr\u00e9e intelligente et sans effort. De plus, les codes PIN offrent une grande flexibilit\u00e9 : les codes PIN publics, r\u00e9sidents et temporaires vous permettent de g\u00e9rer facilement l'acc\u00e8s de diff\u00e9rents utilisateurs.<\/p>\n<p><img decoding=\"async\" class=\"aligncenter size-full wp-image-9439 lazyload\" data-src=\"https:\/\/securehubtec.com\/wp-content\/uploads\/2025\/10\/Smart-Video-Intercom-m.jpg\" alt=\"\" width=\"1200\" height=\"792\" data-srcset=\"https:\/\/securehubtec.com\/wp-content\/uploads\/2025\/10\/Smart-Video-Intercom-m.jpg 1200w, https:\/\/securehubtec.com\/wp-content\/uploads\/2025\/10\/Smart-Video-Intercom-m-300x198.jpg 300w, https:\/\/securehubtec.com\/wp-content\/uploads\/2025\/10\/Smart-Video-Intercom-m-1024x676.jpg 1024w, https:\/\/securehubtec.com\/wp-content\/uploads\/2025\/10\/Smart-Video-Intercom-m-768x507.jpg 768w, https:\/\/securehubtec.com\/wp-content\/uploads\/2025\/10\/Smart-Video-Intercom-m-18x12.jpg 18w, https:\/\/securehubtec.com\/wp-content\/uploads\/2025\/10\/Smart-Video-Intercom-m-600x396.jpg 600w\" data-sizes=\"(max-width: 1200px) 100vw, 1200px\" src=\"data:image\/svg+xml;base64,PHN2ZyB3aWR0aD0iMSIgaGVpZ2h0PSIxIiB4bWxucz0iaHR0cDovL3d3dy53My5vcmcvMjAwMC9zdmciPjwvc3ZnPg==\" style=\"--smush-placeholder-width: 1200px; --smush-placeholder-aspect-ratio: 1200\/792;\" \/>La technologie NFC joue \u00e9galement un r\u00f4le. Activez la fonction NFC de votre t\u00e9l\u00e9phone et enregistrez-vous en tant que carte d'utilisateur. Votre t\u00e9l\u00e9phone devient alors une cl\u00e9 portable. Et pour l'acc\u00e8s \u00e0 distance, votre t\u00e9l\u00e9phone est tout ce dont vous avez besoin. O\u00f9 que vous soyez, vous pouvez passer un appel vid\u00e9o avec vos visiteurs via notre application et ouvrir la porte \u00e0 distance, pour plus de confort et de tranquillit\u00e9 d'esprit.L'interphone SIP fonctionne avec TUYA.<br \/>\n<img decoding=\"async\" class=\"aligncenter size-full wp-image-9440 lazyload\" data-src=\"https:\/\/securehubtec.com\/wp-content\/uploads\/2025\/10\/Smart-Video-Intercom-n.jpg\" alt=\"\" width=\"1200\" height=\"975\" data-srcset=\"https:\/\/securehubtec.com\/wp-content\/uploads\/2025\/10\/Smart-Video-Intercom-n.jpg 1200w, https:\/\/securehubtec.com\/wp-content\/uploads\/2025\/10\/Smart-Video-Intercom-n-300x244.jpg 300w, https:\/\/securehubtec.com\/wp-content\/uploads\/2025\/10\/Smart-Video-Intercom-n-1024x832.jpg 1024w, https:\/\/securehubtec.com\/wp-content\/uploads\/2025\/10\/Smart-Video-Intercom-n-768x624.jpg 768w, https:\/\/securehubtec.com\/wp-content\/uploads\/2025\/10\/Smart-Video-Intercom-n-15x12.jpg 15w, https:\/\/securehubtec.com\/wp-content\/uploads\/2025\/10\/Smart-Video-Intercom-n-600x488.jpg 600w\" data-sizes=\"(max-width: 1200px) 100vw, 1200px\" src=\"data:image\/svg+xml;base64,PHN2ZyB3aWR0aD0iMSIgaGVpZ2h0PSIxIiB4bWxucz0iaHR0cDovL3d3dy53My5vcmcvMjAwMC9zdmciPjwvc3ZnPg==\" style=\"--smush-placeholder-width: 1200px; --smush-placeholder-aspect-ratio: 1200\/975;\" \/><br \/>\nNotre syst\u00e8me est hautement personnalisable pour r\u00e9pondre \u00e0 diff\u00e9rents besoins. Vous pouvez personnaliser l'image de fond, les listes de chambres, la langue, l'interface utilisateur, les fonctionnalit\u00e9s et m\u00eame le mat\u00e9riel. Il est \u00e9galement parfait pour les h\u00f4tels, avec des options permettant d'afficher des images publicitaires. Am\u00e9liorez votre exp\u00e9rience d'acc\u00e8s avec notre syst\u00e8me intelligent d'acc\u00e8s aux portes d\u00e8s aujourd'hui, l'interphone SIP fonctionne avec TUYA !<\/p>\n<h1 class=\"header-iWP5WJ auto-hide-last-sibling-br\">R\u00e9volutionnez votre exp\u00e9rience d'entr\u00e9e avec nos solutions d'interphonie et de contr\u00f4le d'acc\u00e8s intelligentes<\/h1>\n<div class=\"container-Uxvbjy md-box-line-break wrapper-GYqxgQ undefined\"><\/div>\n<div class=\"auto-hide-last-sibling-br paragraph-pP9ZLC paragraph-element br-paragraph-space\">Dans le monde rapide d'aujourd'hui, l'importance de la s\u00e9curit\u00e9 et de la commodit\u00e9 des syst\u00e8mes d'entr\u00e9e ne peut \u00eatre surestim\u00e9e. Que ce soit pour des appartements, des complexes de villas ou des b\u00e2timents commerciaux, notre vaste gamme de produits d'interphonie et de contr\u00f4le d'acc\u00e8s intelligents est con\u00e7ue pour r\u00e9pondre \u00e0 vos attentes et les d\u00e9passer.<\/div>\n<div class=\"container-Uxvbjy md-box-line-break wrapper-GYqxgQ undefined\"><\/div>\n<div class=\"auto-hide-last-sibling-br paragraph-pP9ZLC paragraph-element br-paragraph-space\">Notre\u00a0<strong>Interphone intelligent<\/strong>\u00a0qui comprend des options telles que le\u00a0<strong>Interphone intelligent pour appartement<\/strong>\u00a0et\u00a0<strong>Interphone intelligent pour immeubles d'habitation<\/strong>Le syst\u00e8me d'interphonie de l'h\u00f4tel, qui permet d'\u00e9lever la communication et la s\u00e9curit\u00e9 des r\u00e9sidents \u00e0 de nouveaux niveaux. Dot\u00e9 de fonctions telles que la communication bidirectionnelle (facilitant les conversations bidirectionnelles par interphone) et les capacit\u00e9s vid\u00e9o (comme on peut le voir dans les vid\u00e9os de\u00a0<strong>cam\u00e9ra de sonnette<\/strong>,\u00a0<strong>interphone vid\u00e9o<\/strong>et\u00a0<strong>Interphone vid\u00e9o intelligent<\/strong>), les r\u00e9sidents peuvent facilement v\u00e9rifier les visiteurs avant d'autoriser l'acc\u00e8s. Les\u00a0<strong>Interphone vid\u00e9o filaire de 7 pouces<\/strong>\u00a0et\u00a0<strong>10.1 Inch Best Price T\u00e9l\u00e9phone de porte vid\u00e9o<\/strong>\u00a0sont dot\u00e9s d'interfaces visuelles claires, ce qui permet de ne manquer aucun d\u00e9tail. Pour ceux qui recherchent la commodit\u00e9 du sans fil, le\u00a0<strong>Sonnette intelligente Wifi Tuya<\/strong>\u00a0et\u00a0<strong>Home Security Smart WIFI Visual Door Phone<\/strong>\u00a0permettent une interaction \u00e0 distance via les smartphones, ce qui permet aux utilisateurs de communiquer avec les visiteurs et de g\u00e9rer l'acc\u00e8s depuis n'importe quel endroit.<\/div>\n<div class=\"container-Uxvbjy md-box-line-break wrapper-GYqxgQ undefined\"><\/div>\n<div class=\"auto-hide-last-sibling-br paragraph-pP9ZLC paragraph-element br-paragraph-space\">Adieu aux cl\u00e9s traditionnelles avec notre\u00a0<strong>Entr\u00e9e sans cl\u00e9<\/strong>\u00a0solutions. Nos syst\u00e8mes prennent en charge plusieurs m\u00e9thodes d'acc\u00e8s afin de r\u00e9pondre aux diff\u00e9rentes pr\u00e9f\u00e9rences et sc\u00e9narios.\u00a0<strong>D\u00e9verrouillage RFIC<\/strong>\u00a0permet un acc\u00e8s rapide avec des cartes enregistr\u00e9es, et lorsque vous activez la fonction NFC sur votre t\u00e9l\u00e9phone, il se transforme en cl\u00e9, similaire \u00e0 une carte de cr\u00e9dit.\u00a0<strong>Carte \u00e0 puce<\/strong>\u00a0solution. Pour ceux qui pr\u00e9f\u00e8rent la biom\u00e9trie, nos syst\u00e8mes avanc\u00e9s peuvent int\u00e9grer la reconnaissance faciale, o\u00f9 votre visage sert de cl\u00e9, en s'appuyant sur des algorithmes de vision par ordinateur de pointe pour une v\u00e9rification pr\u00e9cise de l'identit\u00e9. Des codes PIN sont \u00e9galement disponibles, avec des options pour les codes PIN publics, r\u00e9sidents et temporaires afin de g\u00e9rer l'acc\u00e8s de mani\u00e8re flexible, le tout faisant partie de notre syst\u00e8me robuste de gestion de l'acc\u00e8s.\u00a0<strong>syst\u00e8mes de contr\u00f4le d'acc\u00e8s<\/strong>.<\/div>\n<div class=\"container-Uxvbjy md-box-line-break wrapper-GYqxgQ undefined\"><\/div>\n<div class=\"auto-hide-last-sibling-br paragraph-pP9ZLC paragraph-element br-paragraph-space\">Nous sommes conscients que les syst\u00e8mes d'entr\u00e9e doivent r\u00e9sister \u00e0 diverses conditions environnementales. Nos\u00a0<strong>Cloche de porte ext\u00e9rieure \u00e9tanche<\/strong>\u00a0et\u00a0<strong>Sonnette IP65 pour villa<\/strong>\u00a0sont construits pour r\u00e9sister aux \u00e9l\u00e9ments, garantissant une performance fiable sous la pluie, la neige ou la lumi\u00e8re intense du soleil. Qu'il s'agisse d'un appartement confortable avec un\u00a0<strong>Sonnette familiale pour appartement<\/strong>\u00a0ou une villa luxueuse avec un\u00a0<strong>Syst\u00e8me d'interphone vid\u00e9o IP<\/strong>Nos produits s'int\u00e8grent parfaitement dans n'importe quel environnement tout en offrant une s\u00e9curit\u00e9 de premier ordre.<\/div>\n<div class=\"container-Uxvbjy md-box-line-break wrapper-GYqxgQ undefined\"><\/div>\n<div class=\"auto-hide-last-sibling-br paragraph-pP9ZLC paragraph-element br-paragraph-space\">De\u00a0<strong>T\u00e9l\u00e9phones de porte<\/strong>\u00a0et\u00a0<strong>T\u00e9l\u00e9phones de porte intelligents<\/strong>\u00a0\u00e0\u00a0<strong>Kit de portier vid\u00e9o<\/strong>\u00a0et\u00a0<strong>Syst\u00e8me de sonnette d'interphone vid\u00e9o AHD de 7 pouces<\/strong>Nous offrons une large s\u00e9lection de produits pour r\u00e9pondre \u00e0 des besoins vari\u00e9s. Nos\u00a0<strong>Syst\u00e8me de contr\u00f4le d'acc\u00e8s<\/strong>\u00a0et\u00a0<strong>Interphone d'ouverture de porte<\/strong>\u00a0offrent une gestion centralis\u00e9e pour les grandes propri\u00e9t\u00e9s, garantissant un acc\u00e8s efficace et s\u00e9curis\u00e9 \u00e0 tous les r\u00e9sidents et au personnel autoris\u00e9. Pour les entreprises, nos\u00a0<strong>casier intelligent s\u00e9curis\u00e9<\/strong>\u00a0s'int\u00e8grent au contr\u00f4le d'acc\u00e8s, ajoutant une couche suppl\u00e9mentaire de s\u00e9curit\u00e9 pour les objets de valeur. Des marques comme\u00a0<strong>DRSECURE<\/strong>\u00a0repr\u00e9sentent la qualit\u00e9 et l'innovation, garantissant que nos produits sont \u00e0 la pointe de la technologie.<\/div>\n<div class=\"container-Uxvbjy md-box-line-break wrapper-GYqxgQ undefined\"><\/div>\n<div class=\"auto-hide-last-sibling-br paragraph-pP9ZLC paragraph-element br-paragraph-space\">En conclusion, nos produits d'interphonie et de contr\u00f4le d'acc\u00e8s intelligents ne servent pas seulement \u00e0 ouvrir des portes, mais aussi \u00e0 cr\u00e9er une exp\u00e9rience d'entr\u00e9e transparente, s\u00e9curis\u00e9e et intelligente. Que vous soyez propri\u00e9taire d'une maison, gestionnaire immobilier ou propri\u00e9taire d'une entreprise, nos solutions offrent la combinaison id\u00e9ale de commodit\u00e9, de s\u00e9curit\u00e9 et de personnalisation. Adoptez d\u00e8s aujourd'hui nos syst\u00e8mes d'entr\u00e9e intelligents et entrez dans un avenir o\u00f9 l'acc\u00e8s se fait sans effort et la s\u00e9curit\u00e9 sans compromis.<\/div>","protected":false},"excerpt":{"rendered":"<p>Introducing our cutting &#8211; edge smart door access system! It revolutionizes how you enter your home or building. With face [&hellip;]<\/p>","protected":false},"author":1,"featured_media":9437,"parent":0,"menu_order":0,"comment_status":"closed","ping_status":"closed","template":"","meta":{"site-sidebar-layout":"default","site-content-layout":"","ast-site-content-layout":"default","site-content-style":"default","site-sidebar-style":"default","ast-global-header-display":"","ast-banner-title-visibility":"","ast-main-header-display":"","ast-hfb-above-header-display":"","ast-hfb-below-header-display":"","ast-hfb-mobile-header-display":"","site-post-title":"","ast-breadcrumbs-content":"","ast-featured-img":"","footer-sml-layout":"","theme-transparent-header-meta":"default","adv-header-id-meta":"","stick-header-meta":"default","header-above-stick-meta":"","header-main-stick-meta":"","header-below-stick-meta":"","astra-migrate-meta-layouts":"set","ast-page-background-enabled":"default","ast-page-background-meta":{"desktop":{"background-color":"","background-image":"","background-repeat":"repeat","background-position":"center center","background-size":"auto","background-attachment":"scroll","background-type":"","background-media":"","overlay-type":"","overlay-color":"","overlay-opacity":"","overlay-gradient":""},"tablet":{"background-color":"","background-image":"","background-repeat":"repeat","background-position":"center center","background-size":"auto","background-attachment":"scroll","background-type":"","background-media":"","overlay-type":"","overlay-color":"","overlay-opacity":"","overlay-gradient":""},"mobile":{"background-color":"","background-image":"","background-repeat":"repeat","background-position":"center center","background-size":"auto","background-attachment":"scroll","background-type":"","background-media":"","overlay-type":"","overlay-color":"","overlay-opacity":"","overlay-gradient":""}},"ast-content-background-meta":{"desktop":{"background-color":"var(--ast-global-color-5)","background-image":"","background-repeat":"repeat","background-position":"center center","background-size":"auto","background-attachment":"scroll","background-type":"","background-media":"","overlay-type":"","overlay-color":"","overlay-opacity":"","overlay-gradient":""},"tablet":{"background-color":"var(--ast-global-color-5)","background-image":"","background-repeat":"repeat","background-position":"center center","background-size":"auto","background-attachment":"scroll","background-type":"","background-media":"","overlay-type":"","overlay-color":"","overlay-opacity":"","overlay-gradient":""},"mobile":{"background-color":"var(--ast-global-color-5)","background-image":"","background-repeat":"repeat","background-position":"center center","background-size":"auto","background-attachment":"scroll","background-type":"","background-media":"","overlay-type":"","overlay-color":"","overlay-opacity":"","overlay-gradient":""}},"footnotes":""},"class_list":["post-9436","page","type-page","status-publish","has-post-thumbnail","hentry"],"_links":{"self":[{"href":"https:\/\/securehubtec.com\/fr\/wp-json\/wp\/v2\/pages\/9436","targetHints":{"allow":["GET"]}}],"collection":[{"href":"https:\/\/securehubtec.com\/fr\/wp-json\/wp\/v2\/pages"}],"about":[{"href":"https:\/\/securehubtec.com\/fr\/wp-json\/wp\/v2\/types\/page"}],"author":[{"embeddable":true,"href":"https:\/\/securehubtec.com\/fr\/wp-json\/wp\/v2\/users\/1"}],"replies":[{"embeddable":true,"href":"https:\/\/securehubtec.com\/fr\/wp-json\/wp\/v2\/comments?post=9436"}],"version-history":[{"count":4,"href":"https:\/\/securehubtec.com\/fr\/wp-json\/wp\/v2\/pages\/9436\/revisions"}],"predecessor-version":[{"id":9445,"href":"https:\/\/securehubtec.com\/fr\/wp-json\/wp\/v2\/pages\/9436\/revisions\/9445"}],"wp:featuredmedia":[{"embeddable":true,"href":"https:\/\/securehubtec.com\/fr\/wp-json\/wp\/v2\/media\/9437"}],"wp:attachment":[{"href":"https:\/\/securehubtec.com\/fr\/wp-json\/wp\/v2\/media?parent=9436"}],"curies":[{"name":"wp","href":"https:\/\/api.w.org\/{rel}","templated":true}]}}