{"id":9429,"date":"2025-10-02T00:08:52","date_gmt":"2025-10-01T16:08:52","guid":{"rendered":"https:\/\/securehubtec.com\/?page_id=9429"},"modified":"2025-10-02T00:24:08","modified_gmt":"2025-10-01T16:24:08","slug":"smart-intercom","status":"publish","type":"page","link":"https:\/\/securehubtec.com\/fr\/smart-intercom\/","title":{"rendered":"SMART INTERCOM"},"content":{"rendered":"<p><img fetchpriority=\"high\" decoding=\"async\" class=\"aligncenter size-full wp-image-9431\" src=\"https:\/\/securehubtec.com\/wp-content\/uploads\/2025\/10\/Smart-Video-Intercom-k-1.jpg\" alt=\"\" width=\"1100\" height=\"809\" srcset=\"https:\/\/securehubtec.com\/wp-content\/uploads\/2025\/10\/Smart-Video-Intercom-k-1.jpg 1100w, https:\/\/securehubtec.com\/wp-content\/uploads\/2025\/10\/Smart-Video-Intercom-k-1-300x221.jpg 300w, https:\/\/securehubtec.com\/wp-content\/uploads\/2025\/10\/Smart-Video-Intercom-k-1-1024x753.jpg 1024w, https:\/\/securehubtec.com\/wp-content\/uploads\/2025\/10\/Smart-Video-Intercom-k-1-768x565.jpg 768w, https:\/\/securehubtec.com\/wp-content\/uploads\/2025\/10\/Smart-Video-Intercom-k-1-16x12.jpg 16w, https:\/\/securehubtec.com\/wp-content\/uploads\/2025\/10\/Smart-Video-Intercom-k-1-600x441.jpg 600w\" sizes=\"(max-width: 1100px) 100vw, 1100px\" \/><br \/>\n<em><strong>PARAM\u00c8TRES <\/strong><\/em><\/p>\n<p><strong><span style=\"color: #ffcc99;\">Panneau de contr\u00f4le intelligent <\/span><\/strong><\/p>\n<p>Acc\u00e8s Ethernet au r\u00e9seau domestique via Wi-Fi.<\/p>\n<p>Descendez en haut de la page d'accueil et cliquez sur \"Param\u00e8tres\" - \"Interphone de b\u00e2timent\". Commutateur IP statique : Activez-le. R\u00e9glez l'adresse<\/p>\n<p>IP statique : 192.168.1.10 (activer le commutateur IP statique apr\u00e8s l'avoir obtenu automatiquement) Num\u00e9ro local : 999-999 (pi\u00e8ce 999, unit\u00e9 999).<\/p>\n<p><strong><span style=\"color: #ffcc99;\">Station ext\u00e9rieure\uff1a<\/span><\/strong><\/p>\n<p>Confirmez que le logiciel autoris\u00e9 prend en charge le protocole Tuya LAN SIP.<\/p>\n<p>Se connecter au r\u00e9seau domestique via Ethernet ou Wi-Fi.<\/p>\n<p>Les panneaux peuvent \u00eatre r\u00e9gl\u00e9s sur des num\u00e9ros de salle diff\u00e9rents et le poste d'appel effectue des appels en entrant un num\u00e9ro de salle diff\u00e9rent.<\/p>\n<p><strong><span style=\"color: #ffcc99;\">Par exemple : <\/span><\/strong><\/p>\n<p>\u00c9tape 1 : Pour le panneau Tuya 1#, r\u00e9glez-le sur 31-101, pour le panneau Tuya 2#, r\u00e9glez-le sur 31-201.<\/p>\n<p>\u00c9tape 2 : Allez dans le Call Station - Room Settings - Add Room 31-101 et Room 31-201 respectivement.<\/p>\n<p><em><strong>CARACT\u00c9RISTIQUES <\/strong><\/em><\/p>\n<p>Appel vid\u00e9o : La station peut lancer\/effectuer un appel vid\u00e9o avec le panneau de contr\u00f4le intelligent.<\/p>\n<p>Siri(iOS) : Ouvrez la porte par commande vocale.<\/p>\n<p>Raccourcis (iOS) : Tapez pour courir.<\/p>\n<p>Ouvrir la porte : En scannant une carte IC\/NFC ou en saisissant le code PIN de l'utilisateur ou par reconnaissance faciale.<\/p>\n<p>Sc\u00e8ne : Cr\u00e9er une sc\u00e8ne pour lancer le Tap-to-Run.<\/p>\n<p>Sortie : Contact sec \u00e0 1 voie.<\/p>\n<p>Liaison avec l'ascenseur ou appel d'un ascenseur.<\/p>\n<div class=\"auto-hide-last-sibling-br paragraph-pP9ZLC paragraph-element br-paragraph-space\">Am\u00e9liorez votre espace avec notre\u00a0<strong>SMART INTERCOM<\/strong>-Le m\u00e9lange ultime de s\u00e9curit\u00e9, de commodit\u00e9 et de technologie intelligente. Plus besoin de se pr\u00e9cipiter \u00e0 la porte pour contr\u00f4ler les visiteurs : ce syst\u00e8me vous permet de voir, d'entendre et de parler aux invit\u00e9s en temps r\u00e9el via un \u00e9cran tactile net ou votre smartphone. Que vous soyez dans votre salon, au travail ou en d\u00e9placement, vous gardez le contr\u00f4le : ne manquez plus jamais une livraison, un ami ou un visiteur important.<\/div>\n<div class=\"container-Uxvbjy md-box-line-break wrapper-GYqxgQ undefined\"><\/div>\n<div class=\"auto-hide-last-sibling-br paragraph-pP9ZLC paragraph-element br-paragraph-space\">Con\u00e7u pour tous les sc\u00e9narios, il s'adapte parfaitement aux maisons, aux appartements et aux petites entreprises. Pour les immeubles collectifs, il permet une communication claire entre les unit\u00e9s et les halls d'entr\u00e9e ; pour les maisons individuelles, il ajoute une couche de s\u00e9curit\u00e9 en vous permettant de v\u00e9rifier les visiteurs avant de les d\u00e9verrouiller. Il s'associe \u00e9galement \u00e0 des serrures intelligentes, ce qui vous permet d'autoriser \u00e0 distance l'acc\u00e8s \u00e0 la famille, aux nettoyeurs ou aux entrepreneurs d'une simple pression - plus besoin de cacher les cl\u00e9s ou d'attendre.<\/div>\n<div class=\"container-Uxvbjy md-box-line-break wrapper-GYqxgQ undefined\"><\/div>\n<div class=\"auto-hide-last-sibling-br paragraph-pP9ZLC paragraph-element br-paragraph-space\">Construit pour durer, notre SMART INTERCOM fonctionne de mani\u00e8re fiable par tous les temps, avec une vision nocturne pour plus de clart\u00e9 apr\u00e8s les heures de travail. Il est facile \u00e0 installer et se connecte \u00e0 votre r\u00e9seau WiFi existant en quelques minutes, avec une application intuitive simple \u00e0 utiliser pour tous les \u00e2ges. Laissez tomber les interphones obsol\u00e8tes et adoptez un syst\u00e8me qui assure votre s\u00e9curit\u00e9, vous fait gagner du temps et s'adapte \u00e0 votre mode de vie. Il ne s'agit pas d'un simple interphone, mais d'une fa\u00e7on plus intelligente de g\u00e9rer votre espace.<\/div>","protected":false},"excerpt":{"rendered":"<p>SETTINGS Smart Control Panel Ethernet access to the home network via Wi-Fi. Pull down from the top of the home [&hellip;]<\/p>","protected":false},"author":1,"featured_media":9430,"parent":0,"menu_order":0,"comment_status":"closed","ping_status":"closed","template":"","meta":{"site-sidebar-layout":"default","site-content-layout":"","ast-site-content-layout":"default","site-content-style":"default","site-sidebar-style":"default","ast-global-header-display":"","ast-banner-title-visibility":"","ast-main-header-display":"","ast-hfb-above-header-display":"","ast-hfb-below-header-display":"","ast-hfb-mobile-header-display":"","site-post-title":"","ast-breadcrumbs-content":"","ast-featured-img":"","footer-sml-layout":"","theme-transparent-header-meta":"default","adv-header-id-meta":"","stick-header-meta":"default","header-above-stick-meta":"","header-main-stick-meta":"","header-below-stick-meta":"","astra-migrate-meta-layouts":"set","ast-page-background-enabled":"default","ast-page-background-meta":{"desktop":{"background-color":"","background-image":"","background-repeat":"repeat","background-position":"center center","background-size":"auto","background-attachment":"scroll","background-type":"","background-media":"","overlay-type":"","overlay-color":"","overlay-opacity":"","overlay-gradient":""},"tablet":{"background-color":"","background-image":"","background-repeat":"repeat","background-position":"center center","background-size":"auto","background-attachment":"scroll","background-type":"","background-media":"","overlay-type":"","overlay-color":"","overlay-opacity":"","overlay-gradient":""},"mobile":{"background-color":"","background-image":"","background-repeat":"repeat","background-position":"center center","background-size":"auto","background-attachment":"scroll","background-type":"","background-media":"","overlay-type":"","overlay-color":"","overlay-opacity":"","overlay-gradient":""}},"ast-content-background-meta":{"desktop":{"background-color":"var(--ast-global-color-5)","background-image":"","background-repeat":"repeat","background-position":"center center","background-size":"auto","background-attachment":"scroll","background-type":"","background-media":"","overlay-type":"","overlay-color":"","overlay-opacity":"","overlay-gradient":""},"tablet":{"background-color":"var(--ast-global-color-5)","background-image":"","background-repeat":"repeat","background-position":"center center","background-size":"auto","background-attachment":"scroll","background-type":"","background-media":"","overlay-type":"","overlay-color":"","overlay-opacity":"","overlay-gradient":""},"mobile":{"background-color":"var(--ast-global-color-5)","background-image":"","background-repeat":"repeat","background-position":"center center","background-size":"auto","background-attachment":"scroll","background-type":"","background-media":"","overlay-type":"","overlay-color":"","overlay-opacity":"","overlay-gradient":""}},"footnotes":""},"class_list":["post-9429","page","type-page","status-publish","has-post-thumbnail","hentry"],"_links":{"self":[{"href":"https:\/\/securehubtec.com\/fr\/wp-json\/wp\/v2\/pages\/9429","targetHints":{"allow":["GET"]}}],"collection":[{"href":"https:\/\/securehubtec.com\/fr\/wp-json\/wp\/v2\/pages"}],"about":[{"href":"https:\/\/securehubtec.com\/fr\/wp-json\/wp\/v2\/types\/page"}],"author":[{"embeddable":true,"href":"https:\/\/securehubtec.com\/fr\/wp-json\/wp\/v2\/users\/1"}],"replies":[{"embeddable":true,"href":"https:\/\/securehubtec.com\/fr\/wp-json\/wp\/v2\/comments?post=9429"}],"version-history":[{"count":2,"href":"https:\/\/securehubtec.com\/fr\/wp-json\/wp\/v2\/pages\/9429\/revisions"}],"predecessor-version":[{"id":9434,"href":"https:\/\/securehubtec.com\/fr\/wp-json\/wp\/v2\/pages\/9429\/revisions\/9434"}],"wp:featuredmedia":[{"embeddable":true,"href":"https:\/\/securehubtec.com\/fr\/wp-json\/wp\/v2\/media\/9430"}],"wp:attachment":[{"href":"https:\/\/securehubtec.com\/fr\/wp-json\/wp\/v2\/media?parent=9429"}],"curies":[{"name":"wp","href":"https:\/\/api.w.org\/{rel}","templated":true}]}}