{"id":9423,"date":"2025-10-01T23:48:52","date_gmt":"2025-10-01T15:48:52","guid":{"rendered":"https:\/\/securehubtec.com\/?page_id=9423"},"modified":"2025-10-01T23:50:14","modified_gmt":"2025-10-01T15:50:14","slug":"smart-apartment-solution","status":"publish","type":"page","link":"https:\/\/securehubtec.com\/fr\/smart-apartment-solution\/","title":{"rendered":"Solution pour les appartements intelligents"},"content":{"rendered":"<p><em><strong>N\u00e9cessite une connexion Internet pour fonctionner <\/strong><\/em><\/p>\n<p><strong><span style=\"color: #ffcc00;\">Accueil Tuya<\/span>\u00a0<\/strong> \u00a0 \u00a0 \u00a0Permet aux visiteurs d'appeler l'application Tuya de diff\u00e9rents foyers. (supportant jusqu'\u00e0 1000 foyers) <strong><span style=\"color: #ffcc00;\">Kit Apple Home\u00a0<\/span><\/strong> \u00a0 \u00a0 \u00a0Hey Siri pour ouvrir la porte<\/p>\n<p><em><strong>Travailler sans internet <\/strong><\/em><\/p>\n<p><strong><span style=\"color: #ffcc00;\">Moniteur de s\u00e9curit\u00e9\u00a0<\/span><\/strong> \u00a0 \u00a0 \u00a0 \u00a0 \u00a0 Utilis\u00e9 comme moniteur \u00e0 des fins de surveillance, il affiche g\u00e9n\u00e9ralement des s\u00e9quences de surveillance en temps r\u00e9el sur un \u00e9cran divis\u00e9 en quatre, jusqu'\u00e0 16 cam\u00e9ras IP.<\/p>\n<p><strong><span style=\"color: #ffcc00;\">Appeler d'une seule touche\u00a0<\/span> <\/strong>\u00a0 \u00a0 \u00a0 \u00a0 \u00a0<span style=\"font-size: 16px;\">Offre aux visiteurs une excellente exp\u00e9rience utilisateur <\/span><\/p>\n<p><span style=\"font-size: 16px;\"><strong><span style=\"color: #ffcc00;\">Interphone\u00a0<\/span><\/strong> \u00a0 \u00a0 \u00a0 \u00a0 \u00a0 Interphone vocal\/vid\u00e9o bidirectionnel. De moniteur \u00e0 poste, de moniteur \u00e0 moniteur, de poste \u00e0 poste<\/span><\/p>\n<p><span style=\"font-size: 16px;\"><strong><span style=\"color: #ffcc00;\">Acc\u00e8s<\/span>\u00a0<\/strong> \u00a0 \u00a0 \u00a0 \u00a0 Swipe IC Card\/NFC\/PIN\/ Indoor Monitor\/Smart App pour d\u00e9verrouiller la porte <\/span><\/p>\n<p><strong><span style=\"font-size: 16px; color: #ffcc00;\">Publicit\u00e9 Affichage Cycle par le biais d'images ou de vid\u00e9os publicitaires<\/span><\/strong><\/p>\n<p><img fetchpriority=\"high\" decoding=\"async\" class=\"aligncenter size-full wp-image-9425\" src=\"https:\/\/securehubtec.com\/wp-content\/uploads\/2025\/10\/Smart-Video-Intercom-j-1.jpg\" alt=\"\" width=\"1100\" height=\"737\" srcset=\"https:\/\/securehubtec.com\/wp-content\/uploads\/2025\/10\/Smart-Video-Intercom-j-1.jpg 1100w, https:\/\/securehubtec.com\/wp-content\/uploads\/2025\/10\/Smart-Video-Intercom-j-1-300x201.jpg 300w, https:\/\/securehubtec.com\/wp-content\/uploads\/2025\/10\/Smart-Video-Intercom-j-1-1024x686.jpg 1024w, https:\/\/securehubtec.com\/wp-content\/uploads\/2025\/10\/Smart-Video-Intercom-j-1-768x515.jpg 768w, https:\/\/securehubtec.com\/wp-content\/uploads\/2025\/10\/Smart-Video-Intercom-j-1-18x12.jpg 18w, https:\/\/securehubtec.com\/wp-content\/uploads\/2025\/10\/Smart-Video-Intercom-j-1-600x402.jpg 600w\" sizes=\"(max-width: 1100px) 100vw, 1100px\" \/><\/p>\n<ol class=\"auto-hide-last-sibling-br\">\n<li>\n<div class=\"auto-hide-last-sibling-br paragraph-pP9ZLC paragraph-element br-paragraph-space\">Pr\u00e9sentation de notre\u00a0<strong>Solution pour les appartements intelligents<\/strong>-un changement de cap pour les immeubles \u00e0 logements multiples, qui allie connectivit\u00e9 et fonctionnalit\u00e9. Lorsqu'il est reli\u00e9 \u00e0 l'internet, il s'int\u00e8gre de mani\u00e8re transparente aux syst\u00e8mes de gestion de l'information de l'entreprise.\u00a0<strong>Accueil Tuya<\/strong>\u00a0et\u00a0<strong>Kit Apple Home<\/strong>: L'\u00e9cosyst\u00e8me de Tuya permet aux visiteurs d'appeler l'application Tuya d'un maximum de 1000 foyers, garantissant qu'aucun r\u00e9sident ne manque un visiteur, tandis que les utilisateurs d'Apple peuvent simplement dire \"Hey Siri pour ouvrir la porte\" pour un acc\u00e8s mains libres. Au-del\u00e0 de la commande vocale, le syst\u00e8me prend en charge diverses m\u00e9thodes de d\u00e9verrouillage : glisser une carte IC, utiliser la NFC, saisir un code PIN, toucher le moniteur int\u00e9rieur ou utiliser l'application intelligente - pour r\u00e9pondre aux pr\u00e9f\u00e9rences de tous les r\u00e9sidents et rendre l'entr\u00e9e rapide et sans tracas.<\/div>\n<\/li>\n<li>\n<div class=\"auto-hide-last-sibling-br paragraph-pP9ZLC paragraph-element br-paragraph-space\">Cette solution se distingue par sa fiabilit\u00e9\u00a0<strong>Travailler sans internet<\/strong>\u00a0aussi. Le syst\u00e8me int\u00e9gr\u00e9\u00a0<strong>Moniteur de s\u00e9curit\u00e9<\/strong>\u00a0se transforme en un puissant centre de surveillance : il affiche les images en temps r\u00e9el sur un \u00e9cran divis\u00e9 en quatre et prend en charge jusqu'\u00e0 16 cam\u00e9ras IP, couvrant ainsi tous les coins du complexe d'appartements, des halls d'entr\u00e9e aux couloirs. M\u00eame hors ligne, le\u00a0<strong>Interphone vocal\/vid\u00e9o bidirectionnel<\/strong>\u00a0fonctionne parfaitement : la communication de poste \u00e0 poste, de poste \u00e0 poste et de poste \u00e0 poste permet aux r\u00e9sidents, au personnel et aux visiteurs de rester en contact. De plus, le syst\u00e8me\u00a0<strong>Appeler d'une seule touche<\/strong>\u00a0offre aux visiteurs une exp\u00e9rience intuitive, \u00e9liminant toute confusion et rationalisant les interactions avec les r\u00e9sidents.<\/div>\n<\/li>\n<li>\n<div class=\"auto-hide-last-sibling-br paragraph-pP9ZLC paragraph-element br-paragraph-space\">Cette solution n'est pas seulement une question de s\u00e9curit\u00e9, elle apporte \u00e9galement une valeur ajout\u00e9e pratique aux gestionnaires immobiliers. Les\u00a0<strong>Affichage des publicit\u00e9s<\/strong>\u00a0Le moniteur d'int\u00e9rieur devient ainsi un outil g\u00e9n\u00e9rateur de revenus tout en partageant des informations utiles (comme les avis de la communaut\u00e9) avec les r\u00e9sidents. Que ce soit en ligne ou hors ligne, il s'adapte aux besoins des grands immeubles d'habitation : il prend en charge 1 000 m\u00e9nages, offre un acc\u00e8s flexible et assure une surveillance 24 heures sur 24, 7 jours sur 7. Pour les promoteurs et les gestionnaires immobiliers qui cherchent \u00e0 am\u00e9liorer l'exp\u00e9rience des r\u00e9sidents et l'efficacit\u00e9 op\u00e9rationnelle, notre solution Smart Apartment est la r\u00e9ponse tout-en-un qui allie technologie intelligente, fiabilit\u00e9 et polyvalence.<\/div>\n<\/li>\n<\/ol>","protected":false},"excerpt":{"rendered":"<p>Requires an Internet connection to work Tuya Home\u00a0 \u00a0 \u00a0 \u00a0Allows visitors to call Tuya app of different households. (supporting [&hellip;]<\/p>","protected":false},"author":1,"featured_media":9424,"parent":0,"menu_order":0,"comment_status":"closed","ping_status":"closed","template":"","meta":{"site-sidebar-layout":"default","site-content-layout":"","ast-site-content-layout":"default","site-content-style":"default","site-sidebar-style":"default","ast-global-header-display":"","ast-banner-title-visibility":"","ast-main-header-display":"","ast-hfb-above-header-display":"","ast-hfb-below-header-display":"","ast-hfb-mobile-header-display":"","site-post-title":"","ast-breadcrumbs-content":"","ast-featured-img":"","footer-sml-layout":"","theme-transparent-header-meta":"default","adv-header-id-meta":"","stick-header-meta":"default","header-above-stick-meta":"","header-main-stick-meta":"","header-below-stick-meta":"","astra-migrate-meta-layouts":"set","ast-page-background-enabled":"default","ast-page-background-meta":{"desktop":{"background-color":"","background-image":"","background-repeat":"repeat","background-position":"center center","background-size":"auto","background-attachment":"scroll","background-type":"","background-media":"","overlay-type":"","overlay-color":"","overlay-opacity":"","overlay-gradient":""},"tablet":{"background-color":"","background-image":"","background-repeat":"repeat","background-position":"center center","background-size":"auto","background-attachment":"scroll","background-type":"","background-media":"","overlay-type":"","overlay-color":"","overlay-opacity":"","overlay-gradient":""},"mobile":{"background-color":"","background-image":"","background-repeat":"repeat","background-position":"center center","background-size":"auto","background-attachment":"scroll","background-type":"","background-media":"","overlay-type":"","overlay-color":"","overlay-opacity":"","overlay-gradient":""}},"ast-content-background-meta":{"desktop":{"background-color":"var(--ast-global-color-5)","background-image":"","background-repeat":"repeat","background-position":"center center","background-size":"auto","background-attachment":"scroll","background-type":"","background-media":"","overlay-type":"","overlay-color":"","overlay-opacity":"","overlay-gradient":""},"tablet":{"background-color":"var(--ast-global-color-5)","background-image":"","background-repeat":"repeat","background-position":"center center","background-size":"auto","background-attachment":"scroll","background-type":"","background-media":"","overlay-type":"","overlay-color":"","overlay-opacity":"","overlay-gradient":""},"mobile":{"background-color":"var(--ast-global-color-5)","background-image":"","background-repeat":"repeat","background-position":"center center","background-size":"auto","background-attachment":"scroll","background-type":"","background-media":"","overlay-type":"","overlay-color":"","overlay-opacity":"","overlay-gradient":""}},"footnotes":""},"class_list":["post-9423","page","type-page","status-publish","has-post-thumbnail","hentry"],"_links":{"self":[{"href":"https:\/\/securehubtec.com\/fr\/wp-json\/wp\/v2\/pages\/9423","targetHints":{"allow":["GET"]}}],"collection":[{"href":"https:\/\/securehubtec.com\/fr\/wp-json\/wp\/v2\/pages"}],"about":[{"href":"https:\/\/securehubtec.com\/fr\/wp-json\/wp\/v2\/types\/page"}],"author":[{"embeddable":true,"href":"https:\/\/securehubtec.com\/fr\/wp-json\/wp\/v2\/users\/1"}],"replies":[{"embeddable":true,"href":"https:\/\/securehubtec.com\/fr\/wp-json\/wp\/v2\/comments?post=9423"}],"version-history":[{"count":2,"href":"https:\/\/securehubtec.com\/fr\/wp-json\/wp\/v2\/pages\/9423\/revisions"}],"predecessor-version":[{"id":9428,"href":"https:\/\/securehubtec.com\/fr\/wp-json\/wp\/v2\/pages\/9423\/revisions\/9428"}],"wp:featuredmedia":[{"embeddable":true,"href":"https:\/\/securehubtec.com\/fr\/wp-json\/wp\/v2\/media\/9424"}],"wp:attachment":[{"href":"https:\/\/securehubtec.com\/fr\/wp-json\/wp\/v2\/media?parent=9423"}],"curies":[{"name":"wp","href":"https:\/\/api.w.org\/{rel}","templated":true}]}}