{"id":9416,"date":"2025-10-01T23:27:18","date_gmt":"2025-10-01T15:27:18","guid":{"rendered":"https:\/\/securehubtec.com\/?page_id=9416"},"modified":"2025-10-01T23:28:37","modified_gmt":"2025-10-01T15:28:37","slug":"smart-doorbell-camera-works-with-tuya","status":"publish","type":"page","link":"https:\/\/securehubtec.com\/fr\/smart-doorbell-camera-works-with-tuya\/","title":{"rendered":"La cam\u00e9ra Smart Doorbell fonctionne avec TUYA"},"content":{"rendered":"<p>Notre cam\u00e9ra sonnette intelligente fonctionne avec TUYA, une plateforme IoT mondiale de premier plan, vous permettant de la synchroniser avec vos appareils domestiques intelligents existants sans effort. Gr\u00e2ce \u00e0 l'application TUYA, vous obtenez des flux vid\u00e9o HD en temps r\u00e9el : v\u00e9rifiez qui est \u00e0 la porte depuis votre t\u00e9l\u00e9phone, que vous soyez au travail ou en d\u00e9placement. Il s'int\u00e8gre parfaitement \u00e0 l'\u00e9cosyst\u00e8me de TUYA, ce qui vous permet de le relier \u00e0 des lumi\u00e8res ou des serrures intelligentes pour une maison enti\u00e8rement connect\u00e9e. Cette compatibilit\u00e9 r\u00e9duit le temps d'installation et rend l'appareil facile \u00e0 utiliser, m\u00eame pour les novices en mati\u00e8re de technologie intelligente.<\/p>\n<p><img fetchpriority=\"high\" decoding=\"async\" class=\"aligncenter size-full wp-image-9419\" src=\"https:\/\/securehubtec.com\/wp-content\/uploads\/2025\/10\/Smart-Video-Intercom-h-1.jpg\" alt=\"\" width=\"1196\" height=\"780\" srcset=\"https:\/\/securehubtec.com\/wp-content\/uploads\/2025\/10\/Smart-Video-Intercom-h-1.jpg 1196w, https:\/\/securehubtec.com\/wp-content\/uploads\/2025\/10\/Smart-Video-Intercom-h-1-300x196.jpg 300w, https:\/\/securehubtec.com\/wp-content\/uploads\/2025\/10\/Smart-Video-Intercom-h-1-1024x668.jpg 1024w, https:\/\/securehubtec.com\/wp-content\/uploads\/2025\/10\/Smart-Video-Intercom-h-1-768x501.jpg 768w, https:\/\/securehubtec.com\/wp-content\/uploads\/2025\/10\/Smart-Video-Intercom-h-1-18x12.jpg 18w, https:\/\/securehubtec.com\/wp-content\/uploads\/2025\/10\/Smart-Video-Intercom-h-1-600x391.jpg 600w\" sizes=\"(max-width: 1196px) 100vw, 1196px\" \/>Au-del\u00e0 de l'int\u00e9gration TUYA, cette cam\u00e9ra de sonnette brille par sa clart\u00e9 en HD 1080P : saisissez chaque d\u00e9tail, de jour comme de nuit, gr\u00e2ce \u00e0 la vision nocturne. La fonction de conversation bidirectionnelle vous permet de discuter clairement avec les visiteurs, d'indiquer aux livreurs o\u00f9 d\u00e9poser les colis ou de saluer des amis \u00e0 distance. Sa conception WiFi filaire garantit une connectivit\u00e9 stable, pour que vous ne manquiez jamais une alerte. La d\u00e9tection de mouvement envoie des notifications instantan\u00e9es sur l'application, vous aidant \u00e0 rep\u00e9rer rapidement toute activit\u00e9 inhabituelle et \u00e0 assurer la s\u00e9curit\u00e9 de votre maison.<br \/>\n<img decoding=\"async\" class=\"aligncenter size-full wp-image-9420 lazyload\" data-src=\"https:\/\/securehubtec.com\/wp-content\/uploads\/2025\/10\/Smart-Video-Intercom-i-1.jpg\" alt=\"\" width=\"1200\" height=\"804\" data-srcset=\"https:\/\/securehubtec.com\/wp-content\/uploads\/2025\/10\/Smart-Video-Intercom-i-1.jpg 1200w, https:\/\/securehubtec.com\/wp-content\/uploads\/2025\/10\/Smart-Video-Intercom-i-1-300x201.jpg 300w, https:\/\/securehubtec.com\/wp-content\/uploads\/2025\/10\/Smart-Video-Intercom-i-1-1024x686.jpg 1024w, https:\/\/securehubtec.com\/wp-content\/uploads\/2025\/10\/Smart-Video-Intercom-i-1-768x515.jpg 768w, https:\/\/securehubtec.com\/wp-content\/uploads\/2025\/10\/Smart-Video-Intercom-i-1-18x12.jpg 18w, https:\/\/securehubtec.com\/wp-content\/uploads\/2025\/10\/Smart-Video-Intercom-i-1-600x402.jpg 600w\" data-sizes=\"(max-width: 1200px) 100vw, 1200px\" src=\"data:image\/svg+xml;base64,PHN2ZyB3aWR0aD0iMSIgaGVpZ2h0PSIxIiB4bWxucz0iaHR0cDovL3d3dy53My5vcmcvMjAwMC9zdmciPjwvc3ZnPg==\" style=\"--smush-placeholder-width: 1200px; --smush-placeholder-aspect-ratio: 1200\/804;\" \/><br \/>\nId\u00e9ale pour les maisons et les appartements, cette cam\u00e9ra sonnette TUYA renforce la s\u00e9curit\u00e9 et la commodit\u00e9. Facile \u00e0 installer, elle s'adapte \u00e0 la plupart des cadres de porte sans outils complexes. Sa construction durable r\u00e9siste \u00e0 la pluie, \u00e0 la neige et au soleil, et fonctionne bien par tous les temps. Pour tous ceux qui recherchent une sonnette fiable et intelligente, ce mod\u00e8le r\u00e9pond \u00e0 leurs attentes : compatibilit\u00e9 UYA, excellentes fonctions et tranquillit\u00e9 d'esprit, le tout dans un seul appareil qui am\u00e9liore votre vie quotidienne.<\/p>","protected":false},"excerpt":{"rendered":"<p>Our Smart Doorbell Camera works with TUYA, a top global IoT platform, letting you sync it with your existing smart [&hellip;]<\/p>","protected":false},"author":1,"featured_media":9417,"parent":0,"menu_order":0,"comment_status":"closed","ping_status":"closed","template":"","meta":{"site-sidebar-layout":"default","site-content-layout":"","ast-site-content-layout":"default","site-content-style":"default","site-sidebar-style":"default","ast-global-header-display":"","ast-banner-title-visibility":"","ast-main-header-display":"","ast-hfb-above-header-display":"","ast-hfb-below-header-display":"","ast-hfb-mobile-header-display":"","site-post-title":"","ast-breadcrumbs-content":"","ast-featured-img":"","footer-sml-layout":"","theme-transparent-header-meta":"default","adv-header-id-meta":"","stick-header-meta":"default","header-above-stick-meta":"","header-main-stick-meta":"","header-below-stick-meta":"","astra-migrate-meta-layouts":"set","ast-page-background-enabled":"default","ast-page-background-meta":{"desktop":{"background-color":"","background-image":"","background-repeat":"repeat","background-position":"center center","background-size":"auto","background-attachment":"scroll","background-type":"","background-media":"","overlay-type":"","overlay-color":"","overlay-opacity":"","overlay-gradient":""},"tablet":{"background-color":"","background-image":"","background-repeat":"repeat","background-position":"center center","background-size":"auto","background-attachment":"scroll","background-type":"","background-media":"","overlay-type":"","overlay-color":"","overlay-opacity":"","overlay-gradient":""},"mobile":{"background-color":"","background-image":"","background-repeat":"repeat","background-position":"center center","background-size":"auto","background-attachment":"scroll","background-type":"","background-media":"","overlay-type":"","overlay-color":"","overlay-opacity":"","overlay-gradient":""}},"ast-content-background-meta":{"desktop":{"background-color":"var(--ast-global-color-5)","background-image":"","background-repeat":"repeat","background-position":"center center","background-size":"auto","background-attachment":"scroll","background-type":"","background-media":"","overlay-type":"","overlay-color":"","overlay-opacity":"","overlay-gradient":""},"tablet":{"background-color":"var(--ast-global-color-5)","background-image":"","background-repeat":"repeat","background-position":"center center","background-size":"auto","background-attachment":"scroll","background-type":"","background-media":"","overlay-type":"","overlay-color":"","overlay-opacity":"","overlay-gradient":""},"mobile":{"background-color":"var(--ast-global-color-5)","background-image":"","background-repeat":"repeat","background-position":"center center","background-size":"auto","background-attachment":"scroll","background-type":"","background-media":"","overlay-type":"","overlay-color":"","overlay-opacity":"","overlay-gradient":""}},"footnotes":""},"class_list":["post-9416","page","type-page","status-publish","has-post-thumbnail","hentry"],"_links":{"self":[{"href":"https:\/\/securehubtec.com\/fr\/wp-json\/wp\/v2\/pages\/9416","targetHints":{"allow":["GET"]}}],"collection":[{"href":"https:\/\/securehubtec.com\/fr\/wp-json\/wp\/v2\/pages"}],"about":[{"href":"https:\/\/securehubtec.com\/fr\/wp-json\/wp\/v2\/types\/page"}],"author":[{"embeddable":true,"href":"https:\/\/securehubtec.com\/fr\/wp-json\/wp\/v2\/users\/1"}],"replies":[{"embeddable":true,"href":"https:\/\/securehubtec.com\/fr\/wp-json\/wp\/v2\/comments?post=9416"}],"version-history":[{"count":1,"href":"https:\/\/securehubtec.com\/fr\/wp-json\/wp\/v2\/pages\/9416\/revisions"}],"predecessor-version":[{"id":9421,"href":"https:\/\/securehubtec.com\/fr\/wp-json\/wp\/v2\/pages\/9416\/revisions\/9421"}],"wp:featuredmedia":[{"embeddable":true,"href":"https:\/\/securehubtec.com\/fr\/wp-json\/wp\/v2\/media\/9417"}],"wp:attachment":[{"href":"https:\/\/securehubtec.com\/fr\/wp-json\/wp\/v2\/media?parent=9416"}],"curies":[{"name":"wp","href":"https:\/\/api.w.org\/{rel}","templated":true}]}}