{"id":9398,"date":"2025-09-29T22:20:15","date_gmt":"2025-09-29T14:20:15","guid":{"rendered":"https:\/\/securehubtec.com\/?page_id=9398"},"modified":"2025-09-29T22:20:15","modified_gmt":"2025-09-29T14:20:15","slug":"villa-smart-intercom-solution","status":"publish","type":"page","link":"https:\/\/securehubtec.com\/fr\/villa-smart-intercom-solution\/","title":{"rendered":"Solution d'interphonie intelligente pour la villa"},"content":{"rendered":"<p><strong>\u00a0<span style=\"color: #ffcc00;\">Villa Smart Intercom Solution\uff1a<\/span>Pour les propri\u00e9taires de villas de luxe \u00e0 la recherche d'une s\u00e9curit\u00e9 et d'une commodit\u00e9 sans faille<\/strong>Avec la solution d'interphonie intelligente Villa, l'int\u00e9gration d'une technologie de pointe et d'un design centr\u00e9 sur l'utilisateur change la donne. Ce syst\u00e8me complet red\u00e9finit la s\u00e9curit\u00e9 r\u00e9sidentielle en connectant un moniteur intelligent de 7 pouces, un commutateur PoE, un routeur Wi-Fi, des cam\u00e9ras IP et une sonnette dans un \u00e9cosyst\u00e8me unifi\u00e9, garantissant que chaque recoin de votre propri\u00e9t\u00e9 reste prot\u00e9g\u00e9 tout en simplifiant les op\u00e9rations quotidiennes. Que vous soyez chez vous ou \u00e0 l'\u00e9tranger, la solution vous permet de garder le contr\u00f4le total - en offrant des flux vid\u00e9o en temps r\u00e9el, une communication instantan\u00e9e et une gestion intelligente des acc\u00e8s adapt\u00e9e aux besoins uniques des villas haut de gamme. Soutenue par la technologie IoT \u00e9prouv\u00e9e de Tuya, elle offre une fiabilit\u00e9 \u00e0 laquelle les clients internationaux font confiance, ce qui en fait plus qu'un syst\u00e8me de s\u00e9curit\u00e9 - c'est une am\u00e9lioration du style de vie pour la vie de luxe moderne.<\/p>\n<p><img fetchpriority=\"high\" decoding=\"async\" class=\"aligncenter size-full wp-image-9401\" src=\"https:\/\/securehubtec.com\/wp-content\/uploads\/2025\/09\/Smart-Video-Intercom-a-1.jpg\" alt=\"\" width=\"1087\" height=\"846\" srcset=\"https:\/\/securehubtec.com\/wp-content\/uploads\/2025\/09\/Smart-Video-Intercom-a-1.jpg 1087w, https:\/\/securehubtec.com\/wp-content\/uploads\/2025\/09\/Smart-Video-Intercom-a-1-300x233.jpg 300w, https:\/\/securehubtec.com\/wp-content\/uploads\/2025\/09\/Smart-Video-Intercom-a-1-1024x797.jpg 1024w, https:\/\/securehubtec.com\/wp-content\/uploads\/2025\/09\/Smart-Video-Intercom-a-1-768x598.jpg 768w, https:\/\/securehubtec.com\/wp-content\/uploads\/2025\/09\/Smart-Video-Intercom-a-1-15x12.jpg 15w, https:\/\/securehubtec.com\/wp-content\/uploads\/2025\/09\/Smart-Video-Intercom-a-1-600x467.jpg 600w\" sizes=\"(max-width: 1087px) 100vw, 1087px\" \/><strong>Au c\u0153ur de cette solution se trouve sa capacit\u00e9 \u00e0 fusionner une surveillance avanc\u00e9e avec une communication intuitive.<\/strong> La cam\u00e9ra sonnette sert de premi\u00e8re ligne de d\u00e9fense, permettant des appels vid\u00e9o bidirectionnels qui se connectent simultan\u00e9ment au Smart Monitor de 7 pouces et \u00e0 l'application mobile Tuya. Cela signifie que vous pouvez accueillir des visiteurs \u00e0 votre porte depuis le confort de votre salon ou pendant un voyage \u00e0 l'autre bout du monde. Le commutateur PoE assure une connectivit\u00e9 stable et \u00e0 haut d\u00e9bit pour tous les appareils, tandis que le routeur Wi-Fi \u00e9tend la couverture pour \u00e9liminer les zones mortes, ce qui est essentiel pour les villas tentaculaires. Prenant en charge plusieurs cam\u00e9ras IP, le syst\u00e8me permet de surveiller 24 heures sur 24 et 7 jours sur 7 les all\u00e9es, les jardins et les points d'entr\u00e9e, les images \u00e9tant accessibles \u00e0 distance via votre smartphone. Il s'agit d'un m\u00e9lange harmonieux de commodit\u00e9 et de s\u00e9curit\u00e9, con\u00e7u pour s'adapter aux modes de vie dynamiques des propri\u00e9taires de villas \u00e0 l'\u00e9tranger qui refusent tout compromis.<\/p>\n<p><img decoding=\"async\" class=\"aligncenter size-full wp-image-9402 lazyload\" data-src=\"https:\/\/securehubtec.com\/wp-content\/uploads\/2025\/09\/Smart-Video-Intercom-b-1.jpg\" alt=\"\" width=\"1200\" height=\"907\" data-srcset=\"https:\/\/securehubtec.com\/wp-content\/uploads\/2025\/09\/Smart-Video-Intercom-b-1.jpg 1200w, https:\/\/securehubtec.com\/wp-content\/uploads\/2025\/09\/Smart-Video-Intercom-b-1-300x227.jpg 300w, https:\/\/securehubtec.com\/wp-content\/uploads\/2025\/09\/Smart-Video-Intercom-b-1-1024x774.jpg 1024w, https:\/\/securehubtec.com\/wp-content\/uploads\/2025\/09\/Smart-Video-Intercom-b-1-768x580.jpg 768w, https:\/\/securehubtec.com\/wp-content\/uploads\/2025\/09\/Smart-Video-Intercom-b-1-16x12.jpg 16w, https:\/\/securehubtec.com\/wp-content\/uploads\/2025\/09\/Smart-Video-Intercom-b-1-600x454.jpg 600w\" data-sizes=\"(max-width: 1200px) 100vw, 1200px\" src=\"data:image\/svg+xml;base64,PHN2ZyB3aWR0aD0iMSIgaGVpZ2h0PSIxIiB4bWxucz0iaHR0cDovL3d3dy53My5vcmcvMjAwMC9zdmciPjwvc3ZnPg==\" style=\"--smush-placeholder-width: 1200px; --smush-placeholder-aspect-ratio: 1200\/907;\" \/><br \/>\nCe qui distingue vraiment cette solution d'interphone Villa Smart, c'est sa flexibilit\u00e9 et sa compatibilit\u00e9 avec les normes internationales. Prenant en charge jusqu'\u00e0 16 cam\u00e9ras IP tierces via le protocole RTSP, elle s'adapte aux installations existantes, ce qui facilite les mises \u00e0 niveau pour les clients internationaux. La fonctionnalit\u00e9 de r\u00e9seau local (LAN) assure un flux vid\u00e9o en temps r\u00e9el \u00e0 4 canaux, m\u00eame sans connexion internet, garantissant ainsi une s\u00e9curit\u00e9 ininterrompue. Que vous soyez en Europe, en Am\u00e9rique du Nord ou au Moyen-Orient, la compatibilit\u00e9 du syst\u00e8me avec les exigences des r\u00e9seaux r\u00e9gionaux, associ\u00e9e \u00e0 l'infrastructure IoT mondiale de Tuya, garantit un fonctionnement sans faille. Pour les propri\u00e9taires de villas, les gestionnaires immobiliers ou les promoteurs ciblant les march\u00e9s du luxe, cette solution ne se limite pas \u00e0 la protection d'une r\u00e9sidence ; il s'agit d'am\u00e9liorer la valeur de la propri\u00e9t\u00e9 avec une technologie qui s'aligne sur les attentes d'une client\u00e8le internationale exigeante. Am\u00e9liorez la s\u00e9curit\u00e9 et la sophistication de votre villa - choisissez une solution qui parle le langage du luxe mondial.<\/p>","protected":false},"excerpt":{"rendered":"<p>\u00a0Villa Smart Intercom Solution\uff1aFor luxury villa owners seeking seamless security and convenience, the Villa Smart Intercom Solution emerges as a [&hellip;]<\/p>","protected":false},"author":1,"featured_media":9399,"parent":0,"menu_order":0,"comment_status":"closed","ping_status":"closed","template":"","meta":{"site-sidebar-layout":"default","site-content-layout":"","ast-site-content-layout":"default","site-content-style":"default","site-sidebar-style":"default","ast-global-header-display":"","ast-banner-title-visibility":"","ast-main-header-display":"","ast-hfb-above-header-display":"","ast-hfb-below-header-display":"","ast-hfb-mobile-header-display":"","site-post-title":"","ast-breadcrumbs-content":"","ast-featured-img":"","footer-sml-layout":"","theme-transparent-header-meta":"default","adv-header-id-meta":"","stick-header-meta":"default","header-above-stick-meta":"","header-main-stick-meta":"","header-below-stick-meta":"","astra-migrate-meta-layouts":"set","ast-page-background-enabled":"default","ast-page-background-meta":{"desktop":{"background-color":"","background-image":"","background-repeat":"repeat","background-position":"center center","background-size":"auto","background-attachment":"scroll","background-type":"","background-media":"","overlay-type":"","overlay-color":"","overlay-opacity":"","overlay-gradient":""},"tablet":{"background-color":"","background-image":"","background-repeat":"repeat","background-position":"center center","background-size":"auto","background-attachment":"scroll","background-type":"","background-media":"","overlay-type":"","overlay-color":"","overlay-opacity":"","overlay-gradient":""},"mobile":{"background-color":"","background-image":"","background-repeat":"repeat","background-position":"center center","background-size":"auto","background-attachment":"scroll","background-type":"","background-media":"","overlay-type":"","overlay-color":"","overlay-opacity":"","overlay-gradient":""}},"ast-content-background-meta":{"desktop":{"background-color":"var(--ast-global-color-5)","background-image":"","background-repeat":"repeat","background-position":"center center","background-size":"auto","background-attachment":"scroll","background-type":"","background-media":"","overlay-type":"","overlay-color":"","overlay-opacity":"","overlay-gradient":""},"tablet":{"background-color":"var(--ast-global-color-5)","background-image":"","background-repeat":"repeat","background-position":"center center","background-size":"auto","background-attachment":"scroll","background-type":"","background-media":"","overlay-type":"","overlay-color":"","overlay-opacity":"","overlay-gradient":""},"mobile":{"background-color":"var(--ast-global-color-5)","background-image":"","background-repeat":"repeat","background-position":"center center","background-size":"auto","background-attachment":"scroll","background-type":"","background-media":"","overlay-type":"","overlay-color":"","overlay-opacity":"","overlay-gradient":""}},"footnotes":""},"class_list":["post-9398","page","type-page","status-publish","has-post-thumbnail","hentry"],"_links":{"self":[{"href":"https:\/\/securehubtec.com\/fr\/wp-json\/wp\/v2\/pages\/9398","targetHints":{"allow":["GET"]}}],"collection":[{"href":"https:\/\/securehubtec.com\/fr\/wp-json\/wp\/v2\/pages"}],"about":[{"href":"https:\/\/securehubtec.com\/fr\/wp-json\/wp\/v2\/types\/page"}],"author":[{"embeddable":true,"href":"https:\/\/securehubtec.com\/fr\/wp-json\/wp\/v2\/users\/1"}],"replies":[{"embeddable":true,"href":"https:\/\/securehubtec.com\/fr\/wp-json\/wp\/v2\/comments?post=9398"}],"version-history":[{"count":1,"href":"https:\/\/securehubtec.com\/fr\/wp-json\/wp\/v2\/pages\/9398\/revisions"}],"predecessor-version":[{"id":9403,"href":"https:\/\/securehubtec.com\/fr\/wp-json\/wp\/v2\/pages\/9398\/revisions\/9403"}],"wp:featuredmedia":[{"embeddable":true,"href":"https:\/\/securehubtec.com\/fr\/wp-json\/wp\/v2\/media\/9399"}],"wp:attachment":[{"href":"https:\/\/securehubtec.com\/fr\/wp-json\/wp\/v2\/media?parent=9398"}],"curies":[{"name":"wp","href":"https:\/\/api.w.org\/{rel}","templated":true}]}}