{"id":9383,"date":"2025-09-27T23:01:23","date_gmt":"2025-09-27T15:01:23","guid":{"rendered":"https:\/\/securehubtec.com\/?page_id=9383"},"modified":"2025-09-29T23:21:42","modified_gmt":"2025-09-29T15:21:42","slug":"sip-intercom-works-with-tuya","status":"publish","type":"page","link":"https:\/\/securehubtec.com\/fr\/sip-intercom-works-with-tuya\/","title":{"rendered":"L'interphone SIP fonctionne avec TUYA"},"content":{"rendered":"<p><img fetchpriority=\"high\" decoding=\"async\" class=\"aligncenter size-full wp-image-9384\" src=\"https:\/\/securehubtec.com\/wp-content\/uploads\/2025\/09\/5.jpg\" alt=\"\" width=\"900\" height=\"475\" srcset=\"https:\/\/securehubtec.com\/wp-content\/uploads\/2025\/09\/5.jpg 900w, https:\/\/securehubtec.com\/wp-content\/uploads\/2025\/09\/5-300x158.jpg 300w, https:\/\/securehubtec.com\/wp-content\/uploads\/2025\/09\/5-768x405.jpg 768w, https:\/\/securehubtec.com\/wp-content\/uploads\/2025\/09\/5-18x10.jpg 18w, https:\/\/securehubtec.com\/wp-content\/uploads\/2025\/09\/5-600x317.jpg 600w\" sizes=\"(max-width: 900px) 100vw, 900px\" \/>Travailler sans internet<br \/>\n\u221a Vid\u00e9o en temps r\u00e9el \u00e0 4 voies \u00e0 partir des IPC<br \/>\n\u221a La plupart des marques tierces qui prennent en charge le protocole RTSP<br \/>\n\u221a H.264\/H.265 est pris en charge<br \/>\nN\u00e9cessite une connexion Internet pour fonctionner<br \/>\n\u221a Tuya Home Permet aux visiteurs d'appeler l'application Tuya de diff\u00e9rents foyers. (supporte jusqu'\u00e0 1000 foyers)<br \/>\n\u221a Apple Home Kit Hey Siri pour ouvrir la porte Travailler sans internet<br \/>\n\u221a Moniteur de s\u00e9curit\u00e9 Utilis\u00e9 comme moniteur \u00e0 des fins de surveillance. Affiche g\u00e9n\u00e9ralement des s\u00e9quences de surveillance en temps r\u00e9el sur un \u00e9cran divis\u00e9 en quatre parties.<br \/>\n\u221a Une seule touche pour appeler Offre aux visiteurs une excellente exp\u00e9rience utilisateur<br \/>\n\u221a Interphone Interphone vocal\/vid\u00e9o bidirectionnel. De moniteur \u00e0 poste, de moniteur \u00e0 moniteur, de poste \u00e0 poste<br \/>\n\u221a Acc\u00e8s Passer une carte d'acc\u00e8s (carte IC) pour d\u00e9verrouiller la porte<br \/>\n\u221a Affichage d'annonces publicitaires Cycle d'annonces d'images ou de vid\u00e9os<br \/>\n<img decoding=\"async\" class=\"aligncenter size-full wp-image-9410 lazyload\" data-src=\"https:\/\/securehubtec.com\/wp-content\/uploads\/2025\/09\/Smart-Video-Intercom-f.jpg\" alt=\"\" width=\"1000\" height=\"622\" data-srcset=\"https:\/\/securehubtec.com\/wp-content\/uploads\/2025\/09\/Smart-Video-Intercom-f.jpg 1000w, https:\/\/securehubtec.com\/wp-content\/uploads\/2025\/09\/Smart-Video-Intercom-f-300x187.jpg 300w, https:\/\/securehubtec.com\/wp-content\/uploads\/2025\/09\/Smart-Video-Intercom-f-768x478.jpg 768w, https:\/\/securehubtec.com\/wp-content\/uploads\/2025\/09\/Smart-Video-Intercom-f-18x12.jpg 18w, https:\/\/securehubtec.com\/wp-content\/uploads\/2025\/09\/Smart-Video-Intercom-f-600x373.jpg 600w\" data-sizes=\"(max-width: 1000px) 100vw, 1000px\" src=\"data:image\/svg+xml;base64,PHN2ZyB3aWR0aD0iMSIgaGVpZ2h0PSIxIiB4bWxucz0iaHR0cDovL3d3dy53My5vcmcvMjAwMC9zdmciPjwvc3ZnPg==\" style=\"--smush-placeholder-width: 1000px; --smush-placeholder-aspect-ratio: 1000\/622;\" \/><br \/>\n<img decoding=\"async\" class=\"aligncenter  wp-image-9391 lazyload\" data-src=\"https:\/\/securehubtec.com\/wp-content\/uploads\/2025\/09\/7.jpg\" alt=\"\" width=\"967\" height=\"495\" data-srcset=\"https:\/\/securehubtec.com\/wp-content\/uploads\/2025\/09\/7.jpg 900w, https:\/\/securehubtec.com\/wp-content\/uploads\/2025\/09\/7-300x154.jpg 300w, https:\/\/securehubtec.com\/wp-content\/uploads\/2025\/09\/7-768x393.jpg 768w, https:\/\/securehubtec.com\/wp-content\/uploads\/2025\/09\/7-18x9.jpg 18w, https:\/\/securehubtec.com\/wp-content\/uploads\/2025\/09\/7-600x307.jpg 600w\" data-sizes=\"(max-width: 967px) 100vw, 967px\" src=\"data:image\/svg+xml;base64,PHN2ZyB3aWR0aD0iMSIgaGVpZ2h0PSIxIiB4bWxucz0iaHR0cDovL3d3dy53My5vcmcvMjAwMC9zdmciPjwvc3ZnPg==\" style=\"--smush-placeholder-width: 967px; --smush-placeholder-aspect-ratio: 967\/495;\" \/><br \/>\n<img decoding=\"async\" class=\"aligncenter wp-image-9412 lazyload\" data-src=\"https:\/\/securehubtec.com\/wp-content\/uploads\/2025\/09\/Smart-Video-Intercom-g-1.jpg\" alt=\"\" width=\"758\" height=\"587\" data-srcset=\"https:\/\/securehubtec.com\/wp-content\/uploads\/2025\/09\/Smart-Video-Intercom-g-1.jpg 900w, https:\/\/securehubtec.com\/wp-content\/uploads\/2025\/09\/Smart-Video-Intercom-g-1-300x232.jpg 300w, https:\/\/securehubtec.com\/wp-content\/uploads\/2025\/09\/Smart-Video-Intercom-g-1-768x594.jpg 768w, https:\/\/securehubtec.com\/wp-content\/uploads\/2025\/09\/Smart-Video-Intercom-g-1-16x12.jpg 16w, https:\/\/securehubtec.com\/wp-content\/uploads\/2025\/09\/Smart-Video-Intercom-g-1-600x464.jpg 600w\" data-sizes=\"(max-width: 758px) 100vw, 758px\" src=\"data:image\/svg+xml;base64,PHN2ZyB3aWR0aD0iMSIgaGVpZ2h0PSIxIiB4bWxucz0iaHR0cDovL3d3dy53My5vcmcvMjAwMC9zdmciPjwvc3ZnPg==\" style=\"--smush-placeholder-width: 758px; --smush-placeholder-aspect-ratio: 758\/587;\" \/><br \/>\n<span style=\"color: #000000;\">Nos produits d'interphone vid\u00e9o intelligents, y compris l'interphone ring, les t\u00e9l\u00e9phones de porte intelligents et les sonnettes d'appartement \u00e0 plusieurs unit\u00e9s, sont dot\u00e9s d'\u00e9crans tactiles WiFi c\u00e2bl\u00e9s de 12 x 7 4 broches, de cam\u00e9ras de surveillance HD 1080P. Gr\u00e2ce au contr\u00f4le par application t\u00e9l\u00e9phonique et \u00e0 la communication bidirectionnelle, ils fonctionnent \u00e9galement comme des ouvre-portes de garage intelligents, apportant commodit\u00e9 et s\u00e9curit\u00e9.<\/span><\/p>","protected":false},"excerpt":{"rendered":"<p>Working without the internet \u221a 4-way real-time video from IPCs \u221a Majority 3rd party brands which support RTSP protocol \u221a [&hellip;]<\/p>","protected":false},"author":1,"featured_media":9384,"parent":0,"menu_order":0,"comment_status":"closed","ping_status":"closed","template":"","meta":{"site-sidebar-layout":"default","site-content-layout":"","ast-site-content-layout":"default","site-content-style":"default","site-sidebar-style":"default","ast-global-header-display":"","ast-banner-title-visibility":"","ast-main-header-display":"","ast-hfb-above-header-display":"","ast-hfb-below-header-display":"","ast-hfb-mobile-header-display":"","site-post-title":"","ast-breadcrumbs-content":"","ast-featured-img":"","footer-sml-layout":"","theme-transparent-header-meta":"default","adv-header-id-meta":"","stick-header-meta":"default","header-above-stick-meta":"","header-main-stick-meta":"","header-below-stick-meta":"","astra-migrate-meta-layouts":"set","ast-page-background-enabled":"default","ast-page-background-meta":{"desktop":{"background-color":"","background-image":"","background-repeat":"repeat","background-position":"center center","background-size":"auto","background-attachment":"scroll","background-type":"","background-media":"","overlay-type":"","overlay-color":"","overlay-opacity":"","overlay-gradient":""},"tablet":{"background-color":"","background-image":"","background-repeat":"repeat","background-position":"center center","background-size":"auto","background-attachment":"scroll","background-type":"","background-media":"","overlay-type":"","overlay-color":"","overlay-opacity":"","overlay-gradient":""},"mobile":{"background-color":"","background-image":"","background-repeat":"repeat","background-position":"center center","background-size":"auto","background-attachment":"scroll","background-type":"","background-media":"","overlay-type":"","overlay-color":"","overlay-opacity":"","overlay-gradient":""}},"ast-content-background-meta":{"desktop":{"background-color":"var(--ast-global-color-5)","background-image":"","background-repeat":"repeat","background-position":"center center","background-size":"auto","background-attachment":"scroll","background-type":"","background-media":"","overlay-type":"","overlay-color":"","overlay-opacity":"","overlay-gradient":""},"tablet":{"background-color":"var(--ast-global-color-5)","background-image":"","background-repeat":"repeat","background-position":"center center","background-size":"auto","background-attachment":"scroll","background-type":"","background-media":"","overlay-type":"","overlay-color":"","overlay-opacity":"","overlay-gradient":""},"mobile":{"background-color":"var(--ast-global-color-5)","background-image":"","background-repeat":"repeat","background-position":"center center","background-size":"auto","background-attachment":"scroll","background-type":"","background-media":"","overlay-type":"","overlay-color":"","overlay-opacity":"","overlay-gradient":""}},"footnotes":""},"class_list":["post-9383","page","type-page","status-publish","has-post-thumbnail","hentry"],"_links":{"self":[{"href":"https:\/\/securehubtec.com\/fr\/wp-json\/wp\/v2\/pages\/9383","targetHints":{"allow":["GET"]}}],"collection":[{"href":"https:\/\/securehubtec.com\/fr\/wp-json\/wp\/v2\/pages"}],"about":[{"href":"https:\/\/securehubtec.com\/fr\/wp-json\/wp\/v2\/types\/page"}],"author":[{"embeddable":true,"href":"https:\/\/securehubtec.com\/fr\/wp-json\/wp\/v2\/users\/1"}],"replies":[{"embeddable":true,"href":"https:\/\/securehubtec.com\/fr\/wp-json\/wp\/v2\/comments?post=9383"}],"version-history":[{"count":7,"href":"https:\/\/securehubtec.com\/fr\/wp-json\/wp\/v2\/pages\/9383\/revisions"}],"predecessor-version":[{"id":9414,"href":"https:\/\/securehubtec.com\/fr\/wp-json\/wp\/v2\/pages\/9383\/revisions\/9414"}],"wp:featuredmedia":[{"embeddable":true,"href":"https:\/\/securehubtec.com\/fr\/wp-json\/wp\/v2\/media\/9384"}],"wp:attachment":[{"href":"https:\/\/securehubtec.com\/fr\/wp-json\/wp\/v2\/media?parent=9383"}],"curies":[{"name":"wp","href":"https:\/\/api.w.org\/{rel}","templated":true}]}}