{"id":9378,"date":"2025-09-27T22:51:00","date_gmt":"2025-09-27T14:51:00","guid":{"rendered":"https:\/\/securehubtec.com\/?page_id=9378"},"modified":"2025-09-29T22:52:35","modified_gmt":"2025-09-29T14:52:35","slug":"one-to-one-connection","status":"publish","type":"page","link":"https:\/\/securehubtec.com\/fr\/one-to-one-connection\/","title":{"rendered":"Connexion individuelle"},"content":{"rendered":"<p><strong><span style=\"color: #ffcc00;\">Connexion individuelle<\/span><\/strong><\/p>\n<div class=\"auto-hide-last-sibling-br paragraph-pP9ZLC paragraph-element br-paragraph-space\">Notre gamme d'entr\u00e9es intelligentes r\u00e9pond \u00e0 tous les besoins : de la polyvalente\u00a0<strong>Sonnerie d'interphone<\/strong>\u00a0et \u00e9l\u00e9gante\u00a0<strong>T\u00e9l\u00e9phones de porte intelligents<\/strong>\u00a0\u00e0 l'unit\u00e9 multiple cibl\u00e9e\u00a0<strong>Interphone vid\u00e9o intelligent sonnette pour appartement<\/strong>. Chaque appareil allie fonctionnalit\u00e9 et design moderne, parfait pour les maisons et les complexes.<\/div>\n<p>\u221a Tuya Home Permet aux visiteurs d'appeler l'application Tuya<br \/>\n\u221a Apple Home Kit Hey Siri pour ouvrir la porte Travailler sans internet<br \/>\n\u221a Moniteur de s\u00e9curit\u00e9 Utilis\u00e9 comme moniteur \u00e0 des fins de surveillance. Affiche g\u00e9n\u00e9ralement des s\u00e9quences de surveillance en temps r\u00e9el sur un \u00e9cran divis\u00e9 en quatre parties.<br \/>\n\u221a Une seule touche pour appeler Offre aux visiteurs une excellente exp\u00e9rience utilisateur<br \/>\n\u221a Interphone Interphone vocal\/vid\u00e9o bidirectionnel. De moniteur \u00e0 poste, de moniteur \u00e0 moniteur, de poste \u00e0 poste<br \/>\n\u221a Acc\u00e8s Passer une carte d'acc\u00e8s (carte IC) pour d\u00e9verrouiller la porte<\/p>\n<p><img fetchpriority=\"high\" decoding=\"async\" class=\"aligncenter size-full wp-image-9406\" src=\"https:\/\/securehubtec.com\/wp-content\/uploads\/2025\/09\/Smart-Video-Intercom-c.jpg\" alt=\"\" width=\"1100\" height=\"416\" srcset=\"https:\/\/securehubtec.com\/wp-content\/uploads\/2025\/09\/Smart-Video-Intercom-c.jpg 1100w, https:\/\/securehubtec.com\/wp-content\/uploads\/2025\/09\/Smart-Video-Intercom-c-300x113.jpg 300w, https:\/\/securehubtec.com\/wp-content\/uploads\/2025\/09\/Smart-Video-Intercom-c-1024x387.jpg 1024w, https:\/\/securehubtec.com\/wp-content\/uploads\/2025\/09\/Smart-Video-Intercom-c-768x290.jpg 768w, https:\/\/securehubtec.com\/wp-content\/uploads\/2025\/09\/Smart-Video-Intercom-c-18x7.jpg 18w, https:\/\/securehubtec.com\/wp-content\/uploads\/2025\/09\/Smart-Video-Intercom-c-600x227.jpg 600w\" sizes=\"(max-width: 1100px) 100vw, 1100px\" \/><\/p>\n<div class=\"auto-hide-last-sibling-br paragraph-pP9ZLC paragraph-element br-paragraph-space\">\n<div class=\"auto-hide-last-sibling-br paragraph-pP9ZLC paragraph-element br-paragraph-space\">Les principales caract\u00e9ristiques sont les suivantes : un \u00e9cran tactile WiFi c\u00e2bl\u00e9 12 x 7 \u00e0 4 broches pour un contr\u00f4le facile, associ\u00e9 \u00e0 un syst\u00e8me de contr\u00f4le de la qualit\u00e9 de l'eau.\u00a0<strong>Cam\u00e9ra de surveillance HD 1080P<\/strong>\u00a0qui offre des images nettes. Les\u00a0<strong>Sonnette de porte \u00e0 2 voies<\/strong>\u00a0vous permet de discuter avec vos visiteurs en temps r\u00e9el, o\u00f9 que vous soyez.<\/div>\n<\/div>\n<div class=\"container-Uxvbjy md-box-line-break wrapper-GYqxgQ undefined\"><img decoding=\"async\" class=\"aligncenter size-full wp-image-9407 lazyload\" data-src=\"https:\/\/securehubtec.com\/wp-content\/uploads\/2025\/09\/Smart-Video-Intercom-d.jpg\" alt=\"\" width=\"1100\" height=\"488\" data-srcset=\"https:\/\/securehubtec.com\/wp-content\/uploads\/2025\/09\/Smart-Video-Intercom-d.jpg 1100w, https:\/\/securehubtec.com\/wp-content\/uploads\/2025\/09\/Smart-Video-Intercom-d-300x133.jpg 300w, https:\/\/securehubtec.com\/wp-content\/uploads\/2025\/09\/Smart-Video-Intercom-d-1024x454.jpg 1024w, https:\/\/securehubtec.com\/wp-content\/uploads\/2025\/09\/Smart-Video-Intercom-d-768x341.jpg 768w, https:\/\/securehubtec.com\/wp-content\/uploads\/2025\/09\/Smart-Video-Intercom-d-18x8.jpg 18w, https:\/\/securehubtec.com\/wp-content\/uploads\/2025\/09\/Smart-Video-Intercom-d-600x266.jpg 600w\" data-sizes=\"(max-width: 1100px) 100vw, 1100px\" src=\"data:image\/svg+xml;base64,PHN2ZyB3aWR0aD0iMSIgaGVpZ2h0PSIxIiB4bWxucz0iaHR0cDovL3d3dy53My5vcmcvMjAwMC9zdmciPjwvc3ZnPg==\" style=\"--smush-placeholder-width: 1100px; --smush-placeholder-aspect-ratio: 1100\/488;\" \/><\/div>\n<div class=\"auto-hide-last-sibling-br paragraph-pP9ZLC paragraph-element br-paragraph-space\">\n<div class=\"auto-hide-last-sibling-br paragraph-pP9ZLC paragraph-element br-paragraph-space\">La commodit\u00e9 est int\u00e9gr\u00e9e : tous les syst\u00e8mes prennent en charge\u00a0<strong>Contr\u00f4le de l'application du t\u00e9l\u00e9phone<\/strong>-g\u00e9rer l'acc\u00e8s, v\u00e9rifier les flux ou d\u00e9verrouiller les portes \u00e0 distance. Ils s'int\u00e8grent m\u00eame \u00e0 un\u00a0<strong>ouvre-porte de garage intelligent<\/strong>cr\u00e9ant ainsi une exp\u00e9rience domestique intelligente et transparente.<br \/>\n<img decoding=\"async\" class=\"aligncenter size-full wp-image-9408 lazyload\" data-src=\"https:\/\/securehubtec.com\/wp-content\/uploads\/2025\/09\/Smart-Video-Intercom-e.jpg\" alt=\"\" width=\"1100\" height=\"364\" data-srcset=\"https:\/\/securehubtec.com\/wp-content\/uploads\/2025\/09\/Smart-Video-Intercom-e.jpg 1100w, https:\/\/securehubtec.com\/wp-content\/uploads\/2025\/09\/Smart-Video-Intercom-e-300x99.jpg 300w, https:\/\/securehubtec.com\/wp-content\/uploads\/2025\/09\/Smart-Video-Intercom-e-1024x339.jpg 1024w, https:\/\/securehubtec.com\/wp-content\/uploads\/2025\/09\/Smart-Video-Intercom-e-768x254.jpg 768w, https:\/\/securehubtec.com\/wp-content\/uploads\/2025\/09\/Smart-Video-Intercom-e-18x6.jpg 18w, https:\/\/securehubtec.com\/wp-content\/uploads\/2025\/09\/Smart-Video-Intercom-e-600x199.jpg 600w\" data-sizes=\"(max-width: 1100px) 100vw, 1100px\" src=\"data:image\/svg+xml;base64,PHN2ZyB3aWR0aD0iMSIgaGVpZ2h0PSIxIiB4bWxucz0iaHR0cDovL3d3dy53My5vcmcvMjAwMC9zdmciPjwvc3ZnPg==\" style=\"--smush-placeholder-width: 1100px; --smush-placeholder-aspect-ratio: 1100\/364;\" \/><\/p>\n<div class=\"auto-hide-last-sibling-br paragraph-pP9ZLC paragraph-element br-paragraph-space\">Qu'il s'agisse de r\u00e9nover une maison individuelle ou d'\u00e9quiper un immeuble d'habitation, nos\u00a0<strong>interphone intelligent<\/strong>\u00a0\u00e9quilibrent la s\u00e9curit\u00e9 et la facilit\u00e9. Faites confiance \u00e0 une technologie fiable qui simplifie la vie quotidienne, en gardant votre espace s\u00e9curis\u00e9 et connect\u00e9.<\/div>\n<\/div>\n<\/div>","protected":false},"excerpt":{"rendered":"<p>One-to-One Connection Our smart entry lineup covers every need: from the versatile\u00a0Ring Intercom\u00a0and sleek\u00a0Smart Doorphones\u00a0to the multi-unit focused\u00a0Smart Video Intercom [&hellip;]<\/p>","protected":false},"author":1,"featured_media":9379,"parent":0,"menu_order":0,"comment_status":"closed","ping_status":"closed","template":"","meta":{"site-sidebar-layout":"default","site-content-layout":"","ast-site-content-layout":"default","site-content-style":"default","site-sidebar-style":"default","ast-global-header-display":"","ast-banner-title-visibility":"","ast-main-header-display":"","ast-hfb-above-header-display":"","ast-hfb-below-header-display":"","ast-hfb-mobile-header-display":"","site-post-title":"","ast-breadcrumbs-content":"","ast-featured-img":"","footer-sml-layout":"","theme-transparent-header-meta":"default","adv-header-id-meta":"","stick-header-meta":"default","header-above-stick-meta":"","header-main-stick-meta":"","header-below-stick-meta":"","astra-migrate-meta-layouts":"set","ast-page-background-enabled":"default","ast-page-background-meta":{"desktop":{"background-color":"","background-image":"","background-repeat":"repeat","background-position":"center center","background-size":"auto","background-attachment":"scroll","background-type":"","background-media":"","overlay-type":"","overlay-color":"","overlay-opacity":"","overlay-gradient":""},"tablet":{"background-color":"","background-image":"","background-repeat":"repeat","background-position":"center center","background-size":"auto","background-attachment":"scroll","background-type":"","background-media":"","overlay-type":"","overlay-color":"","overlay-opacity":"","overlay-gradient":""},"mobile":{"background-color":"","background-image":"","background-repeat":"repeat","background-position":"center center","background-size":"auto","background-attachment":"scroll","background-type":"","background-media":"","overlay-type":"","overlay-color":"","overlay-opacity":"","overlay-gradient":""}},"ast-content-background-meta":{"desktop":{"background-color":"var(--ast-global-color-5)","background-image":"","background-repeat":"repeat","background-position":"center center","background-size":"auto","background-attachment":"scroll","background-type":"","background-media":"","overlay-type":"","overlay-color":"","overlay-opacity":"","overlay-gradient":""},"tablet":{"background-color":"var(--ast-global-color-5)","background-image":"","background-repeat":"repeat","background-position":"center center","background-size":"auto","background-attachment":"scroll","background-type":"","background-media":"","overlay-type":"","overlay-color":"","overlay-opacity":"","overlay-gradient":""},"mobile":{"background-color":"var(--ast-global-color-5)","background-image":"","background-repeat":"repeat","background-position":"center center","background-size":"auto","background-attachment":"scroll","background-type":"","background-media":"","overlay-type":"","overlay-color":"","overlay-opacity":"","overlay-gradient":""}},"footnotes":""},"class_list":["post-9378","page","type-page","status-publish","has-post-thumbnail","hentry"],"_links":{"self":[{"href":"https:\/\/securehubtec.com\/fr\/wp-json\/wp\/v2\/pages\/9378","targetHints":{"allow":["GET"]}}],"collection":[{"href":"https:\/\/securehubtec.com\/fr\/wp-json\/wp\/v2\/pages"}],"about":[{"href":"https:\/\/securehubtec.com\/fr\/wp-json\/wp\/v2\/types\/page"}],"author":[{"embeddable":true,"href":"https:\/\/securehubtec.com\/fr\/wp-json\/wp\/v2\/users\/1"}],"replies":[{"embeddable":true,"href":"https:\/\/securehubtec.com\/fr\/wp-json\/wp\/v2\/comments?post=9378"}],"version-history":[{"count":4,"href":"https:\/\/securehubtec.com\/fr\/wp-json\/wp\/v2\/pages\/9378\/revisions"}],"predecessor-version":[{"id":9409,"href":"https:\/\/securehubtec.com\/fr\/wp-json\/wp\/v2\/pages\/9378\/revisions\/9409"}],"wp:featuredmedia":[{"embeddable":true,"href":"https:\/\/securehubtec.com\/fr\/wp-json\/wp\/v2\/media\/9379"}],"wp:attachment":[{"href":"https:\/\/securehubtec.com\/fr\/wp-json\/wp\/v2\/media?parent=9378"}],"curies":[{"name":"wp","href":"https:\/\/api.w.org\/{rel}","templated":true}]}}