{"id":9371,"date":"2025-09-27T22:26:20","date_gmt":"2025-09-27T14:26:20","guid":{"rendered":"https:\/\/securehubtec.com\/?page_id=9371"},"modified":"2025-09-27T22:33:46","modified_gmt":"2025-09-27T14:33:46","slug":"your-24-7-security-guard","status":"publish","type":"page","link":"https:\/\/securehubtec.com\/fr\/your-24-7-security-guard\/","title":{"rendered":"Votre agent de s\u00e9curit\u00e9 24\/7"},"content":{"rendered":"<p><img fetchpriority=\"high\" decoding=\"async\" class=\"aligncenter size-full wp-image-9372\" src=\"https:\/\/securehubtec.com\/wp-content\/uploads\/2025\/09\/1.jpg\" alt=\"\" width=\"900\" height=\"272\" srcset=\"https:\/\/securehubtec.com\/wp-content\/uploads\/2025\/09\/1.jpg 900w, https:\/\/securehubtec.com\/wp-content\/uploads\/2025\/09\/1-300x91.jpg 300w, https:\/\/securehubtec.com\/wp-content\/uploads\/2025\/09\/1-768x232.jpg 768w, https:\/\/securehubtec.com\/wp-content\/uploads\/2025\/09\/1-18x5.jpg 18w, https:\/\/securehubtec.com\/wp-content\/uploads\/2025\/09\/1-600x181.jpg 600w\" sizes=\"(max-width: 900px) 100vw, 900px\" \/>\u221a Les flux vid\u00e9o \u00e0 deux canaux sont affich\u00e9s simultan\u00e9ment et en temps r\u00e9el sur le moniteur<br \/>\n\u221a La cam\u00e9ra de la sonnette appelle simultan\u00e9ment le moniteur intelligent et l'application TUYA.<br \/>\n<img decoding=\"async\" class=\"aligncenter size-full wp-image-9373 lazyload\" data-src=\"https:\/\/securehubtec.com\/wp-content\/uploads\/2025\/09\/2.jpg\" alt=\"\" width=\"900\" height=\"184\" data-srcset=\"https:\/\/securehubtec.com\/wp-content\/uploads\/2025\/09\/2.jpg 900w, https:\/\/securehubtec.com\/wp-content\/uploads\/2025\/09\/2-300x61.jpg 300w, https:\/\/securehubtec.com\/wp-content\/uploads\/2025\/09\/2-768x157.jpg 768w, https:\/\/securehubtec.com\/wp-content\/uploads\/2025\/09\/2-18x4.jpg 18w, https:\/\/securehubtec.com\/wp-content\/uploads\/2025\/09\/2-600x123.jpg 600w\" data-sizes=\"(max-width: 900px) 100vw, 900px\" src=\"data:image\/svg+xml;base64,PHN2ZyB3aWR0aD0iMSIgaGVpZ2h0PSIxIiB4bWxucz0iaHR0cDovL3d3dy53My5vcmcvMjAwMC9zdmciPjwvc3ZnPg==\" style=\"--smush-placeholder-width: 900px; --smush-placeholder-aspect-ratio: 900\/184;\" \/>Travailler sans internet<br \/>\n\u221a Vid\u00e9o en temps r\u00e9el \u00e0 4 voies \u00e0 partir des IPC<br \/>\n\u221a La plupart des marques tierces qui prennent en charge le protocole RTSP<br \/>\n\u221a Jusqu'\u00e0 16 cam\u00e9ras IP sont prises en charge, ce qui permet de r\u00e9pondre aux besoins des petites et moyennes entreprises en mati\u00e8re de surveillance.<br \/>\n<img decoding=\"async\" class=\"aligncenter size-full wp-image-9374 lazyload\" data-src=\"https:\/\/securehubtec.com\/wp-content\/uploads\/2025\/09\/3.jpg\" alt=\"\" width=\"900\" height=\"567\" data-srcset=\"https:\/\/securehubtec.com\/wp-content\/uploads\/2025\/09\/3.jpg 900w, https:\/\/securehubtec.com\/wp-content\/uploads\/2025\/09\/3-300x189.jpg 300w, https:\/\/securehubtec.com\/wp-content\/uploads\/2025\/09\/3-768x484.jpg 768w, https:\/\/securehubtec.com\/wp-content\/uploads\/2025\/09\/3-18x12.jpg 18w, https:\/\/securehubtec.com\/wp-content\/uploads\/2025\/09\/3-600x378.jpg 600w\" data-sizes=\"(max-width: 900px) 100vw, 900px\" src=\"data:image\/svg+xml;base64,PHN2ZyB3aWR0aD0iMSIgaGVpZ2h0PSIxIiB4bWxucz0iaHR0cDovL3d3dy53My5vcmcvMjAwMC9zdmciPjwvc3ZnPg==\" style=\"--smush-placeholder-width: 900px; --smush-placeholder-aspect-ratio: 900\/567;\" \/><br \/>\nQuels que soient vos sc\u00e9narios d'application, Drsecure a une r\u00e9ponse. Les solutions d'interphonie intelligente Drsecure sont largement utilis\u00e9es dans le cadre de projets, grands ou petits, dans divers march\u00e9s verticaux, afin de permettre \u00e0 un plus grand nombre de personnes de profiter d'un mode de vie et de travail intelligents en toute simplicit\u00e9.<\/p>","protected":false},"excerpt":{"rendered":"<p>\u221a 2-channel video feeds are displayed in a real time simultaneously on the monitor \u221a The doorbell camera calls both [&hellip;]<\/p>","protected":false},"author":1,"featured_media":9372,"parent":0,"menu_order":0,"comment_status":"closed","ping_status":"closed","template":"","meta":{"site-sidebar-layout":"default","site-content-layout":"","ast-site-content-layout":"default","site-content-style":"default","site-sidebar-style":"default","ast-global-header-display":"","ast-banner-title-visibility":"","ast-main-header-display":"","ast-hfb-above-header-display":"","ast-hfb-below-header-display":"","ast-hfb-mobile-header-display":"","site-post-title":"","ast-breadcrumbs-content":"","ast-featured-img":"","footer-sml-layout":"","theme-transparent-header-meta":"default","adv-header-id-meta":"","stick-header-meta":"default","header-above-stick-meta":"","header-main-stick-meta":"","header-below-stick-meta":"","astra-migrate-meta-layouts":"set","ast-page-background-enabled":"default","ast-page-background-meta":{"desktop":{"background-color":"","background-image":"","background-repeat":"repeat","background-position":"center center","background-size":"auto","background-attachment":"scroll","background-type":"","background-media":"","overlay-type":"","overlay-color":"","overlay-opacity":"","overlay-gradient":""},"tablet":{"background-color":"","background-image":"","background-repeat":"repeat","background-position":"center center","background-size":"auto","background-attachment":"scroll","background-type":"","background-media":"","overlay-type":"","overlay-color":"","overlay-opacity":"","overlay-gradient":""},"mobile":{"background-color":"","background-image":"","background-repeat":"repeat","background-position":"center center","background-size":"auto","background-attachment":"scroll","background-type":"","background-media":"","overlay-type":"","overlay-color":"","overlay-opacity":"","overlay-gradient":""}},"ast-content-background-meta":{"desktop":{"background-color":"var(--ast-global-color-5)","background-image":"","background-repeat":"repeat","background-position":"center center","background-size":"auto","background-attachment":"scroll","background-type":"","background-media":"","overlay-type":"","overlay-color":"","overlay-opacity":"","overlay-gradient":""},"tablet":{"background-color":"var(--ast-global-color-5)","background-image":"","background-repeat":"repeat","background-position":"center center","background-size":"auto","background-attachment":"scroll","background-type":"","background-media":"","overlay-type":"","overlay-color":"","overlay-opacity":"","overlay-gradient":""},"mobile":{"background-color":"var(--ast-global-color-5)","background-image":"","background-repeat":"repeat","background-position":"center center","background-size":"auto","background-attachment":"scroll","background-type":"","background-media":"","overlay-type":"","overlay-color":"","overlay-opacity":"","overlay-gradient":""}},"footnotes":""},"class_list":["post-9371","page","type-page","status-publish","has-post-thumbnail","hentry"],"_links":{"self":[{"href":"https:\/\/securehubtec.com\/fr\/wp-json\/wp\/v2\/pages\/9371","targetHints":{"allow":["GET"]}}],"collection":[{"href":"https:\/\/securehubtec.com\/fr\/wp-json\/wp\/v2\/pages"}],"about":[{"href":"https:\/\/securehubtec.com\/fr\/wp-json\/wp\/v2\/types\/page"}],"author":[{"embeddable":true,"href":"https:\/\/securehubtec.com\/fr\/wp-json\/wp\/v2\/users\/1"}],"replies":[{"embeddable":true,"href":"https:\/\/securehubtec.com\/fr\/wp-json\/wp\/v2\/comments?post=9371"}],"version-history":[{"count":2,"href":"https:\/\/securehubtec.com\/fr\/wp-json\/wp\/v2\/pages\/9371\/revisions"}],"predecessor-version":[{"id":9377,"href":"https:\/\/securehubtec.com\/fr\/wp-json\/wp\/v2\/pages\/9371\/revisions\/9377"}],"wp:featuredmedia":[{"embeddable":true,"href":"https:\/\/securehubtec.com\/fr\/wp-json\/wp\/v2\/media\/9372"}],"wp:attachment":[{"href":"https:\/\/securehubtec.com\/fr\/wp-json\/wp\/v2\/media?parent=9371"}],"curies":[{"name":"wp","href":"https:\/\/api.w.org\/{rel}","templated":true}]}}