{"id":9585,"date":"2025-10-13T17:18:32","date_gmt":"2025-10-13T15:18:32","guid":{"rendered":"https:\/\/securehubtec.com\/?post_type=product&#038;p=9585"},"modified":"2025-10-13T17:36:56","modified_gmt":"2025-10-13T15:36:56","slug":"management-unit","status":"publish","type":"product","link":"https:\/\/securehubtec.com\/es\/producto\/management-unit\/","title":{"rendered":"Unidad de Gesti\u00f3n"},"content":{"rendered":"<p data-rm-block-id=\"block-1\"><strong><span style=\"color: #ffcc00;\">Unidad de gesti\u00f3n (Videoportero Timbre de puerta)<\/span><\/strong><br \/>\nM\u00e1s que un timbre, es su guardia de seguridad 24\/7. En seguridad inteligente global, DRSECURE es l\u00edder en soluciones innovadoras, fiables y centradas en el usuario para casas, apartamentos y espacios comerciales. Como fabricante profesional de intercomunicadores inteligentes, ofrecemos una amplia cartera de productos que cubren las necesidades modernas de seguridad -control de entrada, comunicaci\u00f3n en tiempo real- para satisfacer las demandas de los clientes extranjeros. Para distribuidores, promotores inmobiliarios o propietarios de viviendas, DRSECURE aporta d\u00e9cadas de experiencia. Nuestra marca es sin\u00f3nimo de durabilidad, tecnolog\u00eda avanzada y cumplimiento de las normas mundiales, lo que nos convierte en la mejor opci\u00f3n para los clientes que se preocupan por la seguridad (unidad de gesti\u00f3n).<br \/>\n<img fetchpriority=\"high\" decoding=\"async\" class=\"aligncenter wp-image-9431 size-full\" src=\"https:\/\/securehubtec.com\/wp-content\/uploads\/2025\/10\/Smart-Video-Intercom-k-1.jpg\" alt=\"Management Unit\" width=\"1100\" height=\"809\" srcset=\"https:\/\/securehubtec.com\/wp-content\/uploads\/2025\/10\/Smart-Video-Intercom-k-1.jpg 1100w, https:\/\/securehubtec.com\/wp-content\/uploads\/2025\/10\/Smart-Video-Intercom-k-1-300x221.jpg 300w, https:\/\/securehubtec.com\/wp-content\/uploads\/2025\/10\/Smart-Video-Intercom-k-1-1024x753.jpg 1024w, https:\/\/securehubtec.com\/wp-content\/uploads\/2025\/10\/Smart-Video-Intercom-k-1-768x565.jpg 768w, https:\/\/securehubtec.com\/wp-content\/uploads\/2025\/10\/Smart-Video-Intercom-k-1-16x12.jpg 16w, https:\/\/securehubtec.com\/wp-content\/uploads\/2025\/10\/Smart-Video-Intercom-k-1-600x441.jpg 600w\" sizes=\"(max-width: 1100px) 100vw, 1100px\" \/><span data-leaf=\"true\"><span class=\"lb\">Nuestros productos principales son interfonos y timbres adaptados a cada situaci\u00f3n. Las opciones residenciales incluyen timbres bidireccionales, sistemas de intercomunicaci\u00f3n (con conectividad sin fisuras) y c\u00e1maras de timbre (monitorizaci\u00f3n\/grabaci\u00f3n de v\u00eddeo en tiempo real). Tambi\u00e9n ofrecemos porteros\/interfonos inteligentes que se integran con hogares inteligentes, controlables a trav\u00e9s de tel\u00e9fonos\/tabletas. Para grandes complejos residenciales, nuestros interfonos inteligentes para apartamentos agilizan la gesti\u00f3n de las visitas, reduciendo los tiempos de espera y aumentando la seguridad (unidad de gesti\u00f3n).<br \/>\n<\/span><\/span><br \/>\n<img decoding=\"async\" class=\"aligncenter size-full wp-image-9329 lazyload\" data-src=\"https:\/\/securehubtec.com\/wp-content\/uploads\/2025\/09\/B.jpg\" alt=\"\" width=\"1280\" height=\"961\" data-srcset=\"https:\/\/securehubtec.com\/wp-content\/uploads\/2025\/09\/B.jpg 1280w, https:\/\/securehubtec.com\/wp-content\/uploads\/2025\/09\/B-300x225.jpg 300w, https:\/\/securehubtec.com\/wp-content\/uploads\/2025\/09\/B-1024x769.jpg 1024w, https:\/\/securehubtec.com\/wp-content\/uploads\/2025\/09\/B-768x577.jpg 768w, https:\/\/securehubtec.com\/wp-content\/uploads\/2025\/09\/B-16x12.jpg 16w, https:\/\/securehubtec.com\/wp-content\/uploads\/2025\/09\/B-600x450.jpg 600w\" data-sizes=\"(max-width: 1280px) 100vw, 1280px\" src=\"data:image\/svg+xml;base64,PHN2ZyB3aWR0aD0iMSIgaGVpZ2h0PSIxIiB4bWxucz0iaHR0cDovL3d3dy53My5vcmcvMjAwMC9zdmciPjwvc3ZnPg==\" style=\"--smush-placeholder-width: 1280px; --smush-placeholder-aspect-ratio: 1280\/961;\" \/>Adem\u00e1s de interfonos y timbres, DRSECURE ofrece soluciones completas de control de acceso y entrada inteligente que sustituyen a las llaves tradicionales. Nuestros sistemas de acceso permiten una gesti\u00f3n segura y flexible para uso comercial\/residencial; la entrada sin llave funciona a trav\u00e9s de tel\u00e9fonos, llaveros o biometr\u00eda (c\u00f3moda y segura). Tambi\u00e9n disponemos de sistemas de taquillas inteligentes (a prueba de manipulaciones, seguimiento en tiempo real, gesti\u00f3n remota) para gimnasios y lugares de trabajo. Todos los productos resisten un uso intensivo y entornos variados, lo que garantiza una fiabilidad a largo plazo para los clientes extranjeros (unidad de gesti\u00f3n).<br \/>\n<img decoding=\"async\" class=\"aligncenter wp-image-9330 size-full lazyload\" data-src=\"https:\/\/securehubtec.com\/wp-content\/uploads\/2025\/09\/C.jpg\" alt=\"Doorbell Camera H1\" width=\"1280\" height=\"1053\" data-srcset=\"https:\/\/securehubtec.com\/wp-content\/uploads\/2025\/09\/C.jpg 1280w, https:\/\/securehubtec.com\/wp-content\/uploads\/2025\/09\/C-300x247.jpg 300w, https:\/\/securehubtec.com\/wp-content\/uploads\/2025\/09\/C-1024x842.jpg 1024w, https:\/\/securehubtec.com\/wp-content\/uploads\/2025\/09\/C-768x632.jpg 768w, https:\/\/securehubtec.com\/wp-content\/uploads\/2025\/09\/C-15x12.jpg 15w, https:\/\/securehubtec.com\/wp-content\/uploads\/2025\/09\/C-600x494.jpg 600w\" data-sizes=\"(max-width: 1280px) 100vw, 1280px\" src=\"data:image\/svg+xml;base64,PHN2ZyB3aWR0aD0iMSIgaGVpZ2h0PSIxIiB4bWxucz0iaHR0cDovL3d3dy53My5vcmcvMjAwMC9zdmciPjwvc3ZnPg==\" style=\"--smush-placeholder-width: 1280px; --smush-placeholder-aspect-ratio: 1280\/1053;\" \/>Una ventaja clave de DRSECURE es el estricto cumplimiento de las normas mundiales de calidad y seguridad. Nuestros videoporteros y sistemas de videoportero inteligente cuentan con las certificaciones CE y FCC, y cumplen los requisitos de rendimiento, seguridad y compatibilidad electromagn\u00e9tica m\u00e1s exigentes de Europa y Norteam\u00e9rica. Esto facilita la importaci\u00f3n\/venta en estas regiones y tranquiliza a los clientes. Tambi\u00e9n realizamos rigurosas pruebas previas al env\u00edo (durabilidad, funcionalidad) para cumplir o superar las expectativas de los clientes.<br \/>\n<img decoding=\"async\" class=\"aligncenter size-full wp-image-9331 lazyload\" data-src=\"https:\/\/securehubtec.com\/wp-content\/uploads\/2025\/09\/D.jpg\" alt=\"\" width=\"1280\" height=\"620\" data-srcset=\"https:\/\/securehubtec.com\/wp-content\/uploads\/2025\/09\/D.jpg 1280w, https:\/\/securehubtec.com\/wp-content\/uploads\/2025\/09\/D-300x145.jpg 300w, https:\/\/securehubtec.com\/wp-content\/uploads\/2025\/09\/D-1024x496.jpg 1024w, https:\/\/securehubtec.com\/wp-content\/uploads\/2025\/09\/D-768x372.jpg 768w, https:\/\/securehubtec.com\/wp-content\/uploads\/2025\/09\/D-18x9.jpg 18w, https:\/\/securehubtec.com\/wp-content\/uploads\/2025\/09\/D-600x291.jpg 600w\" data-sizes=\"(max-width: 1280px) 100vw, 1280px\" src=\"data:image\/svg+xml;base64,PHN2ZyB3aWR0aD0iMSIgaGVpZ2h0PSIxIiB4bWxucz0iaHR0cDovL3d3dy53My5vcmcvMjAwMC9zdmciPjwvc3ZnPg==\" style=\"--smush-placeholder-width: 1280px; --smush-placeholder-aspect-ratio: 1280\/620;\" \/><\/p>\n<div class=\"ace-line\" dir=\"auto\" data-node=\"true\" data-rm-block-id=\"block-2\"><span data-string=\"true\" data-enter=\"true\" data-leaf=\"true\">Asociarse con DRSECURE significa algo m\u00e1s que comprar productos: significa un aliado fiable para su \u00e9xito. Ofrecemos una personalizaci\u00f3n flexible (por ejemplo, ajustes est\u00e9ticos locales, integraci\u00f3n de protocolos regionales) para adaptarnos a su mercado. Nuestro servicio de atenci\u00f3n al cliente 24 horas al d\u00eda, 7 d\u00edas a la semana, facilita la instalaci\u00f3n, la resoluci\u00f3n de problemas y el servicio posventa. Adem\u00e1s, unos precios competitivos y unas cadenas de suministro eficientes le ayudar\u00e1n a aumentar la rentabilidad. Elija DRSECURE: un socio comprometido con su \u00e9xito global en seguridad inteligente.<\/span><\/div>","protected":false},"excerpt":{"rendered":"<ul>\n<li>DC12V o POE (IEEE 802.3AF)<\/li>\n<li>1\" IPS LCD, 1024*600<\/li>\n<li>ABS + Cristal templado<\/li>\n<li>V\u00eddeo H.264\/H.265, Audio G.711<\/li>\n<li>Tono de llamada \u226570dB<\/li>\n<li>Potencia de trabajo &lt; 8W<\/li>\n<li>Temperatura de trabajo -10\u2103 ~ +45\u2103<\/li>\n<li>Montaje en pared<\/li>\n<li>Tel\u00e9fono<\/li>\n<li>La c\u00e1mara integrada es opcional<\/li>\n<li>Wi-Fi opcional<\/li>\n<li>Sistema Linux<\/li>\n<li>V\u00eddeo portero<\/li>\n<li>Cancelaci\u00f3n de eco<\/li>\n<li>Monitor IPC (24 horas, pantalla cu\u00e1druple)<\/li>\n<li>Monitor Estaci\u00f3n exterior<\/li>\n<li>Alarma: SOS, detecci\u00f3n de gas, conexi\u00f3n por cable de 4 canales<\/li>\n<li>Tuya Home: Opcional<\/li>\n<\/ul>","protected":false},"featured_media":9586,"comment_status":"open","ping_status":"closed","template":"","meta":{"site-sidebar-layout":"default","site-content-layout":"","ast-site-content-layout":"default","site-content-style":"default","site-sidebar-style":"default","ast-global-header-display":"","ast-banner-title-visibility":"","ast-main-header-display":"","ast-hfb-above-header-display":"","ast-hfb-below-header-display":"","ast-hfb-mobile-header-display":"","site-post-title":"","ast-breadcrumbs-content":"","ast-featured-img":"","footer-sml-layout":"","theme-transparent-header-meta":"default","adv-header-id-meta":"","stick-header-meta":"default","header-above-stick-meta":"","header-main-stick-meta":"","header-below-stick-meta":"","astra-migrate-meta-layouts":"set","ast-page-background-enabled":"default","ast-page-background-meta":{"desktop":{"background-color":"","background-image":"","background-repeat":"repeat","background-position":"center center","background-size":"auto","background-attachment":"scroll","background-type":"","background-media":"","overlay-type":"","overlay-color":"","overlay-opacity":"","overlay-gradient":""},"tablet":{"background-color":"","background-image":"","background-repeat":"repeat","background-position":"center center","background-size":"auto","background-attachment":"scroll","background-type":"","background-media":"","overlay-type":"","overlay-color":"","overlay-opacity":"","overlay-gradient":""},"mobile":{"background-color":"","background-image":"","background-repeat":"repeat","background-position":"center center","background-size":"auto","background-attachment":"scroll","background-type":"","background-media":"","overlay-type":"","overlay-color":"","overlay-opacity":"","overlay-gradient":""}},"ast-content-background-meta":{"desktop":{"background-color":"var(--ast-global-color-5)","background-image":"","background-repeat":"repeat","background-position":"center center","background-size":"auto","background-attachment":"scroll","background-type":"","background-media":"","overlay-type":"","overlay-color":"","overlay-opacity":"","overlay-gradient":""},"tablet":{"background-color":"var(--ast-global-color-5)","background-image":"","background-repeat":"repeat","background-position":"center center","background-size":"auto","background-attachment":"scroll","background-type":"","background-media":"","overlay-type":"","overlay-color":"","overlay-opacity":"","overlay-gradient":""},"mobile":{"background-color":"var(--ast-global-color-5)","background-image":"","background-repeat":"repeat","background-position":"center center","background-size":"auto","background-attachment":"scroll","background-type":"","background-media":"","overlay-type":"","overlay-color":"","overlay-opacity":"","overlay-gradient":""}}},"product_cat":[133,15],"product_tag":[],"class_list":{"0":"post-9585","1":"product","2":"type-product","3":"status-publish","4":"has-post-thumbnail","6":"product_cat-management-unit","7":"product_cat-product","8":"desktop-align-left","9":"tablet-align-left","10":"mobile-align-left","11":"ast-product-gallery-layout-horizontal-slider","12":"ast-product-gallery-with-no-image","13":"ast-product-tabs-layout-horizontal","15":"first","16":"instock","17":"shipping-taxable","18":"product-type-simple"},"_links":{"self":[{"href":"https:\/\/securehubtec.com\/es\/wp-json\/wp\/v2\/product\/9585","targetHints":{"allow":["GET"]}}],"collection":[{"href":"https:\/\/securehubtec.com\/es\/wp-json\/wp\/v2\/product"}],"about":[{"href":"https:\/\/securehubtec.com\/es\/wp-json\/wp\/v2\/types\/product"}],"replies":[{"embeddable":true,"href":"https:\/\/securehubtec.com\/es\/wp-json\/wp\/v2\/comments?post=9585"}],"version-history":[{"count":4,"href":"https:\/\/securehubtec.com\/es\/wp-json\/wp\/v2\/product\/9585\/revisions"}],"predecessor-version":[{"id":9590,"href":"https:\/\/securehubtec.com\/es\/wp-json\/wp\/v2\/product\/9585\/revisions\/9590"}],"wp:featuredmedia":[{"embeddable":true,"href":"https:\/\/securehubtec.com\/es\/wp-json\/wp\/v2\/media\/9586"}],"wp:attachment":[{"href":"https:\/\/securehubtec.com\/es\/wp-json\/wp\/v2\/media?parent=9585"}],"wp:term":[{"taxonomy":"product_cat","embeddable":true,"href":"https:\/\/securehubtec.com\/es\/wp-json\/wp\/v2\/product_cat?post=9585"},{"taxonomy":"product_tag","embeddable":true,"href":"https:\/\/securehubtec.com\/es\/wp-json\/wp\/v2\/product_tag?post=9585"}],"curies":[{"name":"wp","href":"https:\/\/api.w.org\/{rel}","templated":true}]}}