{"id":9569,"date":"2025-10-07T19:56:04","date_gmt":"2025-10-07T11:56:04","guid":{"rendered":"https:\/\/securehubtec.com\/?post_type=product&#038;p=9569"},"modified":"2025-10-07T19:56:06","modified_gmt":"2025-10-07T11:56:06","slug":"doorbell-camera-h1","status":"publish","type":"product","link":"https:\/\/securehubtec.com\/es\/producto\/doorbell-camera-h1\/","title":{"rendered":"Timbre C\u00e1mara H1"},"content":{"rendered":"<p><span style=\"color: #ffcc00;\"><strong>Timbre C\u00e1mara H1<\/strong><\/span><br \/>\nM\u00e1s que un timbre, es su guardia de seguridad 24\/7,<span data-leaf=\"true\"><span class=\"lb\">En el panorama mundial de la seguridad inteligente, DRSECURE destaca como proveedor l\u00edder dedicado a ofrecer soluciones innovadoras, fiables y centradas en el usuario que redefinen la seguridad y la comodidad para hogares, apartamentos y espacios comerciales. Como profesional <\/span><\/span><span data-leaf=\"true\"><span class=\"lb\">Fabricaci\u00f3n de interfonos inteligentes<\/span><\/span><span data-leaf=\"true\"><span class=\"lb\">En DRSECURE, estamos orgullosos de nuestra amplia cartera de productos, que cubre todos los aspectos cr\u00edticos de la seguridad moderna, desde el control de accesos hasta la comunicaci\u00f3n en tiempo real, todo ello dise\u00f1ado para satisfacer las diversas necesidades de los clientes extranjeros. Ya sea un distribuidor que busca productos de alta calidad, un promotor inmobiliario que equipa nuevos edificios o un propietario que actualiza su sistema de seguridad, DRSECURE aporta d\u00e9cadas de experiencia y un compromiso con la excelencia a cada soluci\u00f3n que ofrecemos. Nuestra marca es sin\u00f3nimo de durabilidad, tecnolog\u00eda avanzada y cumplimiento de las normas mundiales, lo que nos convierte en la opci\u00f3n preferida de los clientes que se niegan a renunciar a la seguridad.<\/span><\/span><br \/>\n<img fetchpriority=\"high\" decoding=\"async\" class=\"aligncenter size-full wp-image-9328\" src=\"https:\/\/securehubtec.com\/wp-content\/uploads\/2025\/09\/A.jpg\" alt=\"\" width=\"1280\" height=\"710\" srcset=\"https:\/\/securehubtec.com\/wp-content\/uploads\/2025\/09\/A.jpg 1280w, https:\/\/securehubtec.com\/wp-content\/uploads\/2025\/09\/A-300x166.jpg 300w, https:\/\/securehubtec.com\/wp-content\/uploads\/2025\/09\/A-1024x568.jpg 1024w, https:\/\/securehubtec.com\/wp-content\/uploads\/2025\/09\/A-768x426.jpg 768w, https:\/\/securehubtec.com\/wp-content\/uploads\/2025\/09\/A-18x10.jpg 18w, https:\/\/securehubtec.com\/wp-content\/uploads\/2025\/09\/A-600x333.jpg 600w\" sizes=\"(max-width: 1280px) 100vw, 1280px\" \/><span data-leaf=\"true\"><span class=\"lb\">En el coraz\u00f3n de nuestra gama de productos se encuentra una serie de soluciones de intercomunicaci\u00f3n y timbre adaptadas a diferentes escenarios. Para espacios residenciales, nuestros <\/span><\/span><span data-leaf=\"true\"><span class=\"lb\">Timbre 2 v\u00edas<\/span><\/span><span data-leaf=\"true\"><span class=\"lb\"> y <\/span><\/span><span data-leaf=\"true\"><span class=\"lb\">timbre de la puerta del apartamento<\/span><\/span><span data-leaf=\"true\"><span class=\"lb\"> proporcionan una comunicaci\u00f3n sencilla pero eficaz, permitiendo a los residentes interactuar con los visitantes sin esfuerzo. Para necesidades m\u00e1s avanzadas, nuestros <\/span><\/span><span data-leaf=\"true\"><span class=\"lb\">Intercomunicador bidireccional<\/span><\/span><span data-leaf=\"true\"><span class=\"lb\"> y <\/span><\/span><span data-leaf=\"true\"><span class=\"lb\">interfono con timbre<\/span><\/span><span data-leaf=\"true\"><span class=\"lb\"> ofrecen una conectividad sin fisuras, mientras que nuestros <\/span><\/span><span data-leaf=\"true\"><span class=\"lb\">c\u00e1mara timbre<\/span><\/span><span data-leaf=\"true\"><span class=\"lb\"> llevan la seguridad un paso m\u00e1s all\u00e1 con funciones de supervisi\u00f3n y grabaci\u00f3n de v\u00eddeo en tiempo real, para garantizar que nunca se pierda una visita, ni siquiera cuando est\u00e9 fuera. Tambi\u00e9n ofrecemos <\/span><\/span><span data-leaf=\"true\"><span class=\"lb\">Porteros autom\u00e1ticos inteligentes<\/span><\/span><span data-leaf=\"true\"><span class=\"lb\"> y <\/span><\/span><span data-leaf=\"true\"><span class=\"lb\">interfono inteligente<\/span><\/span><span data-leaf=\"true\"><span class=\"lb\"> que se integran con los modernos ecosistemas dom\u00e9sticos inteligentes, proporcionando a los usuarios un control intuitivo a trav\u00e9s de smartphones o tabletas. Para complejos residenciales m\u00e1s grandes, nuestros <\/span><\/span><span data-leaf=\"true\"><span class=\"lb\">Intercomunicador inteligente para apartamentos<\/span><\/span><span data-leaf=\"true\"><span class=\"lb\"> y <\/span><\/span><span data-leaf=\"true\"><span class=\"lb\">Interfonos inteligentes para edificios de apartamentos<\/span><\/span><span data-leaf=\"true\"><span class=\"lb\"> agilizan la gesti\u00f3n de las visitas, reducen los tiempos de espera y mejoran la seguridad general de los residentes.<\/span><\/span><br \/>\n<img decoding=\"async\" class=\"aligncenter size-full wp-image-9329 lazyload\" data-src=\"https:\/\/securehubtec.com\/wp-content\/uploads\/2025\/09\/B.jpg\" alt=\"\" width=\"1280\" height=\"961\" data-srcset=\"https:\/\/securehubtec.com\/wp-content\/uploads\/2025\/09\/B.jpg 1280w, https:\/\/securehubtec.com\/wp-content\/uploads\/2025\/09\/B-300x225.jpg 300w, https:\/\/securehubtec.com\/wp-content\/uploads\/2025\/09\/B-1024x769.jpg 1024w, https:\/\/securehubtec.com\/wp-content\/uploads\/2025\/09\/B-768x577.jpg 768w, https:\/\/securehubtec.com\/wp-content\/uploads\/2025\/09\/B-16x12.jpg 16w, https:\/\/securehubtec.com\/wp-content\/uploads\/2025\/09\/B-600x450.jpg 600w\" data-sizes=\"(max-width: 1280px) 100vw, 1280px\" src=\"data:image\/svg+xml;base64,PHN2ZyB3aWR0aD0iMSIgaGVpZ2h0PSIxIiB4bWxucz0iaHR0cDovL3d3dy53My5vcmcvMjAwMC9zdmciPjwvc3ZnPg==\" style=\"--smush-placeholder-width: 1280px; --smush-placeholder-aspect-ratio: 1280\/961;\" \/><span data-leaf=\"true\"><span class=\"lb\">Adem\u00e1s de interfonos y timbres, DRSECURE ofrece un completo conjunto de soluciones de control de acceso y entrada inteligente que eliminan las limitaciones de las llaves tradicionales. Nuestra <\/span><\/span><span data-leaf=\"true\"><span class=\"lb\">sistemas de control de acceso<\/span><\/span><span data-leaf=\"true\"><span class=\"lb\"> est\u00e1n dise\u00f1adas para proporcionar una gesti\u00f3n de accesos segura y flexible a edificios comerciales, oficinas y complejos residenciales, mientras que nuestras <\/span><\/span><span data-leaf=\"true\"><span class=\"lb\">Entrada sin llave<\/span><\/span><span data-leaf=\"true\"><span class=\"lb\"> permiten a los usuarios desbloquear las puertas mediante tel\u00e9fonos inteligentes, llaveros o datos biom\u00e9tricos, lo que a\u00f1ade comodidad sin sacrificar la seguridad. Tambi\u00e9n satisfacemos las necesidades de seguridad en el almacenamiento con nuestros productos <\/span><\/span><span data-leaf=\"true\"><span class=\"lb\">taquilla inteligente segura<\/span><\/span><span data-leaf=\"true\"><span class=\"lb\"> que cuentan con dise\u00f1os a prueba de manipulaciones, seguimiento de accesos en tiempo real y funciones de gesti\u00f3n remota, perfectos para gimnasios, lugares de trabajo e instalaciones p\u00fablicas. Todos los productos de esta gama est\u00e1n fabricados para soportar un uso intensivo y diversas condiciones ambientales, lo que garantiza la fiabilidad a largo plazo para nuestros clientes extranjeros.<\/span><\/span><br \/>\n<img decoding=\"async\" class=\"aligncenter wp-image-9330 size-full lazyload\" data-src=\"https:\/\/securehubtec.com\/wp-content\/uploads\/2025\/09\/C.jpg\" alt=\"Doorbell Camera H1\" width=\"1280\" height=\"1053\" data-srcset=\"https:\/\/securehubtec.com\/wp-content\/uploads\/2025\/09\/C.jpg 1280w, https:\/\/securehubtec.com\/wp-content\/uploads\/2025\/09\/C-300x247.jpg 300w, https:\/\/securehubtec.com\/wp-content\/uploads\/2025\/09\/C-1024x842.jpg 1024w, https:\/\/securehubtec.com\/wp-content\/uploads\/2025\/09\/C-768x632.jpg 768w, https:\/\/securehubtec.com\/wp-content\/uploads\/2025\/09\/C-15x12.jpg 15w, https:\/\/securehubtec.com\/wp-content\/uploads\/2025\/09\/C-600x494.jpg 600w\" data-sizes=\"(max-width: 1280px) 100vw, 1280px\" src=\"data:image\/svg+xml;base64,PHN2ZyB3aWR0aD0iMSIgaGVpZ2h0PSIxIiB4bWxucz0iaHR0cDovL3d3dy53My5vcmcvMjAwMC9zdmciPjwvc3ZnPg==\" style=\"--smush-placeholder-width: 1280px; --smush-placeholder-aspect-ratio: 1280\/1053;\" \/><span data-leaf=\"true\"><span class=\"lb\">Una de las principales ventajas de elegir DRSECURE es nuestro compromiso inquebrantable con el cumplimiento de las normas mundiales de calidad y seguridad. Todos nuestros productos, incluidos nuestros populares <\/span><\/span><span data-leaf=\"true\"><span class=\"lb\">video portero<\/span><\/span><span data-leaf=\"true\"><span class=\"lb\"> y <\/span><\/span><span data-leaf=\"true\"><span class=\"lb\">V\u00eddeo portero inteligente<\/span><\/span><span data-leaf=\"true\"><span class=\"lb\"> sistemas, mantenga ambos <\/span><\/span><span data-leaf=\"true\"><span class=\"lb\">CE<\/span><\/span><span data-leaf=\"true\"><span class=\"lb\"> y <\/span><\/span><span data-leaf=\"true\"><span class=\"lb\">FCC<\/span><\/span><span data-leaf=\"true\"><span class=\"lb\"> prueban que cumplen los requisitos m\u00e1s estrictos de rendimiento, seguridad y compatibilidad electromagn\u00e9tica de los mercados europeo y norteamericano. Esta certificaci\u00f3n no s\u00f3lo garantiza que nuestros productos puedan importarse y venderse sin problemas en estas regiones, sino que tambi\u00e9n ofrece a nuestros clientes la tranquilidad de saber que est\u00e1n invirtiendo en soluciones que cumplen los m\u00e1s altos est\u00e1ndares del sector. Realizamos pruebas rigurosas en cada producto antes de que salga de nuestra f\u00e1brica, desde comprobaciones de durabilidad hasta pruebas de funcionalidad, para asegurarnos de que cumple o supera las expectativas del cliente.<\/span><\/span><br \/>\n<img decoding=\"async\" class=\"aligncenter size-full wp-image-9331 lazyload\" data-src=\"https:\/\/securehubtec.com\/wp-content\/uploads\/2025\/09\/D.jpg\" alt=\"\" width=\"1280\" height=\"620\" data-srcset=\"https:\/\/securehubtec.com\/wp-content\/uploads\/2025\/09\/D.jpg 1280w, https:\/\/securehubtec.com\/wp-content\/uploads\/2025\/09\/D-300x145.jpg 300w, https:\/\/securehubtec.com\/wp-content\/uploads\/2025\/09\/D-1024x496.jpg 1024w, https:\/\/securehubtec.com\/wp-content\/uploads\/2025\/09\/D-768x372.jpg 768w, https:\/\/securehubtec.com\/wp-content\/uploads\/2025\/09\/D-18x9.jpg 18w, https:\/\/securehubtec.com\/wp-content\/uploads\/2025\/09\/D-600x291.jpg 600w\" data-sizes=\"(max-width: 1280px) 100vw, 1280px\" src=\"data:image\/svg+xml;base64,PHN2ZyB3aWR0aD0iMSIgaGVpZ2h0PSIxIiB4bWxucz0iaHR0cDovL3d3dy53My5vcmcvMjAwMC9zdmciPjwvc3ZnPg==\" style=\"--smush-placeholder-width: 1280px; --smush-placeholder-aspect-ratio: 1280\/620;\" \/><\/p>\n<div class=\"ace-line\" dir=\"auto\" data-node=\"true\"><span data-leaf=\"true\"><span class=\"lb\">Asociarse con DRSECURE significa algo m\u00e1s que adquirir productos de seguridad: significa contar con un aliado fiable que prioriza su \u00e9xito. Ofrecemos opciones de personalizaci\u00f3n flexibles para adaptar nuestras soluciones a las necesidades espec\u00edficas de su mercado, ya sea ajustando los dise\u00f1os de los productos para adaptarlos a la est\u00e9tica local o integrando protocolos de comunicaci\u00f3n regionales. Nuestro equipo de atenci\u00f3n al cliente est\u00e1 disponible 24 horas al d\u00eda, 7 d\u00edas a la semana, para ayudarle con la instalaci\u00f3n, la resoluci\u00f3n de problemas y el servicio posventa, garantizando una experiencia sin problemas para usted y sus usuarios finales. Adem\u00e1s, nuestros precios competitivos y nuestra eficaz gesti\u00f3n de la cadena de suministro le permiten maximizar la rentabilidad al tiempo que ofrece soluciones de seguridad de primer nivel a sus clientes. Con DRSECURE, no s\u00f3lo elige un proveedor de productos, sino un socio que invierte en ayudarle a prosperar en el mercado global de la seguridad inteligente.<\/span><\/span><span data-string=\"true\" data-enter=\"true\" data-leaf=\"true\">\u200b<\/span><\/div>","protected":false},"excerpt":{"rendered":"<p><strong><span style=\"color: #ffcc00;\">Dimensi\u00f3n\uff1a 150x85x28 mm<\/span><\/strong><br \/>\n<strong><span style=\"color: #ffcc00;\">V\u00eddeo portero\uff1a<br \/>\n<\/span><\/strong><span style=\"margin: 120px;\">Con monitor inteligente o estaci\u00f3n de vigilancia<\/span><br \/>\n<span style=\"margin: 120px;\">Con Outdoor Station o Tuya App<\/span><br \/>\n<span style=\"margin: 120px;\">Con SIP Standard 3er dispositivo<\/span><br \/>\n<strong><span style=\"color: #ffcc00;\">Control de acceso\uff1a<\/span><\/strong><br \/>\n<span style=\"margin: 120px;\">Tarjeta IC o identificaci\u00f3n NFC<\/span><br \/>\nSistema Linux | Tuya Home: 1 | Cancelaci\u00f3n de Eco<br \/>\nUn toque para llamar | Conectar a NVR<br \/>\nSalida de se\u00f1al de rel\u00e9 de 4 canales ampliable<br \/>\nProtocolo SIP | Fuente de alimentaci\u00f3n DC12V<br \/>\nC\u00e1mara de doble objetivo de 2 millones de p\u00edxeles<br \/>\nCapacidad de entrada t\u00e1ctil | Tarjeta de acceso de 13,56 MHz y NFC<br \/>\nAluminio + Cristal templado | V\u00eddeo H.264\/H.265, Audio G.711<br \/>\nAltavoz incorporado 8R1W Tono de llamada \u226570dB | Potencia de trabajo &lt; 10W<br \/>\nTemperatura de trabajo -20\u2103 ~ +50\u2103 | Montaje en pared<br \/>\nIP65 nivel IP | Wi-Fi es opcional, con antena externa<br \/>\nCubierta para la lluvia<br \/>\n<strong><span style=\"color: #ffcc00;\">Descripci\u00f3n de la interfaz<\/span><\/strong><br \/>\nPuerto de red RJ45 | Puerto de entrada de alimentaci\u00f3n<br \/>\nSalida de se\u00f1al de rel\u00e9, 1 v\u00eda | Puerto RS485<\/p>","protected":false},"featured_media":9571,"comment_status":"open","ping_status":"closed","template":"","meta":{"site-sidebar-layout":"default","site-content-layout":"","ast-site-content-layout":"default","site-content-style":"default","site-sidebar-style":"default","ast-global-header-display":"","ast-banner-title-visibility":"","ast-main-header-display":"","ast-hfb-above-header-display":"","ast-hfb-below-header-display":"","ast-hfb-mobile-header-display":"","site-post-title":"","ast-breadcrumbs-content":"","ast-featured-img":"","footer-sml-layout":"","theme-transparent-header-meta":"default","adv-header-id-meta":"","stick-header-meta":"default","header-above-stick-meta":"","header-main-stick-meta":"","header-below-stick-meta":"","astra-migrate-meta-layouts":"set","ast-page-background-enabled":"default","ast-page-background-meta":{"desktop":{"background-color":"","background-image":"","background-repeat":"repeat","background-position":"center center","background-size":"auto","background-attachment":"scroll","background-type":"","background-media":"","overlay-type":"","overlay-color":"","overlay-opacity":"","overlay-gradient":""},"tablet":{"background-color":"","background-image":"","background-repeat":"repeat","background-position":"center center","background-size":"auto","background-attachment":"scroll","background-type":"","background-media":"","overlay-type":"","overlay-color":"","overlay-opacity":"","overlay-gradient":""},"mobile":{"background-color":"","background-image":"","background-repeat":"repeat","background-position":"center center","background-size":"auto","background-attachment":"scroll","background-type":"","background-media":"","overlay-type":"","overlay-color":"","overlay-opacity":"","overlay-gradient":""}},"ast-content-background-meta":{"desktop":{"background-color":"var(--ast-global-color-5)","background-image":"","background-repeat":"repeat","background-position":"center center","background-size":"auto","background-attachment":"scroll","background-type":"","background-media":"","overlay-type":"","overlay-color":"","overlay-opacity":"","overlay-gradient":""},"tablet":{"background-color":"var(--ast-global-color-5)","background-image":"","background-repeat":"repeat","background-position":"center center","background-size":"auto","background-attachment":"scroll","background-type":"","background-media":"","overlay-type":"","overlay-color":"","overlay-opacity":"","overlay-gradient":""},"mobile":{"background-color":"var(--ast-global-color-5)","background-image":"","background-repeat":"repeat","background-position":"center center","background-size":"auto","background-attachment":"scroll","background-type":"","background-media":"","overlay-type":"","overlay-color":"","overlay-opacity":"","overlay-gradient":""}}},"product_cat":[123,15],"product_tag":[],"class_list":{"0":"post-9569","1":"product","2":"type-product","3":"status-publish","4":"has-post-thumbnail","6":"product_cat-video-intercom","7":"product_cat-product","8":"desktop-align-left","9":"tablet-align-left","10":"mobile-align-left","11":"ast-product-gallery-layout-horizontal-slider","12":"ast-product-tabs-layout-horizontal","14":"first","15":"instock","16":"shipping-taxable","17":"product-type-simple"},"_links":{"self":[{"href":"https:\/\/securehubtec.com\/es\/wp-json\/wp\/v2\/product\/9569","targetHints":{"allow":["GET"]}}],"collection":[{"href":"https:\/\/securehubtec.com\/es\/wp-json\/wp\/v2\/product"}],"about":[{"href":"https:\/\/securehubtec.com\/es\/wp-json\/wp\/v2\/types\/product"}],"replies":[{"embeddable":true,"href":"https:\/\/securehubtec.com\/es\/wp-json\/wp\/v2\/comments?post=9569"}],"version-history":[{"count":1,"href":"https:\/\/securehubtec.com\/es\/wp-json\/wp\/v2\/product\/9569\/revisions"}],"predecessor-version":[{"id":9573,"href":"https:\/\/securehubtec.com\/es\/wp-json\/wp\/v2\/product\/9569\/revisions\/9573"}],"wp:featuredmedia":[{"embeddable":true,"href":"https:\/\/securehubtec.com\/es\/wp-json\/wp\/v2\/media\/9571"}],"wp:attachment":[{"href":"https:\/\/securehubtec.com\/es\/wp-json\/wp\/v2\/media?parent=9569"}],"wp:term":[{"taxonomy":"product_cat","embeddable":true,"href":"https:\/\/securehubtec.com\/es\/wp-json\/wp\/v2\/product_cat?post=9569"},{"taxonomy":"product_tag","embeddable":true,"href":"https:\/\/securehubtec.com\/es\/wp-json\/wp\/v2\/product_tag?post=9569"}],"curies":[{"name":"wp","href":"https:\/\/api.w.org\/{rel}","templated":true}]}}