{"id":9563,"date":"2025-10-06T23:33:01","date_gmt":"2025-10-06T15:33:01","guid":{"rendered":"https:\/\/securehubtec.com\/?post_type=product&#038;p=9563"},"modified":"2025-10-06T23:33:02","modified_gmt":"2025-10-06T15:33:02","slug":"indoor-monitor-p7007xp","status":"publish","type":"product","link":"https:\/\/securehubtec.com\/es\/producto\/indoor-monitor-p7007xp\/","title":{"rendered":"Monitor de interior P7007XP"},"content":{"rendered":"<p><span style=\"color: #ffcc00;\"><strong>Monitor de interior P7007XP<\/strong><\/span><br \/>\nM\u00e1s que un timbre, es su guardia de seguridad 24\/7,<span data-leaf=\"true\"><span class=\"lb\">En el sector mundial de la seguridad inteligente, en constante evoluci\u00f3n, DRSECURE se ha consolidado como una empresa pionera. <\/span><\/span><span data-leaf=\"true\"><span class=\"lb\">Fabricaci\u00f3n de interfonos inteligentes<\/span><\/span><span data-leaf=\"true\"><span class=\"lb\"> La gama de productos de seguridad inteligente de la empresa se centra en ofrecer a los clientes extranjeros soluciones de seguridad de alto rendimiento y f\u00e1ciles de usar que combinan la innovaci\u00f3n con la practicidad. Somos conscientes de que la seguridad y la comodidad no son negociables para las casas, apartamentos y espacios comerciales de todo el mundo, por lo que nuestra gama de productos est\u00e1 cuidadosamente dise\u00f1ada para cubrir todas las necesidades cr\u00edticas del ecosistema de seguridad inteligente. Tanto si es un distribuidor que busca ampliar su gama de productos con marcas de confianza, como si es un promotor inmobiliario que desea equipar nuevos complejos residenciales con sistemas de seguridad de primer nivel o un empresario que desea mejorar la seguridad en el lugar de trabajo, DRSECURE est\u00e1 preparado para satisfacer sus demandas. Nuestra marca se basa en la calidad, la fiabilidad y la orientaci\u00f3n al cliente, lo que nos convierte en la opci\u00f3n preferida de clientes de todos los continentes que valoran las soluciones de seguridad duraderas y conformes a las normativas.<\/span><\/span><br \/>\n<img fetchpriority=\"high\" decoding=\"async\" class=\"aligncenter size-full wp-image-9328\" src=\"https:\/\/securehubtec.com\/wp-content\/uploads\/2025\/09\/A.jpg\" alt=\"\" width=\"1280\" height=\"710\" srcset=\"https:\/\/securehubtec.com\/wp-content\/uploads\/2025\/09\/A.jpg 1280w, https:\/\/securehubtec.com\/wp-content\/uploads\/2025\/09\/A-300x166.jpg 300w, https:\/\/securehubtec.com\/wp-content\/uploads\/2025\/09\/A-1024x568.jpg 1024w, https:\/\/securehubtec.com\/wp-content\/uploads\/2025\/09\/A-768x426.jpg 768w, https:\/\/securehubtec.com\/wp-content\/uploads\/2025\/09\/A-18x10.jpg 18w, https:\/\/securehubtec.com\/wp-content\/uploads\/2025\/09\/A-600x333.jpg 600w\" sizes=\"(max-width: 1280px) 100vw, 1280px\" \/><span data-leaf=\"true\"><span class=\"lb\">En DRSECURE, ofrecemos una amplia selecci\u00f3n de productos de intercomunicaci\u00f3n y timbre dise\u00f1ados para atender a diversos escenarios residenciales y comerciales. Para los propietarios de viviendas que dan prioridad a la simplicidad y la comunicaci\u00f3n eficaz, nuestro <\/span><\/span><span data-leaf=\"true\"><span class=\"lb\">Timbre 2 v\u00edas<\/span><\/span><span data-leaf=\"true\"><span class=\"lb\"> y cl\u00e1sico <\/span><\/span><span data-leaf=\"true\"><span class=\"lb\">Timbre<\/span><\/span><span data-leaf=\"true\"><span class=\"lb\"> ofrecen un audio n\u00edtido y una instalaci\u00f3n sencilla, mientras que nuestros <\/span><\/span><span data-leaf=\"true\"><span class=\"lb\">timbre de la puerta del apartamento<\/span><\/span><span data-leaf=\"true\"><span class=\"lb\"> se adapta a las necesidades espec\u00edficas de los edificios de varias unidades, garantizando una interacci\u00f3n fluida entre los visitantes. Para aquellos que buscan funciones de supervisi\u00f3n avanzadas, nuestra <\/span><\/span><span data-leaf=\"true\"><span class=\"lb\">c\u00e1mara timbre<\/span><\/span><span data-leaf=\"true\"><span class=\"lb\"> destaca por la transmisi\u00f3n de v\u00eddeo en tiempo real, las alertas de detecci\u00f3n de movimiento y el acceso remoto a trav\u00e9s de aplicaciones m\u00f3viles, lo que permite a los usuarios vigilar sus entradas est\u00e9n donde est\u00e9n. Tambi\u00e9n destacamos en soluciones interconectadas: nuestra <\/span><\/span><span data-leaf=\"true\"><span class=\"lb\">Intercomunicador bidireccional<\/span><\/span><span data-leaf=\"true\"><span class=\"lb\"> y <\/span><\/span><span data-leaf=\"true\"><span class=\"lb\">interfono con timbre<\/span><\/span><span data-leaf=\"true\"><span class=\"lb\"> permiten una comunicaci\u00f3n fluida entre residentes y visitantes, mientras que nuestros <\/span><\/span><span data-leaf=\"true\"><span class=\"lb\">Porteros autom\u00e1ticos inteligentes<\/span><\/span><span data-leaf=\"true\"><span class=\"lb\"> y <\/span><\/span><span data-leaf=\"true\"><span class=\"lb\">interfono inteligente<\/span><\/span><span data-leaf=\"true\"><span class=\"lb\"> se integran con las modernas plataformas de hogar inteligente, ofreciendo funciones como el control por voz y la automatizaci\u00f3n. Para grandes proyectos residenciales, nuestros <\/span><\/span><span data-leaf=\"true\"><span class=\"lb\">Intercomunicador inteligente para apartamentos<\/span><\/span><span data-leaf=\"true\"><span class=\"lb\"> y <\/span><\/span><span data-leaf=\"true\"><span class=\"lb\">Interfonos inteligentes para edificios de apartamentos<\/span><\/span><span data-leaf=\"true\"><span class=\"lb\"> agilizar la gesti\u00f3n de las visitas, reducir las cargas administrativas y mejorar la seguridad general tanto para los residentes como para los administradores de fincas.<\/span><\/span><br \/>\n<img decoding=\"async\" class=\"aligncenter wp-image-9329 size-full lazyload\" data-src=\"https:\/\/securehubtec.com\/wp-content\/uploads\/2025\/09\/B.jpg\" alt=\"Indoor Monitor P7007XP\" width=\"1280\" height=\"961\" data-srcset=\"https:\/\/securehubtec.com\/wp-content\/uploads\/2025\/09\/B.jpg 1280w, https:\/\/securehubtec.com\/wp-content\/uploads\/2025\/09\/B-300x225.jpg 300w, https:\/\/securehubtec.com\/wp-content\/uploads\/2025\/09\/B-1024x769.jpg 1024w, https:\/\/securehubtec.com\/wp-content\/uploads\/2025\/09\/B-768x577.jpg 768w, https:\/\/securehubtec.com\/wp-content\/uploads\/2025\/09\/B-16x12.jpg 16w, https:\/\/securehubtec.com\/wp-content\/uploads\/2025\/09\/B-600x450.jpg 600w\" data-sizes=\"(max-width: 1280px) 100vw, 1280px\" src=\"data:image\/svg+xml;base64,PHN2ZyB3aWR0aD0iMSIgaGVpZ2h0PSIxIiB4bWxucz0iaHR0cDovL3d3dy53My5vcmcvMjAwMC9zdmciPjwvc3ZnPg==\" style=\"--smush-placeholder-width: 1280px; --smush-placeholder-aspect-ratio: 1280\/961;\" \/><span data-leaf=\"true\"><span class=\"lb\">\u00e1s all\u00e1 de los interfonos y los timbres, DRSECURE ofrece un conjunto completo de soluciones de control de acceso y entrada inteligente que redefinen la seguridad de los espacios. Nuestra <\/span><\/span><span data-leaf=\"true\"><span class=\"lb\">sistemas de control de acceso<\/span><\/span><span data-leaf=\"true\"><span class=\"lb\"> est\u00e1n dise\u00f1ados para ofrecer una gesti\u00f3n flexible y escalable para edificios comerciales, oficinas e instalaciones industriales, permitiendo a los administradores gestionar los permisos de acceso de forma eficaz y remota. Como complemento de estos sistemas, nuestros <\/span><\/span><span data-leaf=\"true\"><span class=\"lb\">Entrada sin llave<\/span><\/span><span data-leaf=\"true\"><span class=\"lb\"> eliminan la molestia de las llaves f\u00edsicas, utilizando credenciales de smartphone, llaveros o datos biom\u00e9tricos para conceder el acceso, a\u00f1adiendo comodidad sin comprometer la seguridad. Tambi\u00e9n cubrimos necesidades de seguridad de almacenamiento especializadas con nuestras <\/span><\/span><span data-leaf=\"true\"><span class=\"lb\">taquilla inteligente segura<\/span><\/span><span data-leaf=\"true\"><span class=\"lb\"> que cuentan con dise\u00f1os a prueba de manipulaciones, seguimiento de acceso en tiempo real y gesti\u00f3n basada en la nube. Estas taquillas son ideales para gimnasios, espacios de trabajo conjunto, colegios y tiendas minoristas, ya que ofrecen tranquilidad a los usuarios y total visibilidad del uso del almacenamiento a los administradores. Todos los productos de esta gama est\u00e1n fabricados para soportar un uso intensivo y diversas condiciones ambientales, lo que garantiza un rendimiento fiable para nuestros clientes extranjeros.<\/span><\/span><br \/>\n<img decoding=\"async\" class=\"aligncenter size-full wp-image-9330 lazyload\" data-src=\"https:\/\/securehubtec.com\/wp-content\/uploads\/2025\/09\/C.jpg\" alt=\"\" width=\"1280\" height=\"1053\" data-srcset=\"https:\/\/securehubtec.com\/wp-content\/uploads\/2025\/09\/C.jpg 1280w, https:\/\/securehubtec.com\/wp-content\/uploads\/2025\/09\/C-300x247.jpg 300w, https:\/\/securehubtec.com\/wp-content\/uploads\/2025\/09\/C-1024x842.jpg 1024w, https:\/\/securehubtec.com\/wp-content\/uploads\/2025\/09\/C-768x632.jpg 768w, https:\/\/securehubtec.com\/wp-content\/uploads\/2025\/09\/C-15x12.jpg 15w, https:\/\/securehubtec.com\/wp-content\/uploads\/2025\/09\/C-600x494.jpg 600w\" data-sizes=\"(max-width: 1280px) 100vw, 1280px\" src=\"data:image\/svg+xml;base64,PHN2ZyB3aWR0aD0iMSIgaGVpZ2h0PSIxIiB4bWxucz0iaHR0cDovL3d3dy53My5vcmcvMjAwMC9zdmciPjwvc3ZnPg==\" style=\"--smush-placeholder-width: 1280px; --smush-placeholder-aspect-ratio: 1280\/1053;\" \/><span data-leaf=\"true\"><span class=\"lb\">Una ventaja clave que distingue a DRSECURE en el mercado mundial es nuestro estricto cumplimiento de las normas internacionales de calidad y seguridad. Todos nuestros productos, incluidos nuestros populares <\/span><\/span><span data-leaf=\"true\"><span class=\"lb\">video portero<\/span><\/span><span data-leaf=\"true\"><span class=\"lb\"> y <\/span><\/span><span data-leaf=\"true\"><span class=\"lb\">V\u00eddeo portero inteligente<\/span><\/span><span data-leaf=\"true\"><span class=\"lb\"> sistemas, mantenga ambos <\/span><\/span><span data-leaf=\"true\"><span class=\"lb\">CE<\/span><\/span><span data-leaf=\"true\"><span class=\"lb\"> y <\/span><\/span><span data-leaf=\"true\"><span class=\"lb\">FCC<\/span><\/span><span data-leaf=\"true\"><span class=\"lb\"> certificaciones. Estas certificaciones son algo m\u00e1s que simples credenciales: son la prueba de que nuestros productos cumplen los rigurosos requisitos de rendimiento, seguridad y compatibilidad electromagn\u00e9tica de la Uni\u00f3n Europea y Norteam\u00e9rica, dos de los mercados m\u00e1s regulados y competitivos del mundo. Para los clientes extranjeros, esto significa que nuestros productos pueden importarse, distribuirse y venderse sin obst\u00e1culos normativos, lo que ahorra tiempo y recursos. Adem\u00e1s, sometemos cada producto a rigurosas pruebas antes de que salga de nuestra f\u00e1brica, desde evaluaciones de durabilidad hasta comprobaciones de funcionalidad, garantizando que cada unidad cumpla o supere las normas m\u00e1s exigentes del sector. Este compromiso con la calidad nos ha granjeado una reputaci\u00f3n de fiabilidad y confianza entre clientes de todo el mundo.<\/span><\/span><br \/>\n<img decoding=\"async\" class=\"aligncenter size-full wp-image-9331 lazyload\" data-src=\"https:\/\/securehubtec.com\/wp-content\/uploads\/2025\/09\/D.jpg\" alt=\"\" width=\"1280\" height=\"620\" data-srcset=\"https:\/\/securehubtec.com\/wp-content\/uploads\/2025\/09\/D.jpg 1280w, https:\/\/securehubtec.com\/wp-content\/uploads\/2025\/09\/D-300x145.jpg 300w, https:\/\/securehubtec.com\/wp-content\/uploads\/2025\/09\/D-1024x496.jpg 1024w, https:\/\/securehubtec.com\/wp-content\/uploads\/2025\/09\/D-768x372.jpg 768w, https:\/\/securehubtec.com\/wp-content\/uploads\/2025\/09\/D-18x9.jpg 18w, https:\/\/securehubtec.com\/wp-content\/uploads\/2025\/09\/D-600x291.jpg 600w\" data-sizes=\"(max-width: 1280px) 100vw, 1280px\" src=\"data:image\/svg+xml;base64,PHN2ZyB3aWR0aD0iMSIgaGVpZ2h0PSIxIiB4bWxucz0iaHR0cDovL3d3dy53My5vcmcvMjAwMC9zdmciPjwvc3ZnPg==\" style=\"--smush-placeholder-width: 1280px; --smush-placeholder-aspect-ratio: 1280\/620;\" \/><\/p>\n<div class=\"ace-line\" dir=\"auto\" data-node=\"true\"><span data-string=\"true\" data-enter=\"true\" data-leaf=\"true\"><span class=\"lb\">Asociarse con DRSECURE significa obtener algo m\u00e1s que un simple proveedor: significa colaborar con un equipo dedicado a su \u00e9xito. Entendemos que cada mercado extranjero tiene preferencias y requisitos \u00fanicos, por lo que ofrecemos opciones de personalizaci\u00f3n flexibles. Tanto si necesita ajustar el dise\u00f1o de un <\/span><span class=\"lb\">interfono inteligente<\/span><span class=\"lb\"> alinearse con la est\u00e9tica local, integrar los protocolos de comunicaci\u00f3n regionales en un <\/span><span class=\"lb\">sistema de control de acceso<\/span><span class=\"lb\"> o a\u00f1adir soporte multiling\u00fce a un <\/span><span class=\"lb\">c\u00e1mara timbre<\/span><span class=\"lb\"> app, nuestro equipo de ingenieros colaborar\u00e1 estrechamente con usted para ofrecerle soluciones a medida. Tambi\u00e9n ofrecemos un excepcional servicio de atenci\u00f3n al cliente, con un equipo disponible las 24 horas del d\u00eda, los 7 d\u00edas de la semana, para ayudarle con la gu\u00eda de instalaci\u00f3n, la resoluci\u00f3n de problemas y el servicio posventa. Adem\u00e1s, nuestra eficiente cadena de suministro y nuestros precios competitivos garantizan que pueda maximizar la rentabilidad al tiempo que ofrece a sus clientes productos de seguridad de primera calidad. Con DRSECURE como socio, puede navegar con confianza por el mercado global de la seguridad inteligente, sabiendo que tiene un aliado fiable e innovador a su lado.<\/span>\u200b<\/span><\/div>","protected":false},"excerpt":{"rendered":"<p>Modelo\uff1a P7007XP<br \/>\nDimensi\u00f3n\uff1a210x145x20 mm<\/p>\n<p>\u221a DC12V o POE (IEEE 802.3AF)<br \/>\n<strong><span style=\"color: #ff0000;\">\u221a 7\" IPS LCD, 1024*600<\/span><\/strong><br \/>\n\u221a El Wi-Fi es opcional<br \/>\n\u221a ABS + Cristal templado<br \/>\n\u221a Capacidad Entrada T\u00e1ctil<br \/>\n\u221a V\u00eddeo H.264\/H.265, Audio G.711<br \/>\n\u221a Tono de llamada \u226570dB<br \/>\n\u221a Potencia de trabajo &lt; 5W<br \/>\n\u221a Temperatura de trabajo 0\u2103 ~ +50\u2103<br \/>\n\u221a Montaje en pared<br \/>\n\u221a Sistema Linux<br \/>\n\u221a V\u00eddeo portero<br \/>\n\u221a Cancelaci\u00f3n de eco<br \/>\n\u221a Monitor IPC (24 horas, pantalla cu\u00e1druple)<br \/>\n\u221a Monitor de estaci\u00f3n exterior<br \/>\n\u221a Alarma: SOS, detecci\u00f3n de gas, conexi\u00f3n por cable de 4 canales.<\/p>","protected":false},"featured_media":9564,"comment_status":"open","ping_status":"closed","template":"","meta":{"site-sidebar-layout":"default","site-content-layout":"","ast-site-content-layout":"default","site-content-style":"default","site-sidebar-style":"default","ast-global-header-display":"","ast-banner-title-visibility":"","ast-main-header-display":"","ast-hfb-above-header-display":"","ast-hfb-below-header-display":"","ast-hfb-mobile-header-display":"","site-post-title":"","ast-breadcrumbs-content":"","ast-featured-img":"","footer-sml-layout":"","theme-transparent-header-meta":"default","adv-header-id-meta":"","stick-header-meta":"default","header-above-stick-meta":"","header-main-stick-meta":"","header-below-stick-meta":"","astra-migrate-meta-layouts":"set","ast-page-background-enabled":"default","ast-page-background-meta":{"desktop":{"background-color":"","background-image":"","background-repeat":"repeat","background-position":"center center","background-size":"auto","background-attachment":"scroll","background-type":"","background-media":"","overlay-type":"","overlay-color":"","overlay-opacity":"","overlay-gradient":""},"tablet":{"background-color":"","background-image":"","background-repeat":"repeat","background-position":"center center","background-size":"auto","background-attachment":"scroll","background-type":"","background-media":"","overlay-type":"","overlay-color":"","overlay-opacity":"","overlay-gradient":""},"mobile":{"background-color":"","background-image":"","background-repeat":"repeat","background-position":"center center","background-size":"auto","background-attachment":"scroll","background-type":"","background-media":"","overlay-type":"","overlay-color":"","overlay-opacity":"","overlay-gradient":""}},"ast-content-background-meta":{"desktop":{"background-color":"var(--ast-global-color-5)","background-image":"","background-repeat":"repeat","background-position":"center center","background-size":"auto","background-attachment":"scroll","background-type":"","background-media":"","overlay-type":"","overlay-color":"","overlay-opacity":"","overlay-gradient":""},"tablet":{"background-color":"var(--ast-global-color-5)","background-image":"","background-repeat":"repeat","background-position":"center center","background-size":"auto","background-attachment":"scroll","background-type":"","background-media":"","overlay-type":"","overlay-color":"","overlay-opacity":"","overlay-gradient":""},"mobile":{"background-color":"var(--ast-global-color-5)","background-image":"","background-repeat":"repeat","background-position":"center center","background-size":"auto","background-attachment":"scroll","background-type":"","background-media":"","overlay-type":"","overlay-color":"","overlay-opacity":"","overlay-gradient":""}}},"product_cat":[123,15],"product_tag":[],"class_list":{"0":"post-9563","1":"product","2":"type-product","3":"status-publish","4":"has-post-thumbnail","6":"product_cat-video-intercom","7":"product_cat-product","8":"desktop-align-left","9":"tablet-align-left","10":"mobile-align-left","11":"ast-product-gallery-layout-horizontal-slider","12":"ast-product-tabs-layout-horizontal","14":"first","15":"instock","16":"shipping-taxable","17":"product-type-simple"},"_links":{"self":[{"href":"https:\/\/securehubtec.com\/es\/wp-json\/wp\/v2\/product\/9563","targetHints":{"allow":["GET"]}}],"collection":[{"href":"https:\/\/securehubtec.com\/es\/wp-json\/wp\/v2\/product"}],"about":[{"href":"https:\/\/securehubtec.com\/es\/wp-json\/wp\/v2\/types\/product"}],"replies":[{"embeddable":true,"href":"https:\/\/securehubtec.com\/es\/wp-json\/wp\/v2\/comments?post=9563"}],"version-history":[{"count":1,"href":"https:\/\/securehubtec.com\/es\/wp-json\/wp\/v2\/product\/9563\/revisions"}],"predecessor-version":[{"id":9565,"href":"https:\/\/securehubtec.com\/es\/wp-json\/wp\/v2\/product\/9563\/revisions\/9565"}],"wp:featuredmedia":[{"embeddable":true,"href":"https:\/\/securehubtec.com\/es\/wp-json\/wp\/v2\/media\/9564"}],"wp:attachment":[{"href":"https:\/\/securehubtec.com\/es\/wp-json\/wp\/v2\/media?parent=9563"}],"wp:term":[{"taxonomy":"product_cat","embeddable":true,"href":"https:\/\/securehubtec.com\/es\/wp-json\/wp\/v2\/product_cat?post=9563"},{"taxonomy":"product_tag","embeddable":true,"href":"https:\/\/securehubtec.com\/es\/wp-json\/wp\/v2\/product_tag?post=9563"}],"curies":[{"name":"wp","href":"https:\/\/api.w.org\/{rel}","templated":true}]}}