{"id":9539,"date":"2025-10-06T01:19:08","date_gmt":"2025-10-05T17:19:08","guid":{"rendered":"https:\/\/securehubtec.com\/?post_type=product&#038;p=9539"},"modified":"2025-10-06T01:19:09","modified_gmt":"2025-10-05T17:19:09","slug":"outdoor-station-h10","status":"publish","type":"product","link":"https:\/\/securehubtec.com\/es\/producto\/outdoor-station-h10\/","title":{"rendered":"Estaci\u00f3n exterior H10"},"content":{"rendered":"<h3>Estaci\u00f3n exterior H10<\/h3>\n<h3 class=\"header-iWP5WJ auto-hide-last-sibling-br\">Comunicaci\u00f3n bidireccional sin fisuras<\/h3>\n<div class=\"container-Uxvbjy md-box-line-break wrapper-GYqxgQ undefined\"><\/div>\n<div class=\"auto-hide-last-sibling-br paragraph-pP9ZLC paragraph-element br-paragraph-space\">Una de las ventajas m\u00e1s destacadas de nuestro interfono inteligente es su excepcional funci\u00f3n de comunicaci\u00f3n bidireccional. Con\u00a0<strong>Timbre 2 v\u00edas<\/strong>\u00a0y\u00a0<strong>Intercomunicador de 2 v\u00edas<\/strong>\u00a0garantiza conversaciones n\u00edtidas entre residentes y visitantes. En un apartamento, cuando llega un repartidor, puede pulsar f\u00e1cilmente el bot\u00f3n\u00a0<strong>timbre de la puerta del apartamento<\/strong>\u00a0e iniciar un di\u00e1logo a trav\u00e9s del interfono inteligente. Los residentes, tanto si est\u00e1n en el sal\u00f3n como en otra parte del edificio, pueden responder r\u00e1pidamente, haciendo que la comunicaci\u00f3n se realice sin esfuerzo. Esta interacci\u00f3n fluida elimina los malentendidos y mejora la comodidad general de la gesti\u00f3n de las visitas. Adem\u00e1s, la posibilidad de comunicarse a distancia a trav\u00e9s de\u00a0<strong>Porteros autom\u00e1ticos inteligentes<\/strong>\u00a0o\u00a0<strong>Seguridad en el hogar Smart WIFI Visual Portero Autom\u00e1tico<\/strong>\u00a0conectado a tel\u00e9fonos inteligentes significa que, incluso cuando los residentes est\u00e1n fuera, pueden seguir hablando con los que est\u00e1n en la puerta, garantizando que no se pierda ninguna interacci\u00f3n importante.<\/div>\n<p><img fetchpriority=\"high\" decoding=\"async\" class=\"aligncenter wp-image-9328 size-full\" src=\"https:\/\/securehubtec.com\/wp-content\/uploads\/2025\/09\/A.jpg\" alt=\"\" width=\"1280\" height=\"710\" srcset=\"https:\/\/securehubtec.com\/wp-content\/uploads\/2025\/09\/A.jpg 1280w, https:\/\/securehubtec.com\/wp-content\/uploads\/2025\/09\/A-300x166.jpg 300w, https:\/\/securehubtec.com\/wp-content\/uploads\/2025\/09\/A-1024x568.jpg 1024w, https:\/\/securehubtec.com\/wp-content\/uploads\/2025\/09\/A-768x426.jpg 768w, https:\/\/securehubtec.com\/wp-content\/uploads\/2025\/09\/A-18x10.jpg 18w, https:\/\/securehubtec.com\/wp-content\/uploads\/2025\/09\/A-600x333.jpg 600w\" sizes=\"(max-width: 1280px) 100vw, 1280px\" \/><\/p>\n<h3 class=\"header-iWP5WJ auto-hide-last-sibling-br\">Seguridad mejorada con verificaci\u00f3n visual<\/h3>\n<div class=\"container-Uxvbjy md-box-line-break wrapper-GYqxgQ undefined\"><\/div>\n<div class=\"auto-hide-last-sibling-br paragraph-pP9ZLC paragraph-element br-paragraph-space\">La seguridad es una prioridad absoluta, y nuestro interfono inteligente destaca en este aspecto. Equipado con\u00a0<strong>c\u00e1mara timbre<\/strong>\u00a0que se encuentra en dispositivos como\u00a0<strong>C\u00e1mara Timbre<\/strong>\u00a0y\u00a0<strong>C\u00e1mara timbre familiar para apartamento<\/strong>proporciona a los residentes una verificaci\u00f3n visual en tiempo real. Antes de conceder el acceso, los residentes pueden ver qui\u00e9n est\u00e1 en la puerta en dispositivos como el\u00a0<strong>Videoportero con cable de 7 pulgadas<\/strong>\u00a0o el\u00a0<strong>Videoportero de 10,1 pulgadas al mejor precio<\/strong>. Esta caracter\u00edstica act\u00faa como un poderoso elemento disuasorio para posibles intrusos. Por ejemplo, en un edificio residencial, si se acerca una persona desconocida, el residente puede evaluar la situaci\u00f3n y decidir si abre la puerta, a\u00f1adiendo una capa adicional de protecci\u00f3n a su hogar. Adem\u00e1s, la integraci\u00f3n con\u00a0<strong>Sistema de control de acceso<\/strong>\u00a0garantiza que s\u00f3lo entren personas autorizadas, lo que refuerza a\u00fan m\u00e1s la seguridad.<\/div>\n<p><img decoding=\"async\" class=\"aligncenter wp-image-9329 size-full lazyload\" data-src=\"https:\/\/securehubtec.com\/wp-content\/uploads\/2025\/09\/B.jpg\" alt=\"Outdoor Station H10\" width=\"1280\" height=\"961\" data-srcset=\"https:\/\/securehubtec.com\/wp-content\/uploads\/2025\/09\/B.jpg 1280w, https:\/\/securehubtec.com\/wp-content\/uploads\/2025\/09\/B-300x225.jpg 300w, https:\/\/securehubtec.com\/wp-content\/uploads\/2025\/09\/B-1024x769.jpg 1024w, https:\/\/securehubtec.com\/wp-content\/uploads\/2025\/09\/B-768x577.jpg 768w, https:\/\/securehubtec.com\/wp-content\/uploads\/2025\/09\/B-16x12.jpg 16w, https:\/\/securehubtec.com\/wp-content\/uploads\/2025\/09\/B-600x450.jpg 600w\" data-sizes=\"(max-width: 1280px) 100vw, 1280px\" src=\"data:image\/svg+xml;base64,PHN2ZyB3aWR0aD0iMSIgaGVpZ2h0PSIxIiB4bWxucz0iaHR0cDovL3d3dy53My5vcmcvMjAwMC9zdmciPjwvc3ZnPg==\" style=\"--smush-placeholder-width: 1280px; --smush-placeholder-aspect-ratio: 1280\/961;\" \/><\/p>\n<h3 class=\"header-iWP5WJ auto-hide-last-sibling-br\">Opciones de acceso vers\u00e1tiles y flexibles<\/h3>\n<div class=\"container-Uxvbjy md-box-line-break wrapper-GYqxgQ undefined\"><\/div>\n<div class=\"auto-hide-last-sibling-br paragraph-pP9ZLC paragraph-element br-paragraph-space\">Nuestro interfono inteligente ofrece una amplia gama de opciones de acceso, encarnando el concepto de\u00a0<strong>entrada inteligente<\/strong>. Admite\u00a0<strong>Entrada sin llave<\/strong>\u00a0m\u00e9todos como\u00a0<strong>Desbloqueo RFIC<\/strong>que permite a los residentes utilizar tarjetas o incluso sus tel\u00e9fonos inteligentes como llaves. Esto resulta especialmente c\u00f3modo para quienes olvidan a menudo las llaves o prefieren una forma m\u00e1s moderna de acceder a su casa. Adem\u00e1s, el\u00a0<strong>C\u00e1mara Intercom Bloqueo<\/strong>\u00a0combina la identificaci\u00f3n visual con el acceso sin llave, proporcionando una soluci\u00f3n de entrada segura y eficaz. Para los administradores de propiedades, la posibilidad de establecer distintos niveles de acceso mediante PIN p\u00fablicos, de residentes y temporales dentro de la\u00a0<strong>sistemas de control de acceso<\/strong>\u00a0simplifica la gesti\u00f3n de m\u00faltiples usuarios en edificios de apartamentos o complejos comerciales.<\/div>\n<p><img decoding=\"async\" class=\"aligncenter size-full wp-image-9330 lazyload\" data-src=\"https:\/\/securehubtec.com\/wp-content\/uploads\/2025\/09\/C.jpg\" alt=\"\" width=\"1280\" height=\"1053\" data-srcset=\"https:\/\/securehubtec.com\/wp-content\/uploads\/2025\/09\/C.jpg 1280w, https:\/\/securehubtec.com\/wp-content\/uploads\/2025\/09\/C-300x247.jpg 300w, https:\/\/securehubtec.com\/wp-content\/uploads\/2025\/09\/C-1024x842.jpg 1024w, https:\/\/securehubtec.com\/wp-content\/uploads\/2025\/09\/C-768x632.jpg 768w, https:\/\/securehubtec.com\/wp-content\/uploads\/2025\/09\/C-15x12.jpg 15w, https:\/\/securehubtec.com\/wp-content\/uploads\/2025\/09\/C-600x494.jpg 600w\" data-sizes=\"(max-width: 1280px) 100vw, 1280px\" src=\"data:image\/svg+xml;base64,PHN2ZyB3aWR0aD0iMSIgaGVpZ2h0PSIxIiB4bWxucz0iaHR0cDovL3d3dy53My5vcmcvMjAwMC9zdmciPjwvc3ZnPg==\" style=\"--smush-placeholder-width: 1280px; --smush-placeholder-aspect-ratio: 1280\/1053;\" \/><\/p>\n<h3 class=\"header-iWP5WJ auto-hide-last-sibling-br\">Robusto y duradero para todos los entornos<\/h3>\n<div class=\"container-Uxvbjy md-box-line-break wrapper-GYqxgQ undefined\"><\/div>\n<div class=\"auto-hide-last-sibling-br paragraph-pP9ZLC paragraph-element br-paragraph-space\">Fabricados para soportar diversas condiciones ambientales, nuestros productos de interfon\u00eda inteligente como el\u00a0<strong>Timbre de puerta exterior impermeable<\/strong>\u00a0y\u00a0<strong>IP65 Timbre para Villa<\/strong>\u00a0son muy duraderos. Ya se trate de luz solar intensa, lluvia torrencial o fr\u00edo extremo, estos dispositivos mantienen su funcionalidad. En una casa de campo, donde el timbre est\u00e1 expuesto a los elementos, el timbre con clasificaci\u00f3n IP65 garantiza un rendimiento fiable a lo largo del tiempo. Esta durabilidad no s\u00f3lo reduce la necesidad de sustituciones frecuentes, sino que tambi\u00e9n garantiza unos servicios de seguridad y comunicaci\u00f3n constantes, lo que lo convierte en una opci\u00f3n rentable y pr\u00e1ctica para diferentes propiedades.<\/div>\n<p><img decoding=\"async\" class=\"aligncenter size-full wp-image-9331 lazyload\" data-src=\"https:\/\/securehubtec.com\/wp-content\/uploads\/2025\/09\/D.jpg\" alt=\"\" width=\"1280\" height=\"620\" data-srcset=\"https:\/\/securehubtec.com\/wp-content\/uploads\/2025\/09\/D.jpg 1280w, https:\/\/securehubtec.com\/wp-content\/uploads\/2025\/09\/D-300x145.jpg 300w, https:\/\/securehubtec.com\/wp-content\/uploads\/2025\/09\/D-1024x496.jpg 1024w, https:\/\/securehubtec.com\/wp-content\/uploads\/2025\/09\/D-768x372.jpg 768w, https:\/\/securehubtec.com\/wp-content\/uploads\/2025\/09\/D-18x9.jpg 18w, https:\/\/securehubtec.com\/wp-content\/uploads\/2025\/09\/D-600x291.jpg 600w\" data-sizes=\"(max-width: 1280px) 100vw, 1280px\" src=\"data:image\/svg+xml;base64,PHN2ZyB3aWR0aD0iMSIgaGVpZ2h0PSIxIiB4bWxucz0iaHR0cDovL3d3dy53My5vcmcvMjAwMC9zdmciPjwvc3ZnPg==\" style=\"--smush-placeholder-width: 1280px; --smush-placeholder-aspect-ratio: 1280\/620;\" \/><\/p>\n<div class=\"ace-line\" dir=\"auto\" data-node=\"true\">\n<h3 class=\"header-iWP5WJ auto-hide-last-sibling-br\">Integraci\u00f3n y personalizaci\u00f3n completas<\/h3>\n<div class=\"container-Uxvbjy md-box-line-break wrapper-GYqxgQ undefined\"><\/div>\n<div class=\"auto-hide-last-sibling-br paragraph-pP9ZLC paragraph-element br-paragraph-space\">\n<p>Nuestro interfono inteligente est\u00e1 dise\u00f1ado para una integraci\u00f3n y personalizaci\u00f3n completas. Puede formar parte de un\u00a0<strong>Kit de videoportero<\/strong>\u00a0o integrado con otros dispositivos de seguridad como\u00a0<strong>taquilla inteligente segura<\/strong>\u00a0sistemas. El sitio\u00a0<strong>Puerto RS485<\/strong> en muchos de nuestros dispositivos permite una f\u00e1cil conexi\u00f3n a dispositivos de expansi\u00f3n, lo que permite una mayor personalizaci\u00f3n seg\u00fan las necesidades espec\u00edficas. Adem\u00e1s, los diferentes tama\u00f1os de pantalla, como las opciones de 7 - pulgadas y 10,1 - pulgadas en los interfonos de v\u00eddeo, proporcionan flexibilidad a la hora de elegir el dispositivo adecuado para las diferentes ubicaciones de instalaci\u00f3n y preferencias de los usuarios. Este nivel de integraci\u00f3n y personalizaci\u00f3n garantiza que nuestro interfono inteligente pueda satisfacer los diversos requisitos de propietarios de viviendas, administradores de propiedades y empresas, ofreciendo realmente una soluci\u00f3n de seguridad y comunicaci\u00f3n a medida.<\/p>\n<p><strong><b>Las im\u00e1genes y v\u00eddeos publicitarios permiten a los usuarios personalizar contenidos relacionados con los servicios, productos o VI de su empresa.<\/b><\/strong><\/p>\n<p><strong><b>Tuya Home permite llamar a diferentes habitaciones (opcional, admite hasta 1000 hogares).<\/b><\/strong><\/p>\n<p><strong><b>El modo de prensa directa (directorio de salas) ofrece a los visitantes una excelente experiencia de usuario. \u00a0\u00a0<\/b><\/strong><strong><b><br \/>\n<\/b><\/strong><strong><b><br \/>\n<\/b><\/strong><strong><b>Elecci\u00f3n inteligente y segura para el hogar<\/b><\/strong><\/p>\n<p><strong><b>La estaci\u00f3n exterior inteligente est\u00e1 dise\u00f1ada para ofrecer una experiencia de usuario visualmente impactante e intuitiva. Aporta una serie de nuevas funciones innovadoras para proporcionar una soluci\u00f3n totalmente personalizable para el control de acceso de inquilinos y visitantes en condominios, edificios de apartamentos, edificios de oficinas, comunidades cerradas y edificios industriales.<\/b><\/strong><\/p>\n<\/div>\n<\/div>","protected":false},"excerpt":{"rendered":"<p><strong><span style=\"color: #ffcc00;\">Dimensi\u00f3n\uff1a 322x170x20 mm<\/span><\/strong><br \/>\n<strong><span style=\"color: #ffcc00;\">V\u00eddeo portero\uff1a<br \/>\n<\/span><\/strong><span style=\"margin: 120px;\">Con monitor inteligente o estaci\u00f3n de vigilancia<\/span><br \/>\n<span style=\"margin: 120px;\">Con Outdoor Station o Tuya App<\/span><br \/>\n<span style=\"margin: 120px;\">Con SIP Standard 3er dispositivo<\/span><br \/>\n<strong><span style=\"color: #ffcc00;\">Control de acceso\uff1a<\/span><\/strong><br \/>\n<span style=\"margin: 120px;\">Reconocimiento facial<\/span><br \/>\n<span style=\"margin: 120px;\">Tarjeta IC o identificaci\u00f3n NFC<\/span><br \/>\n<span style=\"margin: 120px;\">Identificaci\u00f3n PIN<\/span><br \/>\nSistema Linux | Tuya Home: 1~1000 | Cancelaci\u00f3n de Eco<br \/>\nUn toque para llamar | Conectar a NVR<br \/>\nPublicidad de im\u00e1genes personalizable | Salida de se\u00f1al de rel\u00e9 de 4 canales ampliable<br \/>\nProtocolo SIP | Fuente de alimentaci\u00f3n DC12V<br \/>\n2M P\u00edxeles, C\u00e1mara de Doble Lente | <strong><span style=\"color: #ff0000;\">800*1280 Resoluci\u00f3n 8\" IPS LCD<\/span><\/strong><br \/>\nCapacidad de entrada t\u00e1ctil | Tarjeta de acceso de 13,56 MHz y NFC<br \/>\nAluminio + Cristal templado | V\u00eddeo H.264\/H.265, Audio G.711<br \/>\nAltavoz incorporado 8R1W Tono de llamada \u226570dB | Potencia de trabajo &lt; 10W<br \/>\nTemperatura de trabajo -20\u2103 ~ +50\u2103 | Montaje en pared<br \/>\nIP65 nivel IP | Wi-Fi es opcional, con antena externa<br \/>\nLa cubierta para la lluvia es opcional<br \/>\n<strong><span style=\"color: #ffcc00;\">Descripci\u00f3n de la interfaz<\/span><\/strong><br \/>\nPuerto de red RJ45 | Puerto de entrada de alimentaci\u00f3n<br \/>\nSalida de se\u00f1al de rel\u00e9, 1 v\u00eda | Puerto RS485<\/p>","protected":false},"featured_media":9540,"comment_status":"open","ping_status":"closed","template":"","meta":{"site-sidebar-layout":"default","site-content-layout":"","ast-site-content-layout":"default","site-content-style":"default","site-sidebar-style":"default","ast-global-header-display":"","ast-banner-title-visibility":"","ast-main-header-display":"","ast-hfb-above-header-display":"","ast-hfb-below-header-display":"","ast-hfb-mobile-header-display":"","site-post-title":"","ast-breadcrumbs-content":"","ast-featured-img":"","footer-sml-layout":"","theme-transparent-header-meta":"default","adv-header-id-meta":"","stick-header-meta":"default","header-above-stick-meta":"","header-main-stick-meta":"","header-below-stick-meta":"","astra-migrate-meta-layouts":"set","ast-page-background-enabled":"default","ast-page-background-meta":{"desktop":{"background-color":"","background-image":"","background-repeat":"repeat","background-position":"center center","background-size":"auto","background-attachment":"scroll","background-type":"","background-media":"","overlay-type":"","overlay-color":"","overlay-opacity":"","overlay-gradient":""},"tablet":{"background-color":"","background-image":"","background-repeat":"repeat","background-position":"center center","background-size":"auto","background-attachment":"scroll","background-type":"","background-media":"","overlay-type":"","overlay-color":"","overlay-opacity":"","overlay-gradient":""},"mobile":{"background-color":"","background-image":"","background-repeat":"repeat","background-position":"center center","background-size":"auto","background-attachment":"scroll","background-type":"","background-media":"","overlay-type":"","overlay-color":"","overlay-opacity":"","overlay-gradient":""}},"ast-content-background-meta":{"desktop":{"background-color":"var(--ast-global-color-5)","background-image":"","background-repeat":"repeat","background-position":"center center","background-size":"auto","background-attachment":"scroll","background-type":"","background-media":"","overlay-type":"","overlay-color":"","overlay-opacity":"","overlay-gradient":""},"tablet":{"background-color":"var(--ast-global-color-5)","background-image":"","background-repeat":"repeat","background-position":"center center","background-size":"auto","background-attachment":"scroll","background-type":"","background-media":"","overlay-type":"","overlay-color":"","overlay-opacity":"","overlay-gradient":""},"mobile":{"background-color":"var(--ast-global-color-5)","background-image":"","background-repeat":"repeat","background-position":"center center","background-size":"auto","background-attachment":"scroll","background-type":"","background-media":"","overlay-type":"","overlay-color":"","overlay-opacity":"","overlay-gradient":""}}},"product_cat":[123,15],"product_tag":[],"class_list":{"0":"post-9539","1":"product","2":"type-product","3":"status-publish","4":"has-post-thumbnail","6":"product_cat-video-intercom","7":"product_cat-product","8":"desktop-align-left","9":"tablet-align-left","10":"mobile-align-left","11":"ast-product-gallery-layout-horizontal-slider","12":"ast-product-gallery-with-no-image","13":"ast-product-tabs-layout-horizontal","15":"first","16":"instock","17":"shipping-taxable","18":"product-type-simple"},"_links":{"self":[{"href":"https:\/\/securehubtec.com\/es\/wp-json\/wp\/v2\/product\/9539","targetHints":{"allow":["GET"]}}],"collection":[{"href":"https:\/\/securehubtec.com\/es\/wp-json\/wp\/v2\/product"}],"about":[{"href":"https:\/\/securehubtec.com\/es\/wp-json\/wp\/v2\/types\/product"}],"replies":[{"embeddable":true,"href":"https:\/\/securehubtec.com\/es\/wp-json\/wp\/v2\/comments?post=9539"}],"version-history":[{"count":1,"href":"https:\/\/securehubtec.com\/es\/wp-json\/wp\/v2\/product\/9539\/revisions"}],"predecessor-version":[{"id":9541,"href":"https:\/\/securehubtec.com\/es\/wp-json\/wp\/v2\/product\/9539\/revisions\/9541"}],"wp:featuredmedia":[{"embeddable":true,"href":"https:\/\/securehubtec.com\/es\/wp-json\/wp\/v2\/media\/9540"}],"wp:attachment":[{"href":"https:\/\/securehubtec.com\/es\/wp-json\/wp\/v2\/media?parent=9539"}],"wp:term":[{"taxonomy":"product_cat","embeddable":true,"href":"https:\/\/securehubtec.com\/es\/wp-json\/wp\/v2\/product_cat?post=9539"},{"taxonomy":"product_tag","embeddable":true,"href":"https:\/\/securehubtec.com\/es\/wp-json\/wp\/v2\/product_tag?post=9539"}],"curies":[{"name":"wp","href":"https:\/\/api.w.org\/{rel}","templated":true}]}}