{"id":9486,"date":"2025-10-03T23:56:23","date_gmt":"2025-10-03T15:56:23","guid":{"rendered":"https:\/\/securehubtec.com\/?page_id=9486"},"modified":"2025-10-03T23:56:23","modified_gmt":"2025-10-03T15:56:23","slug":"security-alarm-system","status":"publish","type":"page","link":"https:\/\/securehubtec.com\/es\/security-alarm-system\/","title":{"rendered":"Sistema de alarma de seguridad"},"content":{"rendered":"<h1 class=\"header-iWP5WJ auto-hide-last-sibling-br\">Sistema de alarma de seguridad avanzado: Salvaguarde su espacio con protecci\u00f3n inteligente<\/h1>\n<div class=\"container-Uxvbjy md-box-line-break wrapper-GYqxgQ undefined\"><\/div>\n<div class=\"auto-hide-last-sibling-br paragraph-pP9ZLC paragraph-element br-paragraph-space\">En el mundo actual, garantizar la seguridad de hogares, oficinas y propiedades diversas es una prioridad absoluta. Nuestro sistema de alarma de seguridad ofrece una soluci\u00f3n completa e inteligente que combina tecnolog\u00eda punta con un dise\u00f1o f\u00e1cil de usar para proporcionar protecci\u00f3n las 24 horas del d\u00eda. Ya sea para uso residencial, edificios comerciales o instalaciones industriales, este sistema est\u00e1 dise\u00f1ado para detectar amenazas potenciales con rapidez y responder con eficacia.<\/div>\n<p><img fetchpriority=\"high\" decoding=\"async\" class=\"aligncenter size-full wp-image-9488\" src=\"https:\/\/securehubtec.com\/wp-content\/uploads\/2025\/10\/Smart-Video-Intercom-w-1.jpg\" alt=\"\" width=\"1000\" height=\"764\" srcset=\"https:\/\/securehubtec.com\/wp-content\/uploads\/2025\/10\/Smart-Video-Intercom-w-1.jpg 1000w, https:\/\/securehubtec.com\/wp-content\/uploads\/2025\/10\/Smart-Video-Intercom-w-1-300x229.jpg 300w, https:\/\/securehubtec.com\/wp-content\/uploads\/2025\/10\/Smart-Video-Intercom-w-1-768x587.jpg 768w, https:\/\/securehubtec.com\/wp-content\/uploads\/2025\/10\/Smart-Video-Intercom-w-1-16x12.jpg 16w, https:\/\/securehubtec.com\/wp-content\/uploads\/2025\/10\/Smart-Video-Intercom-w-1-600x458.jpg 600w\" sizes=\"(max-width: 1000px) 100vw, 1000px\" \/>El monitor de interior del sistema act\u00faa como concentrador central, equipado con varios puertos para una integraci\u00f3n perfecta. El puerto RJ45 es compatible con POE 802.3af, lo que permite una f\u00e1cil conexi\u00f3n a la red enchuf\u00e1ndolo a un puerto de conmutaci\u00f3n. Dispone de puertos de entrada (DC12V\/500mA) y salida de alimentaci\u00f3n para suministrar energ\u00eda a los equipos de la zona de seguridad. El puerto RS485 permite la conexi\u00f3n a dispositivos de expansi\u00f3n, y el puerto de seguridad proporciona entradas de alarma de seguridad de 4 v\u00edas para se\u00f1ales como SOS, alarmas de gas y alarmas de humo. Por ejemplo, se puede instalar un bot\u00f3n SOS cerca del inodoro en el cuarto de ba\u00f1o, un detector de humo en la cocina (alimentado por el monitor), un detector de gas tambi\u00e9n en la cocina (alimentado por el monitor) y un detector de infrarrojos en las zonas adecuadas (alimentado por el monitor). Todos estos dispositivos pueden conectarse con los cables recomendados (como RVV2<em>0,3 o superior, RVV4<\/em>0,3 o superior) a una distancia de 30 metros, lo que garantiza una transmisi\u00f3n fiable de la se\u00f1al.<br \/>\n<img decoding=\"async\" class=\"aligncenter size-full wp-image-9489 lazyload\" data-src=\"https:\/\/securehubtec.com\/wp-content\/uploads\/2025\/10\/Smart-Video-Intercom-x.jpg\" alt=\"\" width=\"1000\" height=\"615\" data-srcset=\"https:\/\/securehubtec.com\/wp-content\/uploads\/2025\/10\/Smart-Video-Intercom-x.jpg 1000w, https:\/\/securehubtec.com\/wp-content\/uploads\/2025\/10\/Smart-Video-Intercom-x-300x185.jpg 300w, https:\/\/securehubtec.com\/wp-content\/uploads\/2025\/10\/Smart-Video-Intercom-x-768x472.jpg 768w, https:\/\/securehubtec.com\/wp-content\/uploads\/2025\/10\/Smart-Video-Intercom-x-18x12.jpg 18w, https:\/\/securehubtec.com\/wp-content\/uploads\/2025\/10\/Smart-Video-Intercom-x-600x369.jpg 600w\" data-sizes=\"(max-width: 1000px) 100vw, 1000px\" src=\"data:image\/svg+xml;base64,PHN2ZyB3aWR0aD0iMSIgaGVpZ2h0PSIxIiB4bWxucz0iaHR0cDovL3d3dy53My5vcmcvMjAwMC9zdmciPjwvc3ZnPg==\" style=\"--smush-placeholder-width: 1000px; --smush-placeholder-aspect-ratio: 1000\/615;\" \/><br \/>\nComo complemento del monitor de interior est\u00e1 la c\u00e1mara de timbre de puerta, que a\u00f1ade una capa adicional de seguridad en el punto de entrada. Su puerto RJ45 tambi\u00e9n admite POE 802.3af para conexi\u00f3n de red. Los cables de conexi\u00f3n ofrecen varias funciones: ambos cables verdes proporcionan una se\u00f1al de puerta abierta de contacto seco de 1 v\u00eda; un cortocircuito de ADMIN con la masa activa el modo de registro de la tarjeta de administrador; un cortocircuito de PUSH con la masa activa la se\u00f1al de puerta abierta; hay un bot\u00f3n de reinicio para reiniciar el sistema; la conexi\u00f3n RS485 (cable azul B, cable amarillo A) enlaza con un controlador de puerta de 4 v\u00edas; y la alimentaci\u00f3n se suministra a trav\u00e9s del cable rojo (CC12 V) y el cable negro (masa GND, entrada CC12 V\/500 mA). Con definiciones de cableado claras (NO, COM, ADD_C, PUSH, GND, RESET, 485A, 485B, DC12V, etc.), la c\u00e1mara de timbre garantiza una comunicaci\u00f3n y un control fluidos con otros componentes del sistema, mejorando la configuraci\u00f3n de seguridad general al supervisar y gestionar el acceso a la puerta mientras trabaja en t\u00e1ndem con los dispositivos de seguridad interiores. Juntos, el monitor de interior y la c\u00e1mara de timbre forman un robusto sistema de alarma de seguridad que no s\u00f3lo detecta intrusiones y peligros, sino que tambi\u00e9n gestiona el acceso de forma eficaz, d\u00e1ndole la tranquilidad de saber que su espacio est\u00e1 bien protegido.<\/p>","protected":false},"excerpt":{"rendered":"<p>Advanced Security Alarm System: Safeguard Your Space with Intelligent Protection In today&#8217;s world, ensuring the safety of homes, offices, and [&hellip;]<\/p>","protected":false},"author":1,"featured_media":9487,"parent":0,"menu_order":0,"comment_status":"closed","ping_status":"closed","template":"","meta":{"site-sidebar-layout":"default","site-content-layout":"","ast-site-content-layout":"default","site-content-style":"default","site-sidebar-style":"default","ast-global-header-display":"","ast-banner-title-visibility":"","ast-main-header-display":"","ast-hfb-above-header-display":"","ast-hfb-below-header-display":"","ast-hfb-mobile-header-display":"","site-post-title":"","ast-breadcrumbs-content":"","ast-featured-img":"","footer-sml-layout":"","theme-transparent-header-meta":"default","adv-header-id-meta":"","stick-header-meta":"default","header-above-stick-meta":"","header-main-stick-meta":"","header-below-stick-meta":"","astra-migrate-meta-layouts":"set","ast-page-background-enabled":"default","ast-page-background-meta":{"desktop":{"background-color":"","background-image":"","background-repeat":"repeat","background-position":"center center","background-size":"auto","background-attachment":"scroll","background-type":"","background-media":"","overlay-type":"","overlay-color":"","overlay-opacity":"","overlay-gradient":""},"tablet":{"background-color":"","background-image":"","background-repeat":"repeat","background-position":"center center","background-size":"auto","background-attachment":"scroll","background-type":"","background-media":"","overlay-type":"","overlay-color":"","overlay-opacity":"","overlay-gradient":""},"mobile":{"background-color":"","background-image":"","background-repeat":"repeat","background-position":"center center","background-size":"auto","background-attachment":"scroll","background-type":"","background-media":"","overlay-type":"","overlay-color":"","overlay-opacity":"","overlay-gradient":""}},"ast-content-background-meta":{"desktop":{"background-color":"var(--ast-global-color-5)","background-image":"","background-repeat":"repeat","background-position":"center center","background-size":"auto","background-attachment":"scroll","background-type":"","background-media":"","overlay-type":"","overlay-color":"","overlay-opacity":"","overlay-gradient":""},"tablet":{"background-color":"var(--ast-global-color-5)","background-image":"","background-repeat":"repeat","background-position":"center center","background-size":"auto","background-attachment":"scroll","background-type":"","background-media":"","overlay-type":"","overlay-color":"","overlay-opacity":"","overlay-gradient":""},"mobile":{"background-color":"var(--ast-global-color-5)","background-image":"","background-repeat":"repeat","background-position":"center center","background-size":"auto","background-attachment":"scroll","background-type":"","background-media":"","overlay-type":"","overlay-color":"","overlay-opacity":"","overlay-gradient":""}},"footnotes":""},"class_list":["post-9486","page","type-page","status-publish","has-post-thumbnail","hentry"],"_links":{"self":[{"href":"https:\/\/securehubtec.com\/es\/wp-json\/wp\/v2\/pages\/9486","targetHints":{"allow":["GET"]}}],"collection":[{"href":"https:\/\/securehubtec.com\/es\/wp-json\/wp\/v2\/pages"}],"about":[{"href":"https:\/\/securehubtec.com\/es\/wp-json\/wp\/v2\/types\/page"}],"author":[{"embeddable":true,"href":"https:\/\/securehubtec.com\/es\/wp-json\/wp\/v2\/users\/1"}],"replies":[{"embeddable":true,"href":"https:\/\/securehubtec.com\/es\/wp-json\/wp\/v2\/comments?post=9486"}],"version-history":[{"count":2,"href":"https:\/\/securehubtec.com\/es\/wp-json\/wp\/v2\/pages\/9486\/revisions"}],"predecessor-version":[{"id":9492,"href":"https:\/\/securehubtec.com\/es\/wp-json\/wp\/v2\/pages\/9486\/revisions\/9492"}],"wp:featuredmedia":[{"embeddable":true,"href":"https:\/\/securehubtec.com\/es\/wp-json\/wp\/v2\/media\/9487"}],"wp:attachment":[{"href":"https:\/\/securehubtec.com\/es\/wp-json\/wp\/v2\/media?parent=9486"}],"curies":[{"name":"wp","href":"https:\/\/api.w.org\/{rel}","templated":true}]}}