{"id":9479,"date":"2025-10-03T23:44:44","date_gmt":"2025-10-03T15:44:44","guid":{"rendered":"https:\/\/securehubtec.com\/?page_id=9479"},"modified":"2025-10-03T23:44:44","modified_gmt":"2025-10-03T15:44:44","slug":"access-control-system","status":"publish","type":"page","link":"https:\/\/securehubtec.com\/es\/access-control-system\/","title":{"rendered":"Sistema de control de acceso"},"content":{"rendered":"<div class=\"auto-hide-last-sibling-br paragraph-pP9ZLC paragraph-element br-paragraph-space\">\n<h1 class=\"header-iWP5WJ auto-hide-last-sibling-br\">Aumente la seguridad con nuestro vanguardista sistema de control de acceso<\/h1>\n<div class=\"container-Uxvbjy md-box-line-break wrapper-GYqxgQ undefined\"><\/div>\n<div class=\"auto-hide-last-sibling-br paragraph-pP9ZLC paragraph-element br-paragraph-space\">En una \u00e9poca en la que la seguridad es primordial para hogares, empresas e instalaciones de todo tipo, nuestro sistema de control de accesos supone un cambio radical. Est\u00e1 meticulosamente dise\u00f1ado para proporcionar protecci\u00f3n, comodidad y adaptabilidad de primer nivel, garantizando que s\u00f3lo las personas autorizadas accedan a las zonas restringidas. Tanto si est\u00e1 protegiendo un complejo residencial, un bullicioso edificio comercial o una extensa planta industrial, este sistema es su guardi\u00e1n de confianza.<\/div>\n<\/div>\n<p><img fetchpriority=\"high\" decoding=\"async\" class=\"aligncenter size-full wp-image-9481\" src=\"https:\/\/securehubtec.com\/wp-content\/uploads\/2025\/10\/Smart-Video-Intercom-u-1.jpg\" alt=\"\" width=\"1000\" height=\"973\" srcset=\"https:\/\/securehubtec.com\/wp-content\/uploads\/2025\/10\/Smart-Video-Intercom-u-1.jpg 1000w, https:\/\/securehubtec.com\/wp-content\/uploads\/2025\/10\/Smart-Video-Intercom-u-1-300x292.jpg 300w, https:\/\/securehubtec.com\/wp-content\/uploads\/2025\/10\/Smart-Video-Intercom-u-1-768x747.jpg 768w, https:\/\/securehubtec.com\/wp-content\/uploads\/2025\/10\/Smart-Video-Intercom-u-1-12x12.jpg 12w, https:\/\/securehubtec.com\/wp-content\/uploads\/2025\/10\/Smart-Video-Intercom-u-1-600x584.jpg 600w\" sizes=\"(max-width: 1000px) 100vw, 1000px\" \/>El n\u00facleo de nuestra soluci\u00f3n es la robusta estaci\u00f3n exterior. Cuenta con un puerto de salida de se\u00f1al de contacto seco (NC, normal abierto), que permite una integraci\u00f3n perfecta con componentes de seguridad como cerraduras el\u00e9ctricas magn\u00e9ticas. El puerto RS485, compatible con dispositivos de expansi\u00f3n RS485A\/RS485B, permite ampliar f\u00e1cilmente el sistema. \u00bfNecesita a\u00f1adir m\u00e1s puntos de acceso o conectar sensores de seguridad adicionales? Nuestro sistema se adapta sin esfuerzo a la evoluci\u00f3n de sus necesidades de seguridad. Adem\u00e1s, la instalaci\u00f3n es muy sencilla: la estaci\u00f3n exterior funciona con una sencilla fuente de alimentaci\u00f3n de 12 V CC (evite conectarla a 220 CA u otros voltajes para garantizar la seguridad y un rendimiento \u00f3ptimo), y el puerto RJ45 simplifica la conexi\u00f3n a la red con s\u00f3lo conectarla a un puerto de conmutaci\u00f3n seg\u00fan la norma T-568B.<br \/>\n<img decoding=\"async\" class=\"aligncenter size-full wp-image-9482 lazyload\" data-src=\"https:\/\/securehubtec.com\/wp-content\/uploads\/2025\/10\/Smart-Video-Intercom-v.jpg\" alt=\"\" width=\"1000\" height=\"1398\" data-srcset=\"https:\/\/securehubtec.com\/wp-content\/uploads\/2025\/10\/Smart-Video-Intercom-v.jpg 1000w, https:\/\/securehubtec.com\/wp-content\/uploads\/2025\/10\/Smart-Video-Intercom-v-215x300.jpg 215w, https:\/\/securehubtec.com\/wp-content\/uploads\/2025\/10\/Smart-Video-Intercom-v-732x1024.jpg 732w, https:\/\/securehubtec.com\/wp-content\/uploads\/2025\/10\/Smart-Video-Intercom-v-768x1074.jpg 768w, https:\/\/securehubtec.com\/wp-content\/uploads\/2025\/10\/Smart-Video-Intercom-v-9x12.jpg 9w, https:\/\/securehubtec.com\/wp-content\/uploads\/2025\/10\/Smart-Video-Intercom-v-300x419.jpg 300w, https:\/\/securehubtec.com\/wp-content\/uploads\/2025\/10\/Smart-Video-Intercom-v-600x839.jpg 600w\" data-sizes=\"(max-width: 1000px) 100vw, 1000px\" src=\"data:image\/svg+xml;base64,PHN2ZyB3aWR0aD0iMSIgaGVpZ2h0PSIxIiB4bWxucz0iaHR0cDovL3d3dy53My5vcmcvMjAwMC9zdmciPjwvc3ZnPg==\" style=\"--smush-placeholder-width: 1000px; --smush-placeholder-aspect-ratio: 1000\/1398;\" \/><br \/>\nNuestro sistema ofrece un conjunto completo de opciones de control de acceso. Cuando se combina con una fuente de alimentaci\u00f3n de control de acceso, funciona en perfecta armon\u00eda con botones de salida y cerraduras magn\u00e9ticas el\u00e9ctricas. Presente una credencial de acceso v\u00e1lida en la estaci\u00f3n exterior, y el sistema verificar\u00e1 y enviar\u00e1 r\u00e1pidamente una se\u00f1al de desbloqueo. Para una mayor seguridad, el controlador de acceso RS485 va m\u00e1s all\u00e1, permitiendo una gesti\u00f3n precisa de qui\u00e9n puede entrar en \u00e1reas espec\u00edficas y cu\u00e1ndo. Adem\u00e1s, con la salida de se\u00f1al de rel\u00e9 de contacto seco de 4 canales y el controlador de puerta de 4 v\u00edas, la gesti\u00f3n simult\u00e1nea de varias puertas se realiza sin esfuerzo, lo que resulta ideal para propiedades a gran escala, como apartamentos de gran altura o extensos campus industriales. En resumen, nuestro sistema de control de accesos no es s\u00f3lo un dispositivo de seguridad; es una soluci\u00f3n completa e innovadora que combina tecnolog\u00eda avanzada, facilidad de uso y adaptabilidad. Actual\u00edcese hoy mismo y disfrute de la tranquilidad que proporciona un control de accesos de primera clase.<\/p>","protected":false},"excerpt":{"rendered":"<p>Elevate Security with Our Cutting &#8211; Edge Access Control System In an era where security is paramount for homes, businesses, [&hellip;]<\/p>","protected":false},"author":1,"featured_media":9480,"parent":0,"menu_order":0,"comment_status":"closed","ping_status":"closed","template":"","meta":{"site-sidebar-layout":"default","site-content-layout":"","ast-site-content-layout":"default","site-content-style":"default","site-sidebar-style":"default","ast-global-header-display":"","ast-banner-title-visibility":"","ast-main-header-display":"","ast-hfb-above-header-display":"","ast-hfb-below-header-display":"","ast-hfb-mobile-header-display":"","site-post-title":"","ast-breadcrumbs-content":"","ast-featured-img":"","footer-sml-layout":"","theme-transparent-header-meta":"default","adv-header-id-meta":"","stick-header-meta":"default","header-above-stick-meta":"","header-main-stick-meta":"","header-below-stick-meta":"","astra-migrate-meta-layouts":"set","ast-page-background-enabled":"default","ast-page-background-meta":{"desktop":{"background-color":"","background-image":"","background-repeat":"repeat","background-position":"center center","background-size":"auto","background-attachment":"scroll","background-type":"","background-media":"","overlay-type":"","overlay-color":"","overlay-opacity":"","overlay-gradient":""},"tablet":{"background-color":"","background-image":"","background-repeat":"repeat","background-position":"center center","background-size":"auto","background-attachment":"scroll","background-type":"","background-media":"","overlay-type":"","overlay-color":"","overlay-opacity":"","overlay-gradient":""},"mobile":{"background-color":"","background-image":"","background-repeat":"repeat","background-position":"center center","background-size":"auto","background-attachment":"scroll","background-type":"","background-media":"","overlay-type":"","overlay-color":"","overlay-opacity":"","overlay-gradient":""}},"ast-content-background-meta":{"desktop":{"background-color":"var(--ast-global-color-5)","background-image":"","background-repeat":"repeat","background-position":"center center","background-size":"auto","background-attachment":"scroll","background-type":"","background-media":"","overlay-type":"","overlay-color":"","overlay-opacity":"","overlay-gradient":""},"tablet":{"background-color":"var(--ast-global-color-5)","background-image":"","background-repeat":"repeat","background-position":"center center","background-size":"auto","background-attachment":"scroll","background-type":"","background-media":"","overlay-type":"","overlay-color":"","overlay-opacity":"","overlay-gradient":""},"mobile":{"background-color":"var(--ast-global-color-5)","background-image":"","background-repeat":"repeat","background-position":"center center","background-size":"auto","background-attachment":"scroll","background-type":"","background-media":"","overlay-type":"","overlay-color":"","overlay-opacity":"","overlay-gradient":""}},"footnotes":""},"class_list":["post-9479","page","type-page","status-publish","has-post-thumbnail","hentry"],"_links":{"self":[{"href":"https:\/\/securehubtec.com\/es\/wp-json\/wp\/v2\/pages\/9479","targetHints":{"allow":["GET"]}}],"collection":[{"href":"https:\/\/securehubtec.com\/es\/wp-json\/wp\/v2\/pages"}],"about":[{"href":"https:\/\/securehubtec.com\/es\/wp-json\/wp\/v2\/types\/page"}],"author":[{"embeddable":true,"href":"https:\/\/securehubtec.com\/es\/wp-json\/wp\/v2\/users\/1"}],"replies":[{"embeddable":true,"href":"https:\/\/securehubtec.com\/es\/wp-json\/wp\/v2\/comments?post=9479"}],"version-history":[{"count":2,"href":"https:\/\/securehubtec.com\/es\/wp-json\/wp\/v2\/pages\/9479\/revisions"}],"predecessor-version":[{"id":9485,"href":"https:\/\/securehubtec.com\/es\/wp-json\/wp\/v2\/pages\/9479\/revisions\/9485"}],"wp:featuredmedia":[{"embeddable":true,"href":"https:\/\/securehubtec.com\/es\/wp-json\/wp\/v2\/media\/9480"}],"wp:attachment":[{"href":"https:\/\/securehubtec.com\/es\/wp-json\/wp\/v2\/media?parent=9479"}],"curies":[{"name":"wp","href":"https:\/\/api.w.org\/{rel}","templated":true}]}}