{"id":9471,"date":"2025-10-03T01:16:19","date_gmt":"2025-10-02T17:16:19","guid":{"rendered":"https:\/\/securehubtec.com\/?page_id=9471"},"modified":"2025-10-03T23:26:17","modified_gmt":"2025-10-03T15:26:17","slug":"elevator-control-solution","status":"publish","type":"page","link":"https:\/\/securehubtec.com\/es\/elevator-control-solution\/","title":{"rendered":"Soluci\u00f3n de control de ascensores"},"content":{"rendered":"<h1 class=\"header-iWP5WJ auto-hide-last-sibling-br\">Soluci\u00f3n de control de ascensores: Redefinir la eficiencia y la seguridad de los edificios<\/h1>\n<div class=\"container-Uxvbjy md-box-line-break wrapper-GYqxgQ undefined\"><\/div>\n<div class=\"auto-hide-last-sibling-br paragraph-pP9ZLC paragraph-element br-paragraph-space\">En el \u00e1mbito de la gesti\u00f3n de edificios modernos, la eficiencia y la seguridad son primordiales. Nuestra soluci\u00f3n de control de ascensores cambia las reglas del juego, ya que se integra a la perfecci\u00f3n con los sistemas de ascensores para revolucionar la gesti\u00f3n del acceso a edificios residenciales y comerciales. Esta soluci\u00f3n no se limita a controlar el funcionamiento de los ascensores, sino que crea un entorno m\u00e1s inteligente, seguro y f\u00e1cil de usar tanto para los residentes como para los visitantes.<\/div>\n<p><img fetchpriority=\"high\" decoding=\"async\" class=\"aligncenter size-full wp-image-9473\" src=\"https:\/\/securehubtec.com\/wp-content\/uploads\/2025\/10\/Smart-Video-Intercom-s.jpg\" alt=\"\" width=\"1100\" height=\"1006\" srcset=\"https:\/\/securehubtec.com\/wp-content\/uploads\/2025\/10\/Smart-Video-Intercom-s.jpg 1100w, https:\/\/securehubtec.com\/wp-content\/uploads\/2025\/10\/Smart-Video-Intercom-s-300x274.jpg 300w, https:\/\/securehubtec.com\/wp-content\/uploads\/2025\/10\/Smart-Video-Intercom-s-1024x936.jpg 1024w, https:\/\/securehubtec.com\/wp-content\/uploads\/2025\/10\/Smart-Video-Intercom-s-768x702.jpg 768w, https:\/\/securehubtec.com\/wp-content\/uploads\/2025\/10\/Smart-Video-Intercom-s-13x12.jpg 13w, https:\/\/securehubtec.com\/wp-content\/uploads\/2025\/10\/Smart-Video-Intercom-s-600x549.jpg 600w\" sizes=\"(max-width: 1100px) 100vw, 1100px\" \/>El n\u00facleo de nuestra soluci\u00f3n reside en su avanzada capacidad de integraci\u00f3n. Tomemos como ejemplo la conexi\u00f3n con ascensores est\u00e1ndar. Cuando llega un visitante, puede introducir el n\u00famero de la habitaci\u00f3n en la estaci\u00f3n exterior para llamar al monitor inteligente. Una vez que el propietario responde (ya sea en el monitor inteligente o a trav\u00e9s de un tel\u00e9fono m\u00f3vil) y pulsa el bot\u00f3n de puerta abierta, el sistema se conecta con el controlador de planta del ascensor a trav\u00e9s de RS485. De este modo, el ascensor se dirige a la primera planta y permite el acceso limitado a la planta correspondiente. Como alternativa, los visitantes pueden utilizar una ventana de reconocimiento de c\u00f3digos QR en la estaci\u00f3n. Tras alinear el c\u00f3digo QR con la c\u00e1mara de la estaci\u00f3n y reconocerlo correctamente, pueden entrar por la puerta de la unidad y la estaci\u00f3n se conecta con el controlador de planta del ascensor para llamar al ascensor y permitir el acceso a la planta. Para los propietarios o residentes, el proceso es a\u00fan m\u00e1s sencillo: una vez que el reconocimiento facial desbloquea la puerta, la estaci\u00f3n se conecta autom\u00e1ticamente con el controlador de planta del ascensor a trav\u00e9s de RS485, llamando al ascensor a la primera planta y permitiendo el acceso a la planta designada. Este nivel de automatizaci\u00f3n elimina las molestias del funcionamiento manual del ascensor y mejora la seguridad al restringir el acceso \u00fanicamente a las personas autorizadas.<br \/>\n<img decoding=\"async\" class=\"aligncenter size-full wp-image-9474 lazyload\" data-src=\"https:\/\/securehubtec.com\/wp-content\/uploads\/2025\/10\/Smart-Video-Intercom-t-1.jpg\" alt=\"\" width=\"1100\" height=\"543\" data-srcset=\"https:\/\/securehubtec.com\/wp-content\/uploads\/2025\/10\/Smart-Video-Intercom-t-1.jpg 1100w, https:\/\/securehubtec.com\/wp-content\/uploads\/2025\/10\/Smart-Video-Intercom-t-1-300x148.jpg 300w, https:\/\/securehubtec.com\/wp-content\/uploads\/2025\/10\/Smart-Video-Intercom-t-1-1024x505.jpg 1024w, https:\/\/securehubtec.com\/wp-content\/uploads\/2025\/10\/Smart-Video-Intercom-t-1-768x379.jpg 768w, https:\/\/securehubtec.com\/wp-content\/uploads\/2025\/10\/Smart-Video-Intercom-t-1-18x9.jpg 18w, https:\/\/securehubtec.com\/wp-content\/uploads\/2025\/10\/Smart-Video-Intercom-t-1-600x296.jpg 600w\" data-sizes=\"(max-width: 1100px) 100vw, 1100px\" src=\"data:image\/svg+xml;base64,PHN2ZyB3aWR0aD0iMSIgaGVpZ2h0PSIxIiB4bWxucz0iaHR0cDovL3d3dy53My5vcmcvMjAwMC9zdmciPjwvc3ZnPg==\" style=\"--smush-placeholder-width: 1100px; --smush-placeholder-aspect-ratio: 1100\/543;\" \/><br \/>\nAdem\u00e1s, nuestra soluci\u00f3n ofrece compatibilidad especializada, en particular con los ascensores de la serie Mitsubishi. En las versiones con cable adecuadas para configuraciones de 8\/16\/32 pisos (ZS - TK8\/ZS - TK16\/ZS - TK32), se cortan los cables originales de los botones y las se\u00f1ales de control se reenv\u00edan a trav\u00e9s de la placa de control del ascensor. La versi\u00f3n no cableada para la serie Mitsubishi (ZS - TKSL) elimina la necesidad de cortar los cables, ya que la entrada de la se\u00f1al de exploraci\u00f3n del ascensor puede conectarse al bus del ascensor. La estaci\u00f3n exterior enlaza con el controlador de planta del ascensor a trav\u00e9s de RS485 o TCP\/IP, garantizando que cuando se abre la puerta, se concede simult\u00e1neamente la autorizaci\u00f3n del ascensor. Esta compatibilidad garantiza que nuestra soluci\u00f3n pueda adoptarse sin problemas en edificios con ascensores Mitsubishi, proporcionando una actualizaci\u00f3n sin problemas al control inteligente de ascensores sin grandes modificaciones en la infraestructura de ascensores existente. Tanto si se trata de un complejo residencial como de un edificio comercial, nuestra soluci\u00f3n de control de ascensores aporta eficiencia, seguridad y comodidad, estableciendo un nuevo est\u00e1ndar para la gesti\u00f3n de edificios modernos.<\/p>","protected":false},"excerpt":{"rendered":"<p>Elevator Control Solution: Redefine Building Efficiency and Security In the realm of modern building management, efficiency and security are paramount. [&hellip;]<\/p>","protected":false},"author":1,"featured_media":9472,"parent":0,"menu_order":0,"comment_status":"closed","ping_status":"closed","template":"","meta":{"site-sidebar-layout":"default","site-content-layout":"","ast-site-content-layout":"default","site-content-style":"default","site-sidebar-style":"default","ast-global-header-display":"","ast-banner-title-visibility":"","ast-main-header-display":"","ast-hfb-above-header-display":"","ast-hfb-below-header-display":"","ast-hfb-mobile-header-display":"","site-post-title":"","ast-breadcrumbs-content":"","ast-featured-img":"","footer-sml-layout":"","theme-transparent-header-meta":"default","adv-header-id-meta":"","stick-header-meta":"default","header-above-stick-meta":"","header-main-stick-meta":"","header-below-stick-meta":"","astra-migrate-meta-layouts":"set","ast-page-background-enabled":"default","ast-page-background-meta":{"desktop":{"background-color":"","background-image":"","background-repeat":"repeat","background-position":"center center","background-size":"auto","background-attachment":"scroll","background-type":"","background-media":"","overlay-type":"","overlay-color":"","overlay-opacity":"","overlay-gradient":""},"tablet":{"background-color":"","background-image":"","background-repeat":"repeat","background-position":"center center","background-size":"auto","background-attachment":"scroll","background-type":"","background-media":"","overlay-type":"","overlay-color":"","overlay-opacity":"","overlay-gradient":""},"mobile":{"background-color":"","background-image":"","background-repeat":"repeat","background-position":"center center","background-size":"auto","background-attachment":"scroll","background-type":"","background-media":"","overlay-type":"","overlay-color":"","overlay-opacity":"","overlay-gradient":""}},"ast-content-background-meta":{"desktop":{"background-color":"var(--ast-global-color-5)","background-image":"","background-repeat":"repeat","background-position":"center center","background-size":"auto","background-attachment":"scroll","background-type":"","background-media":"","overlay-type":"","overlay-color":"","overlay-opacity":"","overlay-gradient":""},"tablet":{"background-color":"var(--ast-global-color-5)","background-image":"","background-repeat":"repeat","background-position":"center center","background-size":"auto","background-attachment":"scroll","background-type":"","background-media":"","overlay-type":"","overlay-color":"","overlay-opacity":"","overlay-gradient":""},"mobile":{"background-color":"var(--ast-global-color-5)","background-image":"","background-repeat":"repeat","background-position":"center center","background-size":"auto","background-attachment":"scroll","background-type":"","background-media":"","overlay-type":"","overlay-color":"","overlay-opacity":"","overlay-gradient":""}},"footnotes":""},"class_list":["post-9471","page","type-page","status-publish","has-post-thumbnail","hentry"],"_links":{"self":[{"href":"https:\/\/securehubtec.com\/es\/wp-json\/wp\/v2\/pages\/9471","targetHints":{"allow":["GET"]}}],"collection":[{"href":"https:\/\/securehubtec.com\/es\/wp-json\/wp\/v2\/pages"}],"about":[{"href":"https:\/\/securehubtec.com\/es\/wp-json\/wp\/v2\/types\/page"}],"author":[{"embeddable":true,"href":"https:\/\/securehubtec.com\/es\/wp-json\/wp\/v2\/users\/1"}],"replies":[{"embeddable":true,"href":"https:\/\/securehubtec.com\/es\/wp-json\/wp\/v2\/comments?post=9471"}],"version-history":[{"count":2,"href":"https:\/\/securehubtec.com\/es\/wp-json\/wp\/v2\/pages\/9471\/revisions"}],"predecessor-version":[{"id":9477,"href":"https:\/\/securehubtec.com\/es\/wp-json\/wp\/v2\/pages\/9471\/revisions\/9477"}],"wp:featuredmedia":[{"embeddable":true,"href":"https:\/\/securehubtec.com\/es\/wp-json\/wp\/v2\/media\/9472"}],"wp:attachment":[{"href":"https:\/\/securehubtec.com\/es\/wp-json\/wp\/v2\/media?parent=9471"}],"curies":[{"name":"wp","href":"https:\/\/api.w.org\/{rel}","templated":true}]}}