{"id":9465,"date":"2025-10-03T01:03:30","date_gmt":"2025-10-02T17:03:30","guid":{"rendered":"https:\/\/securehubtec.com\/?page_id=9465"},"modified":"2025-10-03T01:03:30","modified_gmt":"2025-10-02T17:03:30","slug":"sip-intercom","status":"publish","type":"page","link":"https:\/\/securehubtec.com\/es\/sip-intercom\/","title":{"rendered":"SIP INTERCOM"},"content":{"rendered":"<p><img fetchpriority=\"high\" decoding=\"async\" class=\"aligncenter size-full wp-image-9467\" src=\"https:\/\/securehubtec.com\/wp-content\/uploads\/2025\/10\/Smart-Video-Intercom-q-1.jpg\" alt=\"\" width=\"1000\" height=\"516\" srcset=\"https:\/\/securehubtec.com\/wp-content\/uploads\/2025\/10\/Smart-Video-Intercom-q-1.jpg 1000w, https:\/\/securehubtec.com\/wp-content\/uploads\/2025\/10\/Smart-Video-Intercom-q-1-300x155.jpg 300w, https:\/\/securehubtec.com\/wp-content\/uploads\/2025\/10\/Smart-Video-Intercom-q-1-768x396.jpg 768w, https:\/\/securehubtec.com\/wp-content\/uploads\/2025\/10\/Smart-Video-Intercom-q-1-18x9.jpg 18w, https:\/\/securehubtec.com\/wp-content\/uploads\/2025\/10\/Smart-Video-Intercom-q-1-600x310.jpg 600w\" sizes=\"(max-width: 1000px) 100vw, 1000px\" \/> <img decoding=\"async\" class=\"aligncenter size-full wp-image-9468 lazyload\" data-src=\"https:\/\/securehubtec.com\/wp-content\/uploads\/2025\/10\/Smart-Video-Intercom-r.jpg\" alt=\"\" width=\"1000\" height=\"768\" data-srcset=\"https:\/\/securehubtec.com\/wp-content\/uploads\/2025\/10\/Smart-Video-Intercom-r.jpg 1000w, https:\/\/securehubtec.com\/wp-content\/uploads\/2025\/10\/Smart-Video-Intercom-r-300x230.jpg 300w, https:\/\/securehubtec.com\/wp-content\/uploads\/2025\/10\/Smart-Video-Intercom-r-768x590.jpg 768w, https:\/\/securehubtec.com\/wp-content\/uploads\/2025\/10\/Smart-Video-Intercom-r-16x12.jpg 16w, https:\/\/securehubtec.com\/wp-content\/uploads\/2025\/10\/Smart-Video-Intercom-r-600x461.jpg 600w\" data-sizes=\"(max-width: 1000px) 100vw, 1000px\" src=\"data:image\/svg+xml;base64,PHN2ZyB3aWR0aD0iMSIgaGVpZ2h0PSIxIiB4bWxucz0iaHR0cDovL3d3dy53My5vcmcvMjAwMC9zdmciPjwvc3ZnPg==\" style=\"--smush-placeholder-width: 1000px; --smush-placeholder-aspect-ratio: 1000\/768;\" \/><em><strong>SIP INTERCOM<\/strong><\/em><\/p>\n<h1 class=\"header-iWP5WJ auto-hide-last-sibling-br\">DRSECURE: Redefina la seguridad del hogar y la propiedad con las mejores soluciones inteligentes de interfon\u00eda y control de acceso<\/h1>\n<div class=\"container-Uxvbjy md-box-line-break wrapper-GYqxgQ undefined\"><\/div>\n<div class=\"auto-hide-last-sibling-br paragraph-pP9ZLC paragraph-element br-paragraph-space\">En una \u00e9poca en la que la seguridad y la comodidad son primordiales tanto para los propietarios de viviendas como para los administradores de fincas y los empresarios, DRSECURE se erige en l\u00edder del mercado.\u00a0<strong>Fabricaci\u00f3n de interfonos inteligentes<\/strong>\u00a0dedicada a crear soluciones innovadoras de entrada y comunicaci\u00f3n. Entendemos que cada espacio -ya sea un acogedor apartamento familiar, una lujosa villa o un bullicioso complejo de apartamentos- tiene unas necesidades de seguridad \u00fanicas. Por eso, nuestra completa gama de productos, que incluye\u00a0<strong>Timbre<\/strong>\u00a0unidades a avanzado\u00a0<strong>Sistema de interfon\u00eda de v\u00eddeo IP<\/strong>est\u00e1 dise\u00f1ado para combinar tecnolog\u00eda punta, durabilidad y facilidad de uso, garantizando una protecci\u00f3n perfecta y un acceso sin esfuerzo para todos.<\/div>\n<div class=\"container-Uxvbjy md-box-line-break wrapper-GYqxgQ undefined\"><\/div>\n<div class=\"auto-hide-last-sibling-br paragraph-pP9ZLC paragraph-element br-paragraph-space\">En el centro de nuestra oferta se encuentra una variada gama de\u00a0<strong>interfono inteligente<\/strong>\u00a0sistemas, cada uno adaptado a escenarios espec\u00edficos. Para edificios residenciales, nuestros\u00a0<strong>Intercomunicador inteligente para apartamentos<\/strong>\u00a0y\u00a0<strong>Interfonos inteligentes para edificios de apartamentos<\/strong>\u00a0se distinguen por cambiar las reglas del juego. Equipados con\u00a0<strong>c\u00e1mara timbre<\/strong>\u00a0y suave\u00a0<strong>Intercomunicador bidireccional<\/strong>\u00a0funcionalidad, estos sistemas permiten a los residentes comunicarse con los visitantes de forma clara y verificar su identidad visualmente: se acab\u00f3 la incertidumbre sobre qui\u00e9n est\u00e1 en la puerta. El sitio\u00a0<strong>C\u00e1mara timbre familiar para apartamento<\/strong>\u00a0va un paso m\u00e1s all\u00e1, dise\u00f1ada pensando en la seguridad de la familia: su objetivo gran angular capta todos los detalles en la entrada, y la visi\u00f3n nocturna garantiza la claridad incluso en condiciones de poca luz, para que siempre pueda vigilar la seguridad de sus seres queridos. Para los que buscan fiabilidad con cable, la\u00a0<strong>Videoportero con cable de 7 pulgadas<\/strong>\u00a0ofrece una pantalla n\u00edtida que hace que la interacci\u00f3n con los visitantes sea intuitiva, mientras que el\u00a0<strong>Videoportero de 10,1 pulgadas al mejor precio<\/strong>\u00a0combina una pantalla grande y f\u00e1cil de leer con un precio asequible, lo que la convierte en la mejor opci\u00f3n para los administradores de fincas con un presupuesto ajustado.<\/div>\n<div class=\"container-Uxvbjy md-box-line-break wrapper-GYqxgQ undefined\"><\/div>\n<div class=\"auto-hide-last-sibling-br paragraph-pP9ZLC paragraph-element br-paragraph-space\">La comodidad inal\u00e1mbrica es otra de las piedras angulares de nuestra gama de productos. El\u00a0<strong>Timbre inteligente Tuya Wifi<\/strong>\u00a0y\u00a0<strong>Seguridad en el hogar Smart WIFI Visual Portero Autom\u00e1tico<\/strong>\u00a0aprovechan la conectividad Wi-Fi para que los usuarios mantengan el control, est\u00e9n donde est\u00e9n. Imag\u00ednese que se encuentra en un atasco y recibe una notificaci\u00f3n de que ha llegado un repartidor de paquetes.\u00a0<strong>Conversaci\u00f3n bidireccional<\/strong>\u00a0sesi\u00f3n, confirmar la entrega e incluso desbloquear la puerta a distancia a trav\u00e9s de su smartphone. Este nivel de flexibilidad redefine\u00a0<strong>entrada inteligente<\/strong>convirtiendo su tel\u00e9fono en una potente herramienta para gestionar el acceso a su vivienda o edificio. Nuestro\u00a0<strong>interfono con timbre<\/strong>\u00a0ofrecen una soluci\u00f3n compacta pero robusta para espacios reducidos, combinando la funcionalidad de un\u00a0<strong>timbre de la puerta del apartamento<\/strong>\u00a0con funciones de interfono, para que no vuelva a perderse una visita o una entrega.<\/div>\n<div class=\"container-Uxvbjy md-box-line-break wrapper-GYqxgQ undefined\"><\/div>\n<div class=\"auto-hide-last-sibling-br paragraph-pP9ZLC paragraph-element br-paragraph-space\">M\u00e1s all\u00e1 de la comunicaci\u00f3n, DRSECURE destaca en\u00a0<strong>Entrada sin llave<\/strong>\u00a0y\u00a0<strong>sistemas de control de acceso<\/strong>-eliminando las molestias de las llaves tradicionales y mejorando la seguridad. Nuestros sistemas admiten m\u00faltiples m\u00e9todos de acceso para adaptarse a distintas necesidades:\u00a0<strong>Desbloqueo RFIC<\/strong>\u00a0permite a los usuarios entrar con una tarjeta registrada o incluso con su smartphone (cuando est\u00e1 emparejado con la funci\u00f3n NFC), por lo que es ideal para profesionales ocupados que no quieren llevar llaves de m\u00e1s. El sitio\u00a0<strong>C\u00e1mara Intercom Bloqueo<\/strong>\u00a0destaca aqu\u00ed, fusionando la verificaci\u00f3n visual de un\u00a0<strong>C\u00e1mara Timbre<\/strong>\u00a0con la seguridad de una cerradura sin llave: los usuarios pueden ver qui\u00e9n est\u00e1 en la puerta y abrirla con un solo toque, sin tener que buscar las llaves. Para propiedades m\u00e1s grandes, nuestra\u00a0<strong>Sistema de control de acceso<\/strong>\u00a0proporciona una gesti\u00f3n centralizada: los administradores de propiedades pueden establecer PIN p\u00fablicos para las zonas comunes, PIN de residentes para las unidades individuales y PIN temporales para invitados o proveedores de servicios, garantizando que s\u00f3lo acceda el personal autorizado. El sitio\u00a0<strong>Interfono abrepuertas<\/strong>\u00a0se integra perfectamente con estos sistemas, lo que permite una entrada r\u00e1pida y segura para los residentes y el personal, mientras que nuestro sistema comercial\u00a0<strong>sistemas de control de acceso<\/strong>\u00a0est\u00e1n dise\u00f1adas para soportar un tr\u00e1fico intenso, por lo que son perfectas para edificios de oficinas o locales comerciales.<\/div>\n<div class=\"container-Uxvbjy md-box-line-break wrapper-GYqxgQ undefined\"><\/div>\n<div class=\"auto-hide-last-sibling-br paragraph-pP9ZLC paragraph-element br-paragraph-space\">La durabilidad no es negociable para los sistemas de entrada, por eso damos prioridad al dise\u00f1o resistente en cada producto. En\u00a0<strong>Timbre de puerta exterior impermeable<\/strong>\u00a0y\u00a0<strong>IP65 Timbre para Villa<\/strong>\u00a0est\u00e1n dise\u00f1adas para soportar las condiciones clim\u00e1ticas m\u00e1s adversas -lluvia intensa, luz solar intensa e incluso temperaturas bajo cero- sin comprometer su rendimiento. Esto las hace ideales para chal\u00e9s, casas adosadas o cualquier propiedad con puntos de entrada exteriores que necesiten una protecci\u00f3n fiable durante todo el a\u00f1o. Nuestro\u00a0<strong>Porteros autom\u00e1ticos<\/strong>\u00a0y\u00a0<strong>Porteros autom\u00e1ticos inteligentes<\/strong>\u00a0tambi\u00e9n cuentan con una construcci\u00f3n duradera, dise\u00f1ada para soportar el uso diario en zonas muy transitadas, como vest\u00edbulos de apartamentos o zonas de recepci\u00f3n de oficinas. Para las empresas que buscan mejorar la seguridad de sus activos valiosos, nuestros\u00a0<strong>taquilla inteligente segura<\/strong>\u00a0son un complemento perfecto: se integran con nuestros sistemas de control de acceso, lo que permite a los empleados o clientes acceder a las taquillas mediante tarjetas RFIC o PIN, garantizando que los objetos de valor est\u00e9n siempre a salvo.<\/div>\n<div class=\"container-Uxvbjy md-box-line-break wrapper-GYqxgQ undefined\"><\/div>\n<div class=\"auto-hide-last-sibling-br paragraph-pP9ZLC paragraph-element br-paragraph-space\">Todos los productos de nuestra gama, desde el b\u00e1sico\u00a0<strong>Kit de videoportero<\/strong>\u00a0al avanzado\u00a0<strong>7 pulgadas AHD Video portero Sistema de timbre<\/strong>-lleva la promesa DRSECURE de calidad e innovaci\u00f3n. No s\u00f3lo vendemos productos de seguridad; proporcionamos tranquilidad. Tanto si es usted un propietario que desea proteger a su familia, un administrador de fincas que necesita agilizar el acceso de cientos de residentes o el propietario de una empresa que desea proteger sus instalaciones, nuestras soluciones est\u00e1n dise\u00f1adas para adaptarse a sus necesidades. Con DRSECURE, no s\u00f3lo est\u00e1 invirtiendo en un\u00a0<strong>timbre<\/strong>\u00a0o un interfono, estar\u00e1 invirtiendo en una forma m\u00e1s inteligente y segura de gestionar la entrada y la comunicaci\u00f3n.<\/div>\n<div class=\"container-Uxvbjy md-box-line-break wrapper-GYqxgQ undefined\"><\/div>\n<div class=\"auto-hide-last-sibling-br paragraph-pP9ZLC paragraph-element br-paragraph-space\">Actual\u00edcese a DRSECURE hoy mismo y experimente el futuro de la seguridad. Desde la nitidez\u00a0<strong>video portero<\/strong>\u00a0conversaciones sin complicaciones\u00a0<strong>Entrada sin llave<\/strong>Con DRSECURE, nuestros productos convierten puntos de entrada ordinarios en centros inteligentes y seguros que trabajan para usted. \u00danase a miles de clientes satisfechos en todo el mundo que conf\u00edan en DRSECURE para mantener a salvo sus casas, apartamentos y negocios, porque cuando se trata de seguridad, el compromiso no es una opci\u00f3n.<\/div>","protected":false},"excerpt":{"rendered":"<p>SIP INTERCOM DRSECURE: Redefine Home &amp; Property Security with Top-Tier Smart Intercom &amp; Access Control Solutions In an era where [&hellip;]<\/p>","protected":false},"author":1,"featured_media":9466,"parent":0,"menu_order":0,"comment_status":"closed","ping_status":"closed","template":"","meta":{"site-sidebar-layout":"default","site-content-layout":"","ast-site-content-layout":"default","site-content-style":"default","site-sidebar-style":"default","ast-global-header-display":"","ast-banner-title-visibility":"","ast-main-header-display":"","ast-hfb-above-header-display":"","ast-hfb-below-header-display":"","ast-hfb-mobile-header-display":"","site-post-title":"","ast-breadcrumbs-content":"","ast-featured-img":"","footer-sml-layout":"","theme-transparent-header-meta":"default","adv-header-id-meta":"","stick-header-meta":"default","header-above-stick-meta":"","header-main-stick-meta":"","header-below-stick-meta":"","astra-migrate-meta-layouts":"set","ast-page-background-enabled":"default","ast-page-background-meta":{"desktop":{"background-color":"","background-image":"","background-repeat":"repeat","background-position":"center center","background-size":"auto","background-attachment":"scroll","background-type":"","background-media":"","overlay-type":"","overlay-color":"","overlay-opacity":"","overlay-gradient":""},"tablet":{"background-color":"","background-image":"","background-repeat":"repeat","background-position":"center center","background-size":"auto","background-attachment":"scroll","background-type":"","background-media":"","overlay-type":"","overlay-color":"","overlay-opacity":"","overlay-gradient":""},"mobile":{"background-color":"","background-image":"","background-repeat":"repeat","background-position":"center center","background-size":"auto","background-attachment":"scroll","background-type":"","background-media":"","overlay-type":"","overlay-color":"","overlay-opacity":"","overlay-gradient":""}},"ast-content-background-meta":{"desktop":{"background-color":"var(--ast-global-color-5)","background-image":"","background-repeat":"repeat","background-position":"center center","background-size":"auto","background-attachment":"scroll","background-type":"","background-media":"","overlay-type":"","overlay-color":"","overlay-opacity":"","overlay-gradient":""},"tablet":{"background-color":"var(--ast-global-color-5)","background-image":"","background-repeat":"repeat","background-position":"center center","background-size":"auto","background-attachment":"scroll","background-type":"","background-media":"","overlay-type":"","overlay-color":"","overlay-opacity":"","overlay-gradient":""},"mobile":{"background-color":"var(--ast-global-color-5)","background-image":"","background-repeat":"repeat","background-position":"center center","background-size":"auto","background-attachment":"scroll","background-type":"","background-media":"","overlay-type":"","overlay-color":"","overlay-opacity":"","overlay-gradient":""}},"footnotes":""},"class_list":["post-9465","page","type-page","status-publish","has-post-thumbnail","hentry"],"_links":{"self":[{"href":"https:\/\/securehubtec.com\/es\/wp-json\/wp\/v2\/pages\/9465","targetHints":{"allow":["GET"]}}],"collection":[{"href":"https:\/\/securehubtec.com\/es\/wp-json\/wp\/v2\/pages"}],"about":[{"href":"https:\/\/securehubtec.com\/es\/wp-json\/wp\/v2\/types\/page"}],"author":[{"embeddable":true,"href":"https:\/\/securehubtec.com\/es\/wp-json\/wp\/v2\/users\/1"}],"replies":[{"embeddable":true,"href":"https:\/\/securehubtec.com\/es\/wp-json\/wp\/v2\/comments?post=9465"}],"version-history":[{"count":1,"href":"https:\/\/securehubtec.com\/es\/wp-json\/wp\/v2\/pages\/9465\/revisions"}],"predecessor-version":[{"id":9469,"href":"https:\/\/securehubtec.com\/es\/wp-json\/wp\/v2\/pages\/9465\/revisions\/9469"}],"wp:featuredmedia":[{"embeddable":true,"href":"https:\/\/securehubtec.com\/es\/wp-json\/wp\/v2\/media\/9466"}],"wp:attachment":[{"href":"https:\/\/securehubtec.com\/es\/wp-json\/wp\/v2\/media?parent=9465"}],"curies":[{"name":"wp","href":"https:\/\/api.w.org\/{rel}","templated":true}]}}