{"id":9459,"date":"2025-10-03T00:45:01","date_gmt":"2025-10-02T16:45:01","guid":{"rendered":"https:\/\/securehubtec.com\/?page_id=9459"},"modified":"2025-10-03T00:48:21","modified_gmt":"2025-10-02T16:48:21","slug":"4g-lte-outdoor-station","status":"publish","type":"page","link":"https:\/\/securehubtec.com\/es\/4g-lte-outdoor-station\/","title":{"rendered":"Estaci\u00f3n exterior 4G LTE"},"content":{"rendered":"<p><img fetchpriority=\"high\" decoding=\"async\" class=\"aligncenter size-full wp-image-9461\" src=\"https:\/\/securehubtec.com\/wp-content\/uploads\/2025\/10\/Smart-Video-Intercom-p-1.jpg\" alt=\"\" width=\"1100\" height=\"965\" srcset=\"https:\/\/securehubtec.com\/wp-content\/uploads\/2025\/10\/Smart-Video-Intercom-p-1.jpg 1100w, https:\/\/securehubtec.com\/wp-content\/uploads\/2025\/10\/Smart-Video-Intercom-p-1-300x263.jpg 300w, https:\/\/securehubtec.com\/wp-content\/uploads\/2025\/10\/Smart-Video-Intercom-p-1-1024x898.jpg 1024w, https:\/\/securehubtec.com\/wp-content\/uploads\/2025\/10\/Smart-Video-Intercom-p-1-768x674.jpg 768w, https:\/\/securehubtec.com\/wp-content\/uploads\/2025\/10\/Smart-Video-Intercom-p-1-14x12.jpg 14w, https:\/\/securehubtec.com\/wp-content\/uploads\/2025\/10\/Smart-Video-Intercom-p-1-600x526.jpg 600w\" sizes=\"(max-width: 1100px) 100vw, 1100px\" \/><\/p>\n<p><em><strong>Estaci\u00f3n exterior 4G LTE que puede llamar a tel\u00e9fonos fijos y m\u00f3viles<\/strong><\/em><\/p>\n<p><span style=\"color: #ffcc00;\"><strong>Llamadas de voz entre redes<\/strong><\/span>\u00a0 \u00a0 \u00a0Mediante la tecnolog\u00eda VoLTE en redes 4G LTE, permite la comunicaci\u00f3n de voz bidireccional con tel\u00e9fonos fijos tradicionales (que dependen de la red telef\u00f3nica p\u00fablica conmutada RTC) y varios tipos de tel\u00e9fonos m\u00f3viles (incluidos los tel\u00e9fonos 2G\/3G\/4G\/5G), sin necesidad de l\u00edneas telef\u00f3nicas tradicionales ni redes 2G\/3G.<\/p>\n<p><span style=\"color: #ffcc00;\"><strong>Concurrencia de voz y datos de alta velocidad 4G<\/strong><\/span>\u00a0 \u00a0 Durante la realizaci\u00f3n o recepci\u00f3n de llamadas, la conexi\u00f3n de datos 4G LTE permanece ininterrumpida, lo que permite a los usuarios navegar simult\u00e1neamente por Internet, participar en videoconferencias y utilizar aplicaciones. Esto resuelve el problema de la \"interrupci\u00f3n de la red durante las llamadas\" en las redes 2G\/3G tradicionales.<\/p>\n<p><strong><span style=\"color: #ffcc00;\">Experiencia de voz HD<\/span><\/strong>\u00a0 \u00a0 \u00a0Adopta tecnolog\u00eda de codificaci\u00f3n de voz de banda ancha (como AMR-WB), que proporciona una calidad de llamada m\u00e1s clara con menos ruido de fondo que los tel\u00e9fonos tradicionales, lo que mejora la eficacia de la comunicaci\u00f3n, especialmente adecuada para llamadas de negocios o escenarios que requieran una voz clara.<\/p>\n<p><strong><span style=\"color: #ffcc00;\">Utilizado en log\u00edstica\u00a0 \u00a0 \u00a0 <\/span><\/strong>seguridad y otros sectores, con llamadas entre redes a tel\u00e9fonos m\u00f3viles del personal o a tel\u00e9fonos fijos del centro de control.<\/p>\n<p>&nbsp;<\/p>\n<p>&nbsp;<\/p>","protected":false},"excerpt":{"rendered":"<p>4G LTE Outdoor Station that can call landline and cellphone Cross-network voice calls\u00a0 \u00a0 \u00a0Through VoLTE technology on 4G LTE [&hellip;]<\/p>","protected":false},"author":1,"featured_media":9460,"parent":0,"menu_order":0,"comment_status":"closed","ping_status":"closed","template":"","meta":{"site-sidebar-layout":"default","site-content-layout":"","ast-site-content-layout":"default","site-content-style":"default","site-sidebar-style":"default","ast-global-header-display":"","ast-banner-title-visibility":"","ast-main-header-display":"","ast-hfb-above-header-display":"","ast-hfb-below-header-display":"","ast-hfb-mobile-header-display":"","site-post-title":"","ast-breadcrumbs-content":"","ast-featured-img":"","footer-sml-layout":"","theme-transparent-header-meta":"default","adv-header-id-meta":"","stick-header-meta":"default","header-above-stick-meta":"","header-main-stick-meta":"","header-below-stick-meta":"","astra-migrate-meta-layouts":"set","ast-page-background-enabled":"default","ast-page-background-meta":{"desktop":{"background-color":"","background-image":"","background-repeat":"repeat","background-position":"center center","background-size":"auto","background-attachment":"scroll","background-type":"","background-media":"","overlay-type":"","overlay-color":"","overlay-opacity":"","overlay-gradient":""},"tablet":{"background-color":"","background-image":"","background-repeat":"repeat","background-position":"center center","background-size":"auto","background-attachment":"scroll","background-type":"","background-media":"","overlay-type":"","overlay-color":"","overlay-opacity":"","overlay-gradient":""},"mobile":{"background-color":"","background-image":"","background-repeat":"repeat","background-position":"center center","background-size":"auto","background-attachment":"scroll","background-type":"","background-media":"","overlay-type":"","overlay-color":"","overlay-opacity":"","overlay-gradient":""}},"ast-content-background-meta":{"desktop":{"background-color":"var(--ast-global-color-5)","background-image":"","background-repeat":"repeat","background-position":"center center","background-size":"auto","background-attachment":"scroll","background-type":"","background-media":"","overlay-type":"","overlay-color":"","overlay-opacity":"","overlay-gradient":""},"tablet":{"background-color":"var(--ast-global-color-5)","background-image":"","background-repeat":"repeat","background-position":"center center","background-size":"auto","background-attachment":"scroll","background-type":"","background-media":"","overlay-type":"","overlay-color":"","overlay-opacity":"","overlay-gradient":""},"mobile":{"background-color":"var(--ast-global-color-5)","background-image":"","background-repeat":"repeat","background-position":"center center","background-size":"auto","background-attachment":"scroll","background-type":"","background-media":"","overlay-type":"","overlay-color":"","overlay-opacity":"","overlay-gradient":""}},"footnotes":""},"class_list":["post-9459","page","type-page","status-publish","has-post-thumbnail","hentry"],"_links":{"self":[{"href":"https:\/\/securehubtec.com\/es\/wp-json\/wp\/v2\/pages\/9459","targetHints":{"allow":["GET"]}}],"collection":[{"href":"https:\/\/securehubtec.com\/es\/wp-json\/wp\/v2\/pages"}],"about":[{"href":"https:\/\/securehubtec.com\/es\/wp-json\/wp\/v2\/types\/page"}],"author":[{"embeddable":true,"href":"https:\/\/securehubtec.com\/es\/wp-json\/wp\/v2\/users\/1"}],"replies":[{"embeddable":true,"href":"https:\/\/securehubtec.com\/es\/wp-json\/wp\/v2\/comments?post=9459"}],"version-history":[{"count":2,"href":"https:\/\/securehubtec.com\/es\/wp-json\/wp\/v2\/pages\/9459\/revisions"}],"predecessor-version":[{"id":9582,"href":"https:\/\/securehubtec.com\/es\/wp-json\/wp\/v2\/pages\/9459\/revisions\/9582"}],"wp:featuredmedia":[{"embeddable":true,"href":"https:\/\/securehubtec.com\/es\/wp-json\/wp\/v2\/media\/9460"}],"wp:attachment":[{"href":"https:\/\/securehubtec.com\/es\/wp-json\/wp\/v2\/media?parent=9459"}],"curies":[{"name":"wp","href":"https:\/\/api.w.org\/{rel}","templated":true}]}}