{"id":9454,"date":"2025-10-03T00:22:46","date_gmt":"2025-10-02T16:22:46","guid":{"rendered":"https:\/\/securehubtec.com\/?page_id=9454"},"modified":"2025-10-03T00:22:46","modified_gmt":"2025-10-02T16:22:46","slug":"4g-volte-sip-intercom-works-with-tuya","status":"publish","type":"page","link":"https:\/\/securehubtec.com\/es\/4g-volte-sip-intercom-works-with-tuya\/","title":{"rendered":"4G VoLTE SIP Intercom funciona con TUYA"},"content":{"rendered":"<p><img fetchpriority=\"high\" decoding=\"async\" class=\"aligncenter size-full wp-image-9456\" src=\"https:\/\/securehubtec.com\/wp-content\/uploads\/2025\/10\/Smart-Video-Intercom-o-3.jpg\" alt=\"\" width=\"1000\" height=\"724\" srcset=\"https:\/\/securehubtec.com\/wp-content\/uploads\/2025\/10\/Smart-Video-Intercom-o-3.jpg 1000w, https:\/\/securehubtec.com\/wp-content\/uploads\/2025\/10\/Smart-Video-Intercom-o-3-300x217.jpg 300w, https:\/\/securehubtec.com\/wp-content\/uploads\/2025\/10\/Smart-Video-Intercom-o-3-768x556.jpg 768w, https:\/\/securehubtec.com\/wp-content\/uploads\/2025\/10\/Smart-Video-Intercom-o-3-18x12.jpg 18w, https:\/\/securehubtec.com\/wp-content\/uploads\/2025\/10\/Smart-Video-Intercom-o-3-600x434.jpg 600w\" sizes=\"(max-width: 1000px) 100vw, 1000px\" \/><\/p>\n<p><span style=\"color: #ffcc00;\"><strong>4G VoLTE SIP Intercom funciona con TUYA<br \/>\nEscenarios t\u00edpicos de aplicaci\u00f3n<\/strong><\/span><\/p>\n<ul>\n<li>Apartamento: Interfono exterior 4G LTE - Redefiniendo la comodidad y la seguridad<\/li>\n<li>Diga adi\u00f3s al complicado cableado: \u00a1la construcci\u00f3n es ahora m\u00e1s f\u00e1cil! Dise\u00f1ado para apartamentos de lujo, este intercomunicador exterior 4G LTE elimina la necesidad de cables de red, simplificando dr\u00e1sticamente el proceso de instalaci\u00f3n. Minimiza las molestias en el entorno del apartamento, lo que permite una instalaci\u00f3n m\u00e1s flexible y una configuraci\u00f3n m\u00e1s r\u00e1pida.<\/li>\n<li>Llame y desbloquee en un solo paso: sin curva de aprendizaje. El dispositivo admite llamadas directas a tel\u00e9fonos fijos y m\u00f3viles. Durante una llamada, basta con pulsar el teclado num\u00e9rico para desbloquear la puerta: sin descargas de aplicaciones ni instrucciones complejas. Incluso las personas mayores y los ni\u00f1os pueden utilizarlo sin esfuerzo, facilitando el acceso diario.<\/li>\n<li>Satisfaga diversas necesidades con una interacci\u00f3n por v\u00eddeo m\u00e1s inteligente. Adem\u00e1s de las funciones b\u00e1sicas de llamada y desbloqueo, el intercomunicador tambi\u00e9n permite llamar a la aplicaci\u00f3n de un residente y realizar videollamadas de alta definici\u00f3n para que los residentes puedan verificar visualmente a los visitantes. Tambi\u00e9n ofrece desbloqueo remoto: para situaciones como la bienvenida a invitados o la recepci\u00f3n de paquetes, puede conceder acceso f\u00e1cilmente sin necesidad de estar presente, combinando a la perfecci\u00f3n seguridad y comodidad.<\/li>\n<\/ul>\n<p><strong><span style=\"color: #ffcc00;\">Condiciones de uso<\/span><\/strong><\/p>\n<ul>\n<li>El dispositivo debe ser compatible con la red 4G LTE y el protocolo VoLTE;<\/li>\n<li>La zona debe tener cobertura de red 4G LTE y el operador debe haber activado el servicio VoLTE;<\/li>\n<li>Debe insertarse una tarjeta SIM 4G v\u00e1lida (que admita la funci\u00f3n de voz).\n<p>Estos dispositivos combinan la alta velocidad de las redes 4G con la universalidad de la comunicaci\u00f3n de voz tradicional, lo que los convierte en una soluci\u00f3n eficaz para conectar distintos terminales (tel\u00e9fonos fijos, m\u00f3viles) en la comunicaci\u00f3n moderna.<\/li>\n<\/ul>\n<p>&nbsp;<\/p>","protected":false},"excerpt":{"rendered":"<p>4G VoLTE SIP Intercom works with TUYA Typical Application Scenarios Apartment: 4G LTE Outdoor Intercom \u2013 Redefining Convenience &amp; Security [&hellip;]<\/p>","protected":false},"author":1,"featured_media":9455,"parent":0,"menu_order":0,"comment_status":"closed","ping_status":"closed","template":"","meta":{"site-sidebar-layout":"default","site-content-layout":"","ast-site-content-layout":"default","site-content-style":"default","site-sidebar-style":"default","ast-global-header-display":"","ast-banner-title-visibility":"","ast-main-header-display":"","ast-hfb-above-header-display":"","ast-hfb-below-header-display":"","ast-hfb-mobile-header-display":"","site-post-title":"","ast-breadcrumbs-content":"","ast-featured-img":"","footer-sml-layout":"","theme-transparent-header-meta":"default","adv-header-id-meta":"","stick-header-meta":"default","header-above-stick-meta":"","header-main-stick-meta":"","header-below-stick-meta":"","astra-migrate-meta-layouts":"set","ast-page-background-enabled":"default","ast-page-background-meta":{"desktop":{"background-color":"","background-image":"","background-repeat":"repeat","background-position":"center center","background-size":"auto","background-attachment":"scroll","background-type":"","background-media":"","overlay-type":"","overlay-color":"","overlay-opacity":"","overlay-gradient":""},"tablet":{"background-color":"","background-image":"","background-repeat":"repeat","background-position":"center center","background-size":"auto","background-attachment":"scroll","background-type":"","background-media":"","overlay-type":"","overlay-color":"","overlay-opacity":"","overlay-gradient":""},"mobile":{"background-color":"","background-image":"","background-repeat":"repeat","background-position":"center center","background-size":"auto","background-attachment":"scroll","background-type":"","background-media":"","overlay-type":"","overlay-color":"","overlay-opacity":"","overlay-gradient":""}},"ast-content-background-meta":{"desktop":{"background-color":"var(--ast-global-color-5)","background-image":"","background-repeat":"repeat","background-position":"center center","background-size":"auto","background-attachment":"scroll","background-type":"","background-media":"","overlay-type":"","overlay-color":"","overlay-opacity":"","overlay-gradient":""},"tablet":{"background-color":"var(--ast-global-color-5)","background-image":"","background-repeat":"repeat","background-position":"center center","background-size":"auto","background-attachment":"scroll","background-type":"","background-media":"","overlay-type":"","overlay-color":"","overlay-opacity":"","overlay-gradient":""},"mobile":{"background-color":"var(--ast-global-color-5)","background-image":"","background-repeat":"repeat","background-position":"center center","background-size":"auto","background-attachment":"scroll","background-type":"","background-media":"","overlay-type":"","overlay-color":"","overlay-opacity":"","overlay-gradient":""}},"footnotes":""},"class_list":["post-9454","page","type-page","status-publish","has-post-thumbnail","hentry"],"_links":{"self":[{"href":"https:\/\/securehubtec.com\/es\/wp-json\/wp\/v2\/pages\/9454","targetHints":{"allow":["GET"]}}],"collection":[{"href":"https:\/\/securehubtec.com\/es\/wp-json\/wp\/v2\/pages"}],"about":[{"href":"https:\/\/securehubtec.com\/es\/wp-json\/wp\/v2\/types\/page"}],"author":[{"embeddable":true,"href":"https:\/\/securehubtec.com\/es\/wp-json\/wp\/v2\/users\/1"}],"replies":[{"embeddable":true,"href":"https:\/\/securehubtec.com\/es\/wp-json\/wp\/v2\/comments?post=9454"}],"version-history":[{"count":2,"href":"https:\/\/securehubtec.com\/es\/wp-json\/wp\/v2\/pages\/9454\/revisions"}],"predecessor-version":[{"id":9648,"href":"https:\/\/securehubtec.com\/es\/wp-json\/wp\/v2\/pages\/9454\/revisions\/9648"}],"wp:featuredmedia":[{"embeddable":true,"href":"https:\/\/securehubtec.com\/es\/wp-json\/wp\/v2\/media\/9455"}],"wp:attachment":[{"href":"https:\/\/securehubtec.com\/es\/wp-json\/wp\/v2\/media?parent=9454"}],"curies":[{"name":"wp","href":"https:\/\/api.w.org\/{rel}","templated":true}]}}