{"id":9436,"date":"2025-10-02T00:38:05","date_gmt":"2025-10-01T16:38:05","guid":{"rendered":"https:\/\/securehubtec.com\/?page_id=9436"},"modified":"2025-10-02T00:59:45","modified_gmt":"2025-10-01T16:59:45","slug":"sip-intercom-works-with-tuya-2","status":"publish","type":"page","link":"https:\/\/securehubtec.com\/es\/sip-intercom-works-with-tuya-2\/","title":{"rendered":"SIP Intercom funciona con TUYA"},"content":{"rendered":"<p>Presentamos nuestro vanguardista sistema inteligente de acceso a puertas. Revoluciona la forma de entrar en su casa o edificio. Con el reconocimiento facial, su cara es la clave. Esta tecnolog\u00eda biom\u00e9trica utiliza algoritmos avanzados de visi\u00f3n por ordenador para capturar, detectar y emparejar rasgos faciales para una verificaci\u00f3n de identidad sin fisuras. Ya no tendr\u00e1 que buscar las llaves, s\u00f3lo tiene que mirar el dispositivo y la puerta se desbloquear\u00e1.<br \/>\n<img fetchpriority=\"high\" decoding=\"async\" class=\"aligncenter size-full wp-image-9438\" src=\"https:\/\/securehubtec.com\/wp-content\/uploads\/2025\/10\/Smart-Video-Intercom-l-1.jpg\" alt=\"\" width=\"1200\" height=\"723\" srcset=\"https:\/\/securehubtec.com\/wp-content\/uploads\/2025\/10\/Smart-Video-Intercom-l-1.jpg 1200w, https:\/\/securehubtec.com\/wp-content\/uploads\/2025\/10\/Smart-Video-Intercom-l-1-300x181.jpg 300w, https:\/\/securehubtec.com\/wp-content\/uploads\/2025\/10\/Smart-Video-Intercom-l-1-1024x617.jpg 1024w, https:\/\/securehubtec.com\/wp-content\/uploads\/2025\/10\/Smart-Video-Intercom-l-1-768x463.jpg 768w, https:\/\/securehubtec.com\/wp-content\/uploads\/2025\/10\/Smart-Video-Intercom-l-1-18x12.jpg 18w, https:\/\/securehubtec.com\/wp-content\/uploads\/2025\/10\/Smart-Video-Intercom-l-1-600x362.jpg 600w\" sizes=\"(max-width: 1200px) 100vw, 1200px\" \/><\/p>\n<p>El control por voz a\u00f1ade otra capa de comodidad. Cuando conduzcas de vuelta a casa, s\u00f3lo tienes que decir \"Oye Siri, abre la puerta\". No es necesario desbloquear el tel\u00e9fono. La puerta se abre r\u00e1pidamente cuando te acercas, para que puedas entrar de forma inteligente y sin esfuerzo. Adem\u00e1s, los c\u00f3digos PIN ofrecen flexibilidad: los PIN p\u00fablico, residente y temporal le permiten gestionar f\u00e1cilmente el acceso de diferentes usuarios.<\/p>\n<p><img decoding=\"async\" class=\"aligncenter size-full wp-image-9439 lazyload\" data-src=\"https:\/\/securehubtec.com\/wp-content\/uploads\/2025\/10\/Smart-Video-Intercom-m.jpg\" alt=\"\" width=\"1200\" height=\"792\" data-srcset=\"https:\/\/securehubtec.com\/wp-content\/uploads\/2025\/10\/Smart-Video-Intercom-m.jpg 1200w, https:\/\/securehubtec.com\/wp-content\/uploads\/2025\/10\/Smart-Video-Intercom-m-300x198.jpg 300w, https:\/\/securehubtec.com\/wp-content\/uploads\/2025\/10\/Smart-Video-Intercom-m-1024x676.jpg 1024w, https:\/\/securehubtec.com\/wp-content\/uploads\/2025\/10\/Smart-Video-Intercom-m-768x507.jpg 768w, https:\/\/securehubtec.com\/wp-content\/uploads\/2025\/10\/Smart-Video-Intercom-m-18x12.jpg 18w, https:\/\/securehubtec.com\/wp-content\/uploads\/2025\/10\/Smart-Video-Intercom-m-600x396.jpg 600w\" data-sizes=\"(max-width: 1200px) 100vw, 1200px\" src=\"data:image\/svg+xml;base64,PHN2ZyB3aWR0aD0iMSIgaGVpZ2h0PSIxIiB4bWxucz0iaHR0cDovL3d3dy53My5vcmcvMjAwMC9zdmciPjwvc3ZnPg==\" style=\"--smush-placeholder-width: 1200px; --smush-placeholder-aspect-ratio: 1200\/792;\" \/>La tecnolog\u00eda NFC tambi\u00e9n juega un papel importante. Activa la funci\u00f3n NFC de tu tel\u00e9fono y reg\u00edstrate como tarjeta de usuario. Tu tel\u00e9fono se convierte entonces en una llave port\u00e1til. Y para el acceso remoto, su tel\u00e9fono es todo lo que necesita. Est\u00e9 donde est\u00e9, puede mantener una videollamada con los visitantes a trav\u00e9s de nuestra aplicaci\u00f3n y abrir la puerta a distancia, garantizando la comodidad y la tranquilidad,SIP Intercom funciona con TUYA.<br \/>\n<img decoding=\"async\" class=\"aligncenter size-full wp-image-9440 lazyload\" data-src=\"https:\/\/securehubtec.com\/wp-content\/uploads\/2025\/10\/Smart-Video-Intercom-n.jpg\" alt=\"\" width=\"1200\" height=\"975\" data-srcset=\"https:\/\/securehubtec.com\/wp-content\/uploads\/2025\/10\/Smart-Video-Intercom-n.jpg 1200w, https:\/\/securehubtec.com\/wp-content\/uploads\/2025\/10\/Smart-Video-Intercom-n-300x244.jpg 300w, https:\/\/securehubtec.com\/wp-content\/uploads\/2025\/10\/Smart-Video-Intercom-n-1024x832.jpg 1024w, https:\/\/securehubtec.com\/wp-content\/uploads\/2025\/10\/Smart-Video-Intercom-n-768x624.jpg 768w, https:\/\/securehubtec.com\/wp-content\/uploads\/2025\/10\/Smart-Video-Intercom-n-15x12.jpg 15w, https:\/\/securehubtec.com\/wp-content\/uploads\/2025\/10\/Smart-Video-Intercom-n-600x488.jpg 600w\" data-sizes=\"(max-width: 1200px) 100vw, 1200px\" src=\"data:image\/svg+xml;base64,PHN2ZyB3aWR0aD0iMSIgaGVpZ2h0PSIxIiB4bWxucz0iaHR0cDovL3d3dy53My5vcmcvMjAwMC9zdmciPjwvc3ZnPg==\" style=\"--smush-placeholder-width: 1200px; --smush-placeholder-aspect-ratio: 1200\/975;\" \/><br \/>\nNuestro sistema es altamente personalizable para satisfacer diversas necesidades. Puede personalizar la imagen de fondo, los listados de habitaciones, el idioma, la interfaz de usuario, las funciones e incluso el hardware. Tambi\u00e9n es perfecto para hoteles, con opciones para mostrar im\u00e1genes publicitarias. Eleve su experiencia de acceso con nuestro sistema inteligente de acceso a puertas hoy mismo, \u00a1el intercomunicador SIP funciona con TUYA!<\/p>\n<h1 class=\"header-iWP5WJ auto-hide-last-sibling-br\">Revolucione su experiencia de entrada con nuestras soluciones inteligentes de interfon\u00eda y control de acceso<\/h1>\n<div class=\"container-Uxvbjy md-box-line-break wrapper-GYqxgQ undefined\"><\/div>\n<div class=\"auto-hide-last-sibling-br paragraph-pP9ZLC paragraph-element br-paragraph-space\">En el vertiginoso mundo actual, no se puede exagerar la importancia de la seguridad y la comodidad en los sistemas de entrada. Ya sea para apartamentos, complejos de villas o edificios comerciales, nuestra amplia gama de interfonos inteligentes y productos de control de acceso est\u00e1 dise\u00f1ada para satisfacer y superar sus expectativas.<\/div>\n<div class=\"container-Uxvbjy md-box-line-break wrapper-GYqxgQ undefined\"><\/div>\n<div class=\"auto-hide-last-sibling-br paragraph-pP9ZLC paragraph-element br-paragraph-space\">Nuestra\u00a0<strong>Interfono inteligente<\/strong>\u00a0que incluye opciones como el\u00a0<strong>Intercomunicador inteligente para apartamentos<\/strong>\u00a0y\u00a0<strong>Interfonos inteligentes para edificios de apartamentos<\/strong>eleva la comunicaci\u00f3n y la seguridad de los residentes a nuevos niveles. Equipado con funciones como la conversaci\u00f3n bidireccional (que facilita las conversaciones fluidas a trav\u00e9s del intercomunicador bidireccional) y funciones de v\u00eddeo (como se ha visto en\u00a0<strong>c\u00e1mara timbre<\/strong>,\u00a0<strong>video portero<\/strong>y\u00a0<strong>V\u00eddeo portero inteligente<\/strong>), los residentes pueden verificar sin esfuerzo a los visitantes antes de permitirles el acceso. El sitio\u00a0<strong>Videoportero con cable de 7 pulgadas<\/strong>\u00a0y\u00a0<strong>Videoportero de 10,1 pulgadas al mejor precio<\/strong>\u00a0cuentan con interfaces visuales claras que garantizan que no se pierda ning\u00fan detalle. Para quienes deseen comodidad inal\u00e1mbrica, el\u00a0<strong>Timbre inteligente Tuya Wifi<\/strong>\u00a0y\u00a0<strong>Seguridad en el hogar Smart WIFI Visual Portero Autom\u00e1tico<\/strong>\u00a0permiten la interacci\u00f3n remota a trav\u00e9s de tel\u00e9fonos inteligentes, lo que permite a los usuarios comunicarse con los visitantes y gestionar el acceso desde cualquier lugar.<\/div>\n<div class=\"container-Uxvbjy md-box-line-break wrapper-GYqxgQ undefined\"><\/div>\n<div class=\"auto-hide-last-sibling-br paragraph-pP9ZLC paragraph-element br-paragraph-space\">Desp\u00eddase de las llaves tradicionales con nuestro\u00a0<strong>Entrada sin llave<\/strong>\u00a0soluciones. Nuestros sistemas admiten m\u00faltiples m\u00e9todos de acceso para adaptarse a diferentes preferencias y escenarios.\u00a0<strong>Desbloqueo RFIC<\/strong>\u00a0permite un acceso r\u00e1pido con tarjetas registradas y, al activar la funci\u00f3n NFC en el tel\u00e9fono, se transforma en una llave, similar a una\u00a0<strong>Tarjeta inteligente<\/strong>\u00a0soluci\u00f3n. Para los que prefieren la biometr\u00eda, nuestros sistemas avanzados pueden integrar el reconocimiento facial, en el que su cara sirve de llave, aprovechando algoritmos de visi\u00f3n por ordenador de vanguardia para una verificaci\u00f3n precisa de la identidad. Los c\u00f3digos PIN tambi\u00e9n est\u00e1n disponibles, con opciones de PIN p\u00fablico, residente y temporal para gestionar el acceso de forma flexible, todo ello como parte de nuestro s\u00f3lido sistema de seguridad.\u00a0<strong>sistemas de control de acceso<\/strong>.<\/div>\n<div class=\"container-Uxvbjy md-box-line-break wrapper-GYqxgQ undefined\"><\/div>\n<div class=\"auto-hide-last-sibling-br paragraph-pP9ZLC paragraph-element br-paragraph-space\">Somos conscientes de que los sistemas de entrada deben soportar diversas condiciones ambientales. Nuestro\u00a0<strong>Timbre de puerta exterior impermeable<\/strong>\u00a0y\u00a0<strong>IP65 Timbre para Villa<\/strong>\u00a0est\u00e1n fabricados para soportar los elementos, garantizando un rendimiento fiable bajo la lluvia, la nieve o la luz solar intensa. Tanto si se trata de un acogedor apartamento con un\u00a0<strong>C\u00e1mara timbre familiar para apartamento<\/strong>\u00a0o una lujosa villa con\u00a0<strong>Sistema de interfon\u00eda de v\u00eddeo IP<\/strong>Nuestros productos se integran a la perfecci\u00f3n en cualquier entorno y ofrecen una seguridad de primer nivel.<\/div>\n<div class=\"container-Uxvbjy md-box-line-break wrapper-GYqxgQ undefined\"><\/div>\n<div class=\"auto-hide-last-sibling-br paragraph-pP9ZLC paragraph-element br-paragraph-space\">En\u00a0<strong>Porteros autom\u00e1ticos<\/strong>\u00a0y\u00a0<strong>Porteros autom\u00e1ticos inteligentes<\/strong>\u00a0a\u00a0<strong>Kit de videoportero<\/strong>\u00a0y\u00a0<strong>7 pulgadas AHD Video portero Sistema de timbre<\/strong>Ofrecemos una amplia selecci\u00f3n de productos para satisfacer diversas necesidades. Nuestra\u00a0<strong>Sistema de control de acceso<\/strong>\u00a0y\u00a0<strong>Interfono abrepuertas<\/strong>\u00a0ofrecen una gesti\u00f3n centralizada para grandes propiedades, garantizando un acceso eficaz y seguro para todos los residentes y el personal autorizado. Para las empresas, nuestros\u00a0<strong>taquilla inteligente segura<\/strong>\u00a0se integran con el control de accesos, a\u00f1adiendo una capa adicional de seguridad para los objetos de valor. Marcas como\u00a0<strong>DRSECURE<\/strong>\u00a0representan la calidad y la innovaci\u00f3n, garantizando que nuestros productos est\u00e1n a la vanguardia de la tecnolog\u00eda.<\/div>\n<div class=\"container-Uxvbjy md-box-line-break wrapper-GYqxgQ undefined\"><\/div>\n<div class=\"auto-hide-last-sibling-br paragraph-pP9ZLC paragraph-element br-paragraph-space\">En conclusi\u00f3n, nuestros productos de interfon\u00eda inteligente y control de acceso no se limitan a abrir puertas, sino que crean una experiencia de entrada perfecta, segura e inteligente. Ya sea propietario de una vivienda, administrador de fincas o empresario, nuestras soluciones ofrecen la combinaci\u00f3n ideal de comodidad, seguridad y personalizaci\u00f3n. Actual\u00edcese hoy mismo a nuestros sistemas de entrada inteligentes y d\u00e9 un paso hacia un futuro en el que el acceso se realice sin esfuerzo y la seguridad sea inflexible.<\/div>","protected":false},"excerpt":{"rendered":"<p>Introducing our cutting &#8211; edge smart door access system! It revolutionizes how you enter your home or building. With face [&hellip;]<\/p>","protected":false},"author":1,"featured_media":9437,"parent":0,"menu_order":0,"comment_status":"closed","ping_status":"closed","template":"","meta":{"site-sidebar-layout":"default","site-content-layout":"","ast-site-content-layout":"default","site-content-style":"default","site-sidebar-style":"default","ast-global-header-display":"","ast-banner-title-visibility":"","ast-main-header-display":"","ast-hfb-above-header-display":"","ast-hfb-below-header-display":"","ast-hfb-mobile-header-display":"","site-post-title":"","ast-breadcrumbs-content":"","ast-featured-img":"","footer-sml-layout":"","theme-transparent-header-meta":"default","adv-header-id-meta":"","stick-header-meta":"default","header-above-stick-meta":"","header-main-stick-meta":"","header-below-stick-meta":"","astra-migrate-meta-layouts":"set","ast-page-background-enabled":"default","ast-page-background-meta":{"desktop":{"background-color":"","background-image":"","background-repeat":"repeat","background-position":"center center","background-size":"auto","background-attachment":"scroll","background-type":"","background-media":"","overlay-type":"","overlay-color":"","overlay-opacity":"","overlay-gradient":""},"tablet":{"background-color":"","background-image":"","background-repeat":"repeat","background-position":"center center","background-size":"auto","background-attachment":"scroll","background-type":"","background-media":"","overlay-type":"","overlay-color":"","overlay-opacity":"","overlay-gradient":""},"mobile":{"background-color":"","background-image":"","background-repeat":"repeat","background-position":"center center","background-size":"auto","background-attachment":"scroll","background-type":"","background-media":"","overlay-type":"","overlay-color":"","overlay-opacity":"","overlay-gradient":""}},"ast-content-background-meta":{"desktop":{"background-color":"var(--ast-global-color-5)","background-image":"","background-repeat":"repeat","background-position":"center center","background-size":"auto","background-attachment":"scroll","background-type":"","background-media":"","overlay-type":"","overlay-color":"","overlay-opacity":"","overlay-gradient":""},"tablet":{"background-color":"var(--ast-global-color-5)","background-image":"","background-repeat":"repeat","background-position":"center center","background-size":"auto","background-attachment":"scroll","background-type":"","background-media":"","overlay-type":"","overlay-color":"","overlay-opacity":"","overlay-gradient":""},"mobile":{"background-color":"var(--ast-global-color-5)","background-image":"","background-repeat":"repeat","background-position":"center center","background-size":"auto","background-attachment":"scroll","background-type":"","background-media":"","overlay-type":"","overlay-color":"","overlay-opacity":"","overlay-gradient":""}},"footnotes":""},"class_list":["post-9436","page","type-page","status-publish","has-post-thumbnail","hentry"],"_links":{"self":[{"href":"https:\/\/securehubtec.com\/es\/wp-json\/wp\/v2\/pages\/9436","targetHints":{"allow":["GET"]}}],"collection":[{"href":"https:\/\/securehubtec.com\/es\/wp-json\/wp\/v2\/pages"}],"about":[{"href":"https:\/\/securehubtec.com\/es\/wp-json\/wp\/v2\/types\/page"}],"author":[{"embeddable":true,"href":"https:\/\/securehubtec.com\/es\/wp-json\/wp\/v2\/users\/1"}],"replies":[{"embeddable":true,"href":"https:\/\/securehubtec.com\/es\/wp-json\/wp\/v2\/comments?post=9436"}],"version-history":[{"count":4,"href":"https:\/\/securehubtec.com\/es\/wp-json\/wp\/v2\/pages\/9436\/revisions"}],"predecessor-version":[{"id":9445,"href":"https:\/\/securehubtec.com\/es\/wp-json\/wp\/v2\/pages\/9436\/revisions\/9445"}],"wp:featuredmedia":[{"embeddable":true,"href":"https:\/\/securehubtec.com\/es\/wp-json\/wp\/v2\/media\/9437"}],"wp:attachment":[{"href":"https:\/\/securehubtec.com\/es\/wp-json\/wp\/v2\/media?parent=9436"}],"curies":[{"name":"wp","href":"https:\/\/api.w.org\/{rel}","templated":true}]}}