{"id":9429,"date":"2025-10-02T00:08:52","date_gmt":"2025-10-01T16:08:52","guid":{"rendered":"https:\/\/securehubtec.com\/?page_id=9429"},"modified":"2025-10-02T00:24:08","modified_gmt":"2025-10-01T16:24:08","slug":"smart-intercom","status":"publish","type":"page","link":"https:\/\/securehubtec.com\/es\/smart-intercom\/","title":{"rendered":"INTERCOMUNICACI\u00d3N INTELIGENTE"},"content":{"rendered":"<p><img fetchpriority=\"high\" decoding=\"async\" class=\"aligncenter size-full wp-image-9431\" src=\"https:\/\/securehubtec.com\/wp-content\/uploads\/2025\/10\/Smart-Video-Intercom-k-1.jpg\" alt=\"\" width=\"1100\" height=\"809\" srcset=\"https:\/\/securehubtec.com\/wp-content\/uploads\/2025\/10\/Smart-Video-Intercom-k-1.jpg 1100w, https:\/\/securehubtec.com\/wp-content\/uploads\/2025\/10\/Smart-Video-Intercom-k-1-300x221.jpg 300w, https:\/\/securehubtec.com\/wp-content\/uploads\/2025\/10\/Smart-Video-Intercom-k-1-1024x753.jpg 1024w, https:\/\/securehubtec.com\/wp-content\/uploads\/2025\/10\/Smart-Video-Intercom-k-1-768x565.jpg 768w, https:\/\/securehubtec.com\/wp-content\/uploads\/2025\/10\/Smart-Video-Intercom-k-1-16x12.jpg 16w, https:\/\/securehubtec.com\/wp-content\/uploads\/2025\/10\/Smart-Video-Intercom-k-1-600x441.jpg 600w\" sizes=\"(max-width: 1100px) 100vw, 1100px\" \/><br \/>\n<em><strong>AJUSTES <\/strong><\/em><\/p>\n<p><strong><span style=\"color: #ffcc99;\">Panel de control inteligente <\/span><\/strong><\/p>\n<p>Acceso Ethernet a la red dom\u00e9stica a trav\u00e9s de Wi-Fi.<\/p>\n<p>Despl\u00e1zate hacia abajo desde la parte superior de la p\u00e1gina de inicio y haz clic en \"Configuraci\u00f3n\" - \"Interfono del edificio\". Interruptor de IP est\u00e1tica: Act\u00edvelo. Configure la<\/p>\n<p>IP est\u00e1tica: 192.168.1.10 (Encienda el interruptor de IP est\u00e1tica despu\u00e9s de obtenerla autom\u00e1ticamente).N\u00famero local: 999-999 (Habitaci\u00f3n 999, Unidad 999).<\/p>\n<p><strong><span style=\"color: #ffcc99;\">Estaci\u00f3n exterior\uff1a<\/span><\/strong><\/p>\n<p>Confirme que el software autorizado soporta el protocolo SIP de Tuya LAN.<\/p>\n<p>Con\u00e9ctate a la red dom\u00e9stica a trav\u00e9s de Ethernet o Wi-Fi.<\/p>\n<p>Los paneles pueden ajustarse a diferentes n\u00fameros de habitaci\u00f3n y la estaci\u00f3n de llamada realiza las llamadas introduciendo un n\u00famero de habitaci\u00f3n diferente.<\/p>\n<p><strong><span style=\"color: #ffcc99;\">Por ejemplo: <\/span><\/strong><\/p>\n<p>Paso 1: Para el panel 1# Tuya, aj\u00fastelo como 31-101, para el panel 2# Tuya, aj\u00fastelo como 31-201.<\/p>\n<p>Paso 2: Vaya a Call Station - Room Settings - Add Room 31-101 y Room 31-201 respectivamente.<\/p>\n<p><em><strong>CARACTER\u00cdSTICAS <\/strong><\/em><\/p>\n<p>Videollamada: La estaci\u00f3n puede iniciar\/hacer una videollamada con el panel de control inteligente.<\/p>\n<p>Siri(iOS): Abre la puerta por control de voz.<\/p>\n<p>Atajos (iOS): Tocar para correr.<\/p>\n<p>Abrir la puerta: Escaneando una tarjeta IC\/NFC o introduciendo el c\u00f3digo PIN del usuario o mediante reconocimiento facial.<\/p>\n<p>Escena: Crear escena para lanzar Tap-to-Run.<\/p>\n<p>Salida: Contacto seco de 1 v\u00eda.<\/p>\n<p>Enganche del ascensor o llame a un ascensor.<\/p>\n<div class=\"auto-hide-last-sibling-br paragraph-pP9ZLC paragraph-element br-paragraph-space\">Mejore su espacio con nuestro\u00a0<strong>INTERCOMUNICACI\u00d3N INTELIGENTE<\/strong>-la combinaci\u00f3n definitiva de seguridad, comodidad y tecnolog\u00eda inteligente. Se acabaron las prisas por llegar a la puerta para controlar a los visitantes: este sistema le permite ver, o\u00edr y hablar con los invitados en tiempo real a trav\u00e9s de una n\u00edtida pantalla t\u00e1ctil o de su smartphone. Tanto si est\u00e1 en el sal\u00f3n como en el trabajo o de viaje, tendr\u00e1 todo bajo control: no volver\u00e1 a perderse una entrega, un amigo o una visita importante.<\/div>\n<div class=\"container-Uxvbjy md-box-line-break wrapper-GYqxgQ undefined\"><\/div>\n<div class=\"auto-hide-last-sibling-br paragraph-pP9ZLC paragraph-element br-paragraph-space\">Dise\u00f1ada para cualquier situaci\u00f3n, se adapta perfectamente a casas, apartamentos y peque\u00f1as empresas. Para edificios de varias unidades, permite una comunicaci\u00f3n clara entre las unidades y los vest\u00edbulos; para viviendas unifamiliares, a\u00f1ade una capa de seguridad al permitirle verificar las visitas antes de desbloquear. Tambi\u00e9n se puede emparejar con cerraduras inteligentes para permitir el acceso a distancia a familiares, personal de limpieza o contratistas con un solo toque.<\/div>\n<div class=\"container-Uxvbjy md-box-line-break wrapper-GYqxgQ undefined\"><\/div>\n<div class=\"auto-hide-last-sibling-br paragraph-pP9ZLC paragraph-element br-paragraph-space\">Construido para durar, nuestro SMART INTERCOM funciona de forma fiable en cualquier condici\u00f3n meteorol\u00f3gica, con visi\u00f3n nocturna para una claridad fuera de horario. Es f\u00e1cil de instalar y se conecta a su WiFi existente en cuesti\u00f3n de minutos, con una aplicaci\u00f3n intuitiva que es f\u00e1cil de usar para todas las edades. Olv\u00eddese de los intercomunicadores obsoletos y adopte un sistema que le mantiene seguro, ahorra tiempo y se adapta a su estilo de vida. Esto no es s\u00f3lo un interfono; es una forma m\u00e1s inteligente de gestionar su espacio.<\/div>","protected":false},"excerpt":{"rendered":"<p>SETTINGS Smart Control Panel Ethernet access to the home network via Wi-Fi. Pull down from the top of the home [&hellip;]<\/p>","protected":false},"author":1,"featured_media":9430,"parent":0,"menu_order":0,"comment_status":"closed","ping_status":"closed","template":"","meta":{"site-sidebar-layout":"default","site-content-layout":"","ast-site-content-layout":"default","site-content-style":"default","site-sidebar-style":"default","ast-global-header-display":"","ast-banner-title-visibility":"","ast-main-header-display":"","ast-hfb-above-header-display":"","ast-hfb-below-header-display":"","ast-hfb-mobile-header-display":"","site-post-title":"","ast-breadcrumbs-content":"","ast-featured-img":"","footer-sml-layout":"","theme-transparent-header-meta":"default","adv-header-id-meta":"","stick-header-meta":"default","header-above-stick-meta":"","header-main-stick-meta":"","header-below-stick-meta":"","astra-migrate-meta-layouts":"set","ast-page-background-enabled":"default","ast-page-background-meta":{"desktop":{"background-color":"","background-image":"","background-repeat":"repeat","background-position":"center center","background-size":"auto","background-attachment":"scroll","background-type":"","background-media":"","overlay-type":"","overlay-color":"","overlay-opacity":"","overlay-gradient":""},"tablet":{"background-color":"","background-image":"","background-repeat":"repeat","background-position":"center center","background-size":"auto","background-attachment":"scroll","background-type":"","background-media":"","overlay-type":"","overlay-color":"","overlay-opacity":"","overlay-gradient":""},"mobile":{"background-color":"","background-image":"","background-repeat":"repeat","background-position":"center center","background-size":"auto","background-attachment":"scroll","background-type":"","background-media":"","overlay-type":"","overlay-color":"","overlay-opacity":"","overlay-gradient":""}},"ast-content-background-meta":{"desktop":{"background-color":"var(--ast-global-color-5)","background-image":"","background-repeat":"repeat","background-position":"center center","background-size":"auto","background-attachment":"scroll","background-type":"","background-media":"","overlay-type":"","overlay-color":"","overlay-opacity":"","overlay-gradient":""},"tablet":{"background-color":"var(--ast-global-color-5)","background-image":"","background-repeat":"repeat","background-position":"center center","background-size":"auto","background-attachment":"scroll","background-type":"","background-media":"","overlay-type":"","overlay-color":"","overlay-opacity":"","overlay-gradient":""},"mobile":{"background-color":"var(--ast-global-color-5)","background-image":"","background-repeat":"repeat","background-position":"center center","background-size":"auto","background-attachment":"scroll","background-type":"","background-media":"","overlay-type":"","overlay-color":"","overlay-opacity":"","overlay-gradient":""}},"footnotes":""},"class_list":["post-9429","page","type-page","status-publish","has-post-thumbnail","hentry"],"_links":{"self":[{"href":"https:\/\/securehubtec.com\/es\/wp-json\/wp\/v2\/pages\/9429","targetHints":{"allow":["GET"]}}],"collection":[{"href":"https:\/\/securehubtec.com\/es\/wp-json\/wp\/v2\/pages"}],"about":[{"href":"https:\/\/securehubtec.com\/es\/wp-json\/wp\/v2\/types\/page"}],"author":[{"embeddable":true,"href":"https:\/\/securehubtec.com\/es\/wp-json\/wp\/v2\/users\/1"}],"replies":[{"embeddable":true,"href":"https:\/\/securehubtec.com\/es\/wp-json\/wp\/v2\/comments?post=9429"}],"version-history":[{"count":2,"href":"https:\/\/securehubtec.com\/es\/wp-json\/wp\/v2\/pages\/9429\/revisions"}],"predecessor-version":[{"id":9434,"href":"https:\/\/securehubtec.com\/es\/wp-json\/wp\/v2\/pages\/9429\/revisions\/9434"}],"wp:featuredmedia":[{"embeddable":true,"href":"https:\/\/securehubtec.com\/es\/wp-json\/wp\/v2\/media\/9430"}],"wp:attachment":[{"href":"https:\/\/securehubtec.com\/es\/wp-json\/wp\/v2\/media?parent=9429"}],"curies":[{"name":"wp","href":"https:\/\/api.w.org\/{rel}","templated":true}]}}