{"id":9423,"date":"2025-10-01T23:48:52","date_gmt":"2025-10-01T15:48:52","guid":{"rendered":"https:\/\/securehubtec.com\/?page_id=9423"},"modified":"2025-10-01T23:50:14","modified_gmt":"2025-10-01T15:50:14","slug":"smart-apartment-solution","status":"publish","type":"page","link":"https:\/\/securehubtec.com\/es\/smart-apartment-solution\/","title":{"rendered":"Soluci\u00f3n para apartamentos inteligentes"},"content":{"rendered":"<p><em><strong>Requiere conexi\u00f3n a Internet para funcionar <\/strong><\/em><\/p>\n<p><strong><span style=\"color: #ffcc00;\">Tuya Home<\/span>\u00a0<\/strong> \u00a0 \u00a0 \u00a0Permite a los visitantes llamar a la aplicaci\u00f3n Tuya de diferentes hogares. (admite hasta 1000 hogares) <strong><span style=\"color: #ffcc00;\">Kit Apple Home\u00a0<\/span><\/strong> \u00a0 \u00a0 \u00a0Hey Siri para abrir la puerta<\/p>\n<p><em><strong>Trabajar sin Internet <\/strong><\/em><\/p>\n<p><strong><span style=\"color: #ffcc00;\">Monitor de seguridad\u00a0<\/span><\/strong> \u00a0 \u00a0 \u00a0 \u00a0 \u00a0 Se utiliza como monitor para fines de vigilancia por lo general Mostrar im\u00e1genes de vigilancia en tiempo real en pantalla dividida en 4, hasta 16 c\u00e1maras IP<\/p>\n<p><strong><span style=\"color: #ffcc00;\">Un toque para llamar\u00a0<\/span> <\/strong>\u00a0 \u00a0 \u00a0 \u00a0 \u00a0<span style=\"font-size: 16px;\">Ofrece a los visitantes una excelente experiencia de usuario <\/span><\/p>\n<p><span style=\"font-size: 16px;\"><strong><span style=\"color: #ffcc00;\">Interfono\u00a0<\/span><\/strong> \u00a0 \u00a0 \u00a0 \u00a0 \u00a0 Intercomunicador bidireccional de voz\/v\u00eddeo. Monitor a puesto, monitor a monitor, puesto a puesto<\/span><\/p>\n<p><span style=\"font-size: 16px;\"><strong><span style=\"color: #ffcc00;\">Acceda a<\/span>\u00a0<\/strong> \u00a0 \u00a0 \u00a0 \u00a0 Deslice la tarjeta IC\/NFC\/PIN\/monitor interior\/aplicaci\u00f3n inteligente para desbloquear la puerta <\/span><\/p>\n<p><strong><span style=\"font-size: 16px; color: #ffcc00;\">Publicidad Visualizaci\u00f3n Ciclo a trav\u00e9s de anuncios de imagen o v\u00eddeo<\/span><\/strong><\/p>\n<p><img fetchpriority=\"high\" decoding=\"async\" class=\"aligncenter size-full wp-image-9425\" src=\"https:\/\/securehubtec.com\/wp-content\/uploads\/2025\/10\/Smart-Video-Intercom-j-1.jpg\" alt=\"\" width=\"1100\" height=\"737\" srcset=\"https:\/\/securehubtec.com\/wp-content\/uploads\/2025\/10\/Smart-Video-Intercom-j-1.jpg 1100w, https:\/\/securehubtec.com\/wp-content\/uploads\/2025\/10\/Smart-Video-Intercom-j-1-300x201.jpg 300w, https:\/\/securehubtec.com\/wp-content\/uploads\/2025\/10\/Smart-Video-Intercom-j-1-1024x686.jpg 1024w, https:\/\/securehubtec.com\/wp-content\/uploads\/2025\/10\/Smart-Video-Intercom-j-1-768x515.jpg 768w, https:\/\/securehubtec.com\/wp-content\/uploads\/2025\/10\/Smart-Video-Intercom-j-1-18x12.jpg 18w, https:\/\/securehubtec.com\/wp-content\/uploads\/2025\/10\/Smart-Video-Intercom-j-1-600x402.jpg 600w\" sizes=\"(max-width: 1100px) 100vw, 1100px\" \/><\/p>\n<ol class=\"auto-hide-last-sibling-br\">\n<li>\n<div class=\"auto-hide-last-sibling-br paragraph-pP9ZLC paragraph-element br-paragraph-space\">Presentamos nuestro\u00a0<strong>Soluci\u00f3n para apartamentos inteligentes<\/strong>-una soluci\u00f3n innovadora para edificios de varias unidades que equilibra conectividad y funcionalidad. Cuando se conecta a Internet, se integra perfectamente con\u00a0<strong>Tuya Home<\/strong>\u00a0y\u00a0<strong>Kit Apple Home<\/strong>: El ecosistema de Tuya permite a los visitantes llamar a la aplicaci\u00f3n de Tuya de hasta 1.000 hogares, lo que garantiza que ning\u00fan residente pierda una visita, mientras que los usuarios de Apple pueden simplemente decir \"Oye Siri para abrir la puerta\" para un acceso manos libres. Adem\u00e1s del control por voz, admite diversos m\u00e9todos de desbloqueo: deslizar la tarjeta IC, utilizar NFC, introducir un PIN, pulsar el monitor interior u operar a trav\u00e9s de la aplicaci\u00f3n inteligente, adapt\u00e1ndose a las preferencias de todos los residentes y haciendo que la entrada sea r\u00e1pida y sin complicaciones.<\/div>\n<\/li>\n<li>\n<div class=\"auto-hide-last-sibling-br paragraph-pP9ZLC paragraph-element br-paragraph-space\">Lo que distingue a esta soluci\u00f3n es su fiabilidad\u00a0<strong>Trabajar sin Internet<\/strong>\u00a0tambi\u00e9n. El sistema\u00a0<strong>Monitor de seguridad<\/strong>\u00a0se transforma en un potente centro de vigilancia: muestra im\u00e1genes en tiempo real en una pantalla dividida en 4 y admite hasta 16 c\u00e1maras IP, que cubren todos los rincones del complejo de apartamentos, desde los vest\u00edbulos hasta los pasillos. Incluso sin conexi\u00f3n, el\u00a0<strong>Intercomunicador bidireccional de voz\/v\u00eddeo<\/strong>\u00a0funciona a la perfecci\u00f3n: la comunicaci\u00f3n de monitor a estaci\u00f3n, de monitor a monitor y de estaci\u00f3n a estaci\u00f3n mantiene conectados a residentes, personal y visitantes. Adem\u00e1s, el\u00a0<strong>Un toque para llamar<\/strong>\u00a0ofrece a los visitantes una experiencia intuitiva, eliminando confusiones y agilizando las interacciones con los residentes.<\/div>\n<\/li>\n<li>\n<div class=\"auto-hide-last-sibling-br paragraph-pP9ZLC paragraph-element br-paragraph-space\">Esta soluci\u00f3n no se limita a la seguridad, sino que tambi\u00e9n aporta un valor a\u00f1adido pr\u00e1ctico a los administradores de fincas. El sitio\u00a0<strong>Expositor de anuncios<\/strong>\u00a0convierte el monitor interior en una herramienta generadora de ingresos al tiempo que comparte informaci\u00f3n \u00fatil (como avisos comunitarios) con los residentes. Tanto en l\u00ednea como fuera de l\u00ednea, se adapta a las necesidades de los grandes edificios de apartamentos: admite 1.000 hogares, ofrece un acceso flexible y garantiza una vigilancia ininterrumpida. Para los promotores y gestores inmobiliarios que buscan mejorar la experiencia de los residentes y la eficiencia operativa, nuestra soluci\u00f3n Smart Apartment es la respuesta integral: tecnolog\u00eda inteligente, fiabilidad y versatilidad.<\/div>\n<\/li>\n<\/ol>","protected":false},"excerpt":{"rendered":"<p>Requires an Internet connection to work Tuya Home\u00a0 \u00a0 \u00a0 \u00a0Allows visitors to call Tuya app of different households. (supporting [&hellip;]<\/p>","protected":false},"author":1,"featured_media":9424,"parent":0,"menu_order":0,"comment_status":"closed","ping_status":"closed","template":"","meta":{"site-sidebar-layout":"default","site-content-layout":"","ast-site-content-layout":"default","site-content-style":"default","site-sidebar-style":"default","ast-global-header-display":"","ast-banner-title-visibility":"","ast-main-header-display":"","ast-hfb-above-header-display":"","ast-hfb-below-header-display":"","ast-hfb-mobile-header-display":"","site-post-title":"","ast-breadcrumbs-content":"","ast-featured-img":"","footer-sml-layout":"","theme-transparent-header-meta":"default","adv-header-id-meta":"","stick-header-meta":"default","header-above-stick-meta":"","header-main-stick-meta":"","header-below-stick-meta":"","astra-migrate-meta-layouts":"set","ast-page-background-enabled":"default","ast-page-background-meta":{"desktop":{"background-color":"","background-image":"","background-repeat":"repeat","background-position":"center center","background-size":"auto","background-attachment":"scroll","background-type":"","background-media":"","overlay-type":"","overlay-color":"","overlay-opacity":"","overlay-gradient":""},"tablet":{"background-color":"","background-image":"","background-repeat":"repeat","background-position":"center center","background-size":"auto","background-attachment":"scroll","background-type":"","background-media":"","overlay-type":"","overlay-color":"","overlay-opacity":"","overlay-gradient":""},"mobile":{"background-color":"","background-image":"","background-repeat":"repeat","background-position":"center center","background-size":"auto","background-attachment":"scroll","background-type":"","background-media":"","overlay-type":"","overlay-color":"","overlay-opacity":"","overlay-gradient":""}},"ast-content-background-meta":{"desktop":{"background-color":"var(--ast-global-color-5)","background-image":"","background-repeat":"repeat","background-position":"center center","background-size":"auto","background-attachment":"scroll","background-type":"","background-media":"","overlay-type":"","overlay-color":"","overlay-opacity":"","overlay-gradient":""},"tablet":{"background-color":"var(--ast-global-color-5)","background-image":"","background-repeat":"repeat","background-position":"center center","background-size":"auto","background-attachment":"scroll","background-type":"","background-media":"","overlay-type":"","overlay-color":"","overlay-opacity":"","overlay-gradient":""},"mobile":{"background-color":"var(--ast-global-color-5)","background-image":"","background-repeat":"repeat","background-position":"center center","background-size":"auto","background-attachment":"scroll","background-type":"","background-media":"","overlay-type":"","overlay-color":"","overlay-opacity":"","overlay-gradient":""}},"footnotes":""},"class_list":["post-9423","page","type-page","status-publish","has-post-thumbnail","hentry"],"_links":{"self":[{"href":"https:\/\/securehubtec.com\/es\/wp-json\/wp\/v2\/pages\/9423","targetHints":{"allow":["GET"]}}],"collection":[{"href":"https:\/\/securehubtec.com\/es\/wp-json\/wp\/v2\/pages"}],"about":[{"href":"https:\/\/securehubtec.com\/es\/wp-json\/wp\/v2\/types\/page"}],"author":[{"embeddable":true,"href":"https:\/\/securehubtec.com\/es\/wp-json\/wp\/v2\/users\/1"}],"replies":[{"embeddable":true,"href":"https:\/\/securehubtec.com\/es\/wp-json\/wp\/v2\/comments?post=9423"}],"version-history":[{"count":2,"href":"https:\/\/securehubtec.com\/es\/wp-json\/wp\/v2\/pages\/9423\/revisions"}],"predecessor-version":[{"id":9428,"href":"https:\/\/securehubtec.com\/es\/wp-json\/wp\/v2\/pages\/9423\/revisions\/9428"}],"wp:featuredmedia":[{"embeddable":true,"href":"https:\/\/securehubtec.com\/es\/wp-json\/wp\/v2\/media\/9424"}],"wp:attachment":[{"href":"https:\/\/securehubtec.com\/es\/wp-json\/wp\/v2\/media?parent=9423"}],"curies":[{"name":"wp","href":"https:\/\/api.w.org\/{rel}","templated":true}]}}