{"id":9416,"date":"2025-10-01T23:27:18","date_gmt":"2025-10-01T15:27:18","guid":{"rendered":"https:\/\/securehubtec.com\/?page_id=9416"},"modified":"2025-10-01T23:28:37","modified_gmt":"2025-10-01T15:28:37","slug":"smart-doorbell-camera-works-with-tuya","status":"publish","type":"page","link":"https:\/\/securehubtec.com\/es\/smart-doorbell-camera-works-with-tuya\/","title":{"rendered":"La c\u00e1mara con timbre inteligente funciona con TUYA"},"content":{"rendered":"<p>Nuestra c\u00e1mara con timbre inteligente funciona con TUYA, una de las principales plataformas mundiales de IoT, que te permite sincronizarla con tus dispositivos dom\u00e9sticos inteligentes sin esfuerzo. A trav\u00e9s de la aplicaci\u00f3n TUYA, puedes ver v\u00eddeo HD en tiempo real y comprobar qui\u00e9n est\u00e1 en la puerta desde tu tel\u00e9fono, tanto si est\u00e1s trabajando como de viaje. Se integra sin problemas con el ecosistema de TUYA, por lo que puedes vincularlo a luces o cerraduras inteligentes para tener un hogar totalmente conectado. Esta compatibilidad reduce el tiempo de configuraci\u00f3n, por lo que es f\u00e1cil de usar para cualquier persona, incluso si eres nuevo en la tecnolog\u00eda inteligente.<\/p>\n<p><img fetchpriority=\"high\" decoding=\"async\" class=\"aligncenter size-full wp-image-9419\" src=\"https:\/\/securehubtec.com\/wp-content\/uploads\/2025\/10\/Smart-Video-Intercom-h-1.jpg\" alt=\"\" width=\"1196\" height=\"780\" srcset=\"https:\/\/securehubtec.com\/wp-content\/uploads\/2025\/10\/Smart-Video-Intercom-h-1.jpg 1196w, https:\/\/securehubtec.com\/wp-content\/uploads\/2025\/10\/Smart-Video-Intercom-h-1-300x196.jpg 300w, https:\/\/securehubtec.com\/wp-content\/uploads\/2025\/10\/Smart-Video-Intercom-h-1-1024x668.jpg 1024w, https:\/\/securehubtec.com\/wp-content\/uploads\/2025\/10\/Smart-Video-Intercom-h-1-768x501.jpg 768w, https:\/\/securehubtec.com\/wp-content\/uploads\/2025\/10\/Smart-Video-Intercom-h-1-18x12.jpg 18w, https:\/\/securehubtec.com\/wp-content\/uploads\/2025\/10\/Smart-Video-Intercom-h-1-600x391.jpg 600w\" sizes=\"(max-width: 1196px) 100vw, 1196px\" \/>Adem\u00e1s de la integraci\u00f3n TUYA, esta c\u00e1mara timbre brilla por su claridad HD 1080P: capte todos los detalles, de d\u00eda o de noche, gracias a la visi\u00f3n nocturna. La funci\u00f3n de conversaci\u00f3n bidireccional le permite charlar con los visitantes con claridad, indicar al personal de reparto d\u00f3nde dejar los paquetes o saludar a los amigos a distancia. Su dise\u00f1o con WiFi por cable garantiza una conectividad estable, para que nunca se pierda una alerta. La detecci\u00f3n de movimiento env\u00eda notificaciones instant\u00e1neas a la aplicaci\u00f3n, lo que le ayuda a detectar r\u00e1pidamente cualquier actividad inusual y a mantener su hogar seguro.<br \/>\n<img decoding=\"async\" class=\"aligncenter size-full wp-image-9420 lazyload\" data-src=\"https:\/\/securehubtec.com\/wp-content\/uploads\/2025\/10\/Smart-Video-Intercom-i-1.jpg\" alt=\"\" width=\"1200\" height=\"804\" data-srcset=\"https:\/\/securehubtec.com\/wp-content\/uploads\/2025\/10\/Smart-Video-Intercom-i-1.jpg 1200w, https:\/\/securehubtec.com\/wp-content\/uploads\/2025\/10\/Smart-Video-Intercom-i-1-300x201.jpg 300w, https:\/\/securehubtec.com\/wp-content\/uploads\/2025\/10\/Smart-Video-Intercom-i-1-1024x686.jpg 1024w, https:\/\/securehubtec.com\/wp-content\/uploads\/2025\/10\/Smart-Video-Intercom-i-1-768x515.jpg 768w, https:\/\/securehubtec.com\/wp-content\/uploads\/2025\/10\/Smart-Video-Intercom-i-1-18x12.jpg 18w, https:\/\/securehubtec.com\/wp-content\/uploads\/2025\/10\/Smart-Video-Intercom-i-1-600x402.jpg 600w\" data-sizes=\"(max-width: 1200px) 100vw, 1200px\" src=\"data:image\/svg+xml;base64,PHN2ZyB3aWR0aD0iMSIgaGVpZ2h0PSIxIiB4bWxucz0iaHR0cDovL3d3dy53My5vcmcvMjAwMC9zdmciPjwvc3ZnPg==\" style=\"--smush-placeholder-width: 1200px; --smush-placeholder-aspect-ratio: 1200\/804;\" \/><br \/>\nIdeal para casas y apartamentos, esta c\u00e1mara con timbre TUYA aumenta la seguridad y a\u00f1ade comodidad. Es f\u00e1cil de instalar y se adapta a la mayor\u00eda de los marcos de puerta sin necesidad de herramientas complejas. Su resistente estructura resiste la lluvia, la nieve y el sol, y funciona bien en cualquier condici\u00f3n meteorol\u00f3gica. Para cualquiera que desee un timbre fiable e inteligente, este modelo es la soluci\u00f3n: compatibilidad con TUYA, excelentes funciones y tranquilidad, todo en un solo dispositivo que mejora su vida diaria.<\/p>","protected":false},"excerpt":{"rendered":"<p>Our Smart Doorbell Camera works with TUYA, a top global IoT platform, letting you sync it with your existing smart [&hellip;]<\/p>","protected":false},"author":1,"featured_media":9417,"parent":0,"menu_order":0,"comment_status":"closed","ping_status":"closed","template":"","meta":{"site-sidebar-layout":"default","site-content-layout":"","ast-site-content-layout":"default","site-content-style":"default","site-sidebar-style":"default","ast-global-header-display":"","ast-banner-title-visibility":"","ast-main-header-display":"","ast-hfb-above-header-display":"","ast-hfb-below-header-display":"","ast-hfb-mobile-header-display":"","site-post-title":"","ast-breadcrumbs-content":"","ast-featured-img":"","footer-sml-layout":"","theme-transparent-header-meta":"default","adv-header-id-meta":"","stick-header-meta":"default","header-above-stick-meta":"","header-main-stick-meta":"","header-below-stick-meta":"","astra-migrate-meta-layouts":"set","ast-page-background-enabled":"default","ast-page-background-meta":{"desktop":{"background-color":"","background-image":"","background-repeat":"repeat","background-position":"center center","background-size":"auto","background-attachment":"scroll","background-type":"","background-media":"","overlay-type":"","overlay-color":"","overlay-opacity":"","overlay-gradient":""},"tablet":{"background-color":"","background-image":"","background-repeat":"repeat","background-position":"center center","background-size":"auto","background-attachment":"scroll","background-type":"","background-media":"","overlay-type":"","overlay-color":"","overlay-opacity":"","overlay-gradient":""},"mobile":{"background-color":"","background-image":"","background-repeat":"repeat","background-position":"center center","background-size":"auto","background-attachment":"scroll","background-type":"","background-media":"","overlay-type":"","overlay-color":"","overlay-opacity":"","overlay-gradient":""}},"ast-content-background-meta":{"desktop":{"background-color":"var(--ast-global-color-5)","background-image":"","background-repeat":"repeat","background-position":"center center","background-size":"auto","background-attachment":"scroll","background-type":"","background-media":"","overlay-type":"","overlay-color":"","overlay-opacity":"","overlay-gradient":""},"tablet":{"background-color":"var(--ast-global-color-5)","background-image":"","background-repeat":"repeat","background-position":"center center","background-size":"auto","background-attachment":"scroll","background-type":"","background-media":"","overlay-type":"","overlay-color":"","overlay-opacity":"","overlay-gradient":""},"mobile":{"background-color":"var(--ast-global-color-5)","background-image":"","background-repeat":"repeat","background-position":"center center","background-size":"auto","background-attachment":"scroll","background-type":"","background-media":"","overlay-type":"","overlay-color":"","overlay-opacity":"","overlay-gradient":""}},"footnotes":""},"class_list":["post-9416","page","type-page","status-publish","has-post-thumbnail","hentry"],"_links":{"self":[{"href":"https:\/\/securehubtec.com\/es\/wp-json\/wp\/v2\/pages\/9416","targetHints":{"allow":["GET"]}}],"collection":[{"href":"https:\/\/securehubtec.com\/es\/wp-json\/wp\/v2\/pages"}],"about":[{"href":"https:\/\/securehubtec.com\/es\/wp-json\/wp\/v2\/types\/page"}],"author":[{"embeddable":true,"href":"https:\/\/securehubtec.com\/es\/wp-json\/wp\/v2\/users\/1"}],"replies":[{"embeddable":true,"href":"https:\/\/securehubtec.com\/es\/wp-json\/wp\/v2\/comments?post=9416"}],"version-history":[{"count":1,"href":"https:\/\/securehubtec.com\/es\/wp-json\/wp\/v2\/pages\/9416\/revisions"}],"predecessor-version":[{"id":9421,"href":"https:\/\/securehubtec.com\/es\/wp-json\/wp\/v2\/pages\/9416\/revisions\/9421"}],"wp:featuredmedia":[{"embeddable":true,"href":"https:\/\/securehubtec.com\/es\/wp-json\/wp\/v2\/media\/9417"}],"wp:attachment":[{"href":"https:\/\/securehubtec.com\/es\/wp-json\/wp\/v2\/media?parent=9416"}],"curies":[{"name":"wp","href":"https:\/\/api.w.org\/{rel}","templated":true}]}}