{"id":9398,"date":"2025-09-29T22:20:15","date_gmt":"2025-09-29T14:20:15","guid":{"rendered":"https:\/\/securehubtec.com\/?page_id=9398"},"modified":"2025-09-29T22:20:15","modified_gmt":"2025-09-29T14:20:15","slug":"villa-smart-intercom-solution","status":"publish","type":"page","link":"https:\/\/securehubtec.com\/es\/villa-smart-intercom-solution\/","title":{"rendered":"Villa Smart Intercom Solution"},"content":{"rendered":"<p><strong>\u00a0<span style=\"color: #ffcc00;\">Soluci\u00f3n de interfon\u00eda inteligente para chal\u00e9s\uff1a<\/span>Para propietarios de villas de lujo que buscan seguridad y comodidad sin fisuras<\/strong>La soluci\u00f3n de interfon\u00eda inteligente Villa surge como una integraci\u00f3n revolucionaria de tecnolog\u00eda punta y dise\u00f1o centrado en el usuario. Este completo sistema redefine la seguridad residencial al conectar un monitor inteligente de 7 pulgadas, un conmutador PoE, un router Wi-Fi, c\u00e1maras IP y un timbre de puerta en un ecosistema unificado que garantiza la protecci\u00f3n de todos los rincones de su propiedad y simplifica las operaciones diarias. Tanto si est\u00e1 en casa como en el extranjero, la soluci\u00f3n le permite mantener un control total, ya que ofrece transmisiones de v\u00eddeo en tiempo real, comunicaci\u00f3n instant\u00e1nea y gesti\u00f3n de acceso inteligente adaptada a las necesidades exclusivas de las villas de alta gama. Con el respaldo de la tecnolog\u00eda IoT probada de Tuya, ofrece una fiabilidad en la que conf\u00edan los clientes internacionales, por lo que es m\u00e1s que un sistema de seguridad: es una mejora del estilo de vida para la vida de lujo moderna.<\/p>\n<p><img fetchpriority=\"high\" decoding=\"async\" class=\"aligncenter size-full wp-image-9401\" src=\"https:\/\/securehubtec.com\/wp-content\/uploads\/2025\/09\/Smart-Video-Intercom-a-1.jpg\" alt=\"\" width=\"1087\" height=\"846\" srcset=\"https:\/\/securehubtec.com\/wp-content\/uploads\/2025\/09\/Smart-Video-Intercom-a-1.jpg 1087w, https:\/\/securehubtec.com\/wp-content\/uploads\/2025\/09\/Smart-Video-Intercom-a-1-300x233.jpg 300w, https:\/\/securehubtec.com\/wp-content\/uploads\/2025\/09\/Smart-Video-Intercom-a-1-1024x797.jpg 1024w, https:\/\/securehubtec.com\/wp-content\/uploads\/2025\/09\/Smart-Video-Intercom-a-1-768x598.jpg 768w, https:\/\/securehubtec.com\/wp-content\/uploads\/2025\/09\/Smart-Video-Intercom-a-1-15x12.jpg 15w, https:\/\/securehubtec.com\/wp-content\/uploads\/2025\/09\/Smart-Video-Intercom-a-1-600x467.jpg 600w\" sizes=\"(max-width: 1087px) 100vw, 1087px\" \/><strong>El n\u00facleo de esta soluci\u00f3n es su capacidad para combinar la vigilancia avanzada con la comunicaci\u00f3n intuitiva.<\/strong> La c\u00e1mara del timbre act\u00faa como primera l\u00ednea de defensa, permitiendo videollamadas bidireccionales que se conectan simult\u00e1neamente al monitor inteligente de 7 pulgadas y a la aplicaci\u00f3n m\u00f3vil Tuya. Esto significa que puede recibir visitas en su puerta desde la comodidad de su sal\u00f3n o mientras viaja por medio mundo. El conmutador PoE garantiza una conectividad estable y de alta velocidad para todos los dispositivos, mientras que el router Wi-Fi ampl\u00eda la cobertura para eliminar las zonas muertas, algo fundamental en las propiedades de villas en expansi\u00f3n. Con compatibilidad para varias c\u00e1maras IP, el sistema ofrece vigilancia ininterrumpida de entradas, jardines y puntos de acceso, con im\u00e1genes accesibles de forma remota a trav\u00e9s de su smartphone. Es una combinaci\u00f3n perfecta de comodidad y seguridad, dise\u00f1ada para adaptarse a los estilos de vida din\u00e1micos de los propietarios de villas en el extranjero que se niegan a renunciar a ninguna de las dos cosas.<\/p>\n<p><img decoding=\"async\" class=\"aligncenter size-full wp-image-9402 lazyload\" data-src=\"https:\/\/securehubtec.com\/wp-content\/uploads\/2025\/09\/Smart-Video-Intercom-b-1.jpg\" alt=\"\" width=\"1200\" height=\"907\" data-srcset=\"https:\/\/securehubtec.com\/wp-content\/uploads\/2025\/09\/Smart-Video-Intercom-b-1.jpg 1200w, https:\/\/securehubtec.com\/wp-content\/uploads\/2025\/09\/Smart-Video-Intercom-b-1-300x227.jpg 300w, https:\/\/securehubtec.com\/wp-content\/uploads\/2025\/09\/Smart-Video-Intercom-b-1-1024x774.jpg 1024w, https:\/\/securehubtec.com\/wp-content\/uploads\/2025\/09\/Smart-Video-Intercom-b-1-768x580.jpg 768w, https:\/\/securehubtec.com\/wp-content\/uploads\/2025\/09\/Smart-Video-Intercom-b-1-16x12.jpg 16w, https:\/\/securehubtec.com\/wp-content\/uploads\/2025\/09\/Smart-Video-Intercom-b-1-600x454.jpg 600w\" data-sizes=\"(max-width: 1200px) 100vw, 1200px\" src=\"data:image\/svg+xml;base64,PHN2ZyB3aWR0aD0iMSIgaGVpZ2h0PSIxIiB4bWxucz0iaHR0cDovL3d3dy53My5vcmcvMjAwMC9zdmciPjwvc3ZnPg==\" style=\"--smush-placeholder-width: 1200px; --smush-placeholder-aspect-ratio: 1200\/907;\" \/><br \/>\nLo que realmente distingue a esta soluci\u00f3n de interfon\u00eda inteligente Villa es su flexibilidad y compatibilidad con los est\u00e1ndares mundiales. Compatible con hasta 16 c\u00e1maras IP de otros fabricantes a trav\u00e9s del protocolo RTSP, se adapta a las configuraciones existentes, por lo que las actualizaciones no suponen ning\u00fan problema para los clientes internacionales. La funcionalidad de red de \u00e1rea local (LAN) asegura la transmisi\u00f3n de v\u00eddeo de 4 canales en tiempo real incluso sin conexi\u00f3n a Internet, garantizando una seguridad ininterrumpida. Tanto si se encuentra en Europa como en Norteam\u00e9rica u Oriente Medio, la compatibilidad del sistema con los requisitos de red regionales, junto con la infraestructura IoT global de Tuya, garantiza un funcionamiento sin problemas. Para los propietarios de villas, los administradores de propiedades o los promotores inmobiliarios que se dirigen a los mercados de lujo, esta soluci\u00f3n no se limita a proteger una residencia, sino que aumenta el valor de la propiedad con una tecnolog\u00eda que se ajusta a las expectativas de los clientes internacionales m\u00e1s exigentes. Eleve la seguridad y sofisticaci\u00f3n de su villa: elija una soluci\u00f3n que hable el lenguaje del lujo mundial.<\/p>","protected":false},"excerpt":{"rendered":"<p>\u00a0Villa Smart Intercom Solution\uff1aFor luxury villa owners seeking seamless security and convenience, the Villa Smart Intercom Solution emerges as a [&hellip;]<\/p>","protected":false},"author":1,"featured_media":9399,"parent":0,"menu_order":0,"comment_status":"closed","ping_status":"closed","template":"","meta":{"site-sidebar-layout":"default","site-content-layout":"","ast-site-content-layout":"default","site-content-style":"default","site-sidebar-style":"default","ast-global-header-display":"","ast-banner-title-visibility":"","ast-main-header-display":"","ast-hfb-above-header-display":"","ast-hfb-below-header-display":"","ast-hfb-mobile-header-display":"","site-post-title":"","ast-breadcrumbs-content":"","ast-featured-img":"","footer-sml-layout":"","theme-transparent-header-meta":"default","adv-header-id-meta":"","stick-header-meta":"default","header-above-stick-meta":"","header-main-stick-meta":"","header-below-stick-meta":"","astra-migrate-meta-layouts":"set","ast-page-background-enabled":"default","ast-page-background-meta":{"desktop":{"background-color":"","background-image":"","background-repeat":"repeat","background-position":"center center","background-size":"auto","background-attachment":"scroll","background-type":"","background-media":"","overlay-type":"","overlay-color":"","overlay-opacity":"","overlay-gradient":""},"tablet":{"background-color":"","background-image":"","background-repeat":"repeat","background-position":"center center","background-size":"auto","background-attachment":"scroll","background-type":"","background-media":"","overlay-type":"","overlay-color":"","overlay-opacity":"","overlay-gradient":""},"mobile":{"background-color":"","background-image":"","background-repeat":"repeat","background-position":"center center","background-size":"auto","background-attachment":"scroll","background-type":"","background-media":"","overlay-type":"","overlay-color":"","overlay-opacity":"","overlay-gradient":""}},"ast-content-background-meta":{"desktop":{"background-color":"var(--ast-global-color-5)","background-image":"","background-repeat":"repeat","background-position":"center center","background-size":"auto","background-attachment":"scroll","background-type":"","background-media":"","overlay-type":"","overlay-color":"","overlay-opacity":"","overlay-gradient":""},"tablet":{"background-color":"var(--ast-global-color-5)","background-image":"","background-repeat":"repeat","background-position":"center center","background-size":"auto","background-attachment":"scroll","background-type":"","background-media":"","overlay-type":"","overlay-color":"","overlay-opacity":"","overlay-gradient":""},"mobile":{"background-color":"var(--ast-global-color-5)","background-image":"","background-repeat":"repeat","background-position":"center center","background-size":"auto","background-attachment":"scroll","background-type":"","background-media":"","overlay-type":"","overlay-color":"","overlay-opacity":"","overlay-gradient":""}},"footnotes":""},"class_list":["post-9398","page","type-page","status-publish","has-post-thumbnail","hentry"],"_links":{"self":[{"href":"https:\/\/securehubtec.com\/es\/wp-json\/wp\/v2\/pages\/9398","targetHints":{"allow":["GET"]}}],"collection":[{"href":"https:\/\/securehubtec.com\/es\/wp-json\/wp\/v2\/pages"}],"about":[{"href":"https:\/\/securehubtec.com\/es\/wp-json\/wp\/v2\/types\/page"}],"author":[{"embeddable":true,"href":"https:\/\/securehubtec.com\/es\/wp-json\/wp\/v2\/users\/1"}],"replies":[{"embeddable":true,"href":"https:\/\/securehubtec.com\/es\/wp-json\/wp\/v2\/comments?post=9398"}],"version-history":[{"count":1,"href":"https:\/\/securehubtec.com\/es\/wp-json\/wp\/v2\/pages\/9398\/revisions"}],"predecessor-version":[{"id":9403,"href":"https:\/\/securehubtec.com\/es\/wp-json\/wp\/v2\/pages\/9398\/revisions\/9403"}],"wp:featuredmedia":[{"embeddable":true,"href":"https:\/\/securehubtec.com\/es\/wp-json\/wp\/v2\/media\/9399"}],"wp:attachment":[{"href":"https:\/\/securehubtec.com\/es\/wp-json\/wp\/v2\/media?parent=9398"}],"curies":[{"name":"wp","href":"https:\/\/api.w.org\/{rel}","templated":true}]}}