{"id":9585,"date":"2025-10-13T17:18:32","date_gmt":"2025-10-13T15:18:32","guid":{"rendered":"https:\/\/securehubtec.com\/?post_type=product&#038;p=9585"},"modified":"2025-10-13T17:36:56","modified_gmt":"2025-10-13T15:36:56","slug":"management-unit","status":"publish","type":"product","link":"https:\/\/securehubtec.com\/de\/product\/management-unit\/","title":{"rendered":"Verwaltungseinheit"},"content":{"rendered":"<p data-rm-block-id=\"block-1\"><strong><span style=\"color: #ffcc00;\">Managementeinheit (Videosprechanlage T\u00fcrsprechanlage T\u00fcrklingel)<\/span><\/strong><br \/>\nMehr als nur eine T\u00fcrklingel, sie ist Ihr 24\/7-Sicherheitsw\u00e4chter. Im Bereich der globalen intelligenten Sicherheit ist DRSECURE f\u00fchrend bei innovativen, zuverl\u00e4ssigen und benutzerorientierten L\u00f6sungen f\u00fcr H\u00e4user, Wohnungen und Gesch\u00e4ftsr\u00e4ume. Als professioneller Hersteller von intelligenten Gegensprechanlagen bieten wir ein breites Produktportfolio, das moderne Sicherheitsbed\u00fcrfnisse abdeckt - Zugangskontrolle, Echtzeit-Kommunikation - um die Anforderungen unserer Kunden in \u00dcbersee zu erf\u00fcllen. F\u00fcr H\u00e4ndler, Bautr\u00e4ger oder Hausbesitzer bietet DRSECURE jahrzehntelange Erfahrung. Unsere Marke steht f\u00fcr Langlebigkeit, fortschrittliche Technik und die Einhaltung globaler Standards, was uns zur ersten Wahl f\u00fcr sicherheitsbewusste Kunden macht (Management Unit).<br \/>\n<img fetchpriority=\"high\" decoding=\"async\" class=\"aligncenter wp-image-9431 size-full\" src=\"https:\/\/securehubtec.com\/wp-content\/uploads\/2025\/10\/Smart-Video-Intercom-k-1.jpg\" alt=\"Management Unit\" width=\"1100\" height=\"809\" srcset=\"https:\/\/securehubtec.com\/wp-content\/uploads\/2025\/10\/Smart-Video-Intercom-k-1.jpg 1100w, https:\/\/securehubtec.com\/wp-content\/uploads\/2025\/10\/Smart-Video-Intercom-k-1-300x221.jpg 300w, https:\/\/securehubtec.com\/wp-content\/uploads\/2025\/10\/Smart-Video-Intercom-k-1-1024x753.jpg 1024w, https:\/\/securehubtec.com\/wp-content\/uploads\/2025\/10\/Smart-Video-Intercom-k-1-768x565.jpg 768w, https:\/\/securehubtec.com\/wp-content\/uploads\/2025\/10\/Smart-Video-Intercom-k-1-16x12.jpg 16w, https:\/\/securehubtec.com\/wp-content\/uploads\/2025\/10\/Smart-Video-Intercom-k-1-600x441.jpg 600w\" sizes=\"(max-width: 1100px) 100vw, 1100px\" \/><span data-leaf=\"true\"><span class=\"lb\">Unsere wichtigsten Produkte sind auf die jeweilige Situation zugeschnittene Gegensprechanlagen und T\u00fcrklingeln. Zu den Optionen f\u00fcr Privathaushalte geh\u00f6ren 2-Wege-T\u00fcrklingeln, Gegensprechanlagen (mit nahtloser Konnektivit\u00e4t) und T\u00fcrklingelkameras (Echtzeit-Video\u00fcberwachung\/-aufzeichnung). Wir bieten auch intelligente T\u00fcrtelefone\/Sprechanlagen an, die mit Smart Homes integriert und \u00fcber Telefone\/Tablets gesteuert werden k\u00f6nnen. F\u00fcr gro\u00dfe Wohnkomplexe optimieren unsere intelligenten Gegensprechanlagen f\u00fcr Wohnungen die Besucherverwaltung, verk\u00fcrzen die Wartezeiten und erh\u00f6hen die Sicherheit (Verwaltungseinheit).<br \/>\n<\/span><\/span><br \/>\n<img decoding=\"async\" class=\"aligncenter size-full wp-image-9329 lazyload\" data-src=\"https:\/\/securehubtec.com\/wp-content\/uploads\/2025\/09\/B.jpg\" alt=\"\" width=\"1280\" height=\"961\" data-srcset=\"https:\/\/securehubtec.com\/wp-content\/uploads\/2025\/09\/B.jpg 1280w, https:\/\/securehubtec.com\/wp-content\/uploads\/2025\/09\/B-300x225.jpg 300w, https:\/\/securehubtec.com\/wp-content\/uploads\/2025\/09\/B-1024x769.jpg 1024w, https:\/\/securehubtec.com\/wp-content\/uploads\/2025\/09\/B-768x577.jpg 768w, https:\/\/securehubtec.com\/wp-content\/uploads\/2025\/09\/B-16x12.jpg 16w, https:\/\/securehubtec.com\/wp-content\/uploads\/2025\/09\/B-600x450.jpg 600w\" data-sizes=\"(max-width: 1280px) 100vw, 1280px\" src=\"data:image\/svg+xml;base64,PHN2ZyB3aWR0aD0iMSIgaGVpZ2h0PSIxIiB4bWxucz0iaHR0cDovL3d3dy53My5vcmcvMjAwMC9zdmciPjwvc3ZnPg==\" style=\"--smush-placeholder-width: 1280px; --smush-placeholder-aspect-ratio: 1280\/961;\" \/>\u00dcber Sprechanlagen\/T\u00fcrklingeln hinaus bietet DRSECURE umfassende Zugangskontroll- und Smart-Entry-L\u00f6sungen, die herk\u00f6mmliche Schl\u00fcssel ersetzen. Unsere Zugangssysteme erm\u00f6glichen ein sicheres, flexibles Management f\u00fcr gewerbliche\/private Zwecke; der schl\u00fcssellose Zugang funktioniert \u00fcber Telefone, Anh\u00e4nger oder Biometrie (bequem, sicher). Wir haben auch intelligente Schlie\u00dffachsysteme (manipulationssicher, Echtzeit-Verfolgung, Fernverwaltung) f\u00fcr Fitnessstudios\/Arbeitspl\u00e4tze. Alle Produkte sind widerstandsf\u00e4hig gegen starke Beanspruchung und unterschiedliche Umgebungsbedingungen und gew\u00e4hrleisten langfristige Zuverl\u00e4ssigkeit f\u00fcr Kunden in \u00dcbersee (Verwaltungseinheit).<br \/>\n<img decoding=\"async\" class=\"aligncenter wp-image-9330 size-full lazyload\" data-src=\"https:\/\/securehubtec.com\/wp-content\/uploads\/2025\/09\/C.jpg\" alt=\"Doorbell Camera H1\" width=\"1280\" height=\"1053\" data-srcset=\"https:\/\/securehubtec.com\/wp-content\/uploads\/2025\/09\/C.jpg 1280w, https:\/\/securehubtec.com\/wp-content\/uploads\/2025\/09\/C-300x247.jpg 300w, https:\/\/securehubtec.com\/wp-content\/uploads\/2025\/09\/C-1024x842.jpg 1024w, https:\/\/securehubtec.com\/wp-content\/uploads\/2025\/09\/C-768x632.jpg 768w, https:\/\/securehubtec.com\/wp-content\/uploads\/2025\/09\/C-15x12.jpg 15w, https:\/\/securehubtec.com\/wp-content\/uploads\/2025\/09\/C-600x494.jpg 600w\" data-sizes=\"(max-width: 1280px) 100vw, 1280px\" src=\"data:image\/svg+xml;base64,PHN2ZyB3aWR0aD0iMSIgaGVpZ2h0PSIxIiB4bWxucz0iaHR0cDovL3d3dy53My5vcmcvMjAwMC9zdmciPjwvc3ZnPg==\" style=\"--smush-placeholder-width: 1280px; --smush-placeholder-aspect-ratio: 1280\/1053;\" \/>Ein entscheidender Vorteil von DRSECURE ist die strikte Einhaltung der weltweiten Qualit\u00e4ts- und Sicherheitsstandards. Unsere Video-Gegensprechanlagen und Smart Video Intercom-Systeme sind CE- und FCC-zertifiziert und erf\u00fcllen die h\u00f6chsten Anforderungen an Leistung, Sicherheit und elektromagnetische Vertr\u00e4glichkeit in Europa und Nordamerika. Dies erleichtert den Import\/Verkauf in diesen Regionen und gibt den Kunden Sicherheit. Au\u00dferdem f\u00fchren wir vor der Auslieferung strenge Tests durch (Haltbarkeit, Funktionalit\u00e4t), um die Erwartungen unserer Kunden zu erf\u00fcllen oder zu \u00fcbertreffen.<br \/>\n<img decoding=\"async\" class=\"aligncenter size-full wp-image-9331 lazyload\" data-src=\"https:\/\/securehubtec.com\/wp-content\/uploads\/2025\/09\/D.jpg\" alt=\"\" width=\"1280\" height=\"620\" data-srcset=\"https:\/\/securehubtec.com\/wp-content\/uploads\/2025\/09\/D.jpg 1280w, https:\/\/securehubtec.com\/wp-content\/uploads\/2025\/09\/D-300x145.jpg 300w, https:\/\/securehubtec.com\/wp-content\/uploads\/2025\/09\/D-1024x496.jpg 1024w, https:\/\/securehubtec.com\/wp-content\/uploads\/2025\/09\/D-768x372.jpg 768w, https:\/\/securehubtec.com\/wp-content\/uploads\/2025\/09\/D-18x9.jpg 18w, https:\/\/securehubtec.com\/wp-content\/uploads\/2025\/09\/D-600x291.jpg 600w\" data-sizes=\"(max-width: 1280px) 100vw, 1280px\" src=\"data:image\/svg+xml;base64,PHN2ZyB3aWR0aD0iMSIgaGVpZ2h0PSIxIiB4bWxucz0iaHR0cDovL3d3dy53My5vcmcvMjAwMC9zdmciPjwvc3ZnPg==\" style=\"--smush-placeholder-width: 1280px; --smush-placeholder-aspect-ratio: 1280\/620;\" \/><\/p>\n<div class=\"ace-line\" dir=\"auto\" data-node=\"true\" data-rm-block-id=\"block-2\"><span data-string=\"true\" data-enter=\"true\" data-leaf=\"true\">Eine Partnerschaft mit DRSECURE bedeutet mehr als der Kauf von Produkten - sie bedeutet einen zuverl\u00e4ssigen Verb\u00fcndeten f\u00fcr Ihren Erfolg. Wir bieten flexible Anpassungen (z. B. lokale \u00e4sthetische Anpassungen, regionale Protokollintegration), um Ihrem Markt gerecht zu werden. Unser 24\/7-Kundensupport unterst\u00fctzt Sie bei der Installation, der Fehlersuche und dem Kundendienst. Dar\u00fcber hinaus k\u00f6nnen Sie dank wettbewerbsf\u00e4higer Preise und effizienter Lieferketten Ihre Rentabilit\u00e4t steigern. Entscheiden Sie sich f\u00fcr DRSECURE: ein Partner, der in Ihren globalen Erfolg im Bereich intelligente Sicherheit investiert.<\/span><\/div>","protected":false},"excerpt":{"rendered":"<ul>\n<li>DC12V oder POE (IEEE 802.3AF)<\/li>\n<li>1\" IPS LCD, 1024*600<\/li>\n<li>ABS + geh\u00e4rtetes Glas<\/li>\n<li>Video H.264\/H.265, Audio G.711<\/li>\n<li>Rufton \u226570dB<\/li>\n<li>Arbeitsleistung &lt; 8W<\/li>\n<li>Arbeitstemperatur -10\u2103 ~ +45\u2103<\/li>\n<li>Aufputzmontage<\/li>\n<li>H\u00f6rer<\/li>\n<li>Eingebaute Kamera ist optional<\/li>\n<li>Wi-Fi ist optional<\/li>\n<li>Linux-System<\/li>\n<li>Video-Gegensprechanlage<\/li>\n<li>Echounterdr\u00fcckung<\/li>\n<li>Monitor IPC (24-Stunden, viergeteiltes Display)<\/li>\n<li>Monitor Au\u00dfenstation<\/li>\n<li>Alarm: SOS, Gasdetektion, 4-Kanal-Verdrahtung<\/li>\n<li>Tuya Home: Wahlweise<\/li>\n<\/ul>","protected":false},"featured_media":9586,"comment_status":"open","ping_status":"closed","template":"","meta":{"site-sidebar-layout":"default","site-content-layout":"","ast-site-content-layout":"default","site-content-style":"default","site-sidebar-style":"default","ast-global-header-display":"","ast-banner-title-visibility":"","ast-main-header-display":"","ast-hfb-above-header-display":"","ast-hfb-below-header-display":"","ast-hfb-mobile-header-display":"","site-post-title":"","ast-breadcrumbs-content":"","ast-featured-img":"","footer-sml-layout":"","theme-transparent-header-meta":"default","adv-header-id-meta":"","stick-header-meta":"default","header-above-stick-meta":"","header-main-stick-meta":"","header-below-stick-meta":"","astra-migrate-meta-layouts":"set","ast-page-background-enabled":"default","ast-page-background-meta":{"desktop":{"background-color":"","background-image":"","background-repeat":"repeat","background-position":"center center","background-size":"auto","background-attachment":"scroll","background-type":"","background-media":"","overlay-type":"","overlay-color":"","overlay-opacity":"","overlay-gradient":""},"tablet":{"background-color":"","background-image":"","background-repeat":"repeat","background-position":"center center","background-size":"auto","background-attachment":"scroll","background-type":"","background-media":"","overlay-type":"","overlay-color":"","overlay-opacity":"","overlay-gradient":""},"mobile":{"background-color":"","background-image":"","background-repeat":"repeat","background-position":"center center","background-size":"auto","background-attachment":"scroll","background-type":"","background-media":"","overlay-type":"","overlay-color":"","overlay-opacity":"","overlay-gradient":""}},"ast-content-background-meta":{"desktop":{"background-color":"var(--ast-global-color-5)","background-image":"","background-repeat":"repeat","background-position":"center center","background-size":"auto","background-attachment":"scroll","background-type":"","background-media":"","overlay-type":"","overlay-color":"","overlay-opacity":"","overlay-gradient":""},"tablet":{"background-color":"var(--ast-global-color-5)","background-image":"","background-repeat":"repeat","background-position":"center center","background-size":"auto","background-attachment":"scroll","background-type":"","background-media":"","overlay-type":"","overlay-color":"","overlay-opacity":"","overlay-gradient":""},"mobile":{"background-color":"var(--ast-global-color-5)","background-image":"","background-repeat":"repeat","background-position":"center center","background-size":"auto","background-attachment":"scroll","background-type":"","background-media":"","overlay-type":"","overlay-color":"","overlay-opacity":"","overlay-gradient":""}}},"product_cat":[133,15],"product_tag":[],"class_list":{"0":"post-9585","1":"product","2":"type-product","3":"status-publish","4":"has-post-thumbnail","6":"product_cat-management-unit","7":"product_cat-product","8":"desktop-align-left","9":"tablet-align-left","10":"mobile-align-left","11":"ast-product-gallery-layout-horizontal-slider","12":"ast-product-gallery-with-no-image","13":"ast-product-tabs-layout-horizontal","15":"first","16":"instock","17":"shipping-taxable","18":"product-type-simple"},"_links":{"self":[{"href":"https:\/\/securehubtec.com\/de\/wp-json\/wp\/v2\/product\/9585","targetHints":{"allow":["GET"]}}],"collection":[{"href":"https:\/\/securehubtec.com\/de\/wp-json\/wp\/v2\/product"}],"about":[{"href":"https:\/\/securehubtec.com\/de\/wp-json\/wp\/v2\/types\/product"}],"replies":[{"embeddable":true,"href":"https:\/\/securehubtec.com\/de\/wp-json\/wp\/v2\/comments?post=9585"}],"version-history":[{"count":4,"href":"https:\/\/securehubtec.com\/de\/wp-json\/wp\/v2\/product\/9585\/revisions"}],"predecessor-version":[{"id":9590,"href":"https:\/\/securehubtec.com\/de\/wp-json\/wp\/v2\/product\/9585\/revisions\/9590"}],"wp:featuredmedia":[{"embeddable":true,"href":"https:\/\/securehubtec.com\/de\/wp-json\/wp\/v2\/media\/9586"}],"wp:attachment":[{"href":"https:\/\/securehubtec.com\/de\/wp-json\/wp\/v2\/media?parent=9585"}],"wp:term":[{"taxonomy":"product_cat","embeddable":true,"href":"https:\/\/securehubtec.com\/de\/wp-json\/wp\/v2\/product_cat?post=9585"},{"taxonomy":"product_tag","embeddable":true,"href":"https:\/\/securehubtec.com\/de\/wp-json\/wp\/v2\/product_tag?post=9585"}],"curies":[{"name":"wp","href":"https:\/\/api.w.org\/{rel}","templated":true}]}}