{"id":9569,"date":"2025-10-07T19:56:04","date_gmt":"2025-10-07T11:56:04","guid":{"rendered":"https:\/\/securehubtec.com\/?post_type=product&#038;p=9569"},"modified":"2025-10-07T19:56:06","modified_gmt":"2025-10-07T11:56:06","slug":"doorbell-camera-h1","status":"publish","type":"product","link":"https:\/\/securehubtec.com\/de\/product\/doorbell-camera-h1\/","title":{"rendered":"T\u00fcrklingel Kamera H1"},"content":{"rendered":"<p><span style=\"color: #ffcc00;\"><strong>T\u00fcrklingel Kamera H1<\/strong><\/span><br \/>\nMehr als nur eine T\u00fcrklingel, sie ist Ihr 24\/7-Sicherheitsw\u00e4chter,<span data-leaf=\"true\"><span class=\"lb\">In der globalen Landschaft der intelligenten Sicherheit hebt sich DRSECURE als ein f\u00fchrender Anbieter hervor, der sich der Bereitstellung innovativer, zuverl\u00e4ssiger und benutzerorientierter L\u00f6sungen verschrieben hat, die Sicherheit und Komfort f\u00fcr H\u00e4user, Wohnungen und Gesch\u00e4ftsr\u00e4ume neu definieren. Als Profi <\/span><\/span><span data-leaf=\"true\"><span class=\"lb\">Herstellung von intelligenten Gegensprechanlagen<\/span><\/span><span data-leaf=\"true\"><span class=\"lb\">Wir sind stolz auf unser umfangreiches Produktportfolio, das jeden kritischen Aspekt moderner Sicherheit abdeckt - von der Zutrittskontrolle bis zur Echtzeitkommunikation - und das auf die unterschiedlichen Bed\u00fcrfnisse von Kunden in \u00dcbersee zugeschnitten ist. Ganz gleich, ob Sie ein H\u00e4ndler sind, der hochwertige Produkte sucht, ein Bautr\u00e4ger, der neue Geb\u00e4ude ausstattet, oder ein Hausbesitzer, der sein Sicherheitssystem aufr\u00fcstet, DRSECURE bringt jahrzehntelange Erfahrung und ein Engagement f\u00fcr hervorragende Leistungen in jede von uns angebotene L\u00f6sung ein. Unsere Marke ist ein Synonym f\u00fcr Langlebigkeit, fortschrittliche Technologie und die Einhaltung globaler Standards. Das macht uns zur ersten Wahl f\u00fcr Kunden, die bei der Sicherheit keine Kompromisse eingehen wollen.<\/span><\/span><br \/>\n<img fetchpriority=\"high\" decoding=\"async\" class=\"aligncenter size-full wp-image-9328\" src=\"https:\/\/securehubtec.com\/wp-content\/uploads\/2025\/09\/A.jpg\" alt=\"\" width=\"1280\" height=\"710\" srcset=\"https:\/\/securehubtec.com\/wp-content\/uploads\/2025\/09\/A.jpg 1280w, https:\/\/securehubtec.com\/wp-content\/uploads\/2025\/09\/A-300x166.jpg 300w, https:\/\/securehubtec.com\/wp-content\/uploads\/2025\/09\/A-1024x568.jpg 1024w, https:\/\/securehubtec.com\/wp-content\/uploads\/2025\/09\/A-768x426.jpg 768w, https:\/\/securehubtec.com\/wp-content\/uploads\/2025\/09\/A-18x10.jpg 18w, https:\/\/securehubtec.com\/wp-content\/uploads\/2025\/09\/A-600x333.jpg 600w\" sizes=\"(max-width: 1280px) 100vw, 1280px\" \/><span data-leaf=\"true\"><span class=\"lb\">Im Mittelpunkt unserer Produktpalette steht eine Reihe von Sprechanlagen- und T\u00fcrklingell\u00f6sungen, die auf unterschiedliche Szenarien zugeschnitten sind. F\u00fcr Wohnr\u00e4ume sind unsere <\/span><\/span><span data-leaf=\"true\"><span class=\"lb\">2-Wege-T\u00fcrklingel<\/span><\/span><span data-leaf=\"true\"><span class=\"lb\"> und <\/span><\/span><span data-leaf=\"true\"><span class=\"lb\">Wohnungst\u00fcrklingel<\/span><\/span><span data-leaf=\"true\"><span class=\"lb\"> bieten eine einfache, aber effektive Kommunikation, die es den Bewohnern erm\u00f6glicht, m\u00fchelos mit Besuchern zu interagieren. F\u00fcr anspruchsvollere Anforderungen bietet unser <\/span><\/span><span data-leaf=\"true\"><span class=\"lb\">2-Wege-Sprechanlage<\/span><\/span><span data-leaf=\"true\"><span class=\"lb\"> und <\/span><\/span><span data-leaf=\"true\"><span class=\"lb\">T\u00fcrklingel-Sprechanlage<\/span><\/span><span data-leaf=\"true\"><span class=\"lb\"> Systeme bieten nahtlose Konnektivit\u00e4t, w\u00e4hrend unsere <\/span><\/span><span data-leaf=\"true\"><span class=\"lb\">T\u00fcrklingelkamera<\/span><\/span><span data-leaf=\"true\"><span class=\"lb\"> Modelle gehen in puncto Sicherheit noch einen Schritt weiter, indem sie Video\u00fcberwachungs- und -aufzeichnungsfunktionen in Echtzeit bieten - damit Sie keinen Besucher verpassen, selbst wenn Sie nicht da sind. Wir bieten auch <\/span><\/span><span data-leaf=\"true\"><span class=\"lb\">Intelligente T\u00fcrsprechanlagen<\/span><\/span><span data-leaf=\"true\"><span class=\"lb\"> und <\/span><\/span><span data-leaf=\"true\"><span class=\"lb\">intelligente Gegensprechanlage<\/span><\/span><span data-leaf=\"true\"><span class=\"lb\"> Systeme, die sich in moderne Smart-Home-\u00d6kosysteme integrieren lassen und den Nutzern eine intuitive Steuerung \u00fcber Smartphones oder Tablets erm\u00f6glichen. F\u00fcr gr\u00f6\u00dfere Wohnkomplexe bietet unser <\/span><\/span><span data-leaf=\"true\"><span class=\"lb\">Intelligente Gegensprechanlage f\u00fcr die Wohnung<\/span><\/span><span data-leaf=\"true\"><span class=\"lb\"> und <\/span><\/span><span data-leaf=\"true\"><span class=\"lb\">Intelligente Gegensprechanlage f\u00fcr Mehrfamilienh\u00e4user<\/span><\/span><span data-leaf=\"true\"><span class=\"lb\"> L\u00f6sungen rationalisieren die Besucherverwaltung, verk\u00fcrzen die Wartezeiten und erh\u00f6hen die allgemeine Sicherheit f\u00fcr die Bewohner.<\/span><\/span><br \/>\n<img decoding=\"async\" class=\"aligncenter size-full wp-image-9329 lazyload\" data-src=\"https:\/\/securehubtec.com\/wp-content\/uploads\/2025\/09\/B.jpg\" alt=\"\" width=\"1280\" height=\"961\" data-srcset=\"https:\/\/securehubtec.com\/wp-content\/uploads\/2025\/09\/B.jpg 1280w, https:\/\/securehubtec.com\/wp-content\/uploads\/2025\/09\/B-300x225.jpg 300w, https:\/\/securehubtec.com\/wp-content\/uploads\/2025\/09\/B-1024x769.jpg 1024w, https:\/\/securehubtec.com\/wp-content\/uploads\/2025\/09\/B-768x577.jpg 768w, https:\/\/securehubtec.com\/wp-content\/uploads\/2025\/09\/B-16x12.jpg 16w, https:\/\/securehubtec.com\/wp-content\/uploads\/2025\/09\/B-600x450.jpg 600w\" data-sizes=\"(max-width: 1280px) 100vw, 1280px\" src=\"data:image\/svg+xml;base64,PHN2ZyB3aWR0aD0iMSIgaGVpZ2h0PSIxIiB4bWxucz0iaHR0cDovL3d3dy53My5vcmcvMjAwMC9zdmciPjwvc3ZnPg==\" style=\"--smush-placeholder-width: 1280px; --smush-placeholder-aspect-ratio: 1280\/961;\" \/><span data-leaf=\"true\"><span class=\"lb\">\u00dcber Sprechanlagen und T\u00fcrklingeln hinaus bietet DRSECURE ein umfassendes Angebot an Zugangskontroll- und Smart-Entry-L\u00f6sungen, die die Einschr\u00e4nkungen herk\u00f6mmlicher Schl\u00fcssel beseitigen. Unser <\/span><\/span><span data-leaf=\"true\"><span class=\"lb\">Zugangskontrollsysteme<\/span><\/span><span data-leaf=\"true\"><span class=\"lb\"> sind f\u00fcr ein sicheres und flexibles Zutrittsmanagement in Gesch\u00e4ftsgeb\u00e4uden, B\u00fcros und Wohnanlagen konzipiert, w\u00e4hrend unsere <\/span><\/span><span data-leaf=\"true\"><span class=\"lb\">Schl\u00fcsselloser Zugang<\/span><\/span><span data-leaf=\"true\"><span class=\"lb\"> L\u00f6sungen erm\u00f6glichen es den Nutzern, T\u00fcren mit Smartphones, Schl\u00fcsselanh\u00e4ngern oder biometrischen Daten zu entriegeln - ein Plus an Komfort, ohne die Sicherheit zu beeintr\u00e4chtigen. Wir erf\u00fcllen auch die Sicherheitsanforderungen f\u00fcr die Lagerung mit unseren <\/span><\/span><span data-leaf=\"true\"><span class=\"lb\">sicheres intelligentes Schlie\u00dffach<\/span><\/span><span data-leaf=\"true\"><span class=\"lb\"> Systeme, die sich durch manipulationssichere Designs, Echtzeit-Zugangsverfolgung und Fernverwaltungsfunktionen auszeichnen - perfekt f\u00fcr Fitnessstudios, Arbeitspl\u00e4tze und \u00f6ffentliche Einrichtungen. Jedes Produkt in dieser Reihe ist so konstruiert, dass es starker Beanspruchung und unterschiedlichen Umgebungsbedingungen standh\u00e4lt und unseren Kunden in \u00dcbersee langfristige Zuverl\u00e4ssigkeit garantiert.<\/span><\/span><br \/>\n<img decoding=\"async\" class=\"aligncenter wp-image-9330 size-full lazyload\" data-src=\"https:\/\/securehubtec.com\/wp-content\/uploads\/2025\/09\/C.jpg\" alt=\"Doorbell Camera H1\" width=\"1280\" height=\"1053\" data-srcset=\"https:\/\/securehubtec.com\/wp-content\/uploads\/2025\/09\/C.jpg 1280w, https:\/\/securehubtec.com\/wp-content\/uploads\/2025\/09\/C-300x247.jpg 300w, https:\/\/securehubtec.com\/wp-content\/uploads\/2025\/09\/C-1024x842.jpg 1024w, https:\/\/securehubtec.com\/wp-content\/uploads\/2025\/09\/C-768x632.jpg 768w, https:\/\/securehubtec.com\/wp-content\/uploads\/2025\/09\/C-15x12.jpg 15w, https:\/\/securehubtec.com\/wp-content\/uploads\/2025\/09\/C-600x494.jpg 600w\" data-sizes=\"(max-width: 1280px) 100vw, 1280px\" src=\"data:image\/svg+xml;base64,PHN2ZyB3aWR0aD0iMSIgaGVpZ2h0PSIxIiB4bWxucz0iaHR0cDovL3d3dy53My5vcmcvMjAwMC9zdmciPjwvc3ZnPg==\" style=\"--smush-placeholder-width: 1280px; --smush-placeholder-aspect-ratio: 1280\/1053;\" \/><span data-leaf=\"true\"><span class=\"lb\">Ein entscheidender Vorteil der Wahl von DRSECURE ist unser unerm\u00fcdliches Engagement f\u00fcr die Einhaltung der weltweiten Qualit\u00e4ts- und Sicherheitsstandards. Alle unsere Produkte, einschlie\u00dflich unserer beliebten <\/span><\/span><span data-leaf=\"true\"><span class=\"lb\">Video-Gegensprechanlage<\/span><\/span><span data-leaf=\"true\"><span class=\"lb\"> und <\/span><\/span><span data-leaf=\"true\"><span class=\"lb\">Intelligente Video-Gegensprechanlage<\/span><\/span><span data-leaf=\"true\"><span class=\"lb\"> Systeme, halten beide <\/span><\/span><span data-leaf=\"true\"><span class=\"lb\">CE<\/span><\/span><span data-leaf=\"true\"><span class=\"lb\"> und <\/span><\/span><span data-leaf=\"true\"><span class=\"lb\">FCC<\/span><\/span><span data-leaf=\"true\"><span class=\"lb\"> Zertifizierungen belegen, dass sie die strengsten Anforderungen an Leistung, Sicherheit und elektromagnetische Vertr\u00e4glichkeit auf dem europ\u00e4ischen und nordamerikanischen Markt erf\u00fcllen. Diese Zertifizierung gew\u00e4hrleistet nicht nur, dass unsere Produkte problemlos in diese Regionen importiert und dort verkauft werden k\u00f6nnen, sondern gibt unseren Kunden auch die Gewissheit, dass sie in L\u00f6sungen investieren, die den h\u00f6chsten Branchenstandards entsprechen. Wir f\u00fchren f\u00fcr jedes Produkt strenge Tests durch, bevor es unser Werk verl\u00e4sst, von Haltbarkeitspr\u00fcfungen bis hin zu Funktionstests, um sicherzustellen, dass es die Erwartungen unserer Kunden erf\u00fcllt oder sogar \u00fcbertrifft.<\/span><\/span><br \/>\n<img decoding=\"async\" class=\"aligncenter size-full wp-image-9331 lazyload\" data-src=\"https:\/\/securehubtec.com\/wp-content\/uploads\/2025\/09\/D.jpg\" alt=\"\" width=\"1280\" height=\"620\" data-srcset=\"https:\/\/securehubtec.com\/wp-content\/uploads\/2025\/09\/D.jpg 1280w, https:\/\/securehubtec.com\/wp-content\/uploads\/2025\/09\/D-300x145.jpg 300w, https:\/\/securehubtec.com\/wp-content\/uploads\/2025\/09\/D-1024x496.jpg 1024w, https:\/\/securehubtec.com\/wp-content\/uploads\/2025\/09\/D-768x372.jpg 768w, https:\/\/securehubtec.com\/wp-content\/uploads\/2025\/09\/D-18x9.jpg 18w, https:\/\/securehubtec.com\/wp-content\/uploads\/2025\/09\/D-600x291.jpg 600w\" data-sizes=\"(max-width: 1280px) 100vw, 1280px\" src=\"data:image\/svg+xml;base64,PHN2ZyB3aWR0aD0iMSIgaGVpZ2h0PSIxIiB4bWxucz0iaHR0cDovL3d3dy53My5vcmcvMjAwMC9zdmciPjwvc3ZnPg==\" style=\"--smush-placeholder-width: 1280px; --smush-placeholder-aspect-ratio: 1280\/620;\" \/><\/p>\n<div class=\"ace-line\" dir=\"auto\" data-node=\"true\"><span data-leaf=\"true\"><span class=\"lb\">Eine Partnerschaft mit DRSECURE bedeutet mehr als nur den Kauf von Sicherheitsprodukten - es bedeutet, einen zuverl\u00e4ssigen Verb\u00fcndeten zu gewinnen, dem Ihr Erfolg am Herzen liegt. Wir bieten flexible Anpassungsoptionen, um unsere L\u00f6sungen an Ihre spezifischen Marktanforderungen anzupassen, sei es die Anpassung des Produktdesigns an die lokale \u00c4sthetik oder die Integration regionaler Kommunikationsprotokolle. Unser engagiertes Kundenserviceteam steht Ihnen rund um die Uhr zur Verf\u00fcgung, um Sie bei der Installation, der Fehlersuche und dem Kundendienst zu unterst\u00fctzen und so einen reibungslosen Ablauf f\u00fcr Sie und Ihre Endbenutzer zu gew\u00e4hrleisten. Dar\u00fcber hinaus k\u00f6nnen Sie dank unserer wettbewerbsf\u00e4higen Preise und unseres effizienten Lieferkettenmanagements Ihre Rentabilit\u00e4t maximieren und Ihren Kunden erstklassige Sicherheitsl\u00f6sungen anbieten. Mit DRSECURE entscheiden Sie sich nicht nur f\u00fcr einen Produktanbieter, sondern f\u00fcr einen Partner, der sich daf\u00fcr einsetzt, dass Sie auf dem globalen Markt f\u00fcr intelligente Sicherheit erfolgreich sind.<\/span><\/span><span data-string=\"true\" data-enter=\"true\" data-leaf=\"true\">\u200b<\/span><\/div>","protected":false},"excerpt":{"rendered":"<p><strong><span style=\"color: #ffcc00;\">Abmessungen\uff1a 150x85x28 mm<\/span><\/strong><br \/>\n<strong><span style=\"color: #ffcc00;\">Video-Gegensprechanlage\uff1a<br \/>\n<\/span><\/strong><span style=\"margin: 120px;\">Mit Smart Monitor oder Guard Station<\/span><br \/>\n<span style=\"margin: 120px;\">Mit Au\u00dfenstation oder Tuya App<\/span><br \/>\n<span style=\"margin: 120px;\">Mit SIP Standard 3. Ger\u00e4t<\/span><br \/>\n<strong><span style=\"color: #ffcc00;\">Zugangskontrolle\uff1a<\/span><\/strong><br \/>\n<span style=\"margin: 120px;\">IC-Karte oder NFC-Identifikation<\/span><br \/>\nLinux System | Tuya Home: 1 | Echounterdr\u00fcckung<br \/>\nMit einem Tastendruck anrufen | mit NVR verbinden<br \/>\nErweiterbarer 4-Kanal-Relais-Signalausgang<br \/>\nSIP-Protokoll | DC12V-Stromversorgung<br \/>\n2 Mio. Pixel, Kamera mit zwei Objektiven<br \/>\nKapazit\u00e4t Toucheingabe | 13,56MHz Zugangskarte und NFC<br \/>\nAluminium + geh\u00e4rtetes Glas | Video H.264\/H.265, Audio G.711<br \/>\nEingebauter Lautsprecher 8R1W Klingelton \u226570dB | Arbeitsleistung &lt; 10W<br \/>\nArbeitstemperatur -20\u2103 ~ +50\u2103 | Aufputzmontage<br \/>\nIP65 IP-Schutzklasse | Wi-Fi ist optional, mit externer Antenne<br \/>\nRegenschutz<br \/>\n<strong><span style=\"color: #ffcc00;\">Schnittstelle Beschreibung<\/span><\/strong><br \/>\nRJ45-Netzwerkanschluss | Stromeingangsanschluss<br \/>\nRelais-Signalausgang, 1-fach | RS485-Anschluss<\/p>","protected":false},"featured_media":9571,"comment_status":"open","ping_status":"closed","template":"","meta":{"site-sidebar-layout":"default","site-content-layout":"","ast-site-content-layout":"default","site-content-style":"default","site-sidebar-style":"default","ast-global-header-display":"","ast-banner-title-visibility":"","ast-main-header-display":"","ast-hfb-above-header-display":"","ast-hfb-below-header-display":"","ast-hfb-mobile-header-display":"","site-post-title":"","ast-breadcrumbs-content":"","ast-featured-img":"","footer-sml-layout":"","theme-transparent-header-meta":"default","adv-header-id-meta":"","stick-header-meta":"default","header-above-stick-meta":"","header-main-stick-meta":"","header-below-stick-meta":"","astra-migrate-meta-layouts":"set","ast-page-background-enabled":"default","ast-page-background-meta":{"desktop":{"background-color":"","background-image":"","background-repeat":"repeat","background-position":"center center","background-size":"auto","background-attachment":"scroll","background-type":"","background-media":"","overlay-type":"","overlay-color":"","overlay-opacity":"","overlay-gradient":""},"tablet":{"background-color":"","background-image":"","background-repeat":"repeat","background-position":"center center","background-size":"auto","background-attachment":"scroll","background-type":"","background-media":"","overlay-type":"","overlay-color":"","overlay-opacity":"","overlay-gradient":""},"mobile":{"background-color":"","background-image":"","background-repeat":"repeat","background-position":"center center","background-size":"auto","background-attachment":"scroll","background-type":"","background-media":"","overlay-type":"","overlay-color":"","overlay-opacity":"","overlay-gradient":""}},"ast-content-background-meta":{"desktop":{"background-color":"var(--ast-global-color-5)","background-image":"","background-repeat":"repeat","background-position":"center center","background-size":"auto","background-attachment":"scroll","background-type":"","background-media":"","overlay-type":"","overlay-color":"","overlay-opacity":"","overlay-gradient":""},"tablet":{"background-color":"var(--ast-global-color-5)","background-image":"","background-repeat":"repeat","background-position":"center center","background-size":"auto","background-attachment":"scroll","background-type":"","background-media":"","overlay-type":"","overlay-color":"","overlay-opacity":"","overlay-gradient":""},"mobile":{"background-color":"var(--ast-global-color-5)","background-image":"","background-repeat":"repeat","background-position":"center center","background-size":"auto","background-attachment":"scroll","background-type":"","background-media":"","overlay-type":"","overlay-color":"","overlay-opacity":"","overlay-gradient":""}}},"product_cat":[123,15],"product_tag":[],"class_list":{"0":"post-9569","1":"product","2":"type-product","3":"status-publish","4":"has-post-thumbnail","6":"product_cat-video-intercom","7":"product_cat-product","8":"desktop-align-left","9":"tablet-align-left","10":"mobile-align-left","11":"ast-product-gallery-layout-horizontal-slider","12":"ast-product-tabs-layout-horizontal","14":"first","15":"instock","16":"shipping-taxable","17":"product-type-simple"},"_links":{"self":[{"href":"https:\/\/securehubtec.com\/de\/wp-json\/wp\/v2\/product\/9569","targetHints":{"allow":["GET"]}}],"collection":[{"href":"https:\/\/securehubtec.com\/de\/wp-json\/wp\/v2\/product"}],"about":[{"href":"https:\/\/securehubtec.com\/de\/wp-json\/wp\/v2\/types\/product"}],"replies":[{"embeddable":true,"href":"https:\/\/securehubtec.com\/de\/wp-json\/wp\/v2\/comments?post=9569"}],"version-history":[{"count":1,"href":"https:\/\/securehubtec.com\/de\/wp-json\/wp\/v2\/product\/9569\/revisions"}],"predecessor-version":[{"id":9573,"href":"https:\/\/securehubtec.com\/de\/wp-json\/wp\/v2\/product\/9569\/revisions\/9573"}],"wp:featuredmedia":[{"embeddable":true,"href":"https:\/\/securehubtec.com\/de\/wp-json\/wp\/v2\/media\/9571"}],"wp:attachment":[{"href":"https:\/\/securehubtec.com\/de\/wp-json\/wp\/v2\/media?parent=9569"}],"wp:term":[{"taxonomy":"product_cat","embeddable":true,"href":"https:\/\/securehubtec.com\/de\/wp-json\/wp\/v2\/product_cat?post=9569"},{"taxonomy":"product_tag","embeddable":true,"href":"https:\/\/securehubtec.com\/de\/wp-json\/wp\/v2\/product_tag?post=9569"}],"curies":[{"name":"wp","href":"https:\/\/api.w.org\/{rel}","templated":true}]}}