{"id":9532,"date":"2025-10-06T00:50:51","date_gmt":"2025-10-05T16:50:51","guid":{"rendered":"https:\/\/securehubtec.com\/?post_type=product&#038;p=9532"},"modified":"2025-10-06T00:50:51","modified_gmt":"2025-10-05T16:50:51","slug":"outdoor-station-h8","status":"publish","type":"product","link":"https:\/\/securehubtec.com\/de\/product\/outdoor-station-h8\/","title":{"rendered":"Au\u00dfenstation H8"},"content":{"rendered":"<h3>Au\u00dfenstation H8<\/h3>\n<h3 class=\"header-iWP5WJ auto-hide-last-sibling-br\">Nahtlose Zwei-Wege-Kommunikation<\/h3>\n<div class=\"container-Uxvbjy md-box-line-break wrapper-GYqxgQ undefined\"><\/div>\n<div class=\"auto-hide-last-sibling-br paragraph-pP9ZLC paragraph-element br-paragraph-space\">Einer der herausragendsten Vorteile unserer Smart Intercom ist ihre au\u00dfergew\u00f6hnliche Zwei-Wege-Kommunikationsfunktion. Mit integrierter\u00a0<strong>2-Wege-T\u00fcrklingel<\/strong>\u00a0und\u00a0<strong>2 - Wege Gegensprechanlage<\/strong>\u00a0Funktionen sorgt es f\u00fcr kristallklare Gespr\u00e4che zwischen Bewohnern und Besuchern. Wenn in einer Wohnung ein Lieferant eintrifft, kann er einfach die Taste\u00a0<strong>Wohnungst\u00fcrklingel<\/strong>\u00a0und initiieren einen Dialog \u00fcber die Smart Intercom. Die Bewohner, egal ob sie sich im Wohnzimmer oder in einem anderen Teil des Geb\u00e4udes befinden, k\u00f6nnen sofort antworten, was die Kommunikation m\u00fchelos macht. Diese nahtlose Interaktion verhindert Missverst\u00e4ndnisse und erh\u00f6ht den allgemeinen Komfort bei der Verwaltung von Besuchern. Dar\u00fcber hinaus bietet die M\u00f6glichkeit der Kommunikation aus der Ferne \u00fcber\u00a0<strong>Intelligente T\u00fcrsprechanlagen<\/strong>\u00a0oder\u00a0<strong>Haussicherheit Smart WIFI Visuelle T\u00fcrsprechanlage<\/strong>\u00a0Das bedeutet, dass die Bewohner auch bei Abwesenheit mit den Personen an der T\u00fcr sprechen k\u00f6nnen, so dass keine wichtige Interaktion verpasst wird.<\/div>\n<p><img fetchpriority=\"high\" decoding=\"async\" class=\"aligncenter wp-image-9328 size-full\" src=\"https:\/\/securehubtec.com\/wp-content\/uploads\/2025\/09\/A.jpg\" alt=\"\" width=\"1280\" height=\"710\" srcset=\"https:\/\/securehubtec.com\/wp-content\/uploads\/2025\/09\/A.jpg 1280w, https:\/\/securehubtec.com\/wp-content\/uploads\/2025\/09\/A-300x166.jpg 300w, https:\/\/securehubtec.com\/wp-content\/uploads\/2025\/09\/A-1024x568.jpg 1024w, https:\/\/securehubtec.com\/wp-content\/uploads\/2025\/09\/A-768x426.jpg 768w, https:\/\/securehubtec.com\/wp-content\/uploads\/2025\/09\/A-18x10.jpg 18w, https:\/\/securehubtec.com\/wp-content\/uploads\/2025\/09\/A-600x333.jpg 600w\" sizes=\"(max-width: 1280px) 100vw, 1280px\" \/><\/p>\n<h3 class=\"header-iWP5WJ auto-hide-last-sibling-br\">Erh\u00f6hte Sicherheit durch visuelle Verifizierung<\/h3>\n<div class=\"container-Uxvbjy md-box-line-break wrapper-GYqxgQ undefined\"><\/div>\n<div class=\"auto-hide-last-sibling-br paragraph-pP9ZLC paragraph-element br-paragraph-space\">Sicherheit hat oberste Priorit\u00e4t, und unsere Smart Intercom zeichnet sich in dieser Hinsicht aus. Ausgestattet mit\u00a0<strong>T\u00fcrklingelkamera<\/strong>\u00a0Technologie, die in Ger\u00e4ten wie\u00a0<strong>Kamera T\u00fcrklingel<\/strong>\u00a0und\u00a0<strong>Familien-T\u00fcrklingelkamera f\u00fcr die Wohnung<\/strong>bietet es den Bewohnern eine visuelle \u00dcberpr\u00fcfung in Echtzeit. Bevor sie Zutritt gew\u00e4hren, k\u00f6nnen die Bewohner sehen, wer an der T\u00fcr ist, und zwar auf Ger\u00e4ten wie dem\u00a0<strong>7-Zoll-Videosprechanlage mit Kabel<\/strong>\u00a0oder die\u00a0<strong>10.1 Zoll Best Price Video T\u00fcrsprechanlage<\/strong>. Diese Funktion hat eine abschreckende Wirkung auf potenzielle Eindringlinge. Wenn sich beispielsweise in einem Wohnhaus eine unbekannte Person n\u00e4hert, kann der Bewohner die Situation einsch\u00e4tzen und entscheiden, ob er die T\u00fcr \u00f6ffnen m\u00f6chte, was einen zus\u00e4tzlichen Schutz f\u00fcr sein Haus bedeutet. Dar\u00fcber hinaus ist die Integration mit\u00a0<strong>Zugangskontrollsystem<\/strong>\u00a0stellt sicher, dass nur befugte Personen Zutritt erhalten, was die Sicherheit weiter erh\u00f6ht.<\/div>\n<p><img decoding=\"async\" class=\"aligncenter wp-image-9329 size-full lazyload\" data-src=\"https:\/\/securehubtec.com\/wp-content\/uploads\/2025\/09\/B.jpg\" alt=\"Outdoor Station H8\" width=\"1280\" height=\"961\" data-srcset=\"https:\/\/securehubtec.com\/wp-content\/uploads\/2025\/09\/B.jpg 1280w, https:\/\/securehubtec.com\/wp-content\/uploads\/2025\/09\/B-300x225.jpg 300w, https:\/\/securehubtec.com\/wp-content\/uploads\/2025\/09\/B-1024x769.jpg 1024w, https:\/\/securehubtec.com\/wp-content\/uploads\/2025\/09\/B-768x577.jpg 768w, https:\/\/securehubtec.com\/wp-content\/uploads\/2025\/09\/B-16x12.jpg 16w, https:\/\/securehubtec.com\/wp-content\/uploads\/2025\/09\/B-600x450.jpg 600w\" data-sizes=\"(max-width: 1280px) 100vw, 1280px\" src=\"data:image\/svg+xml;base64,PHN2ZyB3aWR0aD0iMSIgaGVpZ2h0PSIxIiB4bWxucz0iaHR0cDovL3d3dy53My5vcmcvMjAwMC9zdmciPjwvc3ZnPg==\" style=\"--smush-placeholder-width: 1280px; --smush-placeholder-aspect-ratio: 1280\/961;\" \/><\/p>\n<h3 class=\"header-iWP5WJ auto-hide-last-sibling-br\">Vielseitige und flexible Zugriffsm\u00f6glichkeiten<\/h3>\n<div class=\"container-Uxvbjy md-box-line-break wrapper-GYqxgQ undefined\"><\/div>\n<div class=\"auto-hide-last-sibling-br paragraph-pP9ZLC paragraph-element br-paragraph-space\">Unsere Smart Intercom bietet eine breite Palette von Zugangsm\u00f6glichkeiten und verk\u00f6rpert das Konzept von\u00a0<strong>intelligente Eingabe<\/strong>. Es unterst\u00fctzt\u00a0<strong>Schl\u00fcsselloser Zugang<\/strong>\u00a0Methoden wie\u00a0<strong>RFIC Entriegelung<\/strong>Dadurch k\u00f6nnen die Bewohner Karten oder sogar ihre Smartphones als Schl\u00fcssel verwenden. Dies ist besonders praktisch f\u00fcr diejenigen, die ihre Schl\u00fcssel oft vergessen oder eine modernere Art des Zugangs zu ihrer Wohnung bevorzugen. Au\u00dferdem ist die\u00a0<strong>Kamera Gegensprechanlage Schloss<\/strong>\u00a0kombiniert visuelle Identifikation mit schl\u00fcssellosem Zugang und bietet so eine sichere und effiziente Zugangsl\u00f6sung. F\u00fcr Hausverwalter ist die M\u00f6glichkeit, verschiedene Zugangsstufen durch \u00f6ffentliche, residente und tempor\u00e4re PINs innerhalb der\u00a0<strong>Zugangskontrollsysteme<\/strong>\u00a0vereinfacht die Verwaltung mehrerer Nutzer in Mehrfamilienh\u00e4usern oder Gesch\u00e4ftskomplexen.<\/div>\n<p><img decoding=\"async\" class=\"aligncenter size-full wp-image-9330 lazyload\" data-src=\"https:\/\/securehubtec.com\/wp-content\/uploads\/2025\/09\/C.jpg\" alt=\"\" width=\"1280\" height=\"1053\" data-srcset=\"https:\/\/securehubtec.com\/wp-content\/uploads\/2025\/09\/C.jpg 1280w, https:\/\/securehubtec.com\/wp-content\/uploads\/2025\/09\/C-300x247.jpg 300w, https:\/\/securehubtec.com\/wp-content\/uploads\/2025\/09\/C-1024x842.jpg 1024w, https:\/\/securehubtec.com\/wp-content\/uploads\/2025\/09\/C-768x632.jpg 768w, https:\/\/securehubtec.com\/wp-content\/uploads\/2025\/09\/C-15x12.jpg 15w, https:\/\/securehubtec.com\/wp-content\/uploads\/2025\/09\/C-600x494.jpg 600w\" data-sizes=\"(max-width: 1280px) 100vw, 1280px\" src=\"data:image\/svg+xml;base64,PHN2ZyB3aWR0aD0iMSIgaGVpZ2h0PSIxIiB4bWxucz0iaHR0cDovL3d3dy53My5vcmcvMjAwMC9zdmciPjwvc3ZnPg==\" style=\"--smush-placeholder-width: 1280px; --smush-placeholder-aspect-ratio: 1280\/1053;\" \/><\/p>\n<h3 class=\"header-iWP5WJ auto-hide-last-sibling-br\">Robust und langlebig f\u00fcr alle Umgebungen<\/h3>\n<div class=\"container-Uxvbjy md-box-line-break wrapper-GYqxgQ undefined\"><\/div>\n<div class=\"auto-hide-last-sibling-br paragraph-pP9ZLC paragraph-element br-paragraph-space\">Unsere Smart Intercom Produkte, wie z.B. das Smart Intercom System, sind f\u00fcr verschiedene Umgebungsbedingungen geeignet.\u00a0<strong>Wasserdichte T\u00fcrklingel f\u00fcr drau\u00dfen<\/strong>\u00a0und\u00a0<strong>IP65 T\u00fcrklingel f\u00fcr Villa<\/strong>\u00a0sind \u00e4u\u00dferst langlebig. Ob intensives Sonnenlicht, starker Regen oder extreme K\u00e4lte, diese Ger\u00e4te behalten ihre Funktionalit\u00e4t. In einer Villa, in der die T\u00fcrklingel den Elementen ausgesetzt ist, gew\u00e4hrleistet die IP65 - klassifizierte T\u00fcrklingel eine zuverl\u00e4ssige Leistung \u00fcber lange Zeit. Diese Langlebigkeit reduziert nicht nur den Bedarf an h\u00e4ufigen Auswechslungen, sondern garantiert auch konsistente Sicherheits- und Kommunikationsdienste, was sie zu einer kosteneffizienten und praktischen Wahl f\u00fcr verschiedene Immobilien macht.<\/div>\n<p><img decoding=\"async\" class=\"aligncenter size-full wp-image-9331 lazyload\" data-src=\"https:\/\/securehubtec.com\/wp-content\/uploads\/2025\/09\/D.jpg\" alt=\"\" width=\"1280\" height=\"620\" data-srcset=\"https:\/\/securehubtec.com\/wp-content\/uploads\/2025\/09\/D.jpg 1280w, https:\/\/securehubtec.com\/wp-content\/uploads\/2025\/09\/D-300x145.jpg 300w, https:\/\/securehubtec.com\/wp-content\/uploads\/2025\/09\/D-1024x496.jpg 1024w, https:\/\/securehubtec.com\/wp-content\/uploads\/2025\/09\/D-768x372.jpg 768w, https:\/\/securehubtec.com\/wp-content\/uploads\/2025\/09\/D-18x9.jpg 18w, https:\/\/securehubtec.com\/wp-content\/uploads\/2025\/09\/D-600x291.jpg 600w\" data-sizes=\"(max-width: 1280px) 100vw, 1280px\" src=\"data:image\/svg+xml;base64,PHN2ZyB3aWR0aD0iMSIgaGVpZ2h0PSIxIiB4bWxucz0iaHR0cDovL3d3dy53My5vcmcvMjAwMC9zdmciPjwvc3ZnPg==\" style=\"--smush-placeholder-width: 1280px; --smush-placeholder-aspect-ratio: 1280\/620;\" \/><\/p>\n<div class=\"ace-line\" dir=\"auto\" data-node=\"true\">\n<h3 class=\"header-iWP5WJ auto-hide-last-sibling-br\">Umfassende Integration und Anpassung<\/h3>\n<div class=\"container-Uxvbjy md-box-line-break wrapper-GYqxgQ undefined\"><\/div>\n<div class=\"auto-hide-last-sibling-br paragraph-pP9ZLC paragraph-element br-paragraph-space\">\n<p>Unsere Smart Intercom ist f\u00fcr eine umfassende Integration und Anpassung konzipiert. Sie kann Teil eines kompletten\u00a0<strong>Video-T\u00fcrsprechanlage<\/strong>\u00a0oder integriert mit anderen Sicherheitseinrichtungen wie\u00a0<strong>sicheres intelligentes Schlie\u00dffach<\/strong>\u00a0Systeme. Die Website\u00a0<strong>RS485-Anschluss<\/strong> bei vielen unserer Ger\u00e4te erm\u00f6glicht den einfachen Anschluss von Erweiterungsger\u00e4ten und damit eine weitere Anpassung an die jeweiligen Bed\u00fcrfnisse. Dar\u00fcber hinaus bieten verschiedene Bildschirmgr\u00f6\u00dfen wie die 7- und 10,1-Zoll-Optionen der Videosprechanlagen Flexibilit\u00e4t bei der Auswahl des richtigen Ger\u00e4ts f\u00fcr verschiedene Installationsorte und Benutzerpr\u00e4ferenzen. Dieses Ma\u00df an Integration und Anpassung stellt sicher, dass unsere Smart Intercom die unterschiedlichen Anforderungen von Hausbesitzern, Hausverwaltern und Unternehmen erf\u00fcllen kann und eine wirklich ma\u00dfgeschneiderte Sicherheits- und Kommunikationsl\u00f6sung bietet.<\/p>\n<p><strong><b>Werbebilder und -videos erm\u00f6glichen es den Nutzern, Inhalte zu den Dienstleistungen, Produkten oder VI ihres Unternehmens anzupassen.<\/b><\/strong><\/p>\n<p><strong><b>Tuya Home erm\u00f6glicht es Besuchern, verschiedene R\u00e4ume anzurufen (optional, unterst\u00fctzt bis zu 1000 Haushalte).<\/b><\/strong><\/p>\n<p><strong><b>Der direkte Pressemodus (Raumverzeichnis) bietet den Besuchern eine hervorragende Benutzererfahrung. \u00a0\u00a0<\/b><\/strong><strong><b><br \/>\n<\/b><\/strong><strong><b><br \/>\n<\/b><\/strong><strong><b>Eine intelligente und sichere Wahl f\u00fcr Ihr Zuhause<\/b><\/strong><\/p>\n<p><strong><b>Die Smart-Au\u00dfenstation wurde entwickelt, um eine visuell beeindruckende und intuitive Benutzererfahrung zu bieten. Sie bietet eine Reihe innovativer neuer Funktionen, um eine vollst\u00e4ndig anpassbare L\u00f6sung f\u00fcr die Zutrittskontrolle von Mietern und Besuchern in Eigentumswohnungen, Mehrfamilienh\u00e4usern, B\u00fcrogeb\u00e4uden, Gated Communities und Industriegeb\u00e4uden zu bieten.<\/b><\/strong><\/p>\n<\/div>\n<\/div>","protected":false},"excerpt":{"rendered":"<p><strong><span style=\"color: #ffcc00;\">Abmessungen\uff1a 270x132x20 mm <\/span><\/strong><br \/>\n<strong><span style=\"color: #ffcc00;\">Video-Gegensprechanlage\uff1a<br \/>\n<\/span><\/strong><span style=\"margin: 120px;\">Mit Smart Monitor oder Guard Station<\/span><br \/>\n<span style=\"margin: 120px;\">Mit Au\u00dfenstation oder Tuya App<\/span><br \/>\n<span style=\"margin: 120px;\">Mit SIP Standard 3. Ger\u00e4t<\/span><br \/>\n<strong><span style=\"color: #ffcc00;\">Zugangskontrolle\uff1a<\/span><\/strong><br \/>\n<span style=\"margin: 120px;\">Gesichtserkennungen<\/span><br \/>\n<span style=\"margin: 120px;\">IC-Karte oder NFC-Identifikation<\/span><br \/>\n<span style=\"margin: 120px;\">PIN-Identifizierung<\/span><br \/>\nLinux System | Tuya Home: 1~1000 | Echounterdr\u00fcckung<br \/>\nMit einem Tastendruck anrufen | mit NVR verbinden<br \/>\nAnpassbare Bildwerbung | Erweiterbarer 4-Kanal-Relais-Signalausgang<br \/>\nSIP-Protokoll | DC12V-Stromversorgung<br \/>\n2M Pixel, Kamera mit zwei Objektiven | <strong><span style=\"color: #ff0000;\">800*1280 Aufl\u00f6sung 8\" IPS LCD<\/span><\/strong><br \/>\nKapazit\u00e4t Toucheingabe | 13,56MHz Zugangskarte und NFC<br \/>\nAluminium + geh\u00e4rtetes Glas | Video H.264\/H.265, Audio G.711<br \/>\nEingebauter Lautsprecher 8R1W Klingelton \u226570dB | Arbeitsleistung &lt; 10W<br \/>\nArbeitstemperatur -20\u2103 ~ +50\u2103 | Aufputzmontage<br \/>\nIP65 IP-Schutzklasse | Wi-Fi ist optional, mit externer Antenne<br \/>\nRegenschutz ist optional<br \/>\n<strong><span style=\"color: #ffcc00;\">Schnittstelle Beschreibung<\/span><\/strong><br \/>\nRJ45-Netzwerkanschluss | Stromeingangsanschluss<br \/>\nRelais-Signalausgang, 1-fach | RS485-Anschluss<\/p>","protected":false},"featured_media":9533,"comment_status":"open","ping_status":"closed","template":"","meta":{"site-sidebar-layout":"default","site-content-layout":"","ast-site-content-layout":"default","site-content-style":"default","site-sidebar-style":"default","ast-global-header-display":"","ast-banner-title-visibility":"","ast-main-header-display":"","ast-hfb-above-header-display":"","ast-hfb-below-header-display":"","ast-hfb-mobile-header-display":"","site-post-title":"","ast-breadcrumbs-content":"","ast-featured-img":"","footer-sml-layout":"","theme-transparent-header-meta":"default","adv-header-id-meta":"","stick-header-meta":"default","header-above-stick-meta":"","header-main-stick-meta":"","header-below-stick-meta":"","astra-migrate-meta-layouts":"set","ast-page-background-enabled":"default","ast-page-background-meta":{"desktop":{"background-color":"","background-image":"","background-repeat":"repeat","background-position":"center center","background-size":"auto","background-attachment":"scroll","background-type":"","background-media":"","overlay-type":"","overlay-color":"","overlay-opacity":"","overlay-gradient":""},"tablet":{"background-color":"","background-image":"","background-repeat":"repeat","background-position":"center center","background-size":"auto","background-attachment":"scroll","background-type":"","background-media":"","overlay-type":"","overlay-color":"","overlay-opacity":"","overlay-gradient":""},"mobile":{"background-color":"","background-image":"","background-repeat":"repeat","background-position":"center center","background-size":"auto","background-attachment":"scroll","background-type":"","background-media":"","overlay-type":"","overlay-color":"","overlay-opacity":"","overlay-gradient":""}},"ast-content-background-meta":{"desktop":{"background-color":"var(--ast-global-color-5)","background-image":"","background-repeat":"repeat","background-position":"center center","background-size":"auto","background-attachment":"scroll","background-type":"","background-media":"","overlay-type":"","overlay-color":"","overlay-opacity":"","overlay-gradient":""},"tablet":{"background-color":"var(--ast-global-color-5)","background-image":"","background-repeat":"repeat","background-position":"center center","background-size":"auto","background-attachment":"scroll","background-type":"","background-media":"","overlay-type":"","overlay-color":"","overlay-opacity":"","overlay-gradient":""},"mobile":{"background-color":"var(--ast-global-color-5)","background-image":"","background-repeat":"repeat","background-position":"center center","background-size":"auto","background-attachment":"scroll","background-type":"","background-media":"","overlay-type":"","overlay-color":"","overlay-opacity":"","overlay-gradient":""}}},"product_cat":[123,15],"product_tag":[],"class_list":{"0":"post-9532","1":"product","2":"type-product","3":"status-publish","4":"has-post-thumbnail","6":"product_cat-video-intercom","7":"product_cat-product","8":"desktop-align-left","9":"tablet-align-left","10":"mobile-align-left","11":"ast-product-gallery-layout-horizontal-slider","12":"ast-product-gallery-with-no-image","13":"ast-product-tabs-layout-horizontal","15":"first","16":"instock","17":"shipping-taxable","18":"product-type-simple"},"_links":{"self":[{"href":"https:\/\/securehubtec.com\/de\/wp-json\/wp\/v2\/product\/9532","targetHints":{"allow":["GET"]}}],"collection":[{"href":"https:\/\/securehubtec.com\/de\/wp-json\/wp\/v2\/product"}],"about":[{"href":"https:\/\/securehubtec.com\/de\/wp-json\/wp\/v2\/types\/product"}],"replies":[{"embeddable":true,"href":"https:\/\/securehubtec.com\/de\/wp-json\/wp\/v2\/comments?post=9532"}],"version-history":[{"count":2,"href":"https:\/\/securehubtec.com\/de\/wp-json\/wp\/v2\/product\/9532\/revisions"}],"predecessor-version":[{"id":9535,"href":"https:\/\/securehubtec.com\/de\/wp-json\/wp\/v2\/product\/9532\/revisions\/9535"}],"wp:featuredmedia":[{"embeddable":true,"href":"https:\/\/securehubtec.com\/de\/wp-json\/wp\/v2\/media\/9533"}],"wp:attachment":[{"href":"https:\/\/securehubtec.com\/de\/wp-json\/wp\/v2\/media?parent=9532"}],"wp:term":[{"taxonomy":"product_cat","embeddable":true,"href":"https:\/\/securehubtec.com\/de\/wp-json\/wp\/v2\/product_cat?post=9532"},{"taxonomy":"product_tag","embeddable":true,"href":"https:\/\/securehubtec.com\/de\/wp-json\/wp\/v2\/product_tag?post=9532"}],"curies":[{"name":"wp","href":"https:\/\/api.w.org\/{rel}","templated":true}]}}