{"id":9347,"date":"2025-10-06T02:00:54","date_gmt":"2025-10-05T18:00:54","guid":{"rendered":"https:\/\/securehubtec.com\/?post_type=product&#038;p=9347"},"modified":"2025-10-06T02:00:55","modified_gmt":"2025-10-05T18:00:55","slug":"indoor-monitor-p7008xp","status":"publish","type":"product","link":"https:\/\/securehubtec.com\/de\/product\/indoor-monitor-p7008xp\/","title":{"rendered":"Innenraum-Monitor P7008XP"},"content":{"rendered":"<p><strong><span style=\"color: #ffcc00;\">Innenraum-Monitor P7008XP<\/span><\/strong><br \/>\nMehr als nur eine T\u00fcrklingel, sie ist Ihr 24\/7-Sicherheitsw\u00e4chter,<span data-leaf=\"true\"><span class=\"lb\">In der sich st\u00e4ndig weiterentwickelnden globalen Smart-Security-Branche hat sich DRSECURE als Vorreiter etabliert. <\/span><\/span><span data-leaf=\"true\"><span class=\"lb\">Herstellung von intelligenten Gegensprechanlagen<\/span><\/span><span data-leaf=\"true\"><span class=\"lb\"> Wir haben es uns zur Aufgabe gemacht, unseren Kunden in \u00dcbersee leistungsstarke und benutzerfreundliche Sicherheitsl\u00f6sungen zu bieten, die Innovation mit Praktikabilit\u00e4t verbinden. Wir sind uns bewusst, dass Sicherheit und Komfort f\u00fcr H\u00e4user, Wohnungen und Gesch\u00e4ftsr\u00e4ume auf der ganzen Welt nicht verhandelbar sind. Deshalb ist unsere Produktpalette sorgf\u00e4ltig zusammengestellt, um alle kritischen Bed\u00fcrfnisse im intelligenten Sicherheits\u00f6kosystem abzudecken. Ganz gleich, ob Sie ein H\u00e4ndler sind, der seine Produktpalette mit bew\u00e4hrten Marken erweitern m\u00f6chte, ein Bautr\u00e4ger, der neue Wohnkomplexe mit erstklassigen Sicherheitssystemen ausstatten m\u00f6chte, oder ein Gesch\u00e4ftsinhaber, der die Sicherheit am Arbeitsplatz verbessern m\u00f6chte - DRSECURE ist bereit, Ihre Anforderungen zu erf\u00fcllen. Unsere Marke basiert auf Qualit\u00e4t, Zuverl\u00e4ssigkeit und Kundenorientierung. Das macht uns zu einer bevorzugten Wahl f\u00fcr Kunden auf allen Kontinenten, die Wert auf langlebige, konforme Sicherheitsl\u00f6sungen legen.<\/span><\/span><br \/>\n<img fetchpriority=\"high\" decoding=\"async\" class=\"aligncenter size-full wp-image-9328\" src=\"https:\/\/securehubtec.com\/wp-content\/uploads\/2025\/09\/A.jpg\" alt=\"\" width=\"1280\" height=\"710\" srcset=\"https:\/\/securehubtec.com\/wp-content\/uploads\/2025\/09\/A.jpg 1280w, https:\/\/securehubtec.com\/wp-content\/uploads\/2025\/09\/A-300x166.jpg 300w, https:\/\/securehubtec.com\/wp-content\/uploads\/2025\/09\/A-1024x568.jpg 1024w, https:\/\/securehubtec.com\/wp-content\/uploads\/2025\/09\/A-768x426.jpg 768w, https:\/\/securehubtec.com\/wp-content\/uploads\/2025\/09\/A-18x10.jpg 18w, https:\/\/securehubtec.com\/wp-content\/uploads\/2025\/09\/A-600x333.jpg 600w\" sizes=\"(max-width: 1280px) 100vw, 1280px\" \/><span data-leaf=\"true\"><span class=\"lb\">DRSECURE bietet eine umfassende Auswahl an Gegensprechanlagen und T\u00fcrklingeln, die f\u00fcr verschiedene private und gewerbliche Szenarien geeignet sind. F\u00fcr Hausbesitzer, die Wert auf Einfachheit und effektive Kommunikation legen, sind unsere <\/span><\/span><span data-leaf=\"true\"><span class=\"lb\">2-Wege-T\u00fcrklingel<\/span><\/span><span data-leaf=\"true\"><span class=\"lb\"> und klassisch <\/span><\/span><span data-leaf=\"true\"><span class=\"lb\">T\u00fcrklingel<\/span><\/span><span data-leaf=\"true\"><span class=\"lb\"> bieten einen klaren Klang und eine einfache Installation, w\u00e4hrend unsere <\/span><\/span><span data-leaf=\"true\"><span class=\"lb\">Wohnungst\u00fcrklingel<\/span><\/span><span data-leaf=\"true\"><span class=\"lb\"> ist auf die besonderen Anforderungen von Geb\u00e4uden mit mehreren Wohneinheiten zugeschnitten und gew\u00e4hrleistet eine nahtlose Interaktion mit den Besuchern. F\u00fcr diejenigen, die erweiterte \u00dcberwachungsfunktionen ben\u00f6tigen, bietet unser <\/span><\/span><span data-leaf=\"true\"><span class=\"lb\">T\u00fcrklingelkamera<\/span><\/span><span data-leaf=\"true\"><span class=\"lb\"> zeichnet sich durch Videostreaming in Echtzeit, Bewegungserkennungswarnungen und Fernzugriff \u00fcber mobile Apps aus, so dass die Benutzer ihre Eing\u00e4nge im Auge behalten k\u00f6nnen, egal wo sie sich gerade befinden. Wir zeichnen uns auch durch vernetzte L\u00f6sungen aus: unser <\/span><\/span><span data-leaf=\"true\"><span class=\"lb\">2-Wege-Sprechanlage<\/span><\/span><span data-leaf=\"true\"><span class=\"lb\"> und <\/span><\/span><span data-leaf=\"true\"><span class=\"lb\">T\u00fcrklingel-Sprechanlage<\/span><\/span><span data-leaf=\"true\"><span class=\"lb\"> Systeme erm\u00f6glichen eine reibungslose Kommunikation zwischen Bewohnern und Besuchern, und unsere <\/span><\/span><span data-leaf=\"true\"><span class=\"lb\">Intelligente T\u00fcrsprechanlagen<\/span><\/span><span data-leaf=\"true\"><span class=\"lb\"> und <\/span><\/span><span data-leaf=\"true\"><span class=\"lb\">intelligente Gegensprechanlage<\/span><\/span><span data-leaf=\"true\"><span class=\"lb\"> lassen sich in moderne Smart-Home-Plattformen integrieren und bieten Funktionen wie Sprachsteuerung und Automatisierung. F\u00fcr gro\u00dfe Wohnprojekte bietet unser <\/span><\/span><span data-leaf=\"true\"><span class=\"lb\">Intelligente Gegensprechanlage f\u00fcr die Wohnung<\/span><\/span><span data-leaf=\"true\"><span class=\"lb\"> und <\/span><\/span><span data-leaf=\"true\"><span class=\"lb\">Intelligente Gegensprechanlage f\u00fcr Mehrfamilienh\u00e4user<\/span><\/span><span data-leaf=\"true\"><span class=\"lb\"> die Besucherverwaltung zu rationalisieren, den Verwaltungsaufwand zu verringern und die allgemeine Sicherheit sowohl f\u00fcr die Bewohner als auch f\u00fcr die Hausverwalter zu erh\u00f6hen.<\/span><\/span><br \/>\n<img decoding=\"async\" class=\"aligncenter wp-image-9329 size-full lazyload\" data-src=\"https:\/\/securehubtec.com\/wp-content\/uploads\/2025\/09\/B.jpg\" alt=\"Indoor Monitor P7007PRO\" width=\"1280\" height=\"961\" data-srcset=\"https:\/\/securehubtec.com\/wp-content\/uploads\/2025\/09\/B.jpg 1280w, https:\/\/securehubtec.com\/wp-content\/uploads\/2025\/09\/B-300x225.jpg 300w, https:\/\/securehubtec.com\/wp-content\/uploads\/2025\/09\/B-1024x769.jpg 1024w, https:\/\/securehubtec.com\/wp-content\/uploads\/2025\/09\/B-768x577.jpg 768w, https:\/\/securehubtec.com\/wp-content\/uploads\/2025\/09\/B-16x12.jpg 16w, https:\/\/securehubtec.com\/wp-content\/uploads\/2025\/09\/B-600x450.jpg 600w\" data-sizes=\"(max-width: 1280px) 100vw, 1280px\" src=\"data:image\/svg+xml;base64,PHN2ZyB3aWR0aD0iMSIgaGVpZ2h0PSIxIiB4bWxucz0iaHR0cDovL3d3dy53My5vcmcvMjAwMC9zdmciPjwvc3ZnPg==\" style=\"--smush-placeholder-width: 1280px; --smush-placeholder-aspect-ratio: 1280\/961;\" \/><span data-leaf=\"true\"><span class=\"lb\">\u00dcber Sprechanlagen und T\u00fcrklingeln hinaus bietet DRSECURE ein umfassendes Angebot an Zutrittskontroll- und intelligenten Zugangsl\u00f6sungen, die die Sicherung von R\u00e4umen neu definieren. Unser <\/span><\/span><span data-leaf=\"true\"><span class=\"lb\">Zugangskontrollsysteme<\/span><\/span><span data-leaf=\"true\"><span class=\"lb\"> sind so konzipiert, dass sie ein flexibles, skalierbares Management f\u00fcr gewerbliche Geb\u00e4ude, B\u00fcros und Industrieanlagen bieten und es Administratoren erm\u00f6glichen, Zugangsberechtigungen effizient und aus der Ferne zu verwalten. Erg\u00e4nzend zu diesen Systemen bietet unser <\/span><\/span><span data-leaf=\"true\"><span class=\"lb\">Schl\u00fcsselloser Zugang<\/span><\/span><span data-leaf=\"true\"><span class=\"lb\"> L\u00f6sungen machen den \u00c4rger mit physischen Schl\u00fcsseln \u00fcberfl\u00fcssig, denn sie verwenden Smartphone-Anmeldeinformationen, Schl\u00fcsselanh\u00e4nger oder biometrische Daten, um den Zugang zu gew\u00e4hren, was den Komfort erh\u00f6ht, ohne die Sicherheit zu beeintr\u00e4chtigen. Wir erf\u00fcllen auch spezielle Sicherheitsanforderungen f\u00fcr Lagerr\u00e4ume mit unseren <\/span><\/span><span data-leaf=\"true\"><span class=\"lb\">sicheres intelligentes Schlie\u00dffach<\/span><\/span><span data-leaf=\"true\"><span class=\"lb\"> Systeme, die sich durch manipulationssichere Designs, Echtzeit-Zugangsverfolgung und Cloud-basierte Verwaltung auszeichnen. Diese Schlie\u00dff\u00e4cher sind ideal f\u00fcr Fitnessstudios, Co-Working-Spaces, Schulen und Einzelhandelsgesch\u00e4fte und bieten den Nutzern ein beruhigendes Gef\u00fchl und den Managern eine vollst\u00e4ndige \u00dcbersicht \u00fcber die Speichernutzung. Jedes Produkt aus dieser Reihe ist so konstruiert, dass es starker Beanspruchung und unterschiedlichen Umgebungsbedingungen standh\u00e4lt und unseren Kunden in \u00dcbersee eine zuverl\u00e4ssige Leistung bietet.<\/span><\/span><br \/>\n<img decoding=\"async\" class=\"aligncenter size-full wp-image-9330 lazyload\" data-src=\"https:\/\/securehubtec.com\/wp-content\/uploads\/2025\/09\/C.jpg\" alt=\"\" width=\"1280\" height=\"1053\" data-srcset=\"https:\/\/securehubtec.com\/wp-content\/uploads\/2025\/09\/C.jpg 1280w, https:\/\/securehubtec.com\/wp-content\/uploads\/2025\/09\/C-300x247.jpg 300w, https:\/\/securehubtec.com\/wp-content\/uploads\/2025\/09\/C-1024x842.jpg 1024w, https:\/\/securehubtec.com\/wp-content\/uploads\/2025\/09\/C-768x632.jpg 768w, https:\/\/securehubtec.com\/wp-content\/uploads\/2025\/09\/C-15x12.jpg 15w, https:\/\/securehubtec.com\/wp-content\/uploads\/2025\/09\/C-600x494.jpg 600w\" data-sizes=\"(max-width: 1280px) 100vw, 1280px\" src=\"data:image\/svg+xml;base64,PHN2ZyB3aWR0aD0iMSIgaGVpZ2h0PSIxIiB4bWxucz0iaHR0cDovL3d3dy53My5vcmcvMjAwMC9zdmciPjwvc3ZnPg==\" style=\"--smush-placeholder-width: 1280px; --smush-placeholder-aspect-ratio: 1280\/1053;\" \/><span data-leaf=\"true\"><span class=\"lb\">Ein wesentlicher Vorteil, der DRSECURE auf dem Weltmarkt auszeichnet, ist die strikte Einhaltung internationaler Qualit\u00e4ts- und Sicherheitsstandards. Alle unsere Produkte, einschlie\u00dflich unserer beliebten <\/span><\/span><span data-leaf=\"true\"><span class=\"lb\">Video-Gegensprechanlage<\/span><\/span><span data-leaf=\"true\"><span class=\"lb\"> und <\/span><\/span><span data-leaf=\"true\"><span class=\"lb\">Intelligente Video-Gegensprechanlage<\/span><\/span><span data-leaf=\"true\"><span class=\"lb\"> Systeme, halten beide <\/span><\/span><span data-leaf=\"true\"><span class=\"lb\">CE<\/span><\/span><span data-leaf=\"true\"><span class=\"lb\"> und <\/span><\/span><span data-leaf=\"true\"><span class=\"lb\">FCC<\/span><\/span><span data-leaf=\"true\"><span class=\"lb\"> Zertifizierungen. Diese Zertifizierungen sind mehr als nur Referenzen - sie sind der Beweis daf\u00fcr, dass unsere Produkte die strengen Leistungs-, Sicherheits- und elektromagnetischen Kompatibilit\u00e4tsanforderungen der Europ\u00e4ischen Union und Nordamerikas erf\u00fcllen, zwei der am st\u00e4rksten regulierten und wettbewerbsorientierten M\u00e4rkte der Welt. F\u00fcr Kunden in \u00dcbersee bedeutet dies, dass unsere Produkte ohne regulatorische H\u00fcrden importiert, vertrieben und verkauft werden k\u00f6nnen, was Zeit und Ressourcen spart. Dar\u00fcber hinaus unterziehen wir jedes Produkt strengen Tests, bevor es unser Werk verl\u00e4sst, von der Bewertung der Haltbarkeit bis hin zur \u00dcberpr\u00fcfung der Funktionalit\u00e4t, um sicherzustellen, dass jedes Ger\u00e4t die h\u00f6chsten Industriestandards erf\u00fcllt oder \u00fcbertrifft. Dieses Engagement f\u00fcr Qualit\u00e4t hat uns einen guten Ruf f\u00fcr Zuverl\u00e4ssigkeit und Vertrauen bei Kunden weltweit eingebracht.<\/span><\/span><br \/>\n<img decoding=\"async\" class=\"aligncenter size-full wp-image-9331 lazyload\" data-src=\"https:\/\/securehubtec.com\/wp-content\/uploads\/2025\/09\/D.jpg\" alt=\"\" width=\"1280\" height=\"620\" data-srcset=\"https:\/\/securehubtec.com\/wp-content\/uploads\/2025\/09\/D.jpg 1280w, https:\/\/securehubtec.com\/wp-content\/uploads\/2025\/09\/D-300x145.jpg 300w, https:\/\/securehubtec.com\/wp-content\/uploads\/2025\/09\/D-1024x496.jpg 1024w, https:\/\/securehubtec.com\/wp-content\/uploads\/2025\/09\/D-768x372.jpg 768w, https:\/\/securehubtec.com\/wp-content\/uploads\/2025\/09\/D-18x9.jpg 18w, https:\/\/securehubtec.com\/wp-content\/uploads\/2025\/09\/D-600x291.jpg 600w\" data-sizes=\"(max-width: 1280px) 100vw, 1280px\" src=\"data:image\/svg+xml;base64,PHN2ZyB3aWR0aD0iMSIgaGVpZ2h0PSIxIiB4bWxucz0iaHR0cDovL3d3dy53My5vcmcvMjAwMC9zdmciPjwvc3ZnPg==\" style=\"--smush-placeholder-width: 1280px; --smush-placeholder-aspect-ratio: 1280\/620;\" \/><\/p>\n<div class=\"ace-line\" dir=\"auto\" data-node=\"true\"><span data-string=\"true\" data-enter=\"true\" data-leaf=\"true\"><span class=\"lb\">Eine Partnerschaft mit DRSECURE bedeutet mehr als nur einen Lieferanten zu gewinnen - es bedeutet die Zusammenarbeit mit einem Team, das sich Ihrem Erfolg verschrieben hat. Wir wissen, dass jeder \u00dcberseemarkt einzigartige Vorlieben und Anforderungen hat, weshalb wir flexible Anpassungsoptionen anbieten. Egal, ob Sie das Design eines Produkts anpassen m\u00fcssen <\/span><span class=\"lb\">intelligente Gegensprechanlage<\/span><span class=\"lb\"> mit der lokalen \u00c4sthetik in Einklang zu bringen, regionale Kommunikationsprotokolle in ein <\/span><span class=\"lb\">Zugangskontrollsystem<\/span><span class=\"lb\"> oder die Unterst\u00fctzung mehrerer Sprachen zu einer <\/span><span class=\"lb\">T\u00fcrklingelkamera<\/span><span class=\"lb\"> app arbeitet unser Ingenieurteam eng mit Ihnen zusammen, um ma\u00dfgeschneiderte L\u00f6sungen zu entwickeln. Wir bieten auch einen au\u00dfergew\u00f6hnlichen Kundensupport mit einem Team, das rund um die Uhr zur Verf\u00fcgung steht, um Sie bei der Installation, der Fehlersuche und dem Kundendienst zu unterst\u00fctzen. Dar\u00fcber hinaus sorgen unsere effiziente Lieferkette und unsere wettbewerbsf\u00e4higen Preise daf\u00fcr, dass Sie Ihre Rentabilit\u00e4t maximieren und gleichzeitig Ihren Kunden erstklassige Sicherheitsprodukte anbieten k\u00f6nnen. Mit DRSECURE als Partner k\u00f6nnen Sie sich selbstbewusst auf dem globalen Markt f\u00fcr intelligente Sicherheit bewegen und wissen, dass Sie einen zuverl\u00e4ssigen, innovativen Verb\u00fcndeten an Ihrer Seite haben.<\/span>\u200b<\/span><\/div>","protected":false},"excerpt":{"rendered":"<p>Modell\uff1aP7008XP<br \/>\nAbmessungen\uff1a210x145x20 mm<\/p>\n<p>\u221a DC12V oder POE (IEEE 802.3AF)<br \/>\n<strong><span style=\"color: #ff0000;\">\u221a 7\" IPS LCD, 1024*600<\/span><\/strong><br \/>\n\u221a Wi-Fi ist optional<br \/>\n\u221a ABS<br \/>\n\u221a Video H.264\/H.265, Audio G.711<br \/>\n\u221a Klingelton \u226570dB<br \/>\n\u221a Arbeitsleistung &lt; 5W<br \/>\n\u221a Arbeitstemperatur 0\u2103 ~ +50\u2103<br \/>\n\u221a Aufputzmontage<br \/>\n\u221a Linux-System<br \/>\n\u221a Video-Gegensprechanlage<br \/>\n\u221a Echounterdr\u00fcckung<br \/>\n\u221a Monitor IPC (24-Stunden, viergeteilte Anzeige)<br \/>\n\u221a Monitor Au\u00dfenstation<br \/>\n\u221a Alarm: SOS, Gasdetektion, 4-Kanal-Verdrahtung<br \/>\n\u221a Tuya Home: Wahlweise<\/p>","protected":false},"featured_media":9551,"comment_status":"open","ping_status":"closed","template":"","meta":{"site-sidebar-layout":"default","site-content-layout":"","ast-site-content-layout":"default","site-content-style":"default","site-sidebar-style":"default","ast-global-header-display":"","ast-banner-title-visibility":"","ast-main-header-display":"","ast-hfb-above-header-display":"","ast-hfb-below-header-display":"","ast-hfb-mobile-header-display":"","site-post-title":"","ast-breadcrumbs-content":"","ast-featured-img":"","footer-sml-layout":"","theme-transparent-header-meta":"default","adv-header-id-meta":"","stick-header-meta":"default","header-above-stick-meta":"","header-main-stick-meta":"","header-below-stick-meta":"","astra-migrate-meta-layouts":"set","ast-page-background-enabled":"default","ast-page-background-meta":{"desktop":{"background-color":"","background-image":"","background-repeat":"repeat","background-position":"center center","background-size":"auto","background-attachment":"scroll","background-type":"","background-media":"","overlay-type":"","overlay-color":"","overlay-opacity":"","overlay-gradient":""},"tablet":{"background-color":"","background-image":"","background-repeat":"repeat","background-position":"center center","background-size":"auto","background-attachment":"scroll","background-type":"","background-media":"","overlay-type":"","overlay-color":"","overlay-opacity":"","overlay-gradient":""},"mobile":{"background-color":"","background-image":"","background-repeat":"repeat","background-position":"center center","background-size":"auto","background-attachment":"scroll","background-type":"","background-media":"","overlay-type":"","overlay-color":"","overlay-opacity":"","overlay-gradient":""}},"ast-content-background-meta":{"desktop":{"background-color":"var(--ast-global-color-5)","background-image":"","background-repeat":"repeat","background-position":"center center","background-size":"auto","background-attachment":"scroll","background-type":"","background-media":"","overlay-type":"","overlay-color":"","overlay-opacity":"","overlay-gradient":""},"tablet":{"background-color":"var(--ast-global-color-5)","background-image":"","background-repeat":"repeat","background-position":"center center","background-size":"auto","background-attachment":"scroll","background-type":"","background-media":"","overlay-type":"","overlay-color":"","overlay-opacity":"","overlay-gradient":""},"mobile":{"background-color":"var(--ast-global-color-5)","background-image":"","background-repeat":"repeat","background-position":"center center","background-size":"auto","background-attachment":"scroll","background-type":"","background-media":"","overlay-type":"","overlay-color":"","overlay-opacity":"","overlay-gradient":""}}},"product_cat":[123,15],"product_tag":[],"class_list":{"0":"post-9347","1":"product","2":"type-product","3":"status-publish","4":"has-post-thumbnail","6":"product_cat-video-intercom","7":"product_cat-product","8":"desktop-align-left","9":"tablet-align-left","10":"mobile-align-left","11":"ast-product-gallery-layout-horizontal-slider","12":"ast-product-tabs-layout-horizontal","14":"first","15":"instock","16":"shipping-taxable","17":"product-type-simple"},"_links":{"self":[{"href":"https:\/\/securehubtec.com\/de\/wp-json\/wp\/v2\/product\/9347","targetHints":{"allow":["GET"]}}],"collection":[{"href":"https:\/\/securehubtec.com\/de\/wp-json\/wp\/v2\/product"}],"about":[{"href":"https:\/\/securehubtec.com\/de\/wp-json\/wp\/v2\/types\/product"}],"replies":[{"embeddable":true,"href":"https:\/\/securehubtec.com\/de\/wp-json\/wp\/v2\/comments?post=9347"}],"version-history":[{"count":2,"href":"https:\/\/securehubtec.com\/de\/wp-json\/wp\/v2\/product\/9347\/revisions"}],"predecessor-version":[{"id":9553,"href":"https:\/\/securehubtec.com\/de\/wp-json\/wp\/v2\/product\/9347\/revisions\/9553"}],"wp:featuredmedia":[{"embeddable":true,"href":"https:\/\/securehubtec.com\/de\/wp-json\/wp\/v2\/media\/9551"}],"wp:attachment":[{"href":"https:\/\/securehubtec.com\/de\/wp-json\/wp\/v2\/media?parent=9347"}],"wp:term":[{"taxonomy":"product_cat","embeddable":true,"href":"https:\/\/securehubtec.com\/de\/wp-json\/wp\/v2\/product_cat?post=9347"},{"taxonomy":"product_tag","embeddable":true,"href":"https:\/\/securehubtec.com\/de\/wp-json\/wp\/v2\/product_tag?post=9347"}],"curies":[{"name":"wp","href":"https:\/\/api.w.org\/{rel}","templated":true}]}}