{"id":9486,"date":"2025-10-03T23:56:23","date_gmt":"2025-10-03T15:56:23","guid":{"rendered":"https:\/\/securehubtec.com\/?page_id=9486"},"modified":"2025-10-03T23:56:23","modified_gmt":"2025-10-03T15:56:23","slug":"security-alarm-system","status":"publish","type":"page","link":"https:\/\/securehubtec.com\/de\/security-alarm-system\/","title":{"rendered":"Sicherheitsalarmanlage"},"content":{"rendered":"<h1 class=\"header-iWP5WJ auto-hide-last-sibling-br\">Fortschrittliches Sicherheitsalarmsystem: Sichern Sie Ihren Raum mit intelligentem Schutz<\/h1>\n<div class=\"container-Uxvbjy md-box-line-break wrapper-GYqxgQ undefined\"><\/div>\n<div class=\"auto-hide-last-sibling-br paragraph-pP9ZLC paragraph-element br-paragraph-space\">In der heutigen Welt ist die Sicherheit von H\u00e4usern, B\u00fcros und anderen Objekten von h\u00f6chster Priorit\u00e4t. Unser Sicherheitsalarmsystem bietet eine umfassende und intelligente L\u00f6sung, die modernste Technologie mit benutzerfreundlichem Design kombiniert, um einen Rund-um-die-Uhr-Schutz zu bieten. Ganz gleich, ob es sich um Wohnh\u00e4user, Gesch\u00e4ftsgeb\u00e4ude oder Industrieanlagen handelt, dieses System ist darauf ausgelegt, potenzielle Bedrohungen sofort zu erkennen und effektiv zu reagieren.<\/div>\n<p><img fetchpriority=\"high\" decoding=\"async\" class=\"aligncenter size-full wp-image-9488\" src=\"https:\/\/securehubtec.com\/wp-content\/uploads\/2025\/10\/Smart-Video-Intercom-w-1.jpg\" alt=\"\" width=\"1000\" height=\"764\" srcset=\"https:\/\/securehubtec.com\/wp-content\/uploads\/2025\/10\/Smart-Video-Intercom-w-1.jpg 1000w, https:\/\/securehubtec.com\/wp-content\/uploads\/2025\/10\/Smart-Video-Intercom-w-1-300x229.jpg 300w, https:\/\/securehubtec.com\/wp-content\/uploads\/2025\/10\/Smart-Video-Intercom-w-1-768x587.jpg 768w, https:\/\/securehubtec.com\/wp-content\/uploads\/2025\/10\/Smart-Video-Intercom-w-1-16x12.jpg 16w, https:\/\/securehubtec.com\/wp-content\/uploads\/2025\/10\/Smart-Video-Intercom-w-1-600x458.jpg 600w\" sizes=\"(max-width: 1000px) 100vw, 1000px\" \/>Der Indoor Monitor des Systems dient als zentraler Hub und ist mit mehreren Ports f\u00fcr eine nahtlose Integration ausgestattet. Der RJ45-Port unterst\u00fctzt POE 802.3af und erm\u00f6glicht eine einfache Netzwerkverbindung durch Einstecken in einen Switch-Port. Er verf\u00fcgt \u00fcber einen Stromeingang (DC12V\/500mA) und einen Ausgang, um die Ger\u00e4te der Sicherheitszone mit Strom zu versorgen. Der RS485-Port erm\u00f6glicht den Anschluss von Erweiterungsger\u00e4ten, und der Sicherheitsport bietet 4-Wege-Sicherheitsalarmeing\u00e4nge f\u00fcr Signale wie SOS, Gas- und Rauchalarm. So kann z. B. eine SOS-Taste in der N\u00e4he der Toilette im Badezimmer installiert werden, ein Rauchmelder in der K\u00fcche (vom Monitor gespeist), ein Gasmelder ebenfalls in der K\u00fcche (vom Monitor gespeist) und ein Infrarotdetektor in geeigneten Bereichen (vom Monitor gespeist). Alle diese Ger\u00e4te k\u00f6nnen mit den empfohlenen Kabeln angeschlossen werden (z. B. RVV2<em>0,3 oder h\u00f6her, RVV4<\/em>0,3 oder h\u00f6her) innerhalb einer Entfernung von 30 Metern, wodurch eine zuverl\u00e4ssige Signal\u00fcbertragung gew\u00e4hrleistet ist.<br \/>\n<img decoding=\"async\" class=\"aligncenter size-full wp-image-9489 lazyload\" data-src=\"https:\/\/securehubtec.com\/wp-content\/uploads\/2025\/10\/Smart-Video-Intercom-x.jpg\" alt=\"\" width=\"1000\" height=\"615\" data-srcset=\"https:\/\/securehubtec.com\/wp-content\/uploads\/2025\/10\/Smart-Video-Intercom-x.jpg 1000w, https:\/\/securehubtec.com\/wp-content\/uploads\/2025\/10\/Smart-Video-Intercom-x-300x185.jpg 300w, https:\/\/securehubtec.com\/wp-content\/uploads\/2025\/10\/Smart-Video-Intercom-x-768x472.jpg 768w, https:\/\/securehubtec.com\/wp-content\/uploads\/2025\/10\/Smart-Video-Intercom-x-18x12.jpg 18w, https:\/\/securehubtec.com\/wp-content\/uploads\/2025\/10\/Smart-Video-Intercom-x-600x369.jpg 600w\" data-sizes=\"(max-width: 1000px) 100vw, 1000px\" src=\"data:image\/svg+xml;base64,PHN2ZyB3aWR0aD0iMSIgaGVpZ2h0PSIxIiB4bWxucz0iaHR0cDovL3d3dy53My5vcmcvMjAwMC9zdmciPjwvc3ZnPg==\" style=\"--smush-placeholder-width: 1000px; --smush-placeholder-aspect-ratio: 1000\/615;\" \/><br \/>\nDie T\u00fcrklingelkamera erg\u00e4nzt den Innenraummonitor und sorgt f\u00fcr zus\u00e4tzliche Sicherheit an der Eingangst\u00fcr. Ihr RJ45 Port unterst\u00fctzt auch POE 802.3af f\u00fcr die Netzwerkverbindung. Die Anschlussdr\u00e4hte bieten verschiedene Funktionen: die beiden gr\u00fcnen Dr\u00e4hte liefern ein 1-Wege-T\u00fcr\u00f6ffnungssignal mit potenzialfreiem Kontakt; ein Kurzschluss zwischen ADMIN und Masse schaltet den Kartenregistrierungsmodus des Administrators ein; ein Kurzschluss zwischen PUSH und Masse l\u00f6st das T\u00fcr\u00f6ffnungssignal aus; es gibt einen Reset-Knopf zum Zur\u00fccksetzen des Systems; der RS485-Anschluss (blauer Draht B, gelber Draht A) stellt eine Verbindung zu einem 4-Wege-T\u00fcrcontroller her; und die Stromversorgung erfolgt \u00fcber den roten Draht (DC12V) und den schwarzen Draht (Masse GND, DC12V\/500mA-Eingang). Mit klaren Verdrahtungsdefinitionen (NO, COM, ADD_C, PUSH, GND, RESET, 485A, 485B, DC12V, etc.) gew\u00e4hrleistet die T\u00fcrklingelkamera eine reibungslose Kommunikation und Steuerung mit anderen Systemkomponenten und verbessert die gesamte Sicherheitseinrichtung durch \u00dcberwachung und Verwaltung des Zugangs an der T\u00fcr, w\u00e4hrend sie gleichzeitig mit den Sicherheitsger\u00e4ten im Innenbereich zusammenarbeitet. Zusammen bilden der Innenraummonitor und die T\u00fcrklingelkamera ein robustes Sicherheitsalarmsystem, das nicht nur Eindringlinge und Gefahren erkennt, sondern auch den Zugang effizient verwaltet und Ihnen die Gewissheit gibt, dass Ihre R\u00e4umlichkeiten gut gesch\u00fctzt sind.<\/p>","protected":false},"excerpt":{"rendered":"<p>Advanced Security Alarm System: Safeguard Your Space with Intelligent Protection In today&#8217;s world, ensuring the safety of homes, offices, and [&hellip;]<\/p>","protected":false},"author":1,"featured_media":9487,"parent":0,"menu_order":0,"comment_status":"closed","ping_status":"closed","template":"","meta":{"site-sidebar-layout":"default","site-content-layout":"","ast-site-content-layout":"default","site-content-style":"default","site-sidebar-style":"default","ast-global-header-display":"","ast-banner-title-visibility":"","ast-main-header-display":"","ast-hfb-above-header-display":"","ast-hfb-below-header-display":"","ast-hfb-mobile-header-display":"","site-post-title":"","ast-breadcrumbs-content":"","ast-featured-img":"","footer-sml-layout":"","theme-transparent-header-meta":"default","adv-header-id-meta":"","stick-header-meta":"default","header-above-stick-meta":"","header-main-stick-meta":"","header-below-stick-meta":"","astra-migrate-meta-layouts":"set","ast-page-background-enabled":"default","ast-page-background-meta":{"desktop":{"background-color":"","background-image":"","background-repeat":"repeat","background-position":"center center","background-size":"auto","background-attachment":"scroll","background-type":"","background-media":"","overlay-type":"","overlay-color":"","overlay-opacity":"","overlay-gradient":""},"tablet":{"background-color":"","background-image":"","background-repeat":"repeat","background-position":"center center","background-size":"auto","background-attachment":"scroll","background-type":"","background-media":"","overlay-type":"","overlay-color":"","overlay-opacity":"","overlay-gradient":""},"mobile":{"background-color":"","background-image":"","background-repeat":"repeat","background-position":"center center","background-size":"auto","background-attachment":"scroll","background-type":"","background-media":"","overlay-type":"","overlay-color":"","overlay-opacity":"","overlay-gradient":""}},"ast-content-background-meta":{"desktop":{"background-color":"var(--ast-global-color-5)","background-image":"","background-repeat":"repeat","background-position":"center center","background-size":"auto","background-attachment":"scroll","background-type":"","background-media":"","overlay-type":"","overlay-color":"","overlay-opacity":"","overlay-gradient":""},"tablet":{"background-color":"var(--ast-global-color-5)","background-image":"","background-repeat":"repeat","background-position":"center center","background-size":"auto","background-attachment":"scroll","background-type":"","background-media":"","overlay-type":"","overlay-color":"","overlay-opacity":"","overlay-gradient":""},"mobile":{"background-color":"var(--ast-global-color-5)","background-image":"","background-repeat":"repeat","background-position":"center center","background-size":"auto","background-attachment":"scroll","background-type":"","background-media":"","overlay-type":"","overlay-color":"","overlay-opacity":"","overlay-gradient":""}},"footnotes":""},"class_list":["post-9486","page","type-page","status-publish","has-post-thumbnail","hentry"],"_links":{"self":[{"href":"https:\/\/securehubtec.com\/de\/wp-json\/wp\/v2\/pages\/9486","targetHints":{"allow":["GET"]}}],"collection":[{"href":"https:\/\/securehubtec.com\/de\/wp-json\/wp\/v2\/pages"}],"about":[{"href":"https:\/\/securehubtec.com\/de\/wp-json\/wp\/v2\/types\/page"}],"author":[{"embeddable":true,"href":"https:\/\/securehubtec.com\/de\/wp-json\/wp\/v2\/users\/1"}],"replies":[{"embeddable":true,"href":"https:\/\/securehubtec.com\/de\/wp-json\/wp\/v2\/comments?post=9486"}],"version-history":[{"count":2,"href":"https:\/\/securehubtec.com\/de\/wp-json\/wp\/v2\/pages\/9486\/revisions"}],"predecessor-version":[{"id":9492,"href":"https:\/\/securehubtec.com\/de\/wp-json\/wp\/v2\/pages\/9486\/revisions\/9492"}],"wp:featuredmedia":[{"embeddable":true,"href":"https:\/\/securehubtec.com\/de\/wp-json\/wp\/v2\/media\/9487"}],"wp:attachment":[{"href":"https:\/\/securehubtec.com\/de\/wp-json\/wp\/v2\/media?parent=9486"}],"curies":[{"name":"wp","href":"https:\/\/api.w.org\/{rel}","templated":true}]}}