{"id":9471,"date":"2025-10-03T01:16:19","date_gmt":"2025-10-02T17:16:19","guid":{"rendered":"https:\/\/securehubtec.com\/?page_id=9471"},"modified":"2025-10-03T23:26:17","modified_gmt":"2025-10-03T15:26:17","slug":"elevator-control-solution","status":"publish","type":"page","link":"https:\/\/securehubtec.com\/de\/elevator-control-solution\/","title":{"rendered":"L\u00f6sung f\u00fcr die Aufzugsteuerung"},"content":{"rendered":"<h1 class=\"header-iWP5WJ auto-hide-last-sibling-br\">L\u00f6sung f\u00fcr die Aufzugsteuerung: Definieren Sie Geb\u00e4udeeffizienz und Sicherheit neu<\/h1>\n<div class=\"container-Uxvbjy md-box-line-break wrapper-GYqxgQ undefined\"><\/div>\n<div class=\"auto-hide-last-sibling-br paragraph-pP9ZLC paragraph-element br-paragraph-space\">Im Bereich des modernen Geb\u00e4udemanagements sind Effizienz und Sicherheit von gr\u00f6\u00dfter Bedeutung. Unsere Aufzugskontrolll\u00f6sung stellt einen Wendepunkt dar. Sie l\u00e4sst sich nahtlos in Aufzugssysteme integrieren und revolutioniert die Zugangsverwaltung in Wohn- und Gesch\u00e4ftsgeb\u00e4uden. Bei dieser L\u00f6sung geht es nicht nur um die Steuerung des Aufzugsbetriebs, sondern um die Schaffung einer intelligenteren, sichereren und benutzerfreundlicheren Umgebung f\u00fcr Bewohner und Besucher.<\/div>\n<p><img fetchpriority=\"high\" decoding=\"async\" class=\"aligncenter size-full wp-image-9473\" src=\"https:\/\/securehubtec.com\/wp-content\/uploads\/2025\/10\/Smart-Video-Intercom-s.jpg\" alt=\"\" width=\"1100\" height=\"1006\" srcset=\"https:\/\/securehubtec.com\/wp-content\/uploads\/2025\/10\/Smart-Video-Intercom-s.jpg 1100w, https:\/\/securehubtec.com\/wp-content\/uploads\/2025\/10\/Smart-Video-Intercom-s-300x274.jpg 300w, https:\/\/securehubtec.com\/wp-content\/uploads\/2025\/10\/Smart-Video-Intercom-s-1024x936.jpg 1024w, https:\/\/securehubtec.com\/wp-content\/uploads\/2025\/10\/Smart-Video-Intercom-s-768x702.jpg 768w, https:\/\/securehubtec.com\/wp-content\/uploads\/2025\/10\/Smart-Video-Intercom-s-13x12.jpg 13w, https:\/\/securehubtec.com\/wp-content\/uploads\/2025\/10\/Smart-Video-Intercom-s-600x549.jpg 600w\" sizes=\"(max-width: 1100px) 100vw, 1100px\" \/>Der Kern unserer L\u00f6sung liegt in ihren fortschrittlichen Integrationsm\u00f6glichkeiten. Nehmen Sie als Beispiel die Verbindung mit Standardaufz\u00fcgen. Wenn ein Besucher ankommt, kann er die Zimmernummer an der Au\u00dfenstation eingeben, um den Smart Monitor anzurufen. Sobald der Besitzer antwortet (entweder auf dem Smart-Monitor oder \u00fcber ein Mobiltelefon) und die T\u00fcr\u00f6ffnungstaste dr\u00fcckt, verbindet sich das System \u00fcber RS485 mit der Etagensteuerung des Aufzugs. Dadurch wird der Aufzug in die erste Etage gerufen und ein begrenzter Zugang zur entsprechenden Etage gew\u00e4hrt. Alternativ k\u00f6nnen die Besucher ein QR-Code-Erkennungsfenster an der Station verwenden. Nach Ausrichtung des QR-Codes mit der Kamera der Station und erfolgreicher Erkennung k\u00f6nnen sie die Wohnungst\u00fcr eintreten, und die Station verbindet sich mit der Aufzugsteuerung, um den Aufzug zu rufen und den Zugang zur Etage zu erm\u00f6glichen. F\u00fcr die Eigent\u00fcmer oder Bewohner ist der Prozess sogar noch nahtloser: Nachdem die Gesichtserkennung die T\u00fcr entriegelt hat, verbindet sich die Station automatisch \u00fcber RS485 mit der Aufzugsteuerung und ruft den Aufzug in die erste Etage, um den Zugang zur gew\u00fcnschten Etage zu gew\u00e4hren. Durch diesen Automatisierungsgrad entf\u00e4llt die m\u00fchsame manuelle Bedienung des Aufzugs und die Sicherheit wird erh\u00f6ht, da der Zugang nur f\u00fcr autorisierte Personen m\u00f6glich ist.<br \/>\n<img decoding=\"async\" class=\"aligncenter size-full wp-image-9474 lazyload\" data-src=\"https:\/\/securehubtec.com\/wp-content\/uploads\/2025\/10\/Smart-Video-Intercom-t-1.jpg\" alt=\"\" width=\"1100\" height=\"543\" data-srcset=\"https:\/\/securehubtec.com\/wp-content\/uploads\/2025\/10\/Smart-Video-Intercom-t-1.jpg 1100w, https:\/\/securehubtec.com\/wp-content\/uploads\/2025\/10\/Smart-Video-Intercom-t-1-300x148.jpg 300w, https:\/\/securehubtec.com\/wp-content\/uploads\/2025\/10\/Smart-Video-Intercom-t-1-1024x505.jpg 1024w, https:\/\/securehubtec.com\/wp-content\/uploads\/2025\/10\/Smart-Video-Intercom-t-1-768x379.jpg 768w, https:\/\/securehubtec.com\/wp-content\/uploads\/2025\/10\/Smart-Video-Intercom-t-1-18x9.jpg 18w, https:\/\/securehubtec.com\/wp-content\/uploads\/2025\/10\/Smart-Video-Intercom-t-1-600x296.jpg 600w\" data-sizes=\"(max-width: 1100px) 100vw, 1100px\" src=\"data:image\/svg+xml;base64,PHN2ZyB3aWR0aD0iMSIgaGVpZ2h0PSIxIiB4bWxucz0iaHR0cDovL3d3dy53My5vcmcvMjAwMC9zdmciPjwvc3ZnPg==\" style=\"--smush-placeholder-width: 1100px; --smush-placeholder-aspect-ratio: 1100\/543;\" \/><br \/>\nAu\u00dferdem bietet unsere L\u00f6sung eine spezielle Kompatibilit\u00e4t, insbesondere mit Aufz\u00fcgen der Mitsubishi-Serie. Bei den verdrahteten Versionen f\u00fcr 8\/16\/32-Etagen (ZS - TK8\/ZS - TK16\/ZS - TK32) werden die originalen Tastendr\u00e4hte durchtrennt und die Steuersignale durch die Aufzugssteuerungsplatine zur\u00fcckgef\u00fchrt. Bei der nicht verdrahteten Version f\u00fcr die Mitsubishi-Serie (ZS - TKSL) entf\u00e4llt die Notwendigkeit, die Dr\u00e4hte abzuschneiden, da der Eingang f\u00fcr die Aufzugsabfrage an den Aufzugsbus angeschlossen werden kann. Die Au\u00dfenstation ist \u00fcber RS485 oder TCP\/IP mit der Etagensteuerung des Aufzugs verbunden, wodurch sichergestellt wird, dass beim \u00d6ffnen der T\u00fcr gleichzeitig die Aufzugsberechtigung erteilt wird. Diese Kompatibilit\u00e4t stellt sicher, dass unsere L\u00f6sung nahtlos in Geb\u00e4uden mit Mitsubishi-Aufz\u00fcgen eingesetzt werden kann und eine problemlose Aufr\u00fcstung auf eine intelligente Aufzugssteuerung ohne umfangreiche \u00c4nderungen an der bestehenden Aufzugsinfrastruktur erm\u00f6glicht. Ganz gleich, ob es sich um einen Wohnkomplex oder ein Gesch\u00e4ftsgeb\u00e4ude handelt, unsere Aufzugssteuerungsl\u00f6sung bringt Effizienz, Sicherheit und Komfort in den Vordergrund und setzt einen neuen Standard f\u00fcr modernes Geb\u00e4udemanagement.<\/p>","protected":false},"excerpt":{"rendered":"<p>Elevator Control Solution: Redefine Building Efficiency and Security In the realm of modern building management, efficiency and security are paramount. [&hellip;]<\/p>","protected":false},"author":1,"featured_media":9472,"parent":0,"menu_order":0,"comment_status":"closed","ping_status":"closed","template":"","meta":{"site-sidebar-layout":"default","site-content-layout":"","ast-site-content-layout":"default","site-content-style":"default","site-sidebar-style":"default","ast-global-header-display":"","ast-banner-title-visibility":"","ast-main-header-display":"","ast-hfb-above-header-display":"","ast-hfb-below-header-display":"","ast-hfb-mobile-header-display":"","site-post-title":"","ast-breadcrumbs-content":"","ast-featured-img":"","footer-sml-layout":"","theme-transparent-header-meta":"default","adv-header-id-meta":"","stick-header-meta":"default","header-above-stick-meta":"","header-main-stick-meta":"","header-below-stick-meta":"","astra-migrate-meta-layouts":"set","ast-page-background-enabled":"default","ast-page-background-meta":{"desktop":{"background-color":"","background-image":"","background-repeat":"repeat","background-position":"center center","background-size":"auto","background-attachment":"scroll","background-type":"","background-media":"","overlay-type":"","overlay-color":"","overlay-opacity":"","overlay-gradient":""},"tablet":{"background-color":"","background-image":"","background-repeat":"repeat","background-position":"center center","background-size":"auto","background-attachment":"scroll","background-type":"","background-media":"","overlay-type":"","overlay-color":"","overlay-opacity":"","overlay-gradient":""},"mobile":{"background-color":"","background-image":"","background-repeat":"repeat","background-position":"center center","background-size":"auto","background-attachment":"scroll","background-type":"","background-media":"","overlay-type":"","overlay-color":"","overlay-opacity":"","overlay-gradient":""}},"ast-content-background-meta":{"desktop":{"background-color":"var(--ast-global-color-5)","background-image":"","background-repeat":"repeat","background-position":"center center","background-size":"auto","background-attachment":"scroll","background-type":"","background-media":"","overlay-type":"","overlay-color":"","overlay-opacity":"","overlay-gradient":""},"tablet":{"background-color":"var(--ast-global-color-5)","background-image":"","background-repeat":"repeat","background-position":"center center","background-size":"auto","background-attachment":"scroll","background-type":"","background-media":"","overlay-type":"","overlay-color":"","overlay-opacity":"","overlay-gradient":""},"mobile":{"background-color":"var(--ast-global-color-5)","background-image":"","background-repeat":"repeat","background-position":"center center","background-size":"auto","background-attachment":"scroll","background-type":"","background-media":"","overlay-type":"","overlay-color":"","overlay-opacity":"","overlay-gradient":""}},"footnotes":""},"class_list":["post-9471","page","type-page","status-publish","has-post-thumbnail","hentry"],"_links":{"self":[{"href":"https:\/\/securehubtec.com\/de\/wp-json\/wp\/v2\/pages\/9471","targetHints":{"allow":["GET"]}}],"collection":[{"href":"https:\/\/securehubtec.com\/de\/wp-json\/wp\/v2\/pages"}],"about":[{"href":"https:\/\/securehubtec.com\/de\/wp-json\/wp\/v2\/types\/page"}],"author":[{"embeddable":true,"href":"https:\/\/securehubtec.com\/de\/wp-json\/wp\/v2\/users\/1"}],"replies":[{"embeddable":true,"href":"https:\/\/securehubtec.com\/de\/wp-json\/wp\/v2\/comments?post=9471"}],"version-history":[{"count":2,"href":"https:\/\/securehubtec.com\/de\/wp-json\/wp\/v2\/pages\/9471\/revisions"}],"predecessor-version":[{"id":9477,"href":"https:\/\/securehubtec.com\/de\/wp-json\/wp\/v2\/pages\/9471\/revisions\/9477"}],"wp:featuredmedia":[{"embeddable":true,"href":"https:\/\/securehubtec.com\/de\/wp-json\/wp\/v2\/media\/9472"}],"wp:attachment":[{"href":"https:\/\/securehubtec.com\/de\/wp-json\/wp\/v2\/media?parent=9471"}],"curies":[{"name":"wp","href":"https:\/\/api.w.org\/{rel}","templated":true}]}}