{"id":9465,"date":"2025-10-03T01:03:30","date_gmt":"2025-10-02T17:03:30","guid":{"rendered":"https:\/\/securehubtec.com\/?page_id=9465"},"modified":"2025-10-03T01:03:30","modified_gmt":"2025-10-02T17:03:30","slug":"sip-intercom","status":"publish","type":"page","link":"https:\/\/securehubtec.com\/de\/sip-intercom\/","title":{"rendered":"SIP INTERCOM"},"content":{"rendered":"<p><img fetchpriority=\"high\" decoding=\"async\" class=\"aligncenter size-full wp-image-9467\" src=\"https:\/\/securehubtec.com\/wp-content\/uploads\/2025\/10\/Smart-Video-Intercom-q-1.jpg\" alt=\"\" width=\"1000\" height=\"516\" srcset=\"https:\/\/securehubtec.com\/wp-content\/uploads\/2025\/10\/Smart-Video-Intercom-q-1.jpg 1000w, https:\/\/securehubtec.com\/wp-content\/uploads\/2025\/10\/Smart-Video-Intercom-q-1-300x155.jpg 300w, https:\/\/securehubtec.com\/wp-content\/uploads\/2025\/10\/Smart-Video-Intercom-q-1-768x396.jpg 768w, https:\/\/securehubtec.com\/wp-content\/uploads\/2025\/10\/Smart-Video-Intercom-q-1-18x9.jpg 18w, https:\/\/securehubtec.com\/wp-content\/uploads\/2025\/10\/Smart-Video-Intercom-q-1-600x310.jpg 600w\" sizes=\"(max-width: 1000px) 100vw, 1000px\" \/> <img decoding=\"async\" class=\"aligncenter size-full wp-image-9468 lazyload\" data-src=\"https:\/\/securehubtec.com\/wp-content\/uploads\/2025\/10\/Smart-Video-Intercom-r.jpg\" alt=\"\" width=\"1000\" height=\"768\" data-srcset=\"https:\/\/securehubtec.com\/wp-content\/uploads\/2025\/10\/Smart-Video-Intercom-r.jpg 1000w, https:\/\/securehubtec.com\/wp-content\/uploads\/2025\/10\/Smart-Video-Intercom-r-300x230.jpg 300w, https:\/\/securehubtec.com\/wp-content\/uploads\/2025\/10\/Smart-Video-Intercom-r-768x590.jpg 768w, https:\/\/securehubtec.com\/wp-content\/uploads\/2025\/10\/Smart-Video-Intercom-r-16x12.jpg 16w, https:\/\/securehubtec.com\/wp-content\/uploads\/2025\/10\/Smart-Video-Intercom-r-600x461.jpg 600w\" data-sizes=\"(max-width: 1000px) 100vw, 1000px\" src=\"data:image\/svg+xml;base64,PHN2ZyB3aWR0aD0iMSIgaGVpZ2h0PSIxIiB4bWxucz0iaHR0cDovL3d3dy53My5vcmcvMjAwMC9zdmciPjwvc3ZnPg==\" style=\"--smush-placeholder-width: 1000px; --smush-placeholder-aspect-ratio: 1000\/768;\" \/><em><strong>SIP INTERCOM<\/strong><\/em><\/p>\n<h1 class=\"header-iWP5WJ auto-hide-last-sibling-br\">DRSECURE: Definieren Sie Haus- und Grundst\u00fcckssicherheit neu mit intelligenten Gegensprechanlagen und Zugangskontrolll\u00f6sungen der Spitzenklasse<\/h1>\n<div class=\"container-Uxvbjy md-box-line-break wrapper-GYqxgQ undefined\"><\/div>\n<div class=\"auto-hide-last-sibling-br paragraph-pP9ZLC paragraph-element br-paragraph-space\">In einer Zeit, in der Sicherheit und Komfort f\u00fcr Hausbesitzer, Immobilienverwalter und Gesch\u00e4ftsinhaber gleicherma\u00dfen von gr\u00f6\u00dfter Bedeutung sind, wird DRSECURE zu einem f\u00fchrenden\u00a0<strong>Herstellung von intelligenten Gegensprechanlagen<\/strong>\u00a0hat sich der Entwicklung innovativer Zutritts- und Kommunikationsl\u00f6sungen verschrieben. Wir wissen, dass jeder Raum - ob eine gem\u00fctliche Familienwohnung, eine luxuri\u00f6se Villa oder ein belebter Wohnkomplex - einzigartige Sicherheitsanforderungen hat. Aus diesem Grund bietet unsere umfassende Produktpalette, von einfachen\u00a0<strong>T\u00fcrklingel<\/strong>\u00a0Einheiten f\u00fcr Fortgeschrittene\u00a0<strong>IP-Video-Gegensprechanlage<\/strong>wurde entwickelt, um Spitzentechnologie, Langlebigkeit und benutzerfreundliches Design zu vereinen und so nahtlosen Schutz und m\u00fchelosen Zugang f\u00fcr alle zu gew\u00e4hrleisten.<\/div>\n<div class=\"container-Uxvbjy md-box-line-break wrapper-GYqxgQ undefined\"><\/div>\n<div class=\"auto-hide-last-sibling-br paragraph-pP9ZLC paragraph-element br-paragraph-space\">Im Mittelpunkt unseres Angebots steht eine vielf\u00e4ltige Palette von\u00a0<strong>intelligente Gegensprechanlage<\/strong>\u00a0Systeme, die jeweils auf spezifische Szenarien zugeschnitten sind. F\u00fcr Wohngeb\u00e4ude sind unsere\u00a0<strong>Intelligente Gegensprechanlage f\u00fcr die Wohnung<\/strong>\u00a0und\u00a0<strong>Intelligente Gegensprechanlage f\u00fcr Mehrfamilienh\u00e4user<\/strong>\u00a0heben sich als Wegbereiter hervor. Ausgestattet mit hochaufl\u00f6senden\u00a0<strong>T\u00fcrklingelkamera<\/strong>\u00a0und glatt\u00a0<strong>2-Wege-Sprechanlage<\/strong>\u00a0Diese Systeme erm\u00f6glichen es den Bewohnern, mit ihren Besuchern klar zu kommunizieren und deren Identit\u00e4t visuell zu \u00fcberpr\u00fcfen - keine Unsicherheit mehr, wer an der T\u00fcr steht. Die\u00a0<strong>Familien-T\u00fcrklingelkamera f\u00fcr die Wohnung<\/strong>\u00a0geht noch einen Schritt weiter und wurde im Hinblick auf die Sicherheit der Familie entwickelt: Das Weitwinkelobjektiv erfasst jedes Detail am Eingang, und die Nachtsichtfunktion sorgt auch bei schlechten Lichtverh\u00e4ltnissen f\u00fcr Klarheit, so dass Sie die Sicherheit Ihrer Lieben stets im Auge behalten k\u00f6nnen. F\u00fcr diejenigen, die Zuverl\u00e4ssigkeit mit Kabel suchen, ist die\u00a0<strong>7-Zoll-Videosprechanlage mit Kabel<\/strong>\u00a0bietet eine gestochen scharfe Anzeige, die die Interaktion mit den Besuchern intuitiv macht, w\u00e4hrend die\u00a0<strong>10.1 Zoll Best Price Video T\u00fcrsprechanlage<\/strong>\u00a0kombiniert einen gro\u00dfen, leicht ablesbaren Bildschirm mit einem g\u00fcnstigen Preis und ist damit die erste Wahl f\u00fcr preisbewusste Hausverwalter.<\/div>\n<div class=\"container-Uxvbjy md-box-line-break wrapper-GYqxgQ undefined\"><\/div>\n<div class=\"auto-hide-last-sibling-br paragraph-pP9ZLC paragraph-element br-paragraph-space\">Kabelloser Komfort ist ein weiterer Eckpfeiler unserer Produktpalette. Die\u00a0<strong>Tuya Wifi Smart T\u00fcrklingel<\/strong>\u00a0und\u00a0<strong>Haussicherheit Smart WIFI Visuelle T\u00fcrsprechanlage<\/strong>\u00a0nutzen die Wi-Fi-Konnektivit\u00e4t, damit die Benutzer die Kontrolle behalten, egal wo sie sind. Stellen Sie sich vor, Sie stehen im Stau und erhalten eine Benachrichtigung, dass ein Paketzusteller eingetroffen ist - mit diesen Ger\u00e4ten k\u00f6nnen Sie sofort eine\u00a0<strong>2-Wege-Gespr\u00e4ch<\/strong>\u00a0Sitzung, best\u00e4tigen Sie die Lieferung und entriegeln Sie die T\u00fcr sogar aus der Ferne \u00fcber Ihr Smartphone. Dieses Ma\u00df an Flexibilit\u00e4t definiert neu\u00a0<strong>intelligente Eingabe<\/strong>und verwandelt Ihr Telefon in ein leistungsf\u00e4higes Werkzeug zur Verwaltung des Zugangs zu Ihrem Haus oder Geb\u00e4ude. Unser\u00a0<strong>T\u00fcrklingel-Sprechanlage<\/strong>\u00a0Modelle bieten eine kompakte und dennoch robuste L\u00f6sung f\u00fcr kleinere R\u00e4ume und kombinieren die Funktionalit\u00e4t eines traditionellen\u00a0<strong>Wohnungst\u00fcrklingel<\/strong>\u00a0mit Gegensprechfunktion, damit Sie nie wieder einen Besucher oder eine Lieferung verpassen.<\/div>\n<div class=\"container-Uxvbjy md-box-line-break wrapper-GYqxgQ undefined\"><\/div>\n<div class=\"auto-hide-last-sibling-br paragraph-pP9ZLC paragraph-element br-paragraph-space\">\u00dcber die Kommunikation hinaus zeichnet sich DRSECURE aus durch\u00a0<strong>Schl\u00fcsselloser Zugang<\/strong>\u00a0und\u00a0<strong>Zugangskontrollsysteme<\/strong>-... macht den \u00c4rger mit herk\u00f6mmlichen Schl\u00fcsseln \u00fcberfl\u00fcssig und erh\u00f6ht die Sicherheit. Unsere Systeme unterst\u00fctzen mehrere Zugriffsmethoden, um unterschiedlichen Anforderungen gerecht zu werden:\u00a0<strong>RFIC Entriegelung<\/strong>\u00a0erm\u00f6glicht den Zutritt mit einer registrierten Karte oder sogar mit dem Smartphone (wenn es mit der NFC-Funktion gekoppelt ist) und ist damit ideal f\u00fcr vielbesch\u00e4ftigte Berufst\u00e4tige, die keine zus\u00e4tzlichen Schl\u00fcssel mit sich f\u00fchren wollen. Die\u00a0<strong>Kamera Gegensprechanlage Schloss<\/strong>\u00a0ist ein herausragendes Beispiel daf\u00fcr, wie die visuelle \u00dcberpr\u00fcfung eines\u00a0<strong>Kamera T\u00fcrklingel<\/strong>\u00a0mit der Sicherheit eines schl\u00fcssellosen Schlosses - die Benutzer k\u00f6nnen sehen, wer an der T\u00fcr ist, und sie mit einem einzigen Tastendruck aufschlie\u00dfen, ohne nach Schl\u00fcsseln suchen zu m\u00fcssen. F\u00fcr gr\u00f6\u00dfere Objekte ist unser\u00a0<strong>Zugangskontrollsystem<\/strong>\u00a0bietet eine zentrale Verwaltung: Hausverwalter k\u00f6nnen \u00f6ffentliche PINs f\u00fcr Gemeinschaftsbereiche, Bewohner-PINs f\u00fcr einzelne Einheiten und tempor\u00e4re PINs f\u00fcr G\u00e4ste oder Dienstleister einrichten und so sicherstellen, dass nur autorisiertes Personal Zugang erh\u00e4lt. Die Website\u00a0<strong>T\u00fcr\u00f6ffner Gegensprechanlage<\/strong>\u00a0l\u00e4sst sich nahtlos in diese Systeme integrieren und erm\u00f6glicht so einen schnellen und sicheren Zugang f\u00fcr Bewohner und Personal, w\u00e4hrend unser kommerzielles\u00a0<strong>Zugangskontrollsysteme<\/strong>\u00a0sind f\u00fcr ein hohes Verkehrsaufkommen ausgelegt und eignen sich daher perfekt f\u00fcr B\u00fcrogeb\u00e4ude oder Einzelhandelsfl\u00e4chen.<\/div>\n<div class=\"container-Uxvbjy md-box-line-break wrapper-GYqxgQ undefined\"><\/div>\n<div class=\"auto-hide-last-sibling-br paragraph-pP9ZLC paragraph-element br-paragraph-space\">Langlebigkeit ist bei Einstiegssystemen nicht verhandelbar, deshalb legen wir bei jedem Produkt Wert auf ein robustes Design. Die\u00a0<strong>Wasserdichte T\u00fcrklingel f\u00fcr drau\u00dfen<\/strong>\u00a0und\u00a0<strong>IP65 T\u00fcrklingel f\u00fcr Villa<\/strong>\u00a0sind so konstruiert, dass sie den h\u00e4rtesten Witterungsbedingungen - starkem Regen, intensiver Sonneneinstrahlung und sogar eisigen Temperaturen - standhalten, ohne dass die Leistung beeintr\u00e4chtigt wird. Das macht sie ideal f\u00fcr Villen, Stadth\u00e4user oder andere Immobilien mit Au\u00dfenbereichen, die das ganze Jahr \u00fcber zuverl\u00e4ssig gesch\u00fctzt werden m\u00fcssen. Unser\u00a0<strong>T\u00fcrsprechanlagen<\/strong>\u00a0und\u00a0<strong>Intelligente T\u00fcrsprechanlagen<\/strong>\u00a0zeichnen sich au\u00dferdem durch eine robuste Konstruktion aus, die f\u00fcr den t\u00e4glichen Einsatz in stark frequentierten Bereichen wie Wohnungseingangsbereichen oder Empfangsbereichen von B\u00fcros ausgelegt ist. F\u00fcr Unternehmen, die die Sicherheit ihrer wertvollen G\u00fcter verbessern m\u00f6chten, sind unsere\u00a0<strong>sicheres intelligentes Schlie\u00dffach<\/strong>\u00a0L\u00f6sungen sind eine perfekte Erg\u00e4nzung: Sie lassen sich in unsere Zugangskontrollsysteme integrieren, so dass Mitarbeiter oder Kunden \u00fcber RFIC-Karten oder PINs Zugang zu den Schlie\u00dff\u00e4chern erhalten und wertvolle Gegenst\u00e4nde immer sicher sind.<\/div>\n<div class=\"container-Uxvbjy md-box-line-break wrapper-GYqxgQ undefined\"><\/div>\n<div class=\"auto-hide-last-sibling-br paragraph-pP9ZLC paragraph-element br-paragraph-space\">Jedes Produkt in unserer Produktpalette - vom Einstiegsmodell\u00a0<strong>Video-T\u00fcrsprechanlage<\/strong>\u00a0f\u00fcr Fortgeschrittene\u00a0<strong>7-Zoll-AHD-Video-T\u00fcrklingel-System<\/strong>steht f\u00fcr das DRSECURE-Versprechen von Qualit\u00e4t und Innovation. Wir verkaufen nicht nur Sicherheitsprodukte, sondern sorgen auch f\u00fcr Ihren Seelenfrieden. Ganz gleich, ob Sie als Hausbesitzer Ihre Familie sch\u00fctzen wollen, als Hausverwalter den Zugang f\u00fcr Hunderte von Bewohnern optimieren m\u00fcssen oder als Gesch\u00e4ftsinhaber Ihre R\u00e4umlichkeiten sichern wollen - unsere L\u00f6sungen sind so konzipiert, dass sie sich Ihren Bed\u00fcrfnissen anpassen. Mit DRSECURE investieren Sie nicht nur in eine\u00a0<strong>T\u00fcrklingel<\/strong>\u00a0oder eine Gegensprechanlage - Sie investieren in eine intelligentere und sicherere Art, den Zugang und die Kommunikation zu regeln.<\/div>\n<div class=\"container-Uxvbjy md-box-line-break wrapper-GYqxgQ undefined\"><\/div>\n<div class=\"auto-hide-last-sibling-br paragraph-pP9ZLC paragraph-element br-paragraph-space\">Aktualisieren Sie noch heute auf DRSECURE und erleben Sie die Zukunft der Sicherheit. Von kristallklarer\u00a0<strong>Video-Gegensprechanlage<\/strong>\u00a0Gespr\u00e4che bis hin zu m\u00fchelosen\u00a0<strong>Schl\u00fcsselloser Zugang<\/strong>Unsere Produkte verwandeln gew\u00f6hnliche Eingangspunkte in intelligente, sichere Knotenpunkte, die f\u00fcr Sie arbeiten. Schlie\u00dfen Sie sich Tausenden von zufriedenen Kunden auf der ganzen Welt an, die auf DRSECURE vertrauen, um ihre H\u00e4user, Wohnungen und Unternehmen sicher zu machen - denn wenn es um Sicherheit geht, sind Kompromisse keine Option.<\/div>","protected":false},"excerpt":{"rendered":"<p>SIP INTERCOM DRSECURE: Redefine Home &amp; Property Security with Top-Tier Smart Intercom &amp; Access Control Solutions In an era where [&hellip;]<\/p>","protected":false},"author":1,"featured_media":9466,"parent":0,"menu_order":0,"comment_status":"closed","ping_status":"closed","template":"","meta":{"site-sidebar-layout":"default","site-content-layout":"","ast-site-content-layout":"default","site-content-style":"default","site-sidebar-style":"default","ast-global-header-display":"","ast-banner-title-visibility":"","ast-main-header-display":"","ast-hfb-above-header-display":"","ast-hfb-below-header-display":"","ast-hfb-mobile-header-display":"","site-post-title":"","ast-breadcrumbs-content":"","ast-featured-img":"","footer-sml-layout":"","theme-transparent-header-meta":"default","adv-header-id-meta":"","stick-header-meta":"default","header-above-stick-meta":"","header-main-stick-meta":"","header-below-stick-meta":"","astra-migrate-meta-layouts":"set","ast-page-background-enabled":"default","ast-page-background-meta":{"desktop":{"background-color":"","background-image":"","background-repeat":"repeat","background-position":"center center","background-size":"auto","background-attachment":"scroll","background-type":"","background-media":"","overlay-type":"","overlay-color":"","overlay-opacity":"","overlay-gradient":""},"tablet":{"background-color":"","background-image":"","background-repeat":"repeat","background-position":"center center","background-size":"auto","background-attachment":"scroll","background-type":"","background-media":"","overlay-type":"","overlay-color":"","overlay-opacity":"","overlay-gradient":""},"mobile":{"background-color":"","background-image":"","background-repeat":"repeat","background-position":"center center","background-size":"auto","background-attachment":"scroll","background-type":"","background-media":"","overlay-type":"","overlay-color":"","overlay-opacity":"","overlay-gradient":""}},"ast-content-background-meta":{"desktop":{"background-color":"var(--ast-global-color-5)","background-image":"","background-repeat":"repeat","background-position":"center center","background-size":"auto","background-attachment":"scroll","background-type":"","background-media":"","overlay-type":"","overlay-color":"","overlay-opacity":"","overlay-gradient":""},"tablet":{"background-color":"var(--ast-global-color-5)","background-image":"","background-repeat":"repeat","background-position":"center center","background-size":"auto","background-attachment":"scroll","background-type":"","background-media":"","overlay-type":"","overlay-color":"","overlay-opacity":"","overlay-gradient":""},"mobile":{"background-color":"var(--ast-global-color-5)","background-image":"","background-repeat":"repeat","background-position":"center center","background-size":"auto","background-attachment":"scroll","background-type":"","background-media":"","overlay-type":"","overlay-color":"","overlay-opacity":"","overlay-gradient":""}},"footnotes":""},"class_list":["post-9465","page","type-page","status-publish","has-post-thumbnail","hentry"],"_links":{"self":[{"href":"https:\/\/securehubtec.com\/de\/wp-json\/wp\/v2\/pages\/9465","targetHints":{"allow":["GET"]}}],"collection":[{"href":"https:\/\/securehubtec.com\/de\/wp-json\/wp\/v2\/pages"}],"about":[{"href":"https:\/\/securehubtec.com\/de\/wp-json\/wp\/v2\/types\/page"}],"author":[{"embeddable":true,"href":"https:\/\/securehubtec.com\/de\/wp-json\/wp\/v2\/users\/1"}],"replies":[{"embeddable":true,"href":"https:\/\/securehubtec.com\/de\/wp-json\/wp\/v2\/comments?post=9465"}],"version-history":[{"count":1,"href":"https:\/\/securehubtec.com\/de\/wp-json\/wp\/v2\/pages\/9465\/revisions"}],"predecessor-version":[{"id":9469,"href":"https:\/\/securehubtec.com\/de\/wp-json\/wp\/v2\/pages\/9465\/revisions\/9469"}],"wp:featuredmedia":[{"embeddable":true,"href":"https:\/\/securehubtec.com\/de\/wp-json\/wp\/v2\/media\/9466"}],"wp:attachment":[{"href":"https:\/\/securehubtec.com\/de\/wp-json\/wp\/v2\/media?parent=9465"}],"curies":[{"name":"wp","href":"https:\/\/api.w.org\/{rel}","templated":true}]}}