{"id":9459,"date":"2025-10-03T00:45:01","date_gmt":"2025-10-02T16:45:01","guid":{"rendered":"https:\/\/securehubtec.com\/?page_id=9459"},"modified":"2025-10-03T00:48:21","modified_gmt":"2025-10-02T16:48:21","slug":"4g-lte-outdoor-station","status":"publish","type":"page","link":"https:\/\/securehubtec.com\/de\/4g-lte-outdoor-station\/","title":{"rendered":"4G LTE Au\u00dfenstation"},"content":{"rendered":"<p><img fetchpriority=\"high\" decoding=\"async\" class=\"aligncenter size-full wp-image-9461\" src=\"https:\/\/securehubtec.com\/wp-content\/uploads\/2025\/10\/Smart-Video-Intercom-p-1.jpg\" alt=\"\" width=\"1100\" height=\"965\" srcset=\"https:\/\/securehubtec.com\/wp-content\/uploads\/2025\/10\/Smart-Video-Intercom-p-1.jpg 1100w, https:\/\/securehubtec.com\/wp-content\/uploads\/2025\/10\/Smart-Video-Intercom-p-1-300x263.jpg 300w, https:\/\/securehubtec.com\/wp-content\/uploads\/2025\/10\/Smart-Video-Intercom-p-1-1024x898.jpg 1024w, https:\/\/securehubtec.com\/wp-content\/uploads\/2025\/10\/Smart-Video-Intercom-p-1-768x674.jpg 768w, https:\/\/securehubtec.com\/wp-content\/uploads\/2025\/10\/Smart-Video-Intercom-p-1-14x12.jpg 14w, https:\/\/securehubtec.com\/wp-content\/uploads\/2025\/10\/Smart-Video-Intercom-p-1-600x526.jpg 600w\" sizes=\"(max-width: 1100px) 100vw, 1100px\" \/><\/p>\n<p><em><strong>4G LTE Au\u00dfenstation, die Festnetz- und Mobiltelefone anrufen kann<\/strong><\/em><\/p>\n<p><span style=\"color: #ffcc00;\"><strong>Netz\u00fcbergreifende Sprachanrufe<\/strong><\/span>\u00a0 \u00a0 \u00a0Die VoLTE-Technologie in 4G-LTE-Netzen erm\u00f6glicht die Zwei-Wege-Sprachkommunikation mit herk\u00f6mmlichen Festnetzanschl\u00fcssen (die auf dem \u00f6ffentlichen Telefonnetz PSTN beruhen) und verschiedenen Arten von Mobiltelefonen (einschlie\u00dflich 2G\/3G\/4G\/5G-Telefonen), ohne dass herk\u00f6mmliche Telefonleitungen oder 2G\/3G-Netze erforderlich sind.<\/p>\n<p><span style=\"color: #ffcc00;\"><strong>4G-Hochgeschwindigkeitsdaten und gleichzeitige Sprach\u00fcbertragung<\/strong><\/span>\u00a0 \u00a0 W\u00e4hrend des T\u00e4tigens oder Empfangens von Anrufen bleibt die 4G-LTE-Datenverbindung ununterbrochen bestehen, sodass die Nutzer gleichzeitig im Internet surfen, an Videokonferenzen teilnehmen und Anwendungen nutzen k\u00f6nnen. Damit wird das Problem der \"Netzunterbrechung w\u00e4hrend eines Anrufs\" in herk\u00f6mmlichen 2G\/3G-Netzen gel\u00f6st.<\/p>\n<p><strong><span style=\"color: #ffcc00;\">HD-Spracherlebnis<\/span><\/strong>\u00a0 \u00a0 \u00a0Es verwendet eine Breitband-Sprachcodierungstechnologie (z. B. AMR-WB), die im Vergleich zu herk\u00f6mmlichen Telefonen eine klarere Gespr\u00e4chsqualit\u00e4t mit geringeren Hintergrundger\u00e4uschen bietet, was die Kommunikationseffizienz verbessert und sich besonders f\u00fcr Gesch\u00e4ftsgespr\u00e4che oder Szenarien eignet, die eine klare Sprache erfordern.<\/p>\n<p><strong><span style=\"color: #ffcc00;\">Einsatz in der Logistik\u00a0 \u00a0 \u00a0 <\/span><\/strong>Sicherheits- und andere Branchen, die netz\u00fcbergreifende Anrufe an die Mobiltelefone der Mitarbeiter oder die Festnetzanschl\u00fcsse der Leitstelle unterst\u00fctzen.<\/p>\n<p>&nbsp;<\/p>\n<p>&nbsp;<\/p>","protected":false},"excerpt":{"rendered":"<p>4G LTE Outdoor Station that can call landline and cellphone Cross-network voice calls\u00a0 \u00a0 \u00a0Through VoLTE technology on 4G LTE [&hellip;]<\/p>","protected":false},"author":1,"featured_media":9460,"parent":0,"menu_order":0,"comment_status":"closed","ping_status":"closed","template":"","meta":{"site-sidebar-layout":"default","site-content-layout":"","ast-site-content-layout":"default","site-content-style":"default","site-sidebar-style":"default","ast-global-header-display":"","ast-banner-title-visibility":"","ast-main-header-display":"","ast-hfb-above-header-display":"","ast-hfb-below-header-display":"","ast-hfb-mobile-header-display":"","site-post-title":"","ast-breadcrumbs-content":"","ast-featured-img":"","footer-sml-layout":"","theme-transparent-header-meta":"default","adv-header-id-meta":"","stick-header-meta":"default","header-above-stick-meta":"","header-main-stick-meta":"","header-below-stick-meta":"","astra-migrate-meta-layouts":"set","ast-page-background-enabled":"default","ast-page-background-meta":{"desktop":{"background-color":"","background-image":"","background-repeat":"repeat","background-position":"center center","background-size":"auto","background-attachment":"scroll","background-type":"","background-media":"","overlay-type":"","overlay-color":"","overlay-opacity":"","overlay-gradient":""},"tablet":{"background-color":"","background-image":"","background-repeat":"repeat","background-position":"center center","background-size":"auto","background-attachment":"scroll","background-type":"","background-media":"","overlay-type":"","overlay-color":"","overlay-opacity":"","overlay-gradient":""},"mobile":{"background-color":"","background-image":"","background-repeat":"repeat","background-position":"center center","background-size":"auto","background-attachment":"scroll","background-type":"","background-media":"","overlay-type":"","overlay-color":"","overlay-opacity":"","overlay-gradient":""}},"ast-content-background-meta":{"desktop":{"background-color":"var(--ast-global-color-5)","background-image":"","background-repeat":"repeat","background-position":"center center","background-size":"auto","background-attachment":"scroll","background-type":"","background-media":"","overlay-type":"","overlay-color":"","overlay-opacity":"","overlay-gradient":""},"tablet":{"background-color":"var(--ast-global-color-5)","background-image":"","background-repeat":"repeat","background-position":"center center","background-size":"auto","background-attachment":"scroll","background-type":"","background-media":"","overlay-type":"","overlay-color":"","overlay-opacity":"","overlay-gradient":""},"mobile":{"background-color":"var(--ast-global-color-5)","background-image":"","background-repeat":"repeat","background-position":"center center","background-size":"auto","background-attachment":"scroll","background-type":"","background-media":"","overlay-type":"","overlay-color":"","overlay-opacity":"","overlay-gradient":""}},"footnotes":""},"class_list":["post-9459","page","type-page","status-publish","has-post-thumbnail","hentry"],"_links":{"self":[{"href":"https:\/\/securehubtec.com\/de\/wp-json\/wp\/v2\/pages\/9459","targetHints":{"allow":["GET"]}}],"collection":[{"href":"https:\/\/securehubtec.com\/de\/wp-json\/wp\/v2\/pages"}],"about":[{"href":"https:\/\/securehubtec.com\/de\/wp-json\/wp\/v2\/types\/page"}],"author":[{"embeddable":true,"href":"https:\/\/securehubtec.com\/de\/wp-json\/wp\/v2\/users\/1"}],"replies":[{"embeddable":true,"href":"https:\/\/securehubtec.com\/de\/wp-json\/wp\/v2\/comments?post=9459"}],"version-history":[{"count":2,"href":"https:\/\/securehubtec.com\/de\/wp-json\/wp\/v2\/pages\/9459\/revisions"}],"predecessor-version":[{"id":9582,"href":"https:\/\/securehubtec.com\/de\/wp-json\/wp\/v2\/pages\/9459\/revisions\/9582"}],"wp:featuredmedia":[{"embeddable":true,"href":"https:\/\/securehubtec.com\/de\/wp-json\/wp\/v2\/media\/9460"}],"wp:attachment":[{"href":"https:\/\/securehubtec.com\/de\/wp-json\/wp\/v2\/media?parent=9459"}],"curies":[{"name":"wp","href":"https:\/\/api.w.org\/{rel}","templated":true}]}}