{"id":9454,"date":"2025-10-03T00:22:46","date_gmt":"2025-10-02T16:22:46","guid":{"rendered":"https:\/\/securehubtec.com\/?page_id=9454"},"modified":"2025-10-03T00:22:46","modified_gmt":"2025-10-02T16:22:46","slug":"4g-volte-sip-intercom-works-with-tuya","status":"publish","type":"page","link":"https:\/\/securehubtec.com\/de\/4g-volte-sip-intercom-works-with-tuya\/","title":{"rendered":"4G VoLTE SIP Intercom arbeitet mit TUYA"},"content":{"rendered":"<p><img fetchpriority=\"high\" decoding=\"async\" class=\"aligncenter size-full wp-image-9456\" src=\"https:\/\/securehubtec.com\/wp-content\/uploads\/2025\/10\/Smart-Video-Intercom-o-3.jpg\" alt=\"\" width=\"1000\" height=\"724\" srcset=\"https:\/\/securehubtec.com\/wp-content\/uploads\/2025\/10\/Smart-Video-Intercom-o-3.jpg 1000w, https:\/\/securehubtec.com\/wp-content\/uploads\/2025\/10\/Smart-Video-Intercom-o-3-300x217.jpg 300w, https:\/\/securehubtec.com\/wp-content\/uploads\/2025\/10\/Smart-Video-Intercom-o-3-768x556.jpg 768w, https:\/\/securehubtec.com\/wp-content\/uploads\/2025\/10\/Smart-Video-Intercom-o-3-18x12.jpg 18w, https:\/\/securehubtec.com\/wp-content\/uploads\/2025\/10\/Smart-Video-Intercom-o-3-600x434.jpg 600w\" sizes=\"(max-width: 1000px) 100vw, 1000px\" \/><\/p>\n<p><span style=\"color: #ffcc00;\"><strong>4G VoLTE SIP Intercom arbeitet mit TUYA<br \/>\nTypische Anwendungsszenarien<\/strong><\/span><\/p>\n<ul>\n<li>Wohnung: 4G LTE Outdoor Intercom - Komfort und Sicherheit neu definiert<\/li>\n<li>Verabschieden Sie sich von der komplizierten Verkabelung - die Installation ist jetzt einfacher! Diese 4G LTE-Sprechanlage f\u00fcr den Au\u00dfenbereich wurde f\u00fcr Luxuswohnungen entwickelt und macht Netzwerkkabel \u00fcberfl\u00fcssig, wodurch der Installationsprozess drastisch vereinfacht wird. Es minimiert die St\u00f6rung der Wohnungsumgebung und erm\u00f6glicht eine flexiblere Bereitstellung und schnellere Einrichtung.<\/li>\n<li>Anrufen und Entsperren in einem Schritt - keine Lernkurve erforderlich. Das Ger\u00e4t unterst\u00fctzt direkte Anrufe ins Festnetz und auf Mobiltelefone. Dr\u00fccken Sie w\u00e4hrend eines Anrufs einfach auf die Zifferntastatur, um die T\u00fcr zu entriegeln - kein Herunterladen einer App, keine komplexen Anweisungen. Selbst Senioren und Kinder k\u00f6nnen das Ger\u00e4t m\u00fchelos bedienen, sodass der t\u00e4gliche Zugang problemlos m\u00f6glich ist.<\/li>\n<li>Erf\u00fcllen Sie unterschiedliche Anforderungen mit intelligenter Videointeraktion. Neben den grundlegenden Funktionen zum Anrufen und Entsperren unterst\u00fctzt die Sprechanlage auch das Anrufen der App eines Bewohners und erm\u00f6glicht hochaufl\u00f6sende Videoanrufe, damit die Bewohner Besucher visuell \u00fcberpr\u00fcfen k\u00f6nnen. Sie bietet auch eine Fernentriegelung: F\u00fcr Szenarien wie die Begr\u00fc\u00dfung von G\u00e4sten oder die Entgegennahme von Paketen k\u00f6nnen Sie problemlos Zugang gew\u00e4hren, ohne vor Ort zu sein - eine perfekte Kombination aus Sicherheit und Komfort.<\/li>\n<\/ul>\n<p><strong><span style=\"color: #ffcc00;\">Verwendungsbedingungen<\/span><\/strong><\/p>\n<ul>\n<li>Das Ger\u00e4t muss das 4G-LTE-Netz und das VoLTE-Protokoll unterst\u00fctzen;<\/li>\n<li>Das Gebiet muss \u00fcber eine 4G-LTE-Netzabdeckung verf\u00fcgen, und der Betreiber muss den VoLTE-Dienst aktiviert haben;<\/li>\n<li>Es muss eine g\u00fcltige 4G-SIM-Karte (mit Sprachfunktion) eingelegt sein.\n<p>Diese Ger\u00e4te kombinieren die hohe Geschwindigkeit der 4G-Netze mit der Universalit\u00e4t der herk\u00f6mmlichen Sprachkommunikation und sind damit eine effiziente L\u00f6sung f\u00fcr die Verbindung verschiedener Endger\u00e4te (Festnetz, Mobiltelefon) in der modernen Kommunikation.<\/li>\n<\/ul>\n<p>&nbsp;<\/p>","protected":false},"excerpt":{"rendered":"<p>4G VoLTE SIP Intercom works with TUYA Typical Application Scenarios Apartment: 4G LTE Outdoor Intercom \u2013 Redefining Convenience &amp; Security [&hellip;]<\/p>","protected":false},"author":1,"featured_media":9455,"parent":0,"menu_order":0,"comment_status":"closed","ping_status":"closed","template":"","meta":{"site-sidebar-layout":"default","site-content-layout":"","ast-site-content-layout":"default","site-content-style":"default","site-sidebar-style":"default","ast-global-header-display":"","ast-banner-title-visibility":"","ast-main-header-display":"","ast-hfb-above-header-display":"","ast-hfb-below-header-display":"","ast-hfb-mobile-header-display":"","site-post-title":"","ast-breadcrumbs-content":"","ast-featured-img":"","footer-sml-layout":"","theme-transparent-header-meta":"default","adv-header-id-meta":"","stick-header-meta":"default","header-above-stick-meta":"","header-main-stick-meta":"","header-below-stick-meta":"","astra-migrate-meta-layouts":"set","ast-page-background-enabled":"default","ast-page-background-meta":{"desktop":{"background-color":"","background-image":"","background-repeat":"repeat","background-position":"center center","background-size":"auto","background-attachment":"scroll","background-type":"","background-media":"","overlay-type":"","overlay-color":"","overlay-opacity":"","overlay-gradient":""},"tablet":{"background-color":"","background-image":"","background-repeat":"repeat","background-position":"center center","background-size":"auto","background-attachment":"scroll","background-type":"","background-media":"","overlay-type":"","overlay-color":"","overlay-opacity":"","overlay-gradient":""},"mobile":{"background-color":"","background-image":"","background-repeat":"repeat","background-position":"center center","background-size":"auto","background-attachment":"scroll","background-type":"","background-media":"","overlay-type":"","overlay-color":"","overlay-opacity":"","overlay-gradient":""}},"ast-content-background-meta":{"desktop":{"background-color":"var(--ast-global-color-5)","background-image":"","background-repeat":"repeat","background-position":"center center","background-size":"auto","background-attachment":"scroll","background-type":"","background-media":"","overlay-type":"","overlay-color":"","overlay-opacity":"","overlay-gradient":""},"tablet":{"background-color":"var(--ast-global-color-5)","background-image":"","background-repeat":"repeat","background-position":"center center","background-size":"auto","background-attachment":"scroll","background-type":"","background-media":"","overlay-type":"","overlay-color":"","overlay-opacity":"","overlay-gradient":""},"mobile":{"background-color":"var(--ast-global-color-5)","background-image":"","background-repeat":"repeat","background-position":"center center","background-size":"auto","background-attachment":"scroll","background-type":"","background-media":"","overlay-type":"","overlay-color":"","overlay-opacity":"","overlay-gradient":""}},"footnotes":""},"class_list":["post-9454","page","type-page","status-publish","has-post-thumbnail","hentry"],"_links":{"self":[{"href":"https:\/\/securehubtec.com\/de\/wp-json\/wp\/v2\/pages\/9454","targetHints":{"allow":["GET"]}}],"collection":[{"href":"https:\/\/securehubtec.com\/de\/wp-json\/wp\/v2\/pages"}],"about":[{"href":"https:\/\/securehubtec.com\/de\/wp-json\/wp\/v2\/types\/page"}],"author":[{"embeddable":true,"href":"https:\/\/securehubtec.com\/de\/wp-json\/wp\/v2\/users\/1"}],"replies":[{"embeddable":true,"href":"https:\/\/securehubtec.com\/de\/wp-json\/wp\/v2\/comments?post=9454"}],"version-history":[{"count":2,"href":"https:\/\/securehubtec.com\/de\/wp-json\/wp\/v2\/pages\/9454\/revisions"}],"predecessor-version":[{"id":9648,"href":"https:\/\/securehubtec.com\/de\/wp-json\/wp\/v2\/pages\/9454\/revisions\/9648"}],"wp:featuredmedia":[{"embeddable":true,"href":"https:\/\/securehubtec.com\/de\/wp-json\/wp\/v2\/media\/9455"}],"wp:attachment":[{"href":"https:\/\/securehubtec.com\/de\/wp-json\/wp\/v2\/media?parent=9454"}],"curies":[{"name":"wp","href":"https:\/\/api.w.org\/{rel}","templated":true}]}}