{"id":9429,"date":"2025-10-02T00:08:52","date_gmt":"2025-10-01T16:08:52","guid":{"rendered":"https:\/\/securehubtec.com\/?page_id=9429"},"modified":"2025-10-02T00:24:08","modified_gmt":"2025-10-01T16:24:08","slug":"smart-intercom","status":"publish","type":"page","link":"https:\/\/securehubtec.com\/de\/smart-intercom\/","title":{"rendered":"SMART INTERCOM"},"content":{"rendered":"<p><img fetchpriority=\"high\" decoding=\"async\" class=\"aligncenter size-full wp-image-9431\" src=\"https:\/\/securehubtec.com\/wp-content\/uploads\/2025\/10\/Smart-Video-Intercom-k-1.jpg\" alt=\"\" width=\"1100\" height=\"809\" srcset=\"https:\/\/securehubtec.com\/wp-content\/uploads\/2025\/10\/Smart-Video-Intercom-k-1.jpg 1100w, https:\/\/securehubtec.com\/wp-content\/uploads\/2025\/10\/Smart-Video-Intercom-k-1-300x221.jpg 300w, https:\/\/securehubtec.com\/wp-content\/uploads\/2025\/10\/Smart-Video-Intercom-k-1-1024x753.jpg 1024w, https:\/\/securehubtec.com\/wp-content\/uploads\/2025\/10\/Smart-Video-Intercom-k-1-768x565.jpg 768w, https:\/\/securehubtec.com\/wp-content\/uploads\/2025\/10\/Smart-Video-Intercom-k-1-16x12.jpg 16w, https:\/\/securehubtec.com\/wp-content\/uploads\/2025\/10\/Smart-Video-Intercom-k-1-600x441.jpg 600w\" sizes=\"(max-width: 1100px) 100vw, 1100px\" \/><br \/>\n<em><strong>EINSTELLUNGEN <\/strong><\/em><\/p>\n<p><strong><span style=\"color: #ffcc99;\">Intelligentes Bedienfeld <\/span><\/strong><\/p>\n<p>Ethernet-Zugang zum Heimnetzwerk \u00fcber Wi-Fi.<\/p>\n<p>Ziehen Sie oben auf der Startseite nach unten und klicken Sie auf \"Einstellungen\" - \"Geb\u00e4ude-Sprechanlage\". Schalter \"Statische IP\": Schalten Sie ihn ein. Stellen Sie die<\/p>\n<p>statische IP: 192.168.1.10 (Schalten Sie den Schalter f\u00fcr die statische IP ein, nachdem Sie sie automatisch erhalten haben). lokale Nummer: 999-999 (Raum 999, Einheit 999).<\/p>\n<p><strong><span style=\"color: #ffcc99;\">Au\u00dfenstation\uff1a<\/span><\/strong><\/p>\n<p>Stellen Sie sicher, dass die autorisierte Software das Tuya LAN SIP-Protokoll unterst\u00fctzt.<\/p>\n<p>Verbindung zum Heimnetzwerk \u00fcber Ethernet oder Wi-Fi.<\/p>\n<p>Die Sprechstellen k\u00f6nnen auf verschiedene Zimmernummern eingestellt werden, und die Sprechstelle f\u00fchrt Rufe durch Eingabe einer anderen Zimmernummer aus.<\/p>\n<p><strong><span style=\"color: #ffcc99;\">Zum Beispiel: <\/span><\/strong><\/p>\n<p>Schritt 1: F\u00fcr das 1#-Tuya-Panel stellen Sie 31-101 ein, f\u00fcr das 2#-Tuya-Panel stellen Sie 31-201 ein.<\/p>\n<p>Schritt 2: Gehen Sie zu Sprechstelle - Raumeinstellungen - Raum 31-101 bzw. Raum 31-201 hinzuf\u00fcgen.<\/p>\n<p><em><strong>FEATURES <\/strong><\/em><\/p>\n<p>Videoanruf: Die Station kann mit dem intelligenten Bedienfeld einen Videoanruf einleiten bzw. t\u00e4tigen.<\/p>\n<p>Siri(iOS): \u00d6ffnen Sie die T\u00fcr per Sprachsteuerung.<\/p>\n<p>Tastenkombinationen (iOS): Tap-To-Run.<\/p>\n<p>\u00d6ffnen Sie die T\u00fcr: Durch Scannen einer IC-Karte\/NFC oder durch Eingabe des PIN-Codes des Benutzers oder durch Gesichtserkennung<\/p>\n<p>Szene: Szene erstellen, um Tap-to-Run zu starten.<\/p>\n<p>Ausgang: 1-Wege-Trockenkontakt.<\/p>\n<p>Gest\u00e4nge des Aufzugs oder rufen Sie einen Aufzug.<\/p>\n<div class=\"auto-hide-last-sibling-br paragraph-pP9ZLC paragraph-element br-paragraph-space\">Verbessern Sie Ihren Raum mit unserem\u00a0<strong>SMART INTERCOM<\/strong>-die ultimative Mischung aus Sicherheit, Komfort und intelligenter Technik. Sie m\u00fcssen nicht mehr zur T\u00fcr eilen, um Besucher zu kontrollieren: Mit diesem System k\u00f6nnen Sie G\u00e4ste in Echtzeit \u00fcber einen gestochen scharfen Touchscreen oder Ihr Smartphone sehen, h\u00f6ren und mit ihnen sprechen. Egal, ob Sie im Wohnzimmer, bei der Arbeit oder auf Reisen sind, Sie behalten die Kontrolle und verpassen nie wieder eine Lieferung, einen Freund oder einen wichtigen Besucher.<\/div>\n<div class=\"container-Uxvbjy md-box-line-break wrapper-GYqxgQ undefined\"><\/div>\n<div class=\"auto-hide-last-sibling-br paragraph-pP9ZLC paragraph-element br-paragraph-space\">Es wurde f\u00fcr jedes Szenario entwickelt und passt nahtlos in H\u00e4user, Wohnungen und kleine Unternehmen. In Geb\u00e4uden mit mehreren Wohneinheiten unterst\u00fctzt es die klare Kommunikation zwischen den Wohneinheiten und Lobbys; in Einfamilienh\u00e4usern sorgt es f\u00fcr zus\u00e4tzliche Sicherheit, da Sie Besucher vor dem Aufschlie\u00dfen verifizieren k\u00f6nnen. Es l\u00e4sst sich auch mit intelligenten Schl\u00f6ssern koppeln, so dass Sie Familienangeh\u00f6rigen, Reinigungskr\u00e4ften oder Auftragnehmern mit einem Fingertipp aus der Ferne Zugang gew\u00e4hren k\u00f6nnen - kein Verstecken von Schl\u00fcsseln oder Warten mehr.<\/div>\n<div class=\"container-Uxvbjy md-box-line-break wrapper-GYqxgQ undefined\"><\/div>\n<div class=\"auto-hide-last-sibling-br paragraph-pP9ZLC paragraph-element br-paragraph-space\">Unser SMART INTERCOM ist langlebig und funktioniert zuverl\u00e4ssig bei jedem Wetter und bietet eine Nachtsichtfunktion f\u00fcr Klarheit nach Feierabend. Sie ist einfach zu installieren und l\u00e4sst sich in wenigen Minuten mit Ihrem vorhandenen WLAN verbinden. Die intuitive App ist f\u00fcr alle Altersgruppen einfach zu bedienen. Lassen Sie veraltete Sprechanlagen hinter sich - entdecken Sie ein System, das Ihnen Sicherheit bietet, Zeit spart und zu Ihrem Lebensstil passt. Dies ist nicht nur eine Gegensprechanlage, sondern eine intelligentere Art, Ihren Raum zu verwalten.<\/div>","protected":false},"excerpt":{"rendered":"<p>SETTINGS Smart Control Panel Ethernet access to the home network via Wi-Fi. Pull down from the top of the home [&hellip;]<\/p>","protected":false},"author":1,"featured_media":9430,"parent":0,"menu_order":0,"comment_status":"closed","ping_status":"closed","template":"","meta":{"site-sidebar-layout":"default","site-content-layout":"","ast-site-content-layout":"default","site-content-style":"default","site-sidebar-style":"default","ast-global-header-display":"","ast-banner-title-visibility":"","ast-main-header-display":"","ast-hfb-above-header-display":"","ast-hfb-below-header-display":"","ast-hfb-mobile-header-display":"","site-post-title":"","ast-breadcrumbs-content":"","ast-featured-img":"","footer-sml-layout":"","theme-transparent-header-meta":"default","adv-header-id-meta":"","stick-header-meta":"default","header-above-stick-meta":"","header-main-stick-meta":"","header-below-stick-meta":"","astra-migrate-meta-layouts":"set","ast-page-background-enabled":"default","ast-page-background-meta":{"desktop":{"background-color":"","background-image":"","background-repeat":"repeat","background-position":"center center","background-size":"auto","background-attachment":"scroll","background-type":"","background-media":"","overlay-type":"","overlay-color":"","overlay-opacity":"","overlay-gradient":""},"tablet":{"background-color":"","background-image":"","background-repeat":"repeat","background-position":"center center","background-size":"auto","background-attachment":"scroll","background-type":"","background-media":"","overlay-type":"","overlay-color":"","overlay-opacity":"","overlay-gradient":""},"mobile":{"background-color":"","background-image":"","background-repeat":"repeat","background-position":"center center","background-size":"auto","background-attachment":"scroll","background-type":"","background-media":"","overlay-type":"","overlay-color":"","overlay-opacity":"","overlay-gradient":""}},"ast-content-background-meta":{"desktop":{"background-color":"var(--ast-global-color-5)","background-image":"","background-repeat":"repeat","background-position":"center center","background-size":"auto","background-attachment":"scroll","background-type":"","background-media":"","overlay-type":"","overlay-color":"","overlay-opacity":"","overlay-gradient":""},"tablet":{"background-color":"var(--ast-global-color-5)","background-image":"","background-repeat":"repeat","background-position":"center center","background-size":"auto","background-attachment":"scroll","background-type":"","background-media":"","overlay-type":"","overlay-color":"","overlay-opacity":"","overlay-gradient":""},"mobile":{"background-color":"var(--ast-global-color-5)","background-image":"","background-repeat":"repeat","background-position":"center center","background-size":"auto","background-attachment":"scroll","background-type":"","background-media":"","overlay-type":"","overlay-color":"","overlay-opacity":"","overlay-gradient":""}},"footnotes":""},"class_list":["post-9429","page","type-page","status-publish","has-post-thumbnail","hentry"],"_links":{"self":[{"href":"https:\/\/securehubtec.com\/de\/wp-json\/wp\/v2\/pages\/9429","targetHints":{"allow":["GET"]}}],"collection":[{"href":"https:\/\/securehubtec.com\/de\/wp-json\/wp\/v2\/pages"}],"about":[{"href":"https:\/\/securehubtec.com\/de\/wp-json\/wp\/v2\/types\/page"}],"author":[{"embeddable":true,"href":"https:\/\/securehubtec.com\/de\/wp-json\/wp\/v2\/users\/1"}],"replies":[{"embeddable":true,"href":"https:\/\/securehubtec.com\/de\/wp-json\/wp\/v2\/comments?post=9429"}],"version-history":[{"count":2,"href":"https:\/\/securehubtec.com\/de\/wp-json\/wp\/v2\/pages\/9429\/revisions"}],"predecessor-version":[{"id":9434,"href":"https:\/\/securehubtec.com\/de\/wp-json\/wp\/v2\/pages\/9429\/revisions\/9434"}],"wp:featuredmedia":[{"embeddable":true,"href":"https:\/\/securehubtec.com\/de\/wp-json\/wp\/v2\/media\/9430"}],"wp:attachment":[{"href":"https:\/\/securehubtec.com\/de\/wp-json\/wp\/v2\/media?parent=9429"}],"curies":[{"name":"wp","href":"https:\/\/api.w.org\/{rel}","templated":true}]}}