{"id":9423,"date":"2025-10-01T23:48:52","date_gmt":"2025-10-01T15:48:52","guid":{"rendered":"https:\/\/securehubtec.com\/?page_id=9423"},"modified":"2025-10-01T23:50:14","modified_gmt":"2025-10-01T15:50:14","slug":"smart-apartment-solution","status":"publish","type":"page","link":"https:\/\/securehubtec.com\/de\/smart-apartment-solution\/","title":{"rendered":"Intelligente Wohnungsl\u00f6sung"},"content":{"rendered":"<p><em><strong>Erfordert eine Internetverbindung, um zu funktionieren <\/strong><\/em><\/p>\n<p><strong><span style=\"color: #ffcc00;\">Tuya Heim<\/span>\u00a0<\/strong> \u00a0 \u00a0 \u00a0Erm\u00f6glicht es Besuchern, die Tuya-App von verschiedenen Haushalten aus anzurufen. (unterst\u00fctzt bis zu 1000 Haushalte) <strong><span style=\"color: #ffcc00;\">Apple Home Kit\u00a0<\/span><\/strong> \u00a0 \u00a0 \u00a0Hey Siri zum \u00d6ffnen der T\u00fcr<\/p>\n<p><em><strong>Arbeiten ohne Internet <\/strong><\/em><\/p>\n<p><strong><span style=\"color: #ffcc00;\">Sicherheitsmonitor\u00a0<\/span><\/strong> \u00a0 \u00a0 \u00a0 \u00a0 \u00a0 Verwendet als Monitor f\u00fcr \u00dcberwachungszwecke in der Regel Anzeige von Echtzeit-\u00dcberwachungsmaterial in 4-Split-Bildschirm, bis zu 16 IP-Kameras<\/p>\n<p><strong><span style=\"color: #ffcc00;\">Mit einem Tastendruck anrufen\u00a0<\/span> <\/strong>\u00a0 \u00a0 \u00a0 \u00a0 \u00a0<span style=\"font-size: 16px;\">Bietet den Besuchern eine hervorragende Benutzererfahrung <\/span><\/p>\n<p><span style=\"font-size: 16px;\"><strong><span style=\"color: #ffcc00;\">Gegensprechanlage\u00a0<\/span><\/strong> \u00a0 \u00a0 \u00a0 \u00a0 \u00a0 2-Wege-Sprach-\/Video-Gegensprechanlage. Monitor-zu-Station, Monitor-zu-Monitor, Station-zu-Station<\/span><\/p>\n<p><span style=\"font-size: 16px;\"><strong><span style=\"color: #ffcc00;\">Zugang<\/span>\u00a0<\/strong> \u00a0 \u00a0 \u00a0 \u00a0 IC-Karte\/NFC\/PIN\/Innenmonitor\/Smart App zum Entriegeln der T\u00fcr durchziehen <\/span><\/p>\n<p><strong><span style=\"font-size: 16px; color: #ffcc00;\">Anzeigenschaltung Zyklus durch Bild- oder Videoanzeigen<\/span><\/strong><\/p>\n<p><img fetchpriority=\"high\" decoding=\"async\" class=\"aligncenter size-full wp-image-9425\" src=\"https:\/\/securehubtec.com\/wp-content\/uploads\/2025\/10\/Smart-Video-Intercom-j-1.jpg\" alt=\"\" width=\"1100\" height=\"737\" srcset=\"https:\/\/securehubtec.com\/wp-content\/uploads\/2025\/10\/Smart-Video-Intercom-j-1.jpg 1100w, https:\/\/securehubtec.com\/wp-content\/uploads\/2025\/10\/Smart-Video-Intercom-j-1-300x201.jpg 300w, https:\/\/securehubtec.com\/wp-content\/uploads\/2025\/10\/Smart-Video-Intercom-j-1-1024x686.jpg 1024w, https:\/\/securehubtec.com\/wp-content\/uploads\/2025\/10\/Smart-Video-Intercom-j-1-768x515.jpg 768w, https:\/\/securehubtec.com\/wp-content\/uploads\/2025\/10\/Smart-Video-Intercom-j-1-18x12.jpg 18w, https:\/\/securehubtec.com\/wp-content\/uploads\/2025\/10\/Smart-Video-Intercom-j-1-600x402.jpg 600w\" sizes=\"(max-width: 1100px) 100vw, 1100px\" \/><\/p>\n<ol class=\"auto-hide-last-sibling-br\">\n<li>\n<div class=\"auto-hide-last-sibling-br paragraph-pP9ZLC paragraph-element br-paragraph-space\">Wir stellen vor\u00a0<strong>Intelligente Wohnungsl\u00f6sung<\/strong>-eine neue L\u00f6sung f\u00fcr Mehrfamilienh\u00e4user, die Konnektivit\u00e4t und Funktionalit\u00e4t in Einklang bringt. Wenn es mit dem Internet verbunden ist, l\u00e4sst es sich nahtlos integrieren mit\u00a0<strong>Tuya Heim<\/strong>\u00a0und\u00a0<strong>Apple Home Kit<\/strong>: Das Tuya-\u00d6kosystem erm\u00f6glicht es Besuchern, die Tuya-App von bis zu 1000 Haushalten anzurufen, um sicherzustellen, dass kein Bewohner einen Besucher verpasst, w\u00e4hrend Apple-Benutzer einfach \"Hey Siri, um die T\u00fcr zu \u00f6ffnen\" sagen k\u00f6nnen, um freih\u00e4ndigen Zugang zu erhalten. Neben der Sprachsteuerung werden verschiedene Entriegelungsmethoden unterst\u00fctzt: Durchziehen der IC-Karte, Verwendung von NFC, Eingabe einer PIN, Antippen des Innenmonitors oder Bedienung \u00fcber die intelligente App - so werden die Vorlieben aller Bewohner ber\u00fccksichtigt und der Zutritt ist schnell und problemlos.<\/div>\n<\/li>\n<li>\n<div class=\"auto-hide-last-sibling-br paragraph-pP9ZLC paragraph-element br-paragraph-space\">Das Besondere an dieser L\u00f6sung ist ihre Zuverl\u00e4ssigkeit\u00a0<strong>Arbeiten ohne Internet<\/strong>\u00a0auch. Die eingebaute\u00a0<strong>Sicherheitsmonitor<\/strong>\u00a0verwandelt sich in eine leistungsstarke \u00dcberwachungszentrale: Sie zeigt das Bildmaterial in Echtzeit auf einem 4-geteilten Bildschirm an und unterst\u00fctzt bis zu 16 IP-Kameras, die jeden Winkel des Wohnkomplexes abdecken - von der Lobby bis zu den Fluren. Auch im Offline-Modus ist die\u00a0<strong>2-Wege-Sprach-\/Video-Gegensprechanlage<\/strong>\u00a0funktioniert einwandfrei: Die Kommunikation von Monitor zu Station, von Monitor zu Monitor und von Station zu Station h\u00e4lt Bewohner, Personal und Besucher in Verbindung. Au\u00dferdem ist die\u00a0<strong>Mit einem Tastendruck anrufen<\/strong>\u00a0bietet den Besuchern ein intuitives Erlebnis, das Verwirrung beseitigt und die Interaktion mit den Einwohnern vereinfacht.<\/div>\n<\/li>\n<li>\n<div class=\"auto-hide-last-sibling-br paragraph-pP9ZLC paragraph-element br-paragraph-space\">Bei dieser L\u00f6sung geht es nicht nur um Sicherheit, sondern auch um einen praktischen Mehrwert f\u00fcr Immobilienverwalter. Die\u00a0<strong>Anzeige Display<\/strong>\u00a0Funktion schaltet zyklisch Bild- oder Videoanzeigen und verwandelt den Innenraummonitor in ein einkommenssteigerndes Instrument, w\u00e4hrend er gleichzeitig n\u00fctzliche Informationen (z. B. Mitteilungen der Gemeinde) an die Bewohner weitergibt. Ob online oder offline, es passt sich an die Bed\u00fcrfnisse gro\u00dfer Wohngeb\u00e4ude an: Es unterst\u00fctzt 1000 Haushalte, bietet flexiblen Zugang und gew\u00e4hrleistet eine 24\/7-\u00dcberwachung. F\u00fcr Immobilienentwickler und -verwalter, die den Komfort f\u00fcr die Bewohner und die betriebliche Effizienz verbessern m\u00f6chten, ist unsere Smart Apartment Solution die Komplettl\u00f6sung, die intelligente Technologie, Zuverl\u00e4ssigkeit und Vielseitigkeit miteinander verbindet.<\/div>\n<\/li>\n<\/ol>","protected":false},"excerpt":{"rendered":"<p>Requires an Internet connection to work Tuya Home\u00a0 \u00a0 \u00a0 \u00a0Allows visitors to call Tuya app of different households. (supporting [&hellip;]<\/p>","protected":false},"author":1,"featured_media":9424,"parent":0,"menu_order":0,"comment_status":"closed","ping_status":"closed","template":"","meta":{"site-sidebar-layout":"default","site-content-layout":"","ast-site-content-layout":"default","site-content-style":"default","site-sidebar-style":"default","ast-global-header-display":"","ast-banner-title-visibility":"","ast-main-header-display":"","ast-hfb-above-header-display":"","ast-hfb-below-header-display":"","ast-hfb-mobile-header-display":"","site-post-title":"","ast-breadcrumbs-content":"","ast-featured-img":"","footer-sml-layout":"","theme-transparent-header-meta":"default","adv-header-id-meta":"","stick-header-meta":"default","header-above-stick-meta":"","header-main-stick-meta":"","header-below-stick-meta":"","astra-migrate-meta-layouts":"set","ast-page-background-enabled":"default","ast-page-background-meta":{"desktop":{"background-color":"","background-image":"","background-repeat":"repeat","background-position":"center center","background-size":"auto","background-attachment":"scroll","background-type":"","background-media":"","overlay-type":"","overlay-color":"","overlay-opacity":"","overlay-gradient":""},"tablet":{"background-color":"","background-image":"","background-repeat":"repeat","background-position":"center center","background-size":"auto","background-attachment":"scroll","background-type":"","background-media":"","overlay-type":"","overlay-color":"","overlay-opacity":"","overlay-gradient":""},"mobile":{"background-color":"","background-image":"","background-repeat":"repeat","background-position":"center center","background-size":"auto","background-attachment":"scroll","background-type":"","background-media":"","overlay-type":"","overlay-color":"","overlay-opacity":"","overlay-gradient":""}},"ast-content-background-meta":{"desktop":{"background-color":"var(--ast-global-color-5)","background-image":"","background-repeat":"repeat","background-position":"center center","background-size":"auto","background-attachment":"scroll","background-type":"","background-media":"","overlay-type":"","overlay-color":"","overlay-opacity":"","overlay-gradient":""},"tablet":{"background-color":"var(--ast-global-color-5)","background-image":"","background-repeat":"repeat","background-position":"center center","background-size":"auto","background-attachment":"scroll","background-type":"","background-media":"","overlay-type":"","overlay-color":"","overlay-opacity":"","overlay-gradient":""},"mobile":{"background-color":"var(--ast-global-color-5)","background-image":"","background-repeat":"repeat","background-position":"center center","background-size":"auto","background-attachment":"scroll","background-type":"","background-media":"","overlay-type":"","overlay-color":"","overlay-opacity":"","overlay-gradient":""}},"footnotes":""},"class_list":["post-9423","page","type-page","status-publish","has-post-thumbnail","hentry"],"_links":{"self":[{"href":"https:\/\/securehubtec.com\/de\/wp-json\/wp\/v2\/pages\/9423","targetHints":{"allow":["GET"]}}],"collection":[{"href":"https:\/\/securehubtec.com\/de\/wp-json\/wp\/v2\/pages"}],"about":[{"href":"https:\/\/securehubtec.com\/de\/wp-json\/wp\/v2\/types\/page"}],"author":[{"embeddable":true,"href":"https:\/\/securehubtec.com\/de\/wp-json\/wp\/v2\/users\/1"}],"replies":[{"embeddable":true,"href":"https:\/\/securehubtec.com\/de\/wp-json\/wp\/v2\/comments?post=9423"}],"version-history":[{"count":2,"href":"https:\/\/securehubtec.com\/de\/wp-json\/wp\/v2\/pages\/9423\/revisions"}],"predecessor-version":[{"id":9428,"href":"https:\/\/securehubtec.com\/de\/wp-json\/wp\/v2\/pages\/9423\/revisions\/9428"}],"wp:featuredmedia":[{"embeddable":true,"href":"https:\/\/securehubtec.com\/de\/wp-json\/wp\/v2\/media\/9424"}],"wp:attachment":[{"href":"https:\/\/securehubtec.com\/de\/wp-json\/wp\/v2\/media?parent=9423"}],"curies":[{"name":"wp","href":"https:\/\/api.w.org\/{rel}","templated":true}]}}