{"id":9398,"date":"2025-09-29T22:20:15","date_gmt":"2025-09-29T14:20:15","guid":{"rendered":"https:\/\/securehubtec.com\/?page_id=9398"},"modified":"2025-09-29T22:20:15","modified_gmt":"2025-09-29T14:20:15","slug":"villa-smart-intercom-solution","status":"publish","type":"page","link":"https:\/\/securehubtec.com\/de\/villa-smart-intercom-solution\/","title":{"rendered":"Villa Smart Intercom L\u00f6sung"},"content":{"rendered":"<p><strong>\u00a0<span style=\"color: #ffcc00;\">Villa Smart Intercom L\u00f6sung\uff1a<\/span>F\u00fcr Besitzer von Luxusvillen, die nahtlose Sicherheit und Komfort suchen<\/strong>Die Villa Smart Intercom Solution stellt eine bahnbrechende Integration von Spitzentechnologie und benutzerorientiertem Design dar. Dieses umfassende System definiert die Sicherheit in Wohngeb\u00e4uden neu, indem es einen 7-Zoll-Smart-Monitor, einen PoE-Switch, einen Wi-Fi-Router, IP-Kameras und eine T\u00fcrklingelkamera zu einem einheitlichen \u00d6kosystem verbindet und daf\u00fcr sorgt, dass jeder Winkel Ihres Anwesens gesch\u00fctzt bleibt, w\u00e4hrend es gleichzeitig den t\u00e4glichen Betrieb vereinfacht. Egal, ob Sie zu Hause oder im Ausland sind, mit dieser L\u00f6sung behalten Sie die volle Kontrolle - mit Echtzeit-Videobildern, sofortiger Kommunikation und einem intelligenten Zutrittsmanagement, das auf die besonderen Bed\u00fcrfnisse von High-End-Villen zugeschnitten ist. Unterst\u00fctzt durch die bew\u00e4hrte IoT-Technologie von Tuya bietet es eine Zuverl\u00e4ssigkeit, der internationale Kunden vertrauen, und ist damit mehr als ein Sicherheitssystem - es ist ein Lifestyle-Upgrade f\u00fcr modernes Luxusleben.<\/p>\n<p><img fetchpriority=\"high\" decoding=\"async\" class=\"aligncenter size-full wp-image-9401\" src=\"https:\/\/securehubtec.com\/wp-content\/uploads\/2025\/09\/Smart-Video-Intercom-a-1.jpg\" alt=\"\" width=\"1087\" height=\"846\" srcset=\"https:\/\/securehubtec.com\/wp-content\/uploads\/2025\/09\/Smart-Video-Intercom-a-1.jpg 1087w, https:\/\/securehubtec.com\/wp-content\/uploads\/2025\/09\/Smart-Video-Intercom-a-1-300x233.jpg 300w, https:\/\/securehubtec.com\/wp-content\/uploads\/2025\/09\/Smart-Video-Intercom-a-1-1024x797.jpg 1024w, https:\/\/securehubtec.com\/wp-content\/uploads\/2025\/09\/Smart-Video-Intercom-a-1-768x598.jpg 768w, https:\/\/securehubtec.com\/wp-content\/uploads\/2025\/09\/Smart-Video-Intercom-a-1-15x12.jpg 15w, https:\/\/securehubtec.com\/wp-content\/uploads\/2025\/09\/Smart-Video-Intercom-a-1-600x467.jpg 600w\" sizes=\"(max-width: 1087px) 100vw, 1087px\" \/><strong>Das Herzst\u00fcck dieser L\u00f6sung ist ihre F\u00e4higkeit, fortschrittliche \u00dcberwachung mit intuitiver Kommunikation zu verbinden.<\/strong> Die T\u00fcrklingelkamera dient als erste Verteidigungslinie und erm\u00f6glicht Zwei-Wege-Videoanrufe, die gleichzeitig mit dem 7-Zoll-Smart-Monitor und der Tuya-Mobil-App verbunden werden. Das bedeutet, dass Sie Besucher an Ihrer T\u00fcr bequem von Ihrem Wohnzimmer aus oder von unterwegs auf der anderen Seite des Globus begr\u00fc\u00dfen k\u00f6nnen. Der PoE-Switch sorgt f\u00fcr eine stabile Hochgeschwindigkeitsverbindung f\u00fcr alle Ger\u00e4te, w\u00e4hrend der Wi-Fi-Router die Abdeckung erweitert, um Funkl\u00f6cher zu vermeiden - wichtig f\u00fcr weitl\u00e4ufige Villengrundst\u00fccke. Durch die Unterst\u00fctzung mehrerer IP-Kameras bietet das System eine 24\/7-\u00dcberwachung von Einfahrten, G\u00e4rten und Eing\u00e4ngen, wobei die Aufnahmen aus der Ferne \u00fcber Ihr Smartphone abrufbar sind. Es ist eine nahtlose Mischung aus Komfort und Sicherheit, die sich an den dynamischen Lebensstil von Villenbesitzern in \u00dcbersee anpasst, die bei beidem keine Kompromisse eingehen wollen.<\/p>\n<p><img decoding=\"async\" class=\"aligncenter size-full wp-image-9402 lazyload\" data-src=\"https:\/\/securehubtec.com\/wp-content\/uploads\/2025\/09\/Smart-Video-Intercom-b-1.jpg\" alt=\"\" width=\"1200\" height=\"907\" data-srcset=\"https:\/\/securehubtec.com\/wp-content\/uploads\/2025\/09\/Smart-Video-Intercom-b-1.jpg 1200w, https:\/\/securehubtec.com\/wp-content\/uploads\/2025\/09\/Smart-Video-Intercom-b-1-300x227.jpg 300w, https:\/\/securehubtec.com\/wp-content\/uploads\/2025\/09\/Smart-Video-Intercom-b-1-1024x774.jpg 1024w, https:\/\/securehubtec.com\/wp-content\/uploads\/2025\/09\/Smart-Video-Intercom-b-1-768x580.jpg 768w, https:\/\/securehubtec.com\/wp-content\/uploads\/2025\/09\/Smart-Video-Intercom-b-1-16x12.jpg 16w, https:\/\/securehubtec.com\/wp-content\/uploads\/2025\/09\/Smart-Video-Intercom-b-1-600x454.jpg 600w\" data-sizes=\"(max-width: 1200px) 100vw, 1200px\" src=\"data:image\/svg+xml;base64,PHN2ZyB3aWR0aD0iMSIgaGVpZ2h0PSIxIiB4bWxucz0iaHR0cDovL3d3dy53My5vcmcvMjAwMC9zdmciPjwvc3ZnPg==\" style=\"--smush-placeholder-width: 1200px; --smush-placeholder-aspect-ratio: 1200\/907;\" \/><br \/>\nWas diese Villa Smart Intercom-L\u00f6sung wirklich auszeichnet, ist ihre Flexibilit\u00e4t und Kompatibilit\u00e4t mit globalen Standards. Sie unterst\u00fctzt bis zu 16 IP-Kameras von Drittanbietern \u00fcber das RTSP-Protokoll und passt sich an bestehende Installationen an, sodass Upgrades f\u00fcr internationale Kunden problemlos m\u00f6glich sind. Die LAN-Funktionalit\u00e4t (Local Area Network) sorgt f\u00fcr 4-Kanal-Echtzeit-Videostreaming, auch ohne Internetverbindung, und garantiert so eine ununterbrochene Sicherheit. Egal, ob Sie sich in Europa, Nordamerika oder im Nahen Osten befinden, die Kompatibilit\u00e4t des Systems mit den regionalen Netzwerkanforderungen - gepaart mit der globalen IoT-Infrastruktur von Tuya - gew\u00e4hrleistet einen reibungslosen Betrieb. F\u00fcr Villenbesitzer, Hausverwalter oder Bautr\u00e4ger, die auf den Luxusmarkt abzielen, geht es bei dieser L\u00f6sung nicht nur um den Schutz eines Wohnsitzes, sondern auch darum, den Wert der Immobilie mit einer Technologie zu steigern, die den Erwartungen anspruchsvoller internationaler Kunden gerecht wird. Erh\u00f6hen Sie die Sicherheit und Raffinesse Ihrer Villa - w\u00e4hlen Sie eine L\u00f6sung, die die Sprache des globalen Luxus spricht.<\/p>","protected":false},"excerpt":{"rendered":"<p>\u00a0Villa Smart Intercom Solution\uff1aFor luxury villa owners seeking seamless security and convenience, the Villa Smart Intercom Solution emerges as a [&hellip;]<\/p>","protected":false},"author":1,"featured_media":9399,"parent":0,"menu_order":0,"comment_status":"closed","ping_status":"closed","template":"","meta":{"site-sidebar-layout":"default","site-content-layout":"","ast-site-content-layout":"default","site-content-style":"default","site-sidebar-style":"default","ast-global-header-display":"","ast-banner-title-visibility":"","ast-main-header-display":"","ast-hfb-above-header-display":"","ast-hfb-below-header-display":"","ast-hfb-mobile-header-display":"","site-post-title":"","ast-breadcrumbs-content":"","ast-featured-img":"","footer-sml-layout":"","theme-transparent-header-meta":"default","adv-header-id-meta":"","stick-header-meta":"default","header-above-stick-meta":"","header-main-stick-meta":"","header-below-stick-meta":"","astra-migrate-meta-layouts":"set","ast-page-background-enabled":"default","ast-page-background-meta":{"desktop":{"background-color":"","background-image":"","background-repeat":"repeat","background-position":"center center","background-size":"auto","background-attachment":"scroll","background-type":"","background-media":"","overlay-type":"","overlay-color":"","overlay-opacity":"","overlay-gradient":""},"tablet":{"background-color":"","background-image":"","background-repeat":"repeat","background-position":"center center","background-size":"auto","background-attachment":"scroll","background-type":"","background-media":"","overlay-type":"","overlay-color":"","overlay-opacity":"","overlay-gradient":""},"mobile":{"background-color":"","background-image":"","background-repeat":"repeat","background-position":"center center","background-size":"auto","background-attachment":"scroll","background-type":"","background-media":"","overlay-type":"","overlay-color":"","overlay-opacity":"","overlay-gradient":""}},"ast-content-background-meta":{"desktop":{"background-color":"var(--ast-global-color-5)","background-image":"","background-repeat":"repeat","background-position":"center center","background-size":"auto","background-attachment":"scroll","background-type":"","background-media":"","overlay-type":"","overlay-color":"","overlay-opacity":"","overlay-gradient":""},"tablet":{"background-color":"var(--ast-global-color-5)","background-image":"","background-repeat":"repeat","background-position":"center center","background-size":"auto","background-attachment":"scroll","background-type":"","background-media":"","overlay-type":"","overlay-color":"","overlay-opacity":"","overlay-gradient":""},"mobile":{"background-color":"var(--ast-global-color-5)","background-image":"","background-repeat":"repeat","background-position":"center center","background-size":"auto","background-attachment":"scroll","background-type":"","background-media":"","overlay-type":"","overlay-color":"","overlay-opacity":"","overlay-gradient":""}},"footnotes":""},"class_list":["post-9398","page","type-page","status-publish","has-post-thumbnail","hentry"],"_links":{"self":[{"href":"https:\/\/securehubtec.com\/de\/wp-json\/wp\/v2\/pages\/9398","targetHints":{"allow":["GET"]}}],"collection":[{"href":"https:\/\/securehubtec.com\/de\/wp-json\/wp\/v2\/pages"}],"about":[{"href":"https:\/\/securehubtec.com\/de\/wp-json\/wp\/v2\/types\/page"}],"author":[{"embeddable":true,"href":"https:\/\/securehubtec.com\/de\/wp-json\/wp\/v2\/users\/1"}],"replies":[{"embeddable":true,"href":"https:\/\/securehubtec.com\/de\/wp-json\/wp\/v2\/comments?post=9398"}],"version-history":[{"count":1,"href":"https:\/\/securehubtec.com\/de\/wp-json\/wp\/v2\/pages\/9398\/revisions"}],"predecessor-version":[{"id":9403,"href":"https:\/\/securehubtec.com\/de\/wp-json\/wp\/v2\/pages\/9398\/revisions\/9403"}],"wp:featuredmedia":[{"embeddable":true,"href":"https:\/\/securehubtec.com\/de\/wp-json\/wp\/v2\/media\/9399"}],"wp:attachment":[{"href":"https:\/\/securehubtec.com\/de\/wp-json\/wp\/v2\/media?parent=9398"}],"curies":[{"name":"wp","href":"https:\/\/api.w.org\/{rel}","templated":true}]}}