{"id":9378,"date":"2025-09-27T22:51:00","date_gmt":"2025-09-27T14:51:00","guid":{"rendered":"https:\/\/securehubtec.com\/?page_id=9378"},"modified":"2025-09-29T22:52:35","modified_gmt":"2025-09-29T14:52:35","slug":"one-to-one-connection","status":"publish","type":"page","link":"https:\/\/securehubtec.com\/de\/one-to-one-connection\/","title":{"rendered":"Eins-zu-Eins-Verbindung"},"content":{"rendered":"<p><strong><span style=\"color: #ffcc00;\">Eins-zu-Eins-Verbindung<\/span><\/strong><\/p>\n<div class=\"auto-hide-last-sibling-br paragraph-pP9ZLC paragraph-element br-paragraph-space\">Unser intelligentes Einstiegsprogramm deckt alle Bed\u00fcrfnisse ab: vom vielseitigen\u00a0<strong>Ring Intercom<\/strong>\u00a0und schlank\u00a0<strong>Intelligente T\u00fcrsprechanlagen<\/strong>\u00a0zu den auf mehrere Einheiten ausgerichteten\u00a0<strong>Intelligente Videosprechanlage Wohnungst\u00fcrklingel f\u00fcr mehrere Einheiten<\/strong>. Jedes Ger\u00e4t verbindet Funktionalit\u00e4t mit modernem Design und eignet sich perfekt f\u00fcr Wohnh\u00e4user und Wohnanlagen gleicherma\u00dfen.<\/div>\n<p>\u221a Tuya Home Erm\u00f6glicht Besuchern, die Tuya-App anzurufen<br \/>\n\u221a Apple Home Kit Hey Siri zum \u00d6ffnen der T\u00fcr Arbeiten ohne Internet<br \/>\n\u221a Sicherheitsmonitor Wird als Monitor f\u00fcr \u00dcberwachungszwecke verwendet und zeigt in der Regel \u00dcberwachungsmaterial in Echtzeit auf einem 4-geteilten Bildschirm an<br \/>\n\u221a One-touch to call Bietet Besuchern eine hervorragende Benutzererfahrung<br \/>\n\u221a Gegensprechanlage 2-Wege-Sprach-\/Video-Gegensprechanlage. Monitor-zu-Station, Monitor-zu-Monitor, Station-zu-Station<br \/>\n\u221a Zugang Ziehen Sie eine Zugangskarte (IC-Karte) durch, um die T\u00fcr zu entriegeln.<\/p>\n<p><img fetchpriority=\"high\" decoding=\"async\" class=\"aligncenter size-full wp-image-9406\" src=\"https:\/\/securehubtec.com\/wp-content\/uploads\/2025\/09\/Smart-Video-Intercom-c.jpg\" alt=\"\" width=\"1100\" height=\"416\" srcset=\"https:\/\/securehubtec.com\/wp-content\/uploads\/2025\/09\/Smart-Video-Intercom-c.jpg 1100w, https:\/\/securehubtec.com\/wp-content\/uploads\/2025\/09\/Smart-Video-Intercom-c-300x113.jpg 300w, https:\/\/securehubtec.com\/wp-content\/uploads\/2025\/09\/Smart-Video-Intercom-c-1024x387.jpg 1024w, https:\/\/securehubtec.com\/wp-content\/uploads\/2025\/09\/Smart-Video-Intercom-c-768x290.jpg 768w, https:\/\/securehubtec.com\/wp-content\/uploads\/2025\/09\/Smart-Video-Intercom-c-18x7.jpg 18w, https:\/\/securehubtec.com\/wp-content\/uploads\/2025\/09\/Smart-Video-Intercom-c-600x227.jpg 600w\" sizes=\"(max-width: 1100px) 100vw, 1100px\" \/><\/p>\n<div class=\"auto-hide-last-sibling-br paragraph-pP9ZLC paragraph-element br-paragraph-space\">\n<div class=\"auto-hide-last-sibling-br paragraph-pP9ZLC paragraph-element br-paragraph-space\">Die wichtigsten Merkmale sind: ein 12 x 7 4pin kabelgebundener WiFi-Touchscreen zur einfachen Steuerung, gepaart mit einem\u00a0<strong>1080P HD-Monitor-Kamera<\/strong>\u00a0die scharfe Bilder liefert. Die\u00a0<strong>2-Wege-T\u00fcrklingel<\/strong>\u00a0k\u00f6nnen Sie mit Besuchern in Echtzeit chatten, egal wo Sie sind.<\/div>\n<\/div>\n<div class=\"container-Uxvbjy md-box-line-break wrapper-GYqxgQ undefined\"><img decoding=\"async\" class=\"aligncenter size-full wp-image-9407 lazyload\" data-src=\"https:\/\/securehubtec.com\/wp-content\/uploads\/2025\/09\/Smart-Video-Intercom-d.jpg\" alt=\"\" width=\"1100\" height=\"488\" data-srcset=\"https:\/\/securehubtec.com\/wp-content\/uploads\/2025\/09\/Smart-Video-Intercom-d.jpg 1100w, https:\/\/securehubtec.com\/wp-content\/uploads\/2025\/09\/Smart-Video-Intercom-d-300x133.jpg 300w, https:\/\/securehubtec.com\/wp-content\/uploads\/2025\/09\/Smart-Video-Intercom-d-1024x454.jpg 1024w, https:\/\/securehubtec.com\/wp-content\/uploads\/2025\/09\/Smart-Video-Intercom-d-768x341.jpg 768w, https:\/\/securehubtec.com\/wp-content\/uploads\/2025\/09\/Smart-Video-Intercom-d-18x8.jpg 18w, https:\/\/securehubtec.com\/wp-content\/uploads\/2025\/09\/Smart-Video-Intercom-d-600x266.jpg 600w\" data-sizes=\"(max-width: 1100px) 100vw, 1100px\" src=\"data:image\/svg+xml;base64,PHN2ZyB3aWR0aD0iMSIgaGVpZ2h0PSIxIiB4bWxucz0iaHR0cDovL3d3dy53My5vcmcvMjAwMC9zdmciPjwvc3ZnPg==\" style=\"--smush-placeholder-width: 1100px; --smush-placeholder-aspect-ratio: 1100\/488;\" \/><\/div>\n<div class=\"auto-hide-last-sibling-br paragraph-pP9ZLC paragraph-element br-paragraph-space\">\n<div class=\"auto-hide-last-sibling-br paragraph-pP9ZLC paragraph-element br-paragraph-space\">Komfort ist eingebaut: alle Systeme unterst\u00fctzen\u00a0<strong>Steuerung der Telefon-App<\/strong>-Zugang verwalten, Feeds \u00fcberpr\u00fcfen oder T\u00fcren aus der Ferne entriegeln. Sie lassen sich sogar mit einem\u00a0<strong>intelligenter Garagentor\u00f6ffner<\/strong>und schaffen so ein nahtloses Smart-Home-Erlebnis.<br \/>\n<img decoding=\"async\" class=\"aligncenter size-full wp-image-9408 lazyload\" data-src=\"https:\/\/securehubtec.com\/wp-content\/uploads\/2025\/09\/Smart-Video-Intercom-e.jpg\" alt=\"\" width=\"1100\" height=\"364\" data-srcset=\"https:\/\/securehubtec.com\/wp-content\/uploads\/2025\/09\/Smart-Video-Intercom-e.jpg 1100w, https:\/\/securehubtec.com\/wp-content\/uploads\/2025\/09\/Smart-Video-Intercom-e-300x99.jpg 300w, https:\/\/securehubtec.com\/wp-content\/uploads\/2025\/09\/Smart-Video-Intercom-e-1024x339.jpg 1024w, https:\/\/securehubtec.com\/wp-content\/uploads\/2025\/09\/Smart-Video-Intercom-e-768x254.jpg 768w, https:\/\/securehubtec.com\/wp-content\/uploads\/2025\/09\/Smart-Video-Intercom-e-18x6.jpg 18w, https:\/\/securehubtec.com\/wp-content\/uploads\/2025\/09\/Smart-Video-Intercom-e-600x199.jpg 600w\" data-sizes=\"(max-width: 1100px) 100vw, 1100px\" src=\"data:image\/svg+xml;base64,PHN2ZyB3aWR0aD0iMSIgaGVpZ2h0PSIxIiB4bWxucz0iaHR0cDovL3d3dy53My5vcmcvMjAwMC9zdmciPjwvc3ZnPg==\" style=\"--smush-placeholder-width: 1100px; --smush-placeholder-aspect-ratio: 1100\/364;\" \/><\/p>\n<div class=\"auto-hide-last-sibling-br paragraph-pP9ZLC paragraph-element br-paragraph-space\">Ob es um die Modernisierung einer einzelnen Wohnung oder die Ausstattung eines Mehrfamilienhauses geht, unsere\u00a0<strong>intelligente Gegensprechanlage<\/strong>\u00a0L\u00f6sungen bieten ein Gleichgewicht zwischen Sicherheit und Komfort. Vertrauen Sie auf zuverl\u00e4ssige Technik, die das t\u00e4gliche Leben vereinfacht und Ihren Raum sicher und vernetzt h\u00e4lt.<\/div>\n<\/div>\n<\/div>","protected":false},"excerpt":{"rendered":"<p>One-to-One Connection Our smart entry lineup covers every need: from the versatile\u00a0Ring Intercom\u00a0and sleek\u00a0Smart Doorphones\u00a0to the multi-unit focused\u00a0Smart Video Intercom [&hellip;]<\/p>","protected":false},"author":1,"featured_media":9379,"parent":0,"menu_order":0,"comment_status":"closed","ping_status":"closed","template":"","meta":{"site-sidebar-layout":"default","site-content-layout":"","ast-site-content-layout":"default","site-content-style":"default","site-sidebar-style":"default","ast-global-header-display":"","ast-banner-title-visibility":"","ast-main-header-display":"","ast-hfb-above-header-display":"","ast-hfb-below-header-display":"","ast-hfb-mobile-header-display":"","site-post-title":"","ast-breadcrumbs-content":"","ast-featured-img":"","footer-sml-layout":"","theme-transparent-header-meta":"default","adv-header-id-meta":"","stick-header-meta":"default","header-above-stick-meta":"","header-main-stick-meta":"","header-below-stick-meta":"","astra-migrate-meta-layouts":"set","ast-page-background-enabled":"default","ast-page-background-meta":{"desktop":{"background-color":"","background-image":"","background-repeat":"repeat","background-position":"center center","background-size":"auto","background-attachment":"scroll","background-type":"","background-media":"","overlay-type":"","overlay-color":"","overlay-opacity":"","overlay-gradient":""},"tablet":{"background-color":"","background-image":"","background-repeat":"repeat","background-position":"center center","background-size":"auto","background-attachment":"scroll","background-type":"","background-media":"","overlay-type":"","overlay-color":"","overlay-opacity":"","overlay-gradient":""},"mobile":{"background-color":"","background-image":"","background-repeat":"repeat","background-position":"center center","background-size":"auto","background-attachment":"scroll","background-type":"","background-media":"","overlay-type":"","overlay-color":"","overlay-opacity":"","overlay-gradient":""}},"ast-content-background-meta":{"desktop":{"background-color":"var(--ast-global-color-5)","background-image":"","background-repeat":"repeat","background-position":"center center","background-size":"auto","background-attachment":"scroll","background-type":"","background-media":"","overlay-type":"","overlay-color":"","overlay-opacity":"","overlay-gradient":""},"tablet":{"background-color":"var(--ast-global-color-5)","background-image":"","background-repeat":"repeat","background-position":"center center","background-size":"auto","background-attachment":"scroll","background-type":"","background-media":"","overlay-type":"","overlay-color":"","overlay-opacity":"","overlay-gradient":""},"mobile":{"background-color":"var(--ast-global-color-5)","background-image":"","background-repeat":"repeat","background-position":"center center","background-size":"auto","background-attachment":"scroll","background-type":"","background-media":"","overlay-type":"","overlay-color":"","overlay-opacity":"","overlay-gradient":""}},"footnotes":""},"class_list":["post-9378","page","type-page","status-publish","has-post-thumbnail","hentry"],"_links":{"self":[{"href":"https:\/\/securehubtec.com\/de\/wp-json\/wp\/v2\/pages\/9378","targetHints":{"allow":["GET"]}}],"collection":[{"href":"https:\/\/securehubtec.com\/de\/wp-json\/wp\/v2\/pages"}],"about":[{"href":"https:\/\/securehubtec.com\/de\/wp-json\/wp\/v2\/types\/page"}],"author":[{"embeddable":true,"href":"https:\/\/securehubtec.com\/de\/wp-json\/wp\/v2\/users\/1"}],"replies":[{"embeddable":true,"href":"https:\/\/securehubtec.com\/de\/wp-json\/wp\/v2\/comments?post=9378"}],"version-history":[{"count":4,"href":"https:\/\/securehubtec.com\/de\/wp-json\/wp\/v2\/pages\/9378\/revisions"}],"predecessor-version":[{"id":9409,"href":"https:\/\/securehubtec.com\/de\/wp-json\/wp\/v2\/pages\/9378\/revisions\/9409"}],"wp:featuredmedia":[{"embeddable":true,"href":"https:\/\/securehubtec.com\/de\/wp-json\/wp\/v2\/media\/9379"}],"wp:attachment":[{"href":"https:\/\/securehubtec.com\/de\/wp-json\/wp\/v2\/media?parent=9378"}],"curies":[{"name":"wp","href":"https:\/\/api.w.org\/{rel}","templated":true}]}}